{"id":3456,"date":"2025-08-21T01:25:54","date_gmt":"2025-08-21T01:25:54","guid":{"rendered":"https:\/\/www.santai-ceramics.com\/?post_type=product&#038;p=3456"},"modified":"2025-08-21T01:26:11","modified_gmt":"2025-08-21T01:26:11","slug":"wholesale-pink-ceramic-flower-pots","status":"publish","type":"product","link":"https:\/\/www.santai-ceramics.com\/pt\/product\/wholesale-pink-ceramic-flower-pots\/","title":{"rendered":"Vasos de flores de cer\u00e2mica rosa por atacado com textura de onda horizontal - estilo Morandi moderno"},"content":{"rendered":"<h3 class=\"wp-block-heading\">Carater\u00edsticas dos vasos para flores em cer\u00e2mica com textura de onda horizontal<\/h3>\n\n\n\n<ul class=\"wp-block-list\">\n<li><strong>Padr\u00e3o de onda horizontal \u00fanico:<\/strong> A superf\u00edcie dos vasos de cer\u00e2mica para flores por atacado tem um padr\u00e3o de ondula\u00e7\u00e3o horizontal muito bem trabalhado que imita os padr\u00f5es de ondas naturais deixados nas praias pelos ventos do oceano. O padr\u00e3o rompe com o padr\u00e3o dos vasos lisos, dando uma sensa\u00e7\u00e3o de ritmo e mobilidade. <\/li>\n<\/ul>\n\n\n\n<ul class=\"wp-block-list\">\n<li><strong>Rosa Morandi calmante:<\/strong>Concebido numa tonalidade rosa Morandi da moda com baixa satura\u00e7\u00e3o, o tom transmite suavidade e tranquilidade. Altamente adapt\u00e1vel, integra-se perfeitamente em interiores escandinavos, japoneses minimalistas ou modernos, diminuindo a tens\u00e3o visual e encorajando uma atmosfera \u00edntima e rom\u00e2ntica. Quer seja combinado com verdes ou flores rec\u00e9m-cortadas, acrescenta calor e eleg\u00e2ncia \u00e0 sua casa.<\/li>\n<\/ul>\n\n\n\n<ul class=\"wp-block-list\">\n<li><strong>Tamanhos duplos:<\/strong>Este par de vasos de flores em cer\u00e2mica para venda por grosso inclui um vaso grande e um pequeno, com op\u00e7\u00f5es de apresenta\u00e7\u00e3o vers\u00e1teis. Coloque-os lado a lado num peitoril de janela ou prateleira para obter um contraste em camadas, ou coloque-os individualmente em toda a casa. O tamanho universal optimiza a funcionalidade e o design interior criativo.<\/li>\n<\/ul>\n\n\n\n<ul class=\"wp-block-list\">\n<li><strong>Cer\u00e2mica de qualidade superior e duradoura:<\/strong>Fabricados \u00e0 m\u00e3o a partir de cer\u00e2mica de alto fogo, estes vasos de flores de cer\u00e2mica por atacado s\u00e3o duradouros, ecol\u00f3gicos e resistentes. O acabamento suave ao toque e o esmalte liso s\u00e3o tamb\u00e9m resistentes ao p\u00f3 e \u00e0s manchas e f\u00e1ceis de limpar. O interior n\u00e3o vidrado preserva a respirabilidade natural da cer\u00e2mica, garantindo um ambiente mais saud\u00e1vel para as plantas. <\/li>\n<\/ul>\n\n\n\n<h3 class=\"wp-block-heading\">Servi\u00e7o de vasos de flores em cer\u00e2mica personalizados com textura de onda horizontal<\/h3>\n\n\n\n<p>Oferecemos servi\u00e7os OEM e ODM para os nossos produtos.<br>Entrega r\u00e1pida de amostras est\u00e1 dispon\u00edvel.<br>Oferecemos uma variedade de formas, cores, impress\u00e3o personalizada, embalagem e outros servi\u00e7os adaptados para satisfazer as suas necessidades espec\u00edficas.<br><a href=\"https:\/\/www.santai-ceramics.com\/pt\/custom\/\" data-type=\"page\" data-id=\"13\" target=\"_blank\" rel=\"noreferrer noopener\"><strong><b>Saiba mais sobre os produtos personalizados<\/b> pormenores de vasos de cer\u00e2mica para flores.<\/strong><\/a><\/p>\n\n\n\n<div class=\"wp-block-columns is-layout-flex wp-container-core-columns-is-layout-9d6595d7 wp-block-columns-is-layout-flex\">\n<div class=\"wp-block-column is-layout-flow wp-block-column-is-layout-flow\">\n<figure class=\"wp-block-image size-full\"><img decoding=\"async\" width=\"2173\" height=\"2173\" src=\"https:\/\/www.santai-ceramics.com\/wp-content\/uploads\/2025\/08\/wholesale-horizontal-wave-texture-flower-pots-4.webp\" alt=\"vasos de flores com textura de onda horizontal por atacado (4)\" class=\"wp-image-3470\" srcset=\"https:\/\/www.santai-ceramics.com\/wp-content\/uploads\/2025\/08\/wholesale-horizontal-wave-texture-flower-pots-4.webp 2173w, https:\/\/www.santai-ceramics.com\/wp-content\/uploads\/2025\/08\/wholesale-horizontal-wave-texture-flower-pots-4-300x300.webp 300w, https:\/\/www.santai-ceramics.com\/wp-content\/uploads\/2025\/08\/wholesale-horizontal-wave-texture-flower-pots-4-150x150.webp 150w, https:\/\/www.santai-ceramics.com\/wp-content\/uploads\/2025\/08\/wholesale-horizontal-wave-texture-flower-pots-4-768x768.webp 768w, https:\/\/www.santai-ceramics.com\/wp-content\/uploads\/2025\/08\/wholesale-horizontal-wave-texture-flower-pots-4-12x12.webp 12w, https:\/\/www.santai-ceramics.com\/wp-content\/uploads\/2025\/08\/wholesale-horizontal-wave-texture-flower-pots-4-1200x1200.webp 1200w, https:\/\/www.santai-ceramics.com\/wp-content\/uploads\/2025\/08\/wholesale-horizontal-wave-texture-flower-pots-4-600x600.webp 600w, https:\/\/www.santai-ceramics.com\/wp-content\/uploads\/2025\/08\/wholesale-horizontal-wave-texture-flower-pots-4-100x100.webp 100w\" sizes=\"(max-width: 2173px) 100vw, 2173px\" \/><\/figure>\n<\/div>\n\n\n\n<div class=\"wp-block-column is-layout-flow wp-block-column-is-layout-flow\">\n<figure class=\"wp-block-image size-full\"><img decoding=\"async\" width=\"2360\" height=\"2359\" src=\"https:\/\/www.santai-ceramics.com\/wp-content\/uploads\/2025\/08\/wholesale-horizontal-wave-texture-flower-pots-5.webp\" alt=\"vasos de flores com textura de onda horizontal por atacado (5)\" class=\"wp-image-3471\" srcset=\"https:\/\/www.santai-ceramics.com\/wp-content\/uploads\/2025\/08\/wholesale-horizontal-wave-texture-flower-pots-5.webp 2360w, https:\/\/www.santai-ceramics.com\/wp-content\/uploads\/2025\/08\/wholesale-horizontal-wave-texture-flower-pots-5-300x300.webp 300w, https:\/\/www.santai-ceramics.com\/wp-content\/uploads\/2025\/08\/wholesale-horizontal-wave-texture-flower-pots-5-150x150.webp 150w, https:\/\/www.santai-ceramics.com\/wp-content\/uploads\/2025\/08\/wholesale-horizontal-wave-texture-flower-pots-5-768x768.webp 768w, https:\/\/www.santai-ceramics.com\/wp-content\/uploads\/2025\/08\/wholesale-horizontal-wave-texture-flower-pots-5-12x12.webp 12w, https:\/\/www.santai-ceramics.com\/wp-content\/uploads\/2025\/08\/wholesale-horizontal-wave-texture-flower-pots-5-1200x1200.webp 1200w, https:\/\/www.santai-ceramics.com\/wp-content\/uploads\/2025\/08\/wholesale-horizontal-wave-texture-flower-pots-5-600x600.webp 600w, https:\/\/www.santai-ceramics.com\/wp-content\/uploads\/2025\/08\/wholesale-horizontal-wave-texture-flower-pots-5-100x100.webp 100w\" sizes=\"(max-width: 2360px) 100vw, 2360px\" \/><\/figure>\n<\/div>\n<\/div>","protected":false},"excerpt":{"rendered":"<p data-pm-slice=\"0 0 []\">Vasos de flores de cer\u00e2mica rosa por atacado com textura de onda horizontal. Este par de vasos de flores de cer\u00e2mica rosa Morandi com desenhos \u00fanicos de ondas horizontais que proporcionam um aspeto l\u00edquido. Dispon\u00edveis em dois tamanhos, estes vasos por atacado apresentam um design contempor\u00e2neo com um artesanato refinado, tornando-os perfeitos para flores, plantas ou como elementos decorativos para qualquer resid\u00eancia. Estamos a oferecer servi\u00e7os OEM\/ODM. Obtenha um or\u00e7amento razo\u00e1vel agora!<\/p>\n<h2>Especifica\u00e7\u00f5es de Vasos de cer\u00e2mica para flores com textura de onda horizontal<\/h2>\n<table width=\"855\">\n<tbody>\n<tr>\n<td width=\"285\">N\u00famero do modelo<\/td>\n<td width=\"285\">A37592-LE27-A02<\/td>\n<td width=\"285\">A37592-LE27-A03<\/td>\n<\/tr>\n<tr>\n<td>Nome do produto<\/td>\n<td>Pote de cer\u00e2mica<\/td>\n<td>Pote de cer\u00e2mica<\/td>\n<\/tr>\n<tr>\n<td>Cor<\/td>\n<td>Cor-de-rosa<\/td>\n<td>Cor-de-rosa<\/td>\n<\/tr>\n<tr>\n<td>Material<\/td>\n<td>Cer\u00e2mica\u00a0<\/td>\n<td>Cer\u00e2mica\u00a0<\/td>\n<\/tr>\n<tr>\n<td>Cen\u00e1rios de utiliza\u00e7\u00e3o<\/td>\n<td>decora\u00e7\u00e3o de casa\u00a0<\/td>\n<td>decora\u00e7\u00e3o de casa\u00a0<\/td>\n<\/tr>\n<tr>\n<td>Dimens\u00f5es<\/td>\n<td>D:15,5X15,5cm<\/td>\n<td>D:13X12,5cm<\/td>\n<\/tr>\n<tr>\n<td>Peso<\/td>\n<td>0,8 kg\/unidade<\/td>\n<td>0,5 kg\/unidade<\/td>\n<\/tr>\n<\/tbody>\n<\/table>\n<p>\n<script src=\"chrome-extension:\/\/fpelahbljekknahkcaegamhcndkfpfnc\/iFrame.js\" type=\"text\/javascript\"><\/script><\/p>","protected":false},"featured_media":3468,"comment_status":"closed","ping_status":"closed","template":"","meta":{"_acf_changed":false},"product_brand":[],"product_cat":[18,42,23],"product_tag":[],"class_list":{"0":"post-3456","1":"product","2":"type-product","3":"status-publish","4":"has-post-thumbnail","6":"product_cat-home-decor","7":"product_cat-wholesale-ceramic-plant-pots","8":"product_cat-ceramic-pots-planters","10":"first","11":"instock","12":"shipping-taxable","13":"product-type-simple"},"acf":[],"_links":{"self":[{"href":"https:\/\/www.santai-ceramics.com\/pt\/wp-json\/wp\/v2\/product\/3456","targetHints":{"allow":["GET"]}}],"collection":[{"href":"https:\/\/www.santai-ceramics.com\/pt\/wp-json\/wp\/v2\/product"}],"about":[{"href":"https:\/\/www.santai-ceramics.com\/pt\/wp-json\/wp\/v2\/types\/product"}],"replies":[{"embeddable":true,"href":"https:\/\/www.santai-ceramics.com\/pt\/wp-json\/wp\/v2\/comments?post=3456"}],"wp:featuredmedia":[{"embeddable":true,"href":"https:\/\/www.santai-ceramics.com\/pt\/wp-json\/wp\/v2\/media\/3468"}],"wp:attachment":[{"href":"https:\/\/www.santai-ceramics.com\/pt\/wp-json\/wp\/v2\/media?parent=3456"}],"wp:term":[{"taxonomy":"product_brand","embeddable":true,"href":"https:\/\/www.santai-ceramics.com\/pt\/wp-json\/wp\/v2\/product_brand?post=3456"},{"taxonomy":"product_cat","embeddable":true,"href":"https:\/\/www.santai-ceramics.com\/pt\/wp-json\/wp\/v2\/product_cat?post=3456"},{"taxonomy":"product_tag","embeddable":true,"href":"https:\/\/www.santai-ceramics.com\/pt\/wp-json\/wp\/v2\/product_tag?post=3456"}],"curies":[{"name":"wp","href":"https:\/\/api.w.org\/{rel}","templated":true}]}}