{"id":3558,"date":"2025-09-05T08:13:04","date_gmt":"2025-09-05T08:13:04","guid":{"rendered":"https:\/\/www.santai-ceramics.com\/?post_type=product&#038;p=3558"},"modified":"2025-09-05T08:13:05","modified_gmt":"2025-09-05T08:13:05","slug":"wholesale-ceramic-vases-for-b2b-buyers","status":"publish","type":"product","link":"https:\/\/www.santai-ceramics.com\/pt\/product\/wholesale-ceramic-vases-for-b2b-buyers\/","title":{"rendered":"Vasos de cer\u00e2mica por grosso para compradores B2B, distribuidores, retalhistas, importadores"},"content":{"rendered":"<h3 class=\"wp-block-heading\">Carater\u00edsticas dos vasos de cer\u00e2mica por atacado<\/h3>\n\n\n\n<ul class=\"wp-block-list\">\n<li><strong>Estilo vers\u00e1til: <\/strong>O design deste vaso combina elementos cl\u00e1ssicos e modernos, tornando-o facilmente acess\u00edvel a v\u00e1rios mercados.<\/li>\n\n\n\n<li><strong>Qualidade fi\u00e1vel: <\/strong>Sendo uma f\u00e1brica de vasos com mais de 30 anos de experi\u00eancia, mantemos um processo de produ\u00e7\u00e3o maduro e um controlo de qualidade robusto, garantindo uma qualidade consistente em todos os lotes.<\/li>\n\n\n\n<li><strong>F\u00e1cil de comercializar e apresentar: <\/strong>O aspeto requintado e atraente do produto torna-o uma forma apelativa e eficaz de os compradores B2B reduzirem os custos de marketing e aumentarem as taxas de convers\u00e3o de vendas.<\/li>\n\n\n\n<li><strong>Pre\u00e7os competitivos: <\/strong>Obtenha cota\u00e7\u00f5es diretamente da f\u00e1brica SANTAI para obter custos de produto mais baixos, aumentando as suas margens de lucro.<\/li>\n<\/ul>\n\n\n\n<h3 class=\"wp-block-heading\">Servi\u00e7o de vasos de cer\u00e2mica personalizados<\/h3>\n\n\n\n<p>Oferecemos servi\u00e7os OEM e ODM para os nossos produtos.<br>Entrega r\u00e1pida de amostras est\u00e1 dispon\u00edvel.<br>Oferecemos uma variedade de formas, cores, impress\u00e3o personalizada, embalagem e outros servi\u00e7os adaptados para satisfazer as suas necessidades espec\u00edficas.<\/p>\n\n\n\n<div class=\"wp-block-columns is-layout-flex wp-container-core-columns-is-layout-9d6595d7 wp-block-columns-is-layout-flex\">\n<div class=\"wp-block-column is-layout-flow wp-block-column-is-layout-flow\">\n<figure class=\"wp-block-image size-full\"><img decoding=\"async\" width=\"2045\" height=\"1703\" src=\"https:\/\/www.santai-ceramics.com\/wp-content\/uploads\/2025\/09\/wholesale-ceramic-vases-9.webp\" alt=\"vasos de cer\u00e2mica por atacado (9)\" class=\"wp-image-3621\" srcset=\"https:\/\/www.santai-ceramics.com\/wp-content\/uploads\/2025\/09\/wholesale-ceramic-vases-9.webp 2045w, https:\/\/www.santai-ceramics.com\/wp-content\/uploads\/2025\/09\/wholesale-ceramic-vases-9-300x250.webp 300w, https:\/\/www.santai-ceramics.com\/wp-content\/uploads\/2025\/09\/wholesale-ceramic-vases-9-768x640.webp 768w, https:\/\/www.santai-ceramics.com\/wp-content\/uploads\/2025\/09\/wholesale-ceramic-vases-9-14x12.webp 14w, https:\/\/www.santai-ceramics.com\/wp-content\/uploads\/2025\/09\/wholesale-ceramic-vases-9-1200x999.webp 1200w, https:\/\/www.santai-ceramics.com\/wp-content\/uploads\/2025\/09\/wholesale-ceramic-vases-9-600x500.webp 600w\" sizes=\"(max-width: 2045px) 100vw, 2045px\" \/><\/figure>\n<\/div>\n\n\n\n<div class=\"wp-block-column is-layout-flow wp-block-column-is-layout-flow\">\n<figure class=\"wp-block-image size-full\"><img decoding=\"async\" width=\"2754\" height=\"2295\" src=\"https:\/\/www.santai-ceramics.com\/wp-content\/uploads\/2025\/09\/wholesale-ceramic-vases-10.webp\" alt=\"vasos de cer\u00e2mica por atacado (10)\" class=\"wp-image-3622\" srcset=\"https:\/\/www.santai-ceramics.com\/wp-content\/uploads\/2025\/09\/wholesale-ceramic-vases-10.webp 2754w, https:\/\/www.santai-ceramics.com\/wp-content\/uploads\/2025\/09\/wholesale-ceramic-vases-10-300x250.webp 300w, https:\/\/www.santai-ceramics.com\/wp-content\/uploads\/2025\/09\/wholesale-ceramic-vases-10-768x640.webp 768w, https:\/\/www.santai-ceramics.com\/wp-content\/uploads\/2025\/09\/wholesale-ceramic-vases-10-14x12.webp 14w, https:\/\/www.santai-ceramics.com\/wp-content\/uploads\/2025\/09\/wholesale-ceramic-vases-10-1200x1000.webp 1200w, https:\/\/www.santai-ceramics.com\/wp-content\/uploads\/2025\/09\/wholesale-ceramic-vases-10-600x500.webp 600w\" sizes=\"(max-width: 2754px) 100vw, 2754px\" \/><\/figure>\n<\/div>\n<\/div>\n\n\n\n<div class=\"wp-block-columns is-layout-flex wp-container-core-columns-is-layout-9d6595d7 wp-block-columns-is-layout-flex\">\n<div class=\"wp-block-column is-layout-flow wp-block-column-is-layout-flow\"><\/div>\n\n\n\n<div class=\"wp-block-column is-layout-flow wp-block-column-is-layout-flow\"><\/div>\n<\/div>","protected":false},"excerpt":{"rendered":"<p>MOQ: 100. Vasos de cer\u00e2mica por atacado a granel. Direto da f\u00e1brica, adequado para compradores B2B e atacado em grande escala. Este vaso combina na perfei\u00e7\u00e3o o artesanato cl\u00e1ssico com a est\u00e9tica moderna e est\u00e1 dispon\u00edvel em tr\u00eas tamanhos, perfeitos para uma variedade de ambientes decorativos.<\/p>\n<p>Oferecemos pre\u00e7os altamente competitivos e um fornecimento est\u00e1vel para garantir as suas margens de lucro e competitividade no mercado. Os pedidos de informa\u00e7\u00e3o s\u00e3o bem-vindos.<\/p>\n<h2>Especifica\u00e7\u00e3o de vasos de cer\u00e2mica por atacado<\/h2>\n<table width=\"1140\">\n<tbody>\n<tr>\n<td width=\"285\">N\u00famero do modelo<\/td>\n<td width=\"285\">A35990-LE24-A01<\/td>\n<td width=\"285\">A33201-LE24-A02<\/td>\n<td width=\"285\">A33201-LE24-A01<\/td>\n<\/tr>\n<tr>\n<td>Nome do produto<\/td>\n<td>Jarra de cer\u00e2mica<\/td>\n<td>Jarra de cer\u00e2mica<\/td>\n<td>Jarra de cer\u00e2mica<\/td>\n<\/tr>\n<tr>\n<td>Cor<\/td>\n<td>Verde<\/td>\n<td>Verde<\/td>\n<td>Verde<\/td>\n<\/tr>\n<tr>\n<td>Material<\/td>\n<td>Cer\u00e2mica\u00a0<\/td>\n<td>Cer\u00e2mica\u00a0<\/td>\n<td>Cer\u00e2mica\u00a0<\/td>\n<\/tr>\n<tr>\n<td>Cen\u00e1rios de utiliza\u00e7\u00e3o<\/td>\n<td>decora\u00e7\u00e3o de casa\u00a0<\/td>\n<td>decora\u00e7\u00e3o de casa\u00a0<\/td>\n<td>decora\u00e7\u00e3o de casa\u00a0<\/td>\n<\/tr>\n<tr>\n<td>Dimens\u00f5es<\/td>\n<td>D:14,5X34,5cm<\/td>\n<td>D:20X27cm<\/td>\n<td>D:14,5X20cm<\/td>\n<\/tr>\n<tr>\n<td>Peso<\/td>\n<td>1,7 kg\/unidade<\/td>\n<td>2,2 kg\/unidade<\/td>\n<td>1,1 kg\/unidade<\/td>\n<\/tr>\n<\/tbody>\n<\/table>\n<p>\n<script src=\"chrome-extension:\/\/fpelahbljekknahkcaegamhcndkfpfnc\/iFrame.js\" type=\"text\/javascript\"><\/script><\/p>","protected":false},"featured_media":3613,"comment_status":"closed","ping_status":"closed","template":"","meta":{"_acf_changed":false},"product_brand":[],"product_cat":[18,22],"product_tag":[],"class_list":{"0":"post-3558","1":"product","2":"type-product","3":"status-publish","4":"has-post-thumbnail","6":"product_cat-home-decor","7":"product_cat-vase","9":"first","10":"instock","11":"shipping-taxable","12":"product-type-simple"},"acf":[],"_links":{"self":[{"href":"https:\/\/www.santai-ceramics.com\/pt\/wp-json\/wp\/v2\/product\/3558","targetHints":{"allow":["GET"]}}],"collection":[{"href":"https:\/\/www.santai-ceramics.com\/pt\/wp-json\/wp\/v2\/product"}],"about":[{"href":"https:\/\/www.santai-ceramics.com\/pt\/wp-json\/wp\/v2\/types\/product"}],"replies":[{"embeddable":true,"href":"https:\/\/www.santai-ceramics.com\/pt\/wp-json\/wp\/v2\/comments?post=3558"}],"wp:featuredmedia":[{"embeddable":true,"href":"https:\/\/www.santai-ceramics.com\/pt\/wp-json\/wp\/v2\/media\/3613"}],"wp:attachment":[{"href":"https:\/\/www.santai-ceramics.com\/pt\/wp-json\/wp\/v2\/media?parent=3558"}],"wp:term":[{"taxonomy":"product_brand","embeddable":true,"href":"https:\/\/www.santai-ceramics.com\/pt\/wp-json\/wp\/v2\/product_brand?post=3558"},{"taxonomy":"product_cat","embeddable":true,"href":"https:\/\/www.santai-ceramics.com\/pt\/wp-json\/wp\/v2\/product_cat?post=3558"},{"taxonomy":"product_tag","embeddable":true,"href":"https:\/\/www.santai-ceramics.com\/pt\/wp-json\/wp\/v2\/product_tag?post=3558"}],"curies":[{"name":"wp","href":"https:\/\/api.w.org\/{rel}","templated":true}]}}