{"id":3560,"date":"2025-09-07T06:48:46","date_gmt":"2025-09-07T06:48:46","guid":{"rendered":"https:\/\/www.santai-ceramics.com\/?post_type=product&#038;p=3560"},"modified":"2025-09-07T06:48:48","modified_gmt":"2025-09-07T06:48:48","slug":"wholesale-ceramic-vases-supply-to-the-world","status":"publish","type":"product","link":"https:\/\/www.santai-ceramics.com\/pt\/product\/wholesale-ceramic-vases-supply-to-the-world\/","title":{"rendered":"Fornecimento de vasos de cer\u00e2mica por atacado para o mundo a pre\u00e7os competitivos de f\u00e1brica da China"},"content":{"rendered":"<h3 class=\"wp-block-heading\">Carater\u00edsticas dos vasos de cer\u00e2mica<\/h3>\n\n\n\n<ul class=\"wp-block-list\">\n<li><strong>Beleza natural: <\/strong>Estes vasos de cer\u00e2mica apresentam uma tonalidade celadon suave, conhecida pela sua eleg\u00e2ncia suave e discreta que se integra sem esfor\u00e7o em qualquer estilo de interior.<\/li>\n\n\n\n<li><strong>Esmalte Crackle: <\/strong>A superf\u00edcie do vaso \u00e9 acabada com um impressionante esmalte crepitante, uma t\u00e9cnica decorativa cl\u00e1ssica que confere ao vaso um encanto r\u00fastico.<\/li>\n\n\n\n<li><strong>Ampla experi\u00eancia na exporta\u00e7\u00e3o de vasos:<\/strong> Como fabricante de vasos com d\u00e9cadas de experi\u00eancia no tratamento de encomendas internacionais, o fornecimento de grandes quantidades de vasos \u00e9 simples.<\/li>\n\n\n\n<li><strong>Garantia de qualidade: <\/strong>A nossa f\u00e1brica de vasos segue as principais normas de qualidade internacionais e \u00e9 certificada pela BSCI, ISO9001 e ISO45001, garantindo que cumprimos as normas de diversos mercados globais.<\/li>\n<\/ul>\n\n\n\n<h3 class=\"wp-block-heading\">Servi\u00e7o de vasos de cer\u00e2mica personalizados<\/h3>\n\n\n\n<p>Oferecemos servi\u00e7os OEM e ODM para os nossos produtos.<br>Entrega r\u00e1pida de amostras est\u00e1 dispon\u00edvel.<br>Oferecemos uma variedade de formas, cores, impress\u00e3o personalizada, embalagem e outros servi\u00e7os adaptados para satisfazer as suas necessidades espec\u00edficas.<\/p>\n\n\n\n<div class=\"wp-block-columns is-layout-flex wp-container-core-columns-is-layout-9d6595d7 wp-block-columns-is-layout-flex\">\n<div class=\"wp-block-column is-layout-flow wp-block-column-is-layout-flow\">\n<figure class=\"wp-block-image size-full\"><img decoding=\"async\" width=\"2992\" height=\"2992\" src=\"https:\/\/www.santai-ceramics.com\/wp-content\/uploads\/2025\/09\/supplying-vases-worldwide-2.webp\" alt=\"fornecimento de vasos a n\u00edvel mundial (2)\" class=\"wp-image-3674\" srcset=\"https:\/\/www.santai-ceramics.com\/wp-content\/uploads\/2025\/09\/supplying-vases-worldwide-2.webp 2992w, https:\/\/www.santai-ceramics.com\/wp-content\/uploads\/2025\/09\/supplying-vases-worldwide-2-300x300.webp 300w, https:\/\/www.santai-ceramics.com\/wp-content\/uploads\/2025\/09\/supplying-vases-worldwide-2-150x150.webp 150w, https:\/\/www.santai-ceramics.com\/wp-content\/uploads\/2025\/09\/supplying-vases-worldwide-2-768x768.webp 768w, https:\/\/www.santai-ceramics.com\/wp-content\/uploads\/2025\/09\/supplying-vases-worldwide-2-12x12.webp 12w, https:\/\/www.santai-ceramics.com\/wp-content\/uploads\/2025\/09\/supplying-vases-worldwide-2-1200x1200.webp 1200w, https:\/\/www.santai-ceramics.com\/wp-content\/uploads\/2025\/09\/supplying-vases-worldwide-2-600x600.webp 600w, https:\/\/www.santai-ceramics.com\/wp-content\/uploads\/2025\/09\/supplying-vases-worldwide-2-100x100.webp 100w\" sizes=\"(max-width: 2992px) 100vw, 2992px\" \/><\/figure>\n<\/div>\n\n\n\n<div class=\"wp-block-column is-layout-flow wp-block-column-is-layout-flow\">\n<figure class=\"wp-block-image size-full\"><img decoding=\"async\" width=\"1695\" height=\"1695\" src=\"https:\/\/www.santai-ceramics.com\/wp-content\/uploads\/2025\/09\/supplying-vases-worldwide-3.webp\" alt=\"fornecimento de vasos a n\u00edvel mundial (3)\" class=\"wp-image-3675\" srcset=\"https:\/\/www.santai-ceramics.com\/wp-content\/uploads\/2025\/09\/supplying-vases-worldwide-3.webp 1695w, https:\/\/www.santai-ceramics.com\/wp-content\/uploads\/2025\/09\/supplying-vases-worldwide-3-300x300.webp 300w, https:\/\/www.santai-ceramics.com\/wp-content\/uploads\/2025\/09\/supplying-vases-worldwide-3-150x150.webp 150w, https:\/\/www.santai-ceramics.com\/wp-content\/uploads\/2025\/09\/supplying-vases-worldwide-3-768x768.webp 768w, https:\/\/www.santai-ceramics.com\/wp-content\/uploads\/2025\/09\/supplying-vases-worldwide-3-12x12.webp 12w, https:\/\/www.santai-ceramics.com\/wp-content\/uploads\/2025\/09\/supplying-vases-worldwide-3-1200x1200.webp 1200w, https:\/\/www.santai-ceramics.com\/wp-content\/uploads\/2025\/09\/supplying-vases-worldwide-3-600x600.webp 600w, https:\/\/www.santai-ceramics.com\/wp-content\/uploads\/2025\/09\/supplying-vases-worldwide-3-100x100.webp 100w\" sizes=\"(max-width: 1695px) 100vw, 1695px\" \/><\/figure>\n<\/div>\n<\/div>\n\n\n\n<div class=\"wp-block-columns is-layout-flex wp-container-core-columns-is-layout-9d6595d7 wp-block-columns-is-layout-flex\">\n<div class=\"wp-block-column is-layout-flow wp-block-column-is-layout-flow\"><\/div>\n\n\n\n<div class=\"wp-block-column is-layout-flow wp-block-column-is-layout-flow\"><\/div>\n<\/div>","protected":false},"excerpt":{"rendered":"<p data-pm-slice=\"0 0 []\">MOQ: 100. Fornecemos vasos de cer\u00e2mica em grandes quantidades em todo o mundo. Estes vasos misturam perfeitamente a beleza natural com um artesanato requintado, incorporando uma eleg\u00e2ncia intemporal. Com d\u00e9cadas de experi\u00eancia na exporta\u00e7\u00e3o de vasos, garantimos que a compra a granel \u00e9 simples e fi\u00e1vel. A nossa f\u00e1brica tem certifica\u00e7\u00e3o BSCI, ISO9001 e ISO45001, pelo que as compras a granel s\u00e3o bem-vindas.<\/p>\n<h2>Especifica\u00e7\u00f5es dos vasos de cer\u00e2mica<\/h2>\n<table width=\"855\">\n<tbody>\n<tr>\n<td width=\"285\">N\u00famero do modelo<\/td>\n<td width=\"285\">A37661-LE24-A01<\/td>\n<td width=\"285\">A37661-LE24-A02<\/td>\n<\/tr>\n<tr>\n<td>Nome do produto<\/td>\n<td>Jarra de cer\u00e2mica<\/td>\n<td>Jarra de cer\u00e2mica<\/td>\n<\/tr>\n<tr>\n<td>Cor<\/td>\n<td>Verde<\/td>\n<td>Verde<\/td>\n<\/tr>\n<tr>\n<td>Material<\/td>\n<td>Cer\u00e2mica\u00a0<\/td>\n<td>Cer\u00e2mica\u00a0<\/td>\n<\/tr>\n<tr>\n<td>Cen\u00e1rios de utiliza\u00e7\u00e3o<\/td>\n<td>decora\u00e7\u00e3o de casa\u00a0<\/td>\n<td>decora\u00e7\u00e3o de casa\u00a0<\/td>\n<\/tr>\n<tr>\n<td>Dimens\u00f5es<\/td>\n<td>D:19,5X27cm<\/td>\n<td>D:16X22cm<\/td>\n<\/tr>\n<tr>\n<td>Peso<\/td>\n<td>1,7 kg\/unidade<\/td>\n<td>1,3 kg\/unidade<\/td>\n<\/tr>\n<\/tbody>\n<\/table>\n<p>\n<script src=\"chrome-extension:\/\/fpelahbljekknahkcaegamhcndkfpfnc\/iFrame.js\" type=\"text\/javascript\"><\/script><\/p>","protected":false},"featured_media":3671,"comment_status":"closed","ping_status":"closed","template":"","meta":{"_acf_changed":false},"product_brand":[],"product_cat":[18,22],"product_tag":[],"class_list":{"0":"post-3560","1":"product","2":"type-product","3":"status-publish","4":"has-post-thumbnail","6":"product_cat-home-decor","7":"product_cat-vase","9":"first","10":"instock","11":"shipping-taxable","12":"product-type-simple"},"acf":[],"_links":{"self":[{"href":"https:\/\/www.santai-ceramics.com\/pt\/wp-json\/wp\/v2\/product\/3560","targetHints":{"allow":["GET"]}}],"collection":[{"href":"https:\/\/www.santai-ceramics.com\/pt\/wp-json\/wp\/v2\/product"}],"about":[{"href":"https:\/\/www.santai-ceramics.com\/pt\/wp-json\/wp\/v2\/types\/product"}],"replies":[{"embeddable":true,"href":"https:\/\/www.santai-ceramics.com\/pt\/wp-json\/wp\/v2\/comments?post=3560"}],"wp:featuredmedia":[{"embeddable":true,"href":"https:\/\/www.santai-ceramics.com\/pt\/wp-json\/wp\/v2\/media\/3671"}],"wp:attachment":[{"href":"https:\/\/www.santai-ceramics.com\/pt\/wp-json\/wp\/v2\/media?parent=3560"}],"wp:term":[{"taxonomy":"product_brand","embeddable":true,"href":"https:\/\/www.santai-ceramics.com\/pt\/wp-json\/wp\/v2\/product_brand?post=3560"},{"taxonomy":"product_cat","embeddable":true,"href":"https:\/\/www.santai-ceramics.com\/pt\/wp-json\/wp\/v2\/product_cat?post=3560"},{"taxonomy":"product_tag","embeddable":true,"href":"https:\/\/www.santai-ceramics.com\/pt\/wp-json\/wp\/v2\/product_tag?post=3560"}],"curies":[{"name":"wp","href":"https:\/\/api.w.org\/{rel}","templated":true}]}}