{"id":3563,"date":"2025-09-05T09:48:19","date_gmt":"2025-09-05T09:48:19","guid":{"rendered":"https:\/\/www.santai-ceramics.com\/?post_type=product&#038;p=3563"},"modified":"2025-09-05T09:48:21","modified_gmt":"2025-09-05T09:48:21","slug":"high-quality-ceramic-vases-wholesale-at-factory-price","status":"publish","type":"product","link":"https:\/\/www.santai-ceramics.com\/pt\/product\/high-quality-ceramic-vases-wholesale-at-factory-price\/","title":{"rendered":"Vasos de cer\u00e2mica de alta qualidade por atacado a pre\u00e7o de f\u00e1brica"},"content":{"rendered":"<h3 class=\"wp-block-heading\">Carater\u00edsticas do vaso de cer\u00e2mica por atacado<\/h3>\n\n\n\n<ul class=\"wp-block-list\">\n<li><strong>Beleza natural e org\u00e2nica: <\/strong>Esta jarra apresenta uma cor verde suave, um padr\u00e3o naturalista de fetos e um gargalo em barro cru, tudo combinado para criar uma est\u00e9tica notavelmente org\u00e2nica, terrena e calmante.<\/li>\n\n\n\n<li><strong>Ampla aceita\u00e7\u00e3o no mercado: <\/strong>O estilo natural e org\u00e2nico \u00e9 particularmente popular nos mercados europeu e americano e entre os consumidores mais jovens, tornando-o facilmente acess\u00edvel atrav\u00e9s de diversos canais de venda. Por conseguinte, os nossos vasos por grosso s\u00e3o particularmente adequados para os compradores europeus B2B.<\/li>\n\n\n\n<li><strong>Adequado para retalhistas e marcas de produtos para o lar: <\/strong>Como f\u00e1brica profissional com 30 anos de experi\u00eancia, garantimos um fornecimento est\u00e1vel e uma qualidade consistente, permitindo que os retalhistas armazenem os seus produtos com confian\u00e7a.<\/li>\n\n\n\n<li><strong>Pre\u00e7o de f\u00e1brica: <\/strong>Oferecemos pre\u00e7os diretos \u00e0 sa\u00edda da f\u00e1brica a clientes B2B, eliminando o intermedi\u00e1rio e garantindo que os compradores recebem produtos de alta qualidade a pre\u00e7os competitivos.<\/li>\n<\/ul>\n\n\n\n<h3 class=\"wp-block-heading\">Servi\u00e7o de vasos de cer\u00e2mica personalizados<\/h3>\n\n\n\n<p>Oferecemos servi\u00e7os OEM e ODM para os nossos produtos.<br>Entrega r\u00e1pida de amostras est\u00e1 dispon\u00edvel.<br>Oferecemos uma variedade de formas, cores, impress\u00e3o personalizada, embalagem e outros servi\u00e7os adaptados para satisfazer as suas necessidades espec\u00edficas.<\/p>\n\n\n\n<div class=\"wp-block-columns is-layout-flex wp-container-core-columns-is-layout-9d6595d7 wp-block-columns-is-layout-flex\">\n<div class=\"wp-block-column is-layout-flow wp-block-column-is-layout-flow\">\n<figure class=\"wp-block-image size-full\"><img decoding=\"async\" width=\"2080\" height=\"2080\" src=\"https:\/\/www.santai-ceramics.com\/wp-content\/uploads\/2025\/09\/ceramic-vases-wholesale-4.webp\" alt=\"vasos de cer\u00e2mica por atacado (4)\" class=\"wp-image-3640\" srcset=\"https:\/\/www.santai-ceramics.com\/wp-content\/uploads\/2025\/09\/ceramic-vases-wholesale-4.webp 2080w, https:\/\/www.santai-ceramics.com\/wp-content\/uploads\/2025\/09\/ceramic-vases-wholesale-4-300x300.webp 300w, https:\/\/www.santai-ceramics.com\/wp-content\/uploads\/2025\/09\/ceramic-vases-wholesale-4-150x150.webp 150w, https:\/\/www.santai-ceramics.com\/wp-content\/uploads\/2025\/09\/ceramic-vases-wholesale-4-768x768.webp 768w, https:\/\/www.santai-ceramics.com\/wp-content\/uploads\/2025\/09\/ceramic-vases-wholesale-4-12x12.webp 12w, https:\/\/www.santai-ceramics.com\/wp-content\/uploads\/2025\/09\/ceramic-vases-wholesale-4-1200x1200.webp 1200w, https:\/\/www.santai-ceramics.com\/wp-content\/uploads\/2025\/09\/ceramic-vases-wholesale-4-600x600.webp 600w, https:\/\/www.santai-ceramics.com\/wp-content\/uploads\/2025\/09\/ceramic-vases-wholesale-4-100x100.webp 100w\" sizes=\"(max-width: 2080px) 100vw, 2080px\" \/><\/figure>\n<\/div>\n\n\n\n<div class=\"wp-block-column is-layout-flow wp-block-column-is-layout-flow\">\n<figure class=\"wp-block-image size-full\"><img decoding=\"async\" width=\"3370\" height=\"3370\" src=\"https:\/\/www.santai-ceramics.com\/wp-content\/uploads\/2025\/09\/ceramic-vases-wholesale-6.webp\" alt=\"vasos de cer\u00e2mica por atacado (6)\" class=\"wp-image-3641\" srcset=\"https:\/\/www.santai-ceramics.com\/wp-content\/uploads\/2025\/09\/ceramic-vases-wholesale-6.webp 3370w, https:\/\/www.santai-ceramics.com\/wp-content\/uploads\/2025\/09\/ceramic-vases-wholesale-6-300x300.webp 300w, https:\/\/www.santai-ceramics.com\/wp-content\/uploads\/2025\/09\/ceramic-vases-wholesale-6-150x150.webp 150w, https:\/\/www.santai-ceramics.com\/wp-content\/uploads\/2025\/09\/ceramic-vases-wholesale-6-768x768.webp 768w, https:\/\/www.santai-ceramics.com\/wp-content\/uploads\/2025\/09\/ceramic-vases-wholesale-6-12x12.webp 12w, https:\/\/www.santai-ceramics.com\/wp-content\/uploads\/2025\/09\/ceramic-vases-wholesale-6-1200x1200.webp 1200w, https:\/\/www.santai-ceramics.com\/wp-content\/uploads\/2025\/09\/ceramic-vases-wholesale-6-600x600.webp 600w, https:\/\/www.santai-ceramics.com\/wp-content\/uploads\/2025\/09\/ceramic-vases-wholesale-6-100x100.webp 100w\" sizes=\"(max-width: 3370px) 100vw, 3370px\" \/><\/figure>\n<\/div>\n<\/div>\n\n\n\n<div class=\"wp-block-columns is-layout-flex wp-container-core-columns-is-layout-9d6595d7 wp-block-columns-is-layout-flex\">\n<div class=\"wp-block-column is-layout-flow wp-block-column-is-layout-flow\"><\/div>\n\n\n\n<div class=\"wp-block-column is-layout-flow wp-block-column-is-layout-flow\"><\/div>\n<\/div>","protected":false},"excerpt":{"rendered":"<p data-pm-slice=\"0 0 []\">MOQ:100. Vasos de vidro feitos \u00e0 m\u00e3o por atacado com padr\u00f5es de fetos inspirados na natureza. As compras a granel s\u00e3o bem-vindas.<\/p>\n<h2>Especifica\u00e7\u00f5es dos vasos de cer\u00e2mica de alta qualidade<\/h2>\n<table width=\"855\">\n<tbody>\n<tr>\n<td width=\"285\">N\u00famero do modelo<\/td>\n<td width=\"285\">A37426-LE24-A01<\/td>\n<td width=\"285\">A37426-LE24-A02<\/td>\n<\/tr>\n<tr>\n<td>Nome do produto<\/td>\n<td>Jarra de cer\u00e2mica<\/td>\n<td>Jarra de cer\u00e2mica<\/td>\n<\/tr>\n<tr>\n<td>Cor<\/td>\n<td>Verde<\/td>\n<td>Verde<\/td>\n<\/tr>\n<tr>\n<td>Material<\/td>\n<td>Cer\u00e2mica\u00a0<\/td>\n<td>Cer\u00e2mica\u00a0<\/td>\n<\/tr>\n<tr>\n<td>Cen\u00e1rios de utiliza\u00e7\u00e3o<\/td>\n<td>decora\u00e7\u00e3o de casa\u00a0<\/td>\n<td>decora\u00e7\u00e3o de casa\u00a0<\/td>\n<\/tr>\n<tr>\n<td>Dimens\u00f5es<\/td>\n<td>D:13,5X33cm<\/td>\n<td>D:12X29cm<\/td>\n<\/tr>\n<tr>\n<td>Peso<\/td>\n<td>1,5 kg\/unidade<\/td>\n<td>0,9 kg\/unidade<\/td>\n<\/tr>\n<\/tbody>\n<\/table>\n<p>\n<script src=\"chrome-extension:\/\/fpelahbljekknahkcaegamhcndkfpfnc\/iFrame.js\" type=\"text\/javascript\"><\/script><\/p>","protected":false},"featured_media":3637,"comment_status":"closed","ping_status":"closed","template":"","meta":{"_acf_changed":false},"product_brand":[],"product_cat":[18,22],"product_tag":[],"class_list":{"0":"post-3563","1":"product","2":"type-product","3":"status-publish","4":"has-post-thumbnail","6":"product_cat-home-decor","7":"product_cat-vase","9":"first","10":"instock","11":"shipping-taxable","12":"product-type-simple"},"acf":[],"_links":{"self":[{"href":"https:\/\/www.santai-ceramics.com\/pt\/wp-json\/wp\/v2\/product\/3563","targetHints":{"allow":["GET"]}}],"collection":[{"href":"https:\/\/www.santai-ceramics.com\/pt\/wp-json\/wp\/v2\/product"}],"about":[{"href":"https:\/\/www.santai-ceramics.com\/pt\/wp-json\/wp\/v2\/types\/product"}],"replies":[{"embeddable":true,"href":"https:\/\/www.santai-ceramics.com\/pt\/wp-json\/wp\/v2\/comments?post=3563"}],"wp:featuredmedia":[{"embeddable":true,"href":"https:\/\/www.santai-ceramics.com\/pt\/wp-json\/wp\/v2\/media\/3637"}],"wp:attachment":[{"href":"https:\/\/www.santai-ceramics.com\/pt\/wp-json\/wp\/v2\/media?parent=3563"}],"wp:term":[{"taxonomy":"product_brand","embeddable":true,"href":"https:\/\/www.santai-ceramics.com\/pt\/wp-json\/wp\/v2\/product_brand?post=3563"},{"taxonomy":"product_cat","embeddable":true,"href":"https:\/\/www.santai-ceramics.com\/pt\/wp-json\/wp\/v2\/product_cat?post=3563"},{"taxonomy":"product_tag","embeddable":true,"href":"https:\/\/www.santai-ceramics.com\/pt\/wp-json\/wp\/v2\/product_tag?post=3563"}],"curies":[{"name":"wp","href":"https:\/\/api.w.org\/{rel}","templated":true}]}}