{"id":3564,"date":"2025-09-02T11:07:48","date_gmt":"2025-09-02T11:07:48","guid":{"rendered":"https:\/\/www.santai-ceramics.com\/?post_type=product&#038;p=3564"},"modified":"2025-09-02T11:07:52","modified_gmt":"2025-09-02T11:07:52","slug":"bulk-under-glaze-ceramic-vases-wholesale","status":"publish","type":"product","link":"https:\/\/www.santai-ceramics.com\/pt\/product\/bulk-under-glaze-ceramic-vases-wholesale\/","title":{"rendered":"Vasos com esmalte a granel para grossistas, mercados de flores e lojas de presentes"},"content":{"rendered":"<h3 class=\"wp-block-heading\">Carater\u00edsticas dos vasos com esmalte a granel<\/h3>\n\n\n\n<ul class=\"wp-block-list\">\n<li><strong>Aspeto elegante: <\/strong>A combina\u00e7\u00e3o de verde suave e padr\u00f5es de fetos torna esta est\u00e9tica popular nos sectores da decora\u00e7\u00e3o de interiores, hotelaria e planeamento de eventos.<\/li>\n\n\n\n<li><strong>V\u00e1rios tamanhos: T<\/strong>Este conjunto inclui tr\u00eas tamanhos diferentes, proporcionando flexibilidade para uma variedade de arranjos decorativos.<\/li>\n\n\n\n<li><strong>Potencial de margem de lucro elevado: <\/strong>Vasos \u00fanicos e visualmente apelativos como estes podem comandar bons pre\u00e7os de venda a retalho, permitindo aos compradores B2B obter margens de lucro saud\u00e1veis.<\/li>\n\n\n\n<li><strong>Fornecimento a granel: <\/strong>Oferecemos um fornecimento constante de vasos a granel, perfeitos para grossistas, lojas de retalho ou projectos de grande escala, como mobili\u00e1rio de hotel ou decora\u00e7\u00e3o de eventos.<\/li>\n<\/ul>\n\n\n\n<h3 class=\"wp-block-heading\">Servi\u00e7o personalizado<\/h3>\n\n\n\n<p>Oferecemos servi\u00e7os OEM e ODM para os nossos produtos.<br>Entrega r\u00e1pida de amostras est\u00e1 dispon\u00edvel.<br>Oferecemos uma variedade de formas, cores, impress\u00e3o personalizada, embalagem e outros servi\u00e7os adaptados para satisfazer as suas necessidades espec\u00edficas.<\/p>\n\n\n\n<div class=\"wp-block-columns is-layout-flex wp-container-core-columns-is-layout-9d6595d7 wp-block-columns-is-layout-flex\">\n<div class=\"wp-block-column is-layout-flow wp-block-column-is-layout-flow\">\n<figure class=\"wp-block-image size-full\"><img decoding=\"async\" width=\"2353\" height=\"1960\" src=\"https:\/\/www.santai-ceramics.com\/wp-content\/uploads\/2025\/09\/wholesale-under-glaze-vases-5.webp\" alt=\"vasos com esmalte por atacado (5)\" class=\"wp-image-3601\" srcset=\"https:\/\/www.santai-ceramics.com\/wp-content\/uploads\/2025\/09\/wholesale-under-glaze-vases-5.webp 2353w, https:\/\/www.santai-ceramics.com\/wp-content\/uploads\/2025\/09\/wholesale-under-glaze-vases-5-300x250.webp 300w, https:\/\/www.santai-ceramics.com\/wp-content\/uploads\/2025\/09\/wholesale-under-glaze-vases-5-768x640.webp 768w, https:\/\/www.santai-ceramics.com\/wp-content\/uploads\/2025\/09\/wholesale-under-glaze-vases-5-14x12.webp 14w, https:\/\/www.santai-ceramics.com\/wp-content\/uploads\/2025\/09\/wholesale-under-glaze-vases-5-1200x1000.webp 1200w, https:\/\/www.santai-ceramics.com\/wp-content\/uploads\/2025\/09\/wholesale-under-glaze-vases-5-600x500.webp 600w\" sizes=\"(max-width: 2353px) 100vw, 2353px\" \/><\/figure>\n<\/div>\n\n\n\n<div class=\"wp-block-column is-layout-flow wp-block-column-is-layout-flow\">\n<figure class=\"wp-block-image size-full\"><img decoding=\"async\" width=\"2486\" height=\"2072\" src=\"https:\/\/www.santai-ceramics.com\/wp-content\/uploads\/2025\/09\/wholesale-under-glaze-vases-6.webp\" alt=\"vasos com esmalte por atacado (6)\" class=\"wp-image-3602\" srcset=\"https:\/\/www.santai-ceramics.com\/wp-content\/uploads\/2025\/09\/wholesale-under-glaze-vases-6.webp 2486w, https:\/\/www.santai-ceramics.com\/wp-content\/uploads\/2025\/09\/wholesale-under-glaze-vases-6-300x250.webp 300w, https:\/\/www.santai-ceramics.com\/wp-content\/uploads\/2025\/09\/wholesale-under-glaze-vases-6-768x640.webp 768w, https:\/\/www.santai-ceramics.com\/wp-content\/uploads\/2025\/09\/wholesale-under-glaze-vases-6-14x12.webp 14w, https:\/\/www.santai-ceramics.com\/wp-content\/uploads\/2025\/09\/wholesale-under-glaze-vases-6-1200x1000.webp 1200w, https:\/\/www.santai-ceramics.com\/wp-content\/uploads\/2025\/09\/wholesale-under-glaze-vases-6-600x500.webp 600w\" sizes=\"(max-width: 2486px) 100vw, 2486px\" \/><\/figure>\n<\/div>\n<\/div>","protected":false},"excerpt":{"rendered":"<p data-pm-slice=\"0 0 []\">MOQ:100. Vaso de cer\u00e2mica a granel por atacado. Damos as boas-vindas a compras a granel de compradores B2B. Este vaso sob o vidrado apresenta uma textura semelhante a um feto e um elegante acabamento verde, perfeito para exposi\u00e7\u00f5es interiores, hot\u00e9is, jardins bot\u00e2nicos e muito mais. Contacte-nos para obter um or\u00e7amento para compras a granel.<\/p>\n<h2>Especifica\u00e7\u00e3o de vasos com esmalte a granel<\/h2>\n<table width=\"1140\">\n<tbody>\n<tr>\n<td width=\"285\">N\u00famero do modelo<\/td>\n<td width=\"285\">A34352-LE24-A01<\/td>\n<td width=\"285\">A34352-LE24-A02<\/td>\n<td width=\"285\">A34352-LE24-A03<\/td>\n<\/tr>\n<tr>\n<td>Nome do produto<\/td>\n<td>Jarra de cer\u00e2mica<\/td>\n<td>Jarra de cer\u00e2mica<\/td>\n<td>Jarra de cer\u00e2mica<\/td>\n<\/tr>\n<tr>\n<td>Cor<\/td>\n<td>Verde<\/td>\n<td>Verde<\/td>\n<td>Verde<\/td>\n<\/tr>\n<tr>\n<td>Material<\/td>\n<td>Cer\u00e2mica\u00a0<\/td>\n<td>Cer\u00e2mica\u00a0<\/td>\n<td>Cer\u00e2mica\u00a0<\/td>\n<\/tr>\n<tr>\n<td>Cen\u00e1rios de utiliza\u00e7\u00e3o<\/td>\n<td>decora\u00e7\u00e3o de casa\u00a0<\/td>\n<td>decora\u00e7\u00e3o de casa\u00a0<\/td>\n<td>decora\u00e7\u00e3o de casa\u00a0<\/td>\n<\/tr>\n<tr>\n<td>Dimens\u00f5es<\/td>\n<td>D:11,5X20cm<\/td>\n<td>D:11X14cm<\/td>\n<td>D:13X12,5cm<\/td>\n<\/tr>\n<tr>\n<td>Peso<\/td>\n<td>0,55kg\/pc<\/td>\n<td>0,4 kg\/unidade<\/td>\n<td>0,4 kg\/unidade<\/td>\n<\/tr>\n<\/tbody>\n<\/table>\n<p>\n<script src=\"chrome-extension:\/\/fpelahbljekknahkcaegamhcndkfpfnc\/iFrame.js\" type=\"text\/javascript\"><\/script><\/p>","protected":false},"featured_media":3597,"comment_status":"closed","ping_status":"closed","template":"","meta":{"_acf_changed":false},"product_brand":[],"product_cat":[18,22],"product_tag":[],"class_list":{"0":"post-3564","1":"product","2":"type-product","3":"status-publish","4":"has-post-thumbnail","6":"product_cat-home-decor","7":"product_cat-vase","9":"first","10":"instock","11":"shipping-taxable","12":"product-type-simple"},"acf":[],"_links":{"self":[{"href":"https:\/\/www.santai-ceramics.com\/pt\/wp-json\/wp\/v2\/product\/3564","targetHints":{"allow":["GET"]}}],"collection":[{"href":"https:\/\/www.santai-ceramics.com\/pt\/wp-json\/wp\/v2\/product"}],"about":[{"href":"https:\/\/www.santai-ceramics.com\/pt\/wp-json\/wp\/v2\/types\/product"}],"replies":[{"embeddable":true,"href":"https:\/\/www.santai-ceramics.com\/pt\/wp-json\/wp\/v2\/comments?post=3564"}],"wp:featuredmedia":[{"embeddable":true,"href":"https:\/\/www.santai-ceramics.com\/pt\/wp-json\/wp\/v2\/media\/3597"}],"wp:attachment":[{"href":"https:\/\/www.santai-ceramics.com\/pt\/wp-json\/wp\/v2\/media?parent=3564"}],"wp:term":[{"taxonomy":"product_brand","embeddable":true,"href":"https:\/\/www.santai-ceramics.com\/pt\/wp-json\/wp\/v2\/product_brand?post=3564"},{"taxonomy":"product_cat","embeddable":true,"href":"https:\/\/www.santai-ceramics.com\/pt\/wp-json\/wp\/v2\/product_cat?post=3564"},{"taxonomy":"product_tag","embeddable":true,"href":"https:\/\/www.santai-ceramics.com\/pt\/wp-json\/wp\/v2\/product_tag?post=3564"}],"curies":[{"name":"wp","href":"https:\/\/api.w.org\/{rel}","templated":true}]}}