{"id":3565,"date":"2025-09-02T10:47:56","date_gmt":"2025-09-02T10:47:56","guid":{"rendered":"https:\/\/www.santai-ceramics.com\/?post_type=product&#038;p=3565"},"modified":"2025-09-03T23:28:12","modified_gmt":"2025-09-03T23:28:12","slug":"wholesale-plant-pots-for-wholesalers","status":"publish","type":"product","link":"https:\/\/www.santai-ceramics.com\/pt\/product\/wholesale-plant-pots-for-wholesalers\/","title":{"rendered":"Vasos para plantas por atacado para grossistas, retalhistas e lojas de presentes"},"content":{"rendered":"<h3 class=\"wp-block-heading\">Carater\u00edsticas do conjunto de vasos para plantas com relevo por atacado<\/h3>\n\n\n\n<ul class=\"wp-block-list\">\n<li><strong>Apelo est\u00e9tico: <\/strong>O bonito esmalte verde crepitante e o intrincado desenho em relevo da folha de feto criam um aspeto \u00fanico e artesanal que real\u00e7a a beleza de qualquer planta.<\/li>\n\n\n\n<li><strong>Adequado para v\u00e1rios ambientes:<\/strong> Estes vasos podem ser utilizados tanto no interior como no exterior. Esta flexibilidade alarga a sua base de clientes potenciais, uma vez que o produto n\u00e3o se limita a uma \u00fanica aplica\u00e7\u00e3o.<\/li>\n\n\n\n<li><strong>Pre\u00e7os escalonados: <\/strong>Como fabricante de vasos para plantas, oferecemos fornecimento a granel, com pre\u00e7os competitivos baseados no volume.<\/li>\n<\/ul>\n\n\n\n<h3 class=\"wp-block-heading\">Servi\u00e7o de vasos personalizados para plantas<\/h3>\n\n\n\n<p>Oferecemos servi\u00e7os OEM e ODM para os nossos produtos.<br>Entrega r\u00e1pida de amostras est\u00e1 dispon\u00edvel.<br>Oferecemos uma variedade de formas, cores, impress\u00e3o personalizada, embalagem e outros servi\u00e7os adaptados para satisfazer as suas necessidades espec\u00edficas.<\/p>\n\n\n\n<div class=\"wp-block-columns is-layout-flex wp-container-core-columns-is-layout-9d6595d7 wp-block-columns-is-layout-flex\">\n<div class=\"wp-block-column is-layout-flow wp-block-column-is-layout-flow\">\n<figure class=\"wp-block-image size-full\"><img decoding=\"async\" width=\"1303\" height=\"1304\" src=\"https:\/\/www.santai-ceramics.com\/wp-content\/uploads\/2025\/09\/wholesale-embossed-plant-pots-5.webp\" alt=\"vasos para plantas com relevo por atacado (5)\" class=\"wp-image-3593\" srcset=\"https:\/\/www.santai-ceramics.com\/wp-content\/uploads\/2025\/09\/wholesale-embossed-plant-pots-5.webp 1303w, https:\/\/www.santai-ceramics.com\/wp-content\/uploads\/2025\/09\/wholesale-embossed-plant-pots-5-300x300.webp 300w, https:\/\/www.santai-ceramics.com\/wp-content\/uploads\/2025\/09\/wholesale-embossed-plant-pots-5-150x150.webp 150w, https:\/\/www.santai-ceramics.com\/wp-content\/uploads\/2025\/09\/wholesale-embossed-plant-pots-5-768x769.webp 768w, https:\/\/www.santai-ceramics.com\/wp-content\/uploads\/2025\/09\/wholesale-embossed-plant-pots-5-12x12.webp 12w, https:\/\/www.santai-ceramics.com\/wp-content\/uploads\/2025\/09\/wholesale-embossed-plant-pots-5-1200x1200.webp 1200w, https:\/\/www.santai-ceramics.com\/wp-content\/uploads\/2025\/09\/wholesale-embossed-plant-pots-5-600x600.webp 600w, https:\/\/www.santai-ceramics.com\/wp-content\/uploads\/2025\/09\/wholesale-embossed-plant-pots-5-100x100.webp 100w\" sizes=\"(max-width: 1303px) 100vw, 1303px\" \/><\/figure>\n<\/div>\n\n\n\n<div class=\"wp-block-column is-layout-flow wp-block-column-is-layout-flow\">\n<figure class=\"wp-block-image size-full\"><img decoding=\"async\" width=\"2479\" height=\"2479\" src=\"https:\/\/www.santai-ceramics.com\/wp-content\/uploads\/2025\/09\/wholesale-embossed-plant-pots-6.webp\" alt=\"vasos para plantas em relevo por atacado (6)\" class=\"wp-image-3594\" srcset=\"https:\/\/www.santai-ceramics.com\/wp-content\/uploads\/2025\/09\/wholesale-embossed-plant-pots-6.webp 2479w, https:\/\/www.santai-ceramics.com\/wp-content\/uploads\/2025\/09\/wholesale-embossed-plant-pots-6-300x300.webp 300w, https:\/\/www.santai-ceramics.com\/wp-content\/uploads\/2025\/09\/wholesale-embossed-plant-pots-6-150x150.webp 150w, https:\/\/www.santai-ceramics.com\/wp-content\/uploads\/2025\/09\/wholesale-embossed-plant-pots-6-768x768.webp 768w, https:\/\/www.santai-ceramics.com\/wp-content\/uploads\/2025\/09\/wholesale-embossed-plant-pots-6-12x12.webp 12w, https:\/\/www.santai-ceramics.com\/wp-content\/uploads\/2025\/09\/wholesale-embossed-plant-pots-6-1200x1200.webp 1200w, https:\/\/www.santai-ceramics.com\/wp-content\/uploads\/2025\/09\/wholesale-embossed-plant-pots-6-600x600.webp 600w, https:\/\/www.santai-ceramics.com\/wp-content\/uploads\/2025\/09\/wholesale-embossed-plant-pots-6-100x100.webp 100w\" sizes=\"(max-width: 2479px) 100vw, 2479px\" \/><\/figure>\n<\/div>\n<\/div>","protected":false},"excerpt":{"rendered":"<p data-pm-slice=\"0 0 []\">MOQ: 100. Os vasos de plantas por atacado apresentam um belo esmalte verde crepitante e um intrincado desenho em relevo de folhas de samambaia, perfeito para a casa, jardim, p\u00e1tio ou espa\u00e7os comerciais como caf\u00e9s e boutiques. Podemos tratar de encomendas de grandes volumes e exportar os nossos vasos para plantas para mercados de todo o mundo. Contacte-nos para obter um or\u00e7amento.<\/p>\n<h2>Especifica\u00e7\u00e3o dos vasos para plantas por atacado<\/h2>\n<table width=\"855\">\n<tbody>\n<tr>\n<td width=\"285\">N\u00famero do modelo<\/td>\n<td width=\"285\">A29440-LE24-A01<\/td>\n<td width=\"285\">A29440-LE24-A02<\/td>\n<\/tr>\n<tr>\n<td>Nome do produto<\/td>\n<td>Pote de cer\u00e2mica<\/td>\n<td>Pote de cer\u00e2mica<\/td>\n<\/tr>\n<tr>\n<td>Cor<\/td>\n<td>Verde<\/td>\n<td>Verde<\/td>\n<\/tr>\n<tr>\n<td>Material<\/td>\n<td>Cer\u00e2mica\u00a0<\/td>\n<td>Cer\u00e2mica\u00a0<\/td>\n<\/tr>\n<tr>\n<td>Cen\u00e1rios de utiliza\u00e7\u00e3o<\/td>\n<td>decora\u00e7\u00e3o de casa\u00a0<\/td>\n<td>decora\u00e7\u00e3o de casa\u00a0<\/td>\n<\/tr>\n<tr>\n<td>Dimens\u00f5es<\/td>\n<td>D:15,5X20,5cm<\/td>\n<td>D:13X16,5cm<\/td>\n<\/tr>\n<tr>\n<td>Peso<\/td>\n<td>1kg\/pc<\/td>\n<td>0,7 kg\/unidade<\/td>\n<\/tr>\n<\/tbody>\n<\/table>\n<p>\n<script src=\"chrome-extension:\/\/fpelahbljekknahkcaegamhcndkfpfnc\/iFrame.js\" type=\"text\/javascript\"><\/script><\/p>","protected":false},"featured_media":3589,"comment_status":"closed","ping_status":"closed","template":"","meta":{"_acf_changed":false},"product_brand":[],"product_cat":[18,42,23],"product_tag":[],"class_list":{"0":"post-3565","1":"product","2":"type-product","3":"status-publish","4":"has-post-thumbnail","6":"product_cat-home-decor","7":"product_cat-wholesale-ceramic-plant-pots","8":"product_cat-ceramic-pots-planters","10":"first","11":"instock","12":"shipping-taxable","13":"product-type-simple"},"acf":[],"_links":{"self":[{"href":"https:\/\/www.santai-ceramics.com\/pt\/wp-json\/wp\/v2\/product\/3565","targetHints":{"allow":["GET"]}}],"collection":[{"href":"https:\/\/www.santai-ceramics.com\/pt\/wp-json\/wp\/v2\/product"}],"about":[{"href":"https:\/\/www.santai-ceramics.com\/pt\/wp-json\/wp\/v2\/types\/product"}],"replies":[{"embeddable":true,"href":"https:\/\/www.santai-ceramics.com\/pt\/wp-json\/wp\/v2\/comments?post=3565"}],"wp:featuredmedia":[{"embeddable":true,"href":"https:\/\/www.santai-ceramics.com\/pt\/wp-json\/wp\/v2\/media\/3589"}],"wp:attachment":[{"href":"https:\/\/www.santai-ceramics.com\/pt\/wp-json\/wp\/v2\/media?parent=3565"}],"wp:term":[{"taxonomy":"product_brand","embeddable":true,"href":"https:\/\/www.santai-ceramics.com\/pt\/wp-json\/wp\/v2\/product_brand?post=3565"},{"taxonomy":"product_cat","embeddable":true,"href":"https:\/\/www.santai-ceramics.com\/pt\/wp-json\/wp\/v2\/product_cat?post=3565"},{"taxonomy":"product_tag","embeddable":true,"href":"https:\/\/www.santai-ceramics.com\/pt\/wp-json\/wp\/v2\/product_tag?post=3565"}],"curies":[{"name":"wp","href":"https:\/\/api.w.org\/{rel}","templated":true}]}}