{"id":3566,"date":"2025-09-07T06:24:59","date_gmt":"2025-09-07T06:24:59","guid":{"rendered":"https:\/\/www.santai-ceramics.com\/?post_type=product&#038;p=3566"},"modified":"2025-09-07T06:25:01","modified_gmt":"2025-09-07T06:25:01","slug":"bulk-ceramic-vases-for-export-to-global-traders","status":"publish","type":"product","link":"https:\/\/www.santai-ceramics.com\/pt\/product\/bulk-ceramic-vases-for-export-to-global-traders\/","title":{"rendered":"Vasos de cer\u00e2mica a granel para exporta\u00e7\u00e3o - Bem-vindo, comerciantes globais e grossistas de cer\u00e2mica"},"content":{"rendered":"<h3 class=\"wp-block-heading\">Carater\u00edsticas dos vasos de cer\u00e2mica<\/h3>\n\n\n\n<ul class=\"wp-block-list\">\n<li><strong>Versatilidade decorativa: <\/strong>Esta cole\u00e7\u00e3o de vasos est\u00e1 dispon\u00edvel em tr\u00eas tamanhos diferentes, oferecendo amplas op\u00e7\u00f5es de exposi\u00e7\u00e3o para tudo, desde estantes de estudo a mesas de centro de salas de estar.<\/li>\n\n\n\n<li><strong>Apelo est\u00e9tico: <\/strong>Estas jarras apresentam uma cor verde suave, um intrincado esmalte estaladi\u00e7o e delicados padr\u00f5es de fetos para um maior apelo visual.<\/li>\n\n\n\n<li><strong>Capacidades de produ\u00e7\u00e3o maci\u00e7as: <\/strong>Como fornecedor e exportador de vasos, dispomos de equipamento avan\u00e7ado e de uma m\u00e3o de obra qualificada, o que nos permite produzir em grandes quantidades para satisfazer a procura global por grosso.<\/li>\n\n\n\n<li><strong>Pre\u00e7os competitivos: <\/strong>A nossa f\u00e1brica est\u00e1 localizada em Chaozhou, China. Gra\u00e7as \u00e0 nossa eficiente cadeia de fornecimento e \u00e0s economias de escala, podemos oferecer pre\u00e7os atractivos para compras a granel.<\/li>\n<\/ul>\n\n\n\n<h3 class=\"wp-block-heading\">Servi\u00e7o de vasos de cer\u00e2mica personalizados<\/h3>\n\n\n\n<p>Oferecemos servi\u00e7os OEM e ODM para os nossos produtos.<br>Entrega r\u00e1pida de amostras est\u00e1 dispon\u00edvel.<br>Oferecemos uma variedade de formas, cores, impress\u00e3o personalizada, embalagem e outros servi\u00e7os adaptados para satisfazer as suas necessidades espec\u00edficas.<\/p>\n\n\n\n<div class=\"wp-block-columns is-layout-flex wp-container-core-columns-is-layout-9d6595d7 wp-block-columns-is-layout-flex\">\n<div class=\"wp-block-column is-layout-flow wp-block-column-is-layout-flow\">\n<figure class=\"wp-block-image size-full\"><img decoding=\"async\" width=\"2405\" height=\"2004\" src=\"https:\/\/www.santai-ceramics.com\/wp-content\/uploads\/2025\/09\/wholesale-vases-for-export-5.webp\" alt=\"vasos por atacado para exporta\u00e7\u00e3o (5)\" class=\"wp-image-3668\" srcset=\"https:\/\/www.santai-ceramics.com\/wp-content\/uploads\/2025\/09\/wholesale-vases-for-export-5.webp 2405w, https:\/\/www.santai-ceramics.com\/wp-content\/uploads\/2025\/09\/wholesale-vases-for-export-5-300x250.webp 300w, https:\/\/www.santai-ceramics.com\/wp-content\/uploads\/2025\/09\/wholesale-vases-for-export-5-768x640.webp 768w, https:\/\/www.santai-ceramics.com\/wp-content\/uploads\/2025\/09\/wholesale-vases-for-export-5-14x12.webp 14w, https:\/\/www.santai-ceramics.com\/wp-content\/uploads\/2025\/09\/wholesale-vases-for-export-5-1200x1000.webp 1200w, https:\/\/www.santai-ceramics.com\/wp-content\/uploads\/2025\/09\/wholesale-vases-for-export-5-600x500.webp 600w\" sizes=\"(max-width: 2405px) 100vw, 2405px\" \/><\/figure>\n<\/div>\n\n\n\n<div class=\"wp-block-column is-layout-flow wp-block-column-is-layout-flow\">\n<figure class=\"wp-block-image size-full\"><img decoding=\"async\" width=\"2843\" height=\"2369\" src=\"https:\/\/www.santai-ceramics.com\/wp-content\/uploads\/2025\/09\/wholesale-vases-for-export-6.webp\" alt=\"vasos por atacado para exporta\u00e7\u00e3o (6)\" class=\"wp-image-3669\" srcset=\"https:\/\/www.santai-ceramics.com\/wp-content\/uploads\/2025\/09\/wholesale-vases-for-export-6.webp 2843w, https:\/\/www.santai-ceramics.com\/wp-content\/uploads\/2025\/09\/wholesale-vases-for-export-6-300x250.webp 300w, https:\/\/www.santai-ceramics.com\/wp-content\/uploads\/2025\/09\/wholesale-vases-for-export-6-768x640.webp 768w, https:\/\/www.santai-ceramics.com\/wp-content\/uploads\/2025\/09\/wholesale-vases-for-export-6-14x12.webp 14w, https:\/\/www.santai-ceramics.com\/wp-content\/uploads\/2025\/09\/wholesale-vases-for-export-6-1200x1000.webp 1200w, https:\/\/www.santai-ceramics.com\/wp-content\/uploads\/2025\/09\/wholesale-vases-for-export-6-600x500.webp 600w\" sizes=\"(max-width: 2843px) 100vw, 2843px\" \/><\/figure>\n<\/div>\n<\/div>","protected":false},"excerpt":{"rendered":"<p data-pm-slice=\"0 0 []\">MOQ:100. Fornecemos vasos de cer\u00e2mica de alta qualidade para exporta\u00e7\u00e3o, oferecendo pre\u00e7os competitivos por grosso a comerciantes e compradores no mercado da cer\u00e2mica em todo o mundo. A nossa vasta sele\u00e7\u00e3o de estilos torna-nos ideais para compras a granel e distribui\u00e7\u00e3o internacional.<\/p>\n<h2>Especifica\u00e7\u00e3o de vasos de cer\u00e2mica por atacado<\/h2>\n<table width=\"1140\">\n<tbody>\n<tr>\n<td width=\"285\">N\u00famero do modelo<\/td>\n<td width=\"285\">A37659-LE24-A01<\/td>\n<td width=\"285\">A37659-LE24-A02<\/td>\n<td width=\"285\">A37659-LE24-A03<\/td>\n<\/tr>\n<tr>\n<td>Nome do produto<\/td>\n<td>Jarra de cer\u00e2mica<\/td>\n<td>Jarra de cer\u00e2mica<\/td>\n<td>Jarra de cer\u00e2mica<\/td>\n<\/tr>\n<tr>\n<td>Cor<\/td>\n<td>Verde<\/td>\n<td>Verde<\/td>\n<td>Verde<\/td>\n<\/tr>\n<tr>\n<td>Material<\/td>\n<td>Cer\u00e2mica\u00a0<\/td>\n<td>Cer\u00e2mica\u00a0<\/td>\n<td>Cer\u00e2mica\u00a0<\/td>\n<\/tr>\n<tr>\n<td>Cen\u00e1rios de utiliza\u00e7\u00e3o<\/td>\n<td>decora\u00e7\u00e3o de casa\u00a0<\/td>\n<td>decora\u00e7\u00e3o de casa\u00a0<\/td>\n<td>decora\u00e7\u00e3o de casa\u00a0<\/td>\n<\/tr>\n<tr>\n<td>Dimens\u00f5es<\/td>\n<td>D:15X19,5cm<\/td>\n<td>D:15X15cm<\/td>\n<td>D:11,5X12cm<\/td>\n<\/tr>\n<tr>\n<td>Peso<\/td>\n<td>0,8 kg\/unidade<\/td>\n<td>0,6 kg\/unidade<\/td>\n<td>0,3 kg\/unidade<\/td>\n<\/tr>\n<\/tbody>\n<\/table>\n<p>\n<script src=\"chrome-extension:\/\/fpelahbljekknahkcaegamhcndkfpfnc\/iFrame.js\" type=\"text\/javascript\"><\/script><\/p>","protected":false},"featured_media":3664,"comment_status":"closed","ping_status":"closed","template":"","meta":{"_acf_changed":false},"product_brand":[],"product_cat":[18,22],"product_tag":[],"class_list":{"0":"post-3566","1":"product","2":"type-product","3":"status-publish","4":"has-post-thumbnail","6":"product_cat-home-decor","7":"product_cat-vase","9":"first","10":"instock","11":"shipping-taxable","12":"product-type-simple"},"acf":[],"_links":{"self":[{"href":"https:\/\/www.santai-ceramics.com\/pt\/wp-json\/wp\/v2\/product\/3566","targetHints":{"allow":["GET"]}}],"collection":[{"href":"https:\/\/www.santai-ceramics.com\/pt\/wp-json\/wp\/v2\/product"}],"about":[{"href":"https:\/\/www.santai-ceramics.com\/pt\/wp-json\/wp\/v2\/types\/product"}],"replies":[{"embeddable":true,"href":"https:\/\/www.santai-ceramics.com\/pt\/wp-json\/wp\/v2\/comments?post=3566"}],"wp:featuredmedia":[{"embeddable":true,"href":"https:\/\/www.santai-ceramics.com\/pt\/wp-json\/wp\/v2\/media\/3664"}],"wp:attachment":[{"href":"https:\/\/www.santai-ceramics.com\/pt\/wp-json\/wp\/v2\/media?parent=3566"}],"wp:term":[{"taxonomy":"product_brand","embeddable":true,"href":"https:\/\/www.santai-ceramics.com\/pt\/wp-json\/wp\/v2\/product_brand?post=3566"},{"taxonomy":"product_cat","embeddable":true,"href":"https:\/\/www.santai-ceramics.com\/pt\/wp-json\/wp\/v2\/product_cat?post=3566"},{"taxonomy":"product_tag","embeddable":true,"href":"https:\/\/www.santai-ceramics.com\/pt\/wp-json\/wp\/v2\/product_tag?post=3566"}],"curies":[{"name":"wp","href":"https:\/\/api.w.org\/{rel}","templated":true}]}}