{"id":3567,"date":"2025-09-05T09:25:07","date_gmt":"2025-09-05T09:25:07","guid":{"rendered":"https:\/\/www.santai-ceramics.com\/?post_type=product&#038;p=3567"},"modified":"2025-09-05T09:29:11","modified_gmt":"2025-09-05T09:29:11","slug":"wholesale-ceramic-jars-for-home-decoration","status":"publish","type":"product","link":"https:\/\/www.santai-ceramics.com\/pt\/product\/wholesale-ceramic-jars-for-home-decoration\/","title":{"rendered":"Frascos de cer\u00e2mica por grosso para decora\u00e7\u00e3o de interiores, ideais para importadores, supermercados e vendedores online."},"content":{"rendered":"<h3 class=\"wp-block-heading\">Carater\u00edsticas dos frascos decorativos de cer\u00e2mica<\/h3>\n\n\n\n<ul class=\"wp-block-list\">\n<li><strong>Excelentes produtos decorativos: <\/strong>Os frascos de cer\u00e2mica apresentam um esmalte craquelado e motivos de fetos, criando um design atraente que transforma simples recipientes em pe\u00e7as decorativas.<\/li>\n\n\n\n<li><strong>Artesanato de alta qualidade: <\/strong>Os frascos de cer\u00e2mica s\u00e3o produzidos com uma aten\u00e7\u00e3o meticulosa aos pormenores e \u00e0 qualidade. Seleccionamos mat\u00e9rias-primas cer\u00e2micas de alta qualidade e queimamo-las a altas temperaturas para garantir um produto dur\u00e1vel e robusto que resiste a deforma\u00e7\u00f5es ou fissuras.<\/li>\n\n\n\n<li><strong>Exportador experiente: <\/strong>Como fabricante de exporta\u00e7\u00e3o de longa data, a nossa equipa de exporta\u00e7\u00e3o fornece um servi\u00e7o de balc\u00e3o \u00fanico, ajudando os clientes atrav\u00e9s da coloca\u00e7\u00e3o de encomendas, produ\u00e7\u00e3o, envio e desalfandegamento, garantindo um neg\u00f3cio sem preocupa\u00e7\u00f5es.<\/li>\n\n\n\n<li><strong>Forte capacidade de produ\u00e7\u00e3o: <\/strong>A f\u00e1brica da SNATAI Ceramics est\u00e1 equipada com equipamento de produ\u00e7\u00e3o avan\u00e7ado e linhas de produ\u00e7\u00e3o em grande escala, garantindo um fornecimento est\u00e1vel e a longo prazo de produtos de decora\u00e7\u00e3o em cer\u00e2mica.<\/li>\n<\/ul>\n\n\n\n<h3 class=\"wp-block-heading\">Servi\u00e7o de decora\u00e7\u00e3o em cer\u00e2mica personalizada<\/h3>\n\n\n\n<p>Oferecemos servi\u00e7os OEM e ODM para os nossos produtos.<br>Entrega r\u00e1pida de amostras est\u00e1 dispon\u00edvel.<br>Oferecemos uma variedade de formas, cores, impress\u00e3o personalizada, embalagem e outros servi\u00e7os adaptados para satisfazer as suas necessidades espec\u00edficas.<\/p>\n\n\n\n<div class=\"wp-block-columns is-layout-flex wp-container-core-columns-is-layout-9d6595d7 wp-block-columns-is-layout-flex\">\n<div class=\"wp-block-column is-layout-flow wp-block-column-is-layout-flow\">\n<figure class=\"wp-block-image size-full\"><img decoding=\"async\" width=\"2272\" height=\"1893\" src=\"https:\/\/www.santai-ceramics.com\/wp-content\/uploads\/2025\/09\/wholesale-ceramic-jars-4.webp\" alt=\"frascos de cer\u00e2mica por atacado (4)\" class=\"wp-image-3633\" srcset=\"https:\/\/www.santai-ceramics.com\/wp-content\/uploads\/2025\/09\/wholesale-ceramic-jars-4.webp 2272w, https:\/\/www.santai-ceramics.com\/wp-content\/uploads\/2025\/09\/wholesale-ceramic-jars-4-300x250.webp 300w, https:\/\/www.santai-ceramics.com\/wp-content\/uploads\/2025\/09\/wholesale-ceramic-jars-4-768x640.webp 768w, https:\/\/www.santai-ceramics.com\/wp-content\/uploads\/2025\/09\/wholesale-ceramic-jars-4-14x12.webp 14w, https:\/\/www.santai-ceramics.com\/wp-content\/uploads\/2025\/09\/wholesale-ceramic-jars-4-1200x1000.webp 1200w, https:\/\/www.santai-ceramics.com\/wp-content\/uploads\/2025\/09\/wholesale-ceramic-jars-4-600x500.webp 600w\" sizes=\"(max-width: 2272px) 100vw, 2272px\" \/><\/figure>\n<\/div>\n\n\n\n<div class=\"wp-block-column is-layout-flow wp-block-column-is-layout-flow\">\n<figure class=\"wp-block-image size-full\"><img decoding=\"async\" width=\"2002\" height=\"1668\" src=\"https:\/\/www.santai-ceramics.com\/wp-content\/uploads\/2025\/09\/wholesale-ceramic-jars-5.webp\" alt=\"frascos de cer\u00e2mica por atacado (5)\" class=\"wp-image-3634\" srcset=\"https:\/\/www.santai-ceramics.com\/wp-content\/uploads\/2025\/09\/wholesale-ceramic-jars-5.webp 2002w, https:\/\/www.santai-ceramics.com\/wp-content\/uploads\/2025\/09\/wholesale-ceramic-jars-5-300x250.webp 300w, https:\/\/www.santai-ceramics.com\/wp-content\/uploads\/2025\/09\/wholesale-ceramic-jars-5-768x640.webp 768w, https:\/\/www.santai-ceramics.com\/wp-content\/uploads\/2025\/09\/wholesale-ceramic-jars-5-14x12.webp 14w, https:\/\/www.santai-ceramics.com\/wp-content\/uploads\/2025\/09\/wholesale-ceramic-jars-5-1200x1000.webp 1200w, https:\/\/www.santai-ceramics.com\/wp-content\/uploads\/2025\/09\/wholesale-ceramic-jars-5-600x500.webp 600w\" sizes=\"(max-width: 2002px) 100vw, 2002px\" \/><\/figure>\n<\/div>\n<\/div>\n\n\n\n<div class=\"wp-block-columns is-layout-flex wp-container-core-columns-is-layout-9d6595d7 wp-block-columns-is-layout-flex\">\n<div class=\"wp-block-column is-layout-flow wp-block-column-is-layout-flow\"><\/div>\n\n\n\n<div class=\"wp-block-column is-layout-flow wp-block-column-is-layout-flow\"><\/div>\n<\/div>","protected":false},"excerpt":{"rendered":"<p data-pm-slice=\"0 0 []\">Os nossos frascos de cer\u00e2mica por atacado combinam artesanato intemporal com funcionalidade moderna, tornando-os a escolha perfeita para compradores B2B em todo o mundo. Como uma f\u00e1brica profissional, oferecemos jarros de cer\u00e2mica decorativos numa grande variedade de formas, tamanhos e acabamentos. Contacte-nos para obter um or\u00e7amento.<\/p>\n<h2>Especifica\u00e7\u00e3o dos frascos de cer\u00e2mica por atacado<\/h2>\n<table width=\"855\">\n<tbody>\n<tr>\n<td width=\"285\">N\u00famero do modelo<\/td>\n<td width=\"285\">A36560-LE24-G01<\/td>\n<td width=\"285\">A36560-LE24-G02<\/td>\n<\/tr>\n<tr>\n<td>Nome do produto<\/td>\n<td>Frasco de cer\u00e2mica com tampa<\/td>\n<td>Frasco de cer\u00e2mica com tampa<\/td>\n<\/tr>\n<tr>\n<td>Cor<\/td>\n<td>Verde<\/td>\n<td>Verde<\/td>\n<\/tr>\n<tr>\n<td>Material<\/td>\n<td>Cer\u00e2mica\u00a0<\/td>\n<td>Cer\u00e2mica\u00a0<\/td>\n<\/tr>\n<tr>\n<td>Cen\u00e1rios de utiliza\u00e7\u00e3o<\/td>\n<td>decora\u00e7\u00e3o de casa\u00a0<\/td>\n<td>decora\u00e7\u00e3o de casa\u00a0<\/td>\n<\/tr>\n<tr>\n<td>Dimens\u00f5es<\/td>\n<td>D:17,5X20,5cm<\/td>\n<td>D:14X16,5cm<\/td>\n<\/tr>\n<tr>\n<td>Peso<\/td>\n<td>1,4 kg\/unidade<\/td>\n<td>1kg\/pc<\/td>\n<\/tr>\n<\/tbody>\n<\/table>\n<p>\n<script src=\"chrome-extension:\/\/fpelahbljekknahkcaegamhcndkfpfnc\/iFrame.js\" type=\"text\/javascript\"><\/script><\/p>","protected":false},"featured_media":3630,"comment_status":"closed","ping_status":"closed","template":"","meta":{"_acf_changed":false},"product_brand":[],"product_cat":[18,43],"product_tag":[],"class_list":{"0":"post-3567","1":"product","2":"type-product","3":"status-publish","4":"has-post-thumbnail","6":"product_cat-home-decor","7":"product_cat-wholesale-ceramic-jar","9":"first","10":"instock","11":"shipping-taxable","12":"product-type-simple"},"acf":[],"_links":{"self":[{"href":"https:\/\/www.santai-ceramics.com\/pt\/wp-json\/wp\/v2\/product\/3567","targetHints":{"allow":["GET"]}}],"collection":[{"href":"https:\/\/www.santai-ceramics.com\/pt\/wp-json\/wp\/v2\/product"}],"about":[{"href":"https:\/\/www.santai-ceramics.com\/pt\/wp-json\/wp\/v2\/types\/product"}],"replies":[{"embeddable":true,"href":"https:\/\/www.santai-ceramics.com\/pt\/wp-json\/wp\/v2\/comments?post=3567"}],"wp:featuredmedia":[{"embeddable":true,"href":"https:\/\/www.santai-ceramics.com\/pt\/wp-json\/wp\/v2\/media\/3630"}],"wp:attachment":[{"href":"https:\/\/www.santai-ceramics.com\/pt\/wp-json\/wp\/v2\/media?parent=3567"}],"wp:term":[{"taxonomy":"product_brand","embeddable":true,"href":"https:\/\/www.santai-ceramics.com\/pt\/wp-json\/wp\/v2\/product_brand?post=3567"},{"taxonomy":"product_cat","embeddable":true,"href":"https:\/\/www.santai-ceramics.com\/pt\/wp-json\/wp\/v2\/product_cat?post=3567"},{"taxonomy":"product_tag","embeddable":true,"href":"https:\/\/www.santai-ceramics.com\/pt\/wp-json\/wp\/v2\/product_tag?post=3567"}],"curies":[{"name":"wp","href":"https:\/\/api.w.org\/{rel}","templated":true}]}}