{"id":3690,"date":"2025-09-23T02:25:46","date_gmt":"2025-09-23T02:25:46","guid":{"rendered":"https:\/\/www.santai-ceramics.com\/?post_type=product&#038;p=3690"},"modified":"2025-09-23T02:25:47","modified_gmt":"2025-09-23T02:25:47","slug":"wholesale-outdoor-planters-rustic","status":"publish","type":"product","link":"https:\/\/www.santai-ceramics.com\/pt\/product\/wholesale-outdoor-planters-rustic\/","title":{"rendered":"Frascos decorativos por atacado com acabamento envelhecido \u00e0 m\u00e3o - bem-vindos distribuidores e revendedores para compra a granel"},"content":{"rendered":"<h3 class=\"wp-block-heading\">Carater\u00edsticas dos frascos decorativos<\/h3>\n\n\n\n<ul class=\"wp-block-list\">\n<li><strong>Argila aut\u00eantica com superf\u00edcie envelhecida<\/strong>: Feitos de barro grosso em tons de cinzento-branco e esbranqui\u00e7ado, os nossos plantadores de exterior por atacado s\u00e3o melhorados com efeitos de intemperismo aplicados \u00e0 m\u00e3o, manchas semelhantes a musgo e texturas em relevo para um acabamento naturalmente r\u00fastico.<\/li>\n<\/ul>\n\n\n\n<ul class=\"wp-block-list\">\n<li><strong>Formas vers\u00e1teis e design funcional<\/strong>: De jarras redondas e vasos de boca larga a conjuntos decorativos emparelhados, estes plantadores de exterior por atacado est\u00e3o dispon\u00edveis em tamanhos pequenos e m\u00e9dios - ideais para suculentas, plantas com flores ou como pe\u00e7as decorativas intemporais.<\/li>\n<\/ul>\n\n\n\n<ul class=\"wp-block-list\">\n<li><strong>Perfeito para marcas de estilo de vida e decora\u00e7\u00e3o<\/strong>: As nossas jardineiras de exterior por atacado foram concebidas para retalhistas de decora\u00e7\u00e3o de interiores, lojas de flores, lojas de conceito de estilo de vida e hot\u00e9is boutique que procuram pe\u00e7as r\u00fasticas \u00fanicas que melhorem os interiores modernos e com temas naturais.<\/li>\n<\/ul>\n\n\n\n<ul class=\"wp-block-list\">\n<li><strong>Elevada efici\u00eancia de produ\u00e7\u00e3o<\/strong>: A nossa f\u00e1brica est\u00e1 equipada com linhas de produ\u00e7\u00e3o avan\u00e7adas e um controlo de qualidade rigoroso, garantindo uma taxa de rendimento consistentemente elevada e uma entrega fi\u00e1vel.<\/li>\n<\/ul>\n\n\n\n<h3 class=\"wp-block-heading\">Servi\u00e7o de frascos de cer\u00e2mica personalizados<\/h3>\n\n\n\n<p>Oferecemos servi\u00e7os OEM e ODM para os nossos produtos.<br>Entrega r\u00e1pida de amostras est\u00e1 dispon\u00edvel.<br>Oferecemos uma variedade de formas, cores, impress\u00e3o personalizada, embalagem e outros servi\u00e7os adaptados para satisfazer as suas necessidades espec\u00edficas.<\/p>\n\n\n\n<div class=\"wp-block-columns is-layout-flex wp-container-core-columns-is-layout-9d6595d7 wp-block-columns-is-layout-flex\">\n<div class=\"wp-block-column is-layout-flow wp-block-column-is-layout-flow\">\n<figure class=\"wp-block-image size-full\"><img decoding=\"async\" width=\"2264\" height=\"2264\" src=\"https:\/\/www.santai-ceramics.com\/wp-content\/uploads\/2025\/09\/wholesale-outdoor-planters-hand-aged-finished-3.webp\" alt=\"plantadores de exterior por atacado com acabamento envelhecido \u00e0 m\u00e3o (3)\" class=\"wp-image-3739\" srcset=\"https:\/\/www.santai-ceramics.com\/wp-content\/uploads\/2025\/09\/wholesale-outdoor-planters-hand-aged-finished-3.webp 2264w, https:\/\/www.santai-ceramics.com\/wp-content\/uploads\/2025\/09\/wholesale-outdoor-planters-hand-aged-finished-3-300x300.webp 300w, https:\/\/www.santai-ceramics.com\/wp-content\/uploads\/2025\/09\/wholesale-outdoor-planters-hand-aged-finished-3-150x150.webp 150w, https:\/\/www.santai-ceramics.com\/wp-content\/uploads\/2025\/09\/wholesale-outdoor-planters-hand-aged-finished-3-768x768.webp 768w, https:\/\/www.santai-ceramics.com\/wp-content\/uploads\/2025\/09\/wholesale-outdoor-planters-hand-aged-finished-3-12x12.webp 12w, https:\/\/www.santai-ceramics.com\/wp-content\/uploads\/2025\/09\/wholesale-outdoor-planters-hand-aged-finished-3-1200x1200.webp 1200w, https:\/\/www.santai-ceramics.com\/wp-content\/uploads\/2025\/09\/wholesale-outdoor-planters-hand-aged-finished-3-600x600.webp 600w, https:\/\/www.santai-ceramics.com\/wp-content\/uploads\/2025\/09\/wholesale-outdoor-planters-hand-aged-finished-3-100x100.webp 100w\" sizes=\"(max-width: 2264px) 100vw, 2264px\" \/><\/figure>\n<\/div>\n\n\n\n<div class=\"wp-block-column is-layout-flow wp-block-column-is-layout-flow\">\n<figure class=\"wp-block-image size-full\"><img decoding=\"async\" width=\"3166\" height=\"3166\" src=\"https:\/\/www.santai-ceramics.com\/wp-content\/uploads\/2025\/09\/wholesale-outdoor-planters-hand-aged-finished-6.webp\" alt=\"plantadores de exterior por atacado com acabamento envelhecido \u00e0 m\u00e3o (6)\" class=\"wp-image-3742\" srcset=\"https:\/\/www.santai-ceramics.com\/wp-content\/uploads\/2025\/09\/wholesale-outdoor-planters-hand-aged-finished-6.webp 3166w, https:\/\/www.santai-ceramics.com\/wp-content\/uploads\/2025\/09\/wholesale-outdoor-planters-hand-aged-finished-6-300x300.webp 300w, https:\/\/www.santai-ceramics.com\/wp-content\/uploads\/2025\/09\/wholesale-outdoor-planters-hand-aged-finished-6-150x150.webp 150w, https:\/\/www.santai-ceramics.com\/wp-content\/uploads\/2025\/09\/wholesale-outdoor-planters-hand-aged-finished-6-768x768.webp 768w, https:\/\/www.santai-ceramics.com\/wp-content\/uploads\/2025\/09\/wholesale-outdoor-planters-hand-aged-finished-6-12x12.webp 12w, https:\/\/www.santai-ceramics.com\/wp-content\/uploads\/2025\/09\/wholesale-outdoor-planters-hand-aged-finished-6-1200x1200.webp 1200w, https:\/\/www.santai-ceramics.com\/wp-content\/uploads\/2025\/09\/wholesale-outdoor-planters-hand-aged-finished-6-600x600.webp 600w, https:\/\/www.santai-ceramics.com\/wp-content\/uploads\/2025\/09\/wholesale-outdoor-planters-hand-aged-finished-6-100x100.webp 100w\" sizes=\"(max-width: 3166px) 100vw, 3166px\" \/><\/figure>\n<\/div>\n<\/div>","protected":false},"excerpt":{"rendered":"<p data-pm-slice=\"0 0 []\">As jardineiras de exterior por atacado da nossa oferta s\u00e3o feitas de barro natural com uma textura r\u00fastica e granulada. Estes frascos e jarros de cer\u00e2mica apresentam t\u00e9cnicas de envelhecimento aplicadas \u00e0 m\u00e3o com manchas semelhantes a musgo, detalhes desgastados pelo tempo e padr\u00f5es em relevo. Dispon\u00edveis em v\u00e1rias formas e tamanhos. A sua est\u00e9tica vintage e wabi-sabi torna-os ideais para compradores B2B, tais como marcas de decora\u00e7\u00e3o de interiores, est\u00fadios de flores, lojas de estilo de vida e hot\u00e9is boutique.\u00a0<\/p>\n<h2>Especifica\u00e7\u00e3o dos frascos de cer\u00e2mica<\/h2>\n<table width=\"855\">\n<tbody>\n<tr>\n<td width=\"285\">N\u00famero do modelo<\/td>\n<td width=\"285\">G37870-H942-A01<\/td>\n<td width=\"285\">G37870-H942-A02<\/td>\n<\/tr>\n<tr>\n<td>Nome do produto<\/td>\n<td>Frasco de terracota<\/td>\n<td>Frasco de terracota<\/td>\n<\/tr>\n<tr>\n<td>Cor<\/td>\n<td>Creme antigo e dourado\u00a0<\/td>\n<td>Creme antigo e dourado\u00a0<\/td>\n<\/tr>\n<tr>\n<td>Material<\/td>\n<td>Terra Cotta<\/td>\n<td>Terra Cotta<\/td>\n<\/tr>\n<tr>\n<td>Cen\u00e1rios de utiliza\u00e7\u00e3o<\/td>\n<td>decora\u00e7\u00e3o para casa e jardim\u00a0<\/td>\n<td>decora\u00e7\u00e3o para casa e jardim\u00a0<\/td>\n<\/tr>\n<tr>\n<td>Dimens\u00f5es<\/td>\n<td>D:26X26cm<\/td>\n<td>D:20,5X22cm<\/td>\n<\/tr>\n<tr>\n<td>Peso<\/td>\n<td>4,7 kg\/unidade<\/td>\n<td>2,7 kg\/unidade<\/td>\n<\/tr>\n<\/tbody>\n<\/table>\n<p>\n<script src=\"chrome-extension:\/\/fpelahbljekknahkcaegamhcndkfpfnc\/iFrame.js\" type=\"text\/javascript\"><\/script><\/p>","protected":false},"featured_media":3738,"comment_status":"closed","ping_status":"closed","template":"","meta":{"_acf_changed":false},"product_brand":[],"product_cat":[18,43,21],"product_tag":[],"class_list":{"0":"post-3690","1":"product","2":"type-product","3":"status-publish","4":"has-post-thumbnail","6":"product_cat-home-decor","7":"product_cat-wholesale-ceramic-jar","8":"product_cat-garden-decor","10":"first","11":"instock","12":"shipping-taxable","13":"product-type-simple"},"acf":[],"_links":{"self":[{"href":"https:\/\/www.santai-ceramics.com\/pt\/wp-json\/wp\/v2\/product\/3690","targetHints":{"allow":["GET"]}}],"collection":[{"href":"https:\/\/www.santai-ceramics.com\/pt\/wp-json\/wp\/v2\/product"}],"about":[{"href":"https:\/\/www.santai-ceramics.com\/pt\/wp-json\/wp\/v2\/types\/product"}],"replies":[{"embeddable":true,"href":"https:\/\/www.santai-ceramics.com\/pt\/wp-json\/wp\/v2\/comments?post=3690"}],"wp:featuredmedia":[{"embeddable":true,"href":"https:\/\/www.santai-ceramics.com\/pt\/wp-json\/wp\/v2\/media\/3738"}],"wp:attachment":[{"href":"https:\/\/www.santai-ceramics.com\/pt\/wp-json\/wp\/v2\/media?parent=3690"}],"wp:term":[{"taxonomy":"product_brand","embeddable":true,"href":"https:\/\/www.santai-ceramics.com\/pt\/wp-json\/wp\/v2\/product_brand?post=3690"},{"taxonomy":"product_cat","embeddable":true,"href":"https:\/\/www.santai-ceramics.com\/pt\/wp-json\/wp\/v2\/product_cat?post=3690"},{"taxonomy":"product_tag","embeddable":true,"href":"https:\/\/www.santai-ceramics.com\/pt\/wp-json\/wp\/v2\/product_tag?post=3690"}],"curies":[{"name":"wp","href":"https:\/\/api.w.org\/{rel}","templated":true}]}}