{"id":3691,"date":"2025-09-23T02:16:51","date_gmt":"2025-09-23T02:16:51","guid":{"rendered":"https:\/\/www.santai-ceramics.com\/?post_type=product&#038;p=3691"},"modified":"2025-09-23T02:16:52","modified_gmt":"2025-09-23T02:16:52","slug":"wholesale-decorative-plant-pots","status":"publish","type":"product","link":"https:\/\/www.santai-ceramics.com\/pt\/product\/wholesale-decorative-plant-pots\/","title":{"rendered":"Vasos decorativos para plantas por atacado Acabamento envelhecido r\u00fastico, vintage - Formul\u00e1rio de compra a granel com suporte Global Traders"},"content":{"rendered":"<h3 class=\"wp-block-heading\">Carater\u00edsticas do vaso de cer\u00e2mica para plantas<\/h3>\n\n\n\n<ul class=\"wp-block-list\">\n<li><strong>Material e artesanato aut\u00eanticos:<\/strong> Fabricados em cer\u00e2mica e barro, cada vaso decorativo para plantas por atacado destaca as superf\u00edcies feitas \u00e0 m\u00e3o com poros texturizados, manchas semelhantes a musgo e acabamentos envelhecidos que real\u00e7am o aspeto vintage natural.<\/li>\n<\/ul>\n\n\n\n<ul class=\"wp-block-list\">\n<li><strong>Formas diversas e design funcional:<\/strong> Dispon\u00edveis em modelos de conjuntos altos, redondos, largos e emparelhados, com bases est\u00e1veis e aros amigos das plantas. S\u00e3o adequados para suculentas, hort\u00eansias e plantas de folhagem, oferecendo um valor decorativo e pr\u00e1tico.<\/li>\n<\/ul>\n\n\n\n<ul class=\"wp-block-list\">\n<li><strong>Ideal para clientes B2B:<\/strong> Concebida para retalhistas de decora\u00e7\u00e3o, floristas, grandes hot\u00e9is, marcas de estilo de vida e centros de jardinagem que procuram jardineiras r\u00fasticas \u00fanicas que se enquadrem nas tend\u00eancias de design escandinavo, wabi-sabi e natural.<\/li>\n<\/ul>\n\n\n\n<ul class=\"wp-block-list\">\n<li><strong>Vantagem da f\u00e1brica:<\/strong> Apoiados por uma capacidade de produ\u00e7\u00e3o de alta efici\u00eancia e um controlo de qualidade rigoroso, as nossas encomendas por atacado de vasos decorativos para plantas podem ser entregues com qualidade consistente, a tempo e a pre\u00e7os por atacado altamente competitivos para parceiros globais.<\/li>\n<\/ul>\n\n\n\n<h3 class=\"wp-block-heading\">Servi\u00e7o de vasos de cer\u00e2mica personalizados para plantas<\/h3>\n\n\n\n<p>Oferecemos servi\u00e7os OEM e ODM para os nossos produtos.<br>Entrega r\u00e1pida de amostras est\u00e1 dispon\u00edvel.<br>Oferecemos uma variedade de formas, cores, impress\u00e3o personalizada, embalagem e outros servi\u00e7os adaptados para satisfazer as suas necessidades espec\u00edficas.<\/p>\n\n\n\n<div class=\"wp-block-columns is-layout-flex wp-container-core-columns-is-layout-9d6595d7 wp-block-columns-is-layout-flex\">\n<div class=\"wp-block-column is-layout-flow wp-block-column-is-layout-flow\">\n<figure class=\"wp-block-image size-full\"><img decoding=\"async\" width=\"3553\" height=\"3553\" src=\"https:\/\/www.santai-ceramics.com\/wp-content\/uploads\/2025\/09\/wholesale-decorative-plant-pots-5.webp\" alt=\"vasos decorativos para plantas por atacado (5)\" class=\"wp-image-3754\" srcset=\"https:\/\/www.santai-ceramics.com\/wp-content\/uploads\/2025\/09\/wholesale-decorative-plant-pots-5.webp 3553w, https:\/\/www.santai-ceramics.com\/wp-content\/uploads\/2025\/09\/wholesale-decorative-plant-pots-5-300x300.webp 300w, https:\/\/www.santai-ceramics.com\/wp-content\/uploads\/2025\/09\/wholesale-decorative-plant-pots-5-150x150.webp 150w, https:\/\/www.santai-ceramics.com\/wp-content\/uploads\/2025\/09\/wholesale-decorative-plant-pots-5-768x768.webp 768w, https:\/\/www.santai-ceramics.com\/wp-content\/uploads\/2025\/09\/wholesale-decorative-plant-pots-5-12x12.webp 12w, https:\/\/www.santai-ceramics.com\/wp-content\/uploads\/2025\/09\/wholesale-decorative-plant-pots-5-1200x1200.webp 1200w, https:\/\/www.santai-ceramics.com\/wp-content\/uploads\/2025\/09\/wholesale-decorative-plant-pots-5-600x600.webp 600w, https:\/\/www.santai-ceramics.com\/wp-content\/uploads\/2025\/09\/wholesale-decorative-plant-pots-5-100x100.webp 100w\" sizes=\"(max-width: 3553px) 100vw, 3553px\" \/><\/figure>\n<\/div>\n\n\n\n<div class=\"wp-block-column is-layout-flow wp-block-column-is-layout-flow\">\n<figure class=\"wp-block-image size-full\"><img decoding=\"async\" width=\"1870\" height=\"1870\" src=\"https:\/\/www.santai-ceramics.com\/wp-content\/uploads\/2025\/09\/wholesale-decorative-plant-pots-3.webp\" alt=\"vasos decorativos para plantas por atacado (3)\" class=\"wp-image-3752\" srcset=\"https:\/\/www.santai-ceramics.com\/wp-content\/uploads\/2025\/09\/wholesale-decorative-plant-pots-3.webp 1870w, https:\/\/www.santai-ceramics.com\/wp-content\/uploads\/2025\/09\/wholesale-decorative-plant-pots-3-300x300.webp 300w, https:\/\/www.santai-ceramics.com\/wp-content\/uploads\/2025\/09\/wholesale-decorative-plant-pots-3-150x150.webp 150w, https:\/\/www.santai-ceramics.com\/wp-content\/uploads\/2025\/09\/wholesale-decorative-plant-pots-3-768x768.webp 768w, https:\/\/www.santai-ceramics.com\/wp-content\/uploads\/2025\/09\/wholesale-decorative-plant-pots-3-12x12.webp 12w, https:\/\/www.santai-ceramics.com\/wp-content\/uploads\/2025\/09\/wholesale-decorative-plant-pots-3-1200x1200.webp 1200w, https:\/\/www.santai-ceramics.com\/wp-content\/uploads\/2025\/09\/wholesale-decorative-plant-pots-3-600x600.webp 600w, https:\/\/www.santai-ceramics.com\/wp-content\/uploads\/2025\/09\/wholesale-decorative-plant-pots-3-100x100.webp 100w\" sizes=\"(max-width: 1870px) 100vw, 1870px\" \/><\/figure>\n<\/div>\n<\/div>","protected":false},"excerpt":{"rendered":"<p data-pm-slice=\"0 0 []\">Fornecemos vasos decorativos para plantas por grosso com texturas artesanais e acabamentos envelhecidos. Os nossos vasos decorativos para plantas por atacado combinam autenticidade com charme intemporal. Com formas diversas e fun\u00e7\u00f5es vers\u00e1teis, s\u00e3o perfeitos para marcas de decora\u00e7\u00e3o para casa, floristas, grandes hot\u00e9is e retalhistas de jardinagem.\u00a0<\/p>\n<h2>Especifica\u00e7\u00e3o do vaso de cer\u00e2mica para plantas<\/h2>\n<table width=\"855\">\n<tbody>\n<tr>\n<td width=\"285\">N\u00famero do modelo<\/td>\n<td width=\"285\">G37875-H942-A01<\/td>\n<td width=\"285\">G37875-H942-A02<\/td>\n<\/tr>\n<tr>\n<td>Nome do produto<\/td>\n<td>Pote de terracota<\/td>\n<td>Pote de terracota<\/td>\n<\/tr>\n<tr>\n<td>Cor<\/td>\n<td>Creme antigo e dourado\u00a0<\/td>\n<td>Creme antigo e dourado\u00a0<\/td>\n<\/tr>\n<tr>\n<td>Material<\/td>\n<td>Terra Cotta<\/td>\n<td>Terra Cotta<\/td>\n<\/tr>\n<tr>\n<td>Cen\u00e1rios de utiliza\u00e7\u00e3o<\/td>\n<td>decora\u00e7\u00e3o para casa e jardim\u00a0<\/td>\n<td>decora\u00e7\u00e3o para casa e jardim\u00a0<\/td>\n<\/tr>\n<tr>\n<td>Dimens\u00f5es<\/td>\n<td>D:21,5X23,5cm<\/td>\n<td>D:17,5X20cm<\/td>\n<\/tr>\n<tr>\n<td>Peso<\/td>\n<td>3,2 kg\/unidade<\/td>\n<td>2,1 kg\/unidade<\/td>\n<\/tr>\n<\/tbody>\n<\/table>\n<p>\n<script src=\"chrome-extension:\/\/fpelahbljekknahkcaegamhcndkfpfnc\/iFrame.js\" type=\"text\/javascript\"><\/script><\/p>","protected":false},"featured_media":3751,"comment_status":"closed","ping_status":"closed","template":"","meta":{"_acf_changed":false},"product_brand":[],"product_cat":[18,42,21,23],"product_tag":[],"class_list":{"0":"post-3691","1":"product","2":"type-product","3":"status-publish","4":"has-post-thumbnail","6":"product_cat-home-decor","7":"product_cat-wholesale-ceramic-plant-pots","8":"product_cat-garden-decor","9":"product_cat-ceramic-pots-planters","11":"first","12":"instock","13":"shipping-taxable","14":"product-type-simple"},"acf":[],"_links":{"self":[{"href":"https:\/\/www.santai-ceramics.com\/pt\/wp-json\/wp\/v2\/product\/3691","targetHints":{"allow":["GET"]}}],"collection":[{"href":"https:\/\/www.santai-ceramics.com\/pt\/wp-json\/wp\/v2\/product"}],"about":[{"href":"https:\/\/www.santai-ceramics.com\/pt\/wp-json\/wp\/v2\/types\/product"}],"replies":[{"embeddable":true,"href":"https:\/\/www.santai-ceramics.com\/pt\/wp-json\/wp\/v2\/comments?post=3691"}],"wp:featuredmedia":[{"embeddable":true,"href":"https:\/\/www.santai-ceramics.com\/pt\/wp-json\/wp\/v2\/media\/3751"}],"wp:attachment":[{"href":"https:\/\/www.santai-ceramics.com\/pt\/wp-json\/wp\/v2\/media?parent=3691"}],"wp:term":[{"taxonomy":"product_brand","embeddable":true,"href":"https:\/\/www.santai-ceramics.com\/pt\/wp-json\/wp\/v2\/product_brand?post=3691"},{"taxonomy":"product_cat","embeddable":true,"href":"https:\/\/www.santai-ceramics.com\/pt\/wp-json\/wp\/v2\/product_cat?post=3691"},{"taxonomy":"product_tag","embeddable":true,"href":"https:\/\/www.santai-ceramics.com\/pt\/wp-json\/wp\/v2\/product_tag?post=3691"}],"curies":[{"name":"wp","href":"https:\/\/api.w.org\/{rel}","templated":true}]}}