{"id":3693,"date":"2025-09-23T02:11:47","date_gmt":"2025-09-23T02:11:47","guid":{"rendered":"https:\/\/www.santai-ceramics.com\/?post_type=product&#038;p=3693"},"modified":"2025-09-23T02:11:48","modified_gmt":"2025-09-23T02:11:48","slug":"bulk-planters-wholesale","status":"publish","type":"product","link":"https:\/\/www.santai-ceramics.com\/pt\/product\/bulk-planters-wholesale\/","title":{"rendered":"Plantadores a granel Rustic, com acabamento artesanal envelhecido - Fornecimento global apoiado por revendedores de plantadores de cer\u00e2mica"},"content":{"rendered":"<h3 class=\"wp-block-heading\">Carater\u00edsticas do vaso de cer\u00e2mica<\/h3>\n\n\n\n<ul class=\"wp-block-list\">\n<li><strong>Artesanal Textura natural:<\/strong> Fabricadas em cimento, argila grossa e terracota, cada uma das jardineiras a granel apresenta uma superf\u00edcie \u00fanica e desgastada pelo tempo com p\u00e1tina, detalhes semelhantes a musgo e varia\u00e7\u00f5es subtis de cor que real\u00e7am a sua autenticidade artesanal.<\/li>\n<\/ul>\n\n\n\n<ul class=\"wp-block-list\">\n<li><strong>Formas vers\u00e1teis e design est\u00e1vel:<\/strong> Estas jardineiras a granel incluem formas alargadas, cil\u00edndricas e em forma de barril com bases ligeiramente mais largas ou alargadas, garantindo uma coloca\u00e7\u00e3o segura ao mesmo tempo que suportam uma variedade de plantas, desde suculentas a folhas verdes.<\/li>\n<\/ul>\n\n\n\n<ul class=\"wp-block-list\">\n<li><strong>Ideal para clientes B2B:<\/strong> As nossas jardineiras a granel foram concebidas para lojas de decora\u00e7\u00e3o, floristas, marcas de presentes, hot\u00e9is, caf\u00e9s e espa\u00e7os criativos, e retalhistas de estilos de vida que procuram jardineiras r\u00fasticas e de vida lenta que se adaptem a interiores modernos e minimalistas, escandinavos ou wabi-sabi.<\/li>\n<\/ul>\n\n\n\n<ul class=\"wp-block-list\">\n<li><strong>Fornecimento fi\u00e1vel e pre\u00e7os competitivos:<\/strong> A efici\u00eancia da produ\u00e7\u00e3o e o rigoroso controlo de qualidade garantem um fornecimento est\u00e1vel a granel e pre\u00e7os grossistas altamente competitivos para parceiros B2B em todo o mundo.<\/li>\n<\/ul>\n\n\n\n<h3 class=\"wp-block-heading\">Servi\u00e7o de plantadores de cer\u00e2mica personalizados<\/h3>\n\n\n\n<p>Oferecemos servi\u00e7os OEM e ODM para os nossos produtos.<br>Entrega r\u00e1pida de amostras est\u00e1 dispon\u00edvel.<br>Oferecemos uma variedade de formas, cores, impress\u00e3o personalizada, embalagem e outros servi\u00e7os adaptados para satisfazer as suas necessidades espec\u00edficas.<\/p>\n\n\n\n<div class=\"wp-block-columns is-layout-flex wp-container-core-columns-is-layout-9d6595d7 wp-block-columns-is-layout-flex\">\n<div class=\"wp-block-column is-layout-flow wp-block-column-is-layout-flow\">\n<figure class=\"wp-block-image size-full\"><img decoding=\"async\" width=\"1877\" height=\"1877\" src=\"https:\/\/www.santai-ceramics.com\/wp-content\/uploads\/2025\/09\/bulk-planters-with-weathered-finish-3.webp\" alt=\"floreiras a granel com acabamento envelhecido (3)\" class=\"wp-image-3760\" srcset=\"https:\/\/www.santai-ceramics.com\/wp-content\/uploads\/2025\/09\/bulk-planters-with-weathered-finish-3.webp 1877w, https:\/\/www.santai-ceramics.com\/wp-content\/uploads\/2025\/09\/bulk-planters-with-weathered-finish-3-300x300.webp 300w, https:\/\/www.santai-ceramics.com\/wp-content\/uploads\/2025\/09\/bulk-planters-with-weathered-finish-3-150x150.webp 150w, https:\/\/www.santai-ceramics.com\/wp-content\/uploads\/2025\/09\/bulk-planters-with-weathered-finish-3-768x768.webp 768w, https:\/\/www.santai-ceramics.com\/wp-content\/uploads\/2025\/09\/bulk-planters-with-weathered-finish-3-12x12.webp 12w, https:\/\/www.santai-ceramics.com\/wp-content\/uploads\/2025\/09\/bulk-planters-with-weathered-finish-3-1200x1200.webp 1200w, https:\/\/www.santai-ceramics.com\/wp-content\/uploads\/2025\/09\/bulk-planters-with-weathered-finish-3-600x600.webp 600w, https:\/\/www.santai-ceramics.com\/wp-content\/uploads\/2025\/09\/bulk-planters-with-weathered-finish-3-100x100.webp 100w\" sizes=\"(max-width: 1877px) 100vw, 1877px\" \/><\/figure>\n<\/div>\n\n\n\n<div class=\"wp-block-column is-layout-flow wp-block-column-is-layout-flow\">\n<figure class=\"wp-block-image size-full\"><img decoding=\"async\" width=\"3061\" height=\"3061\" src=\"https:\/\/www.santai-ceramics.com\/wp-content\/uploads\/2025\/09\/bulk-planters-with-weathered-finish-4.webp\" alt=\"floreiras a granel com acabamento envelhecido (4)\" class=\"wp-image-3761\" srcset=\"https:\/\/www.santai-ceramics.com\/wp-content\/uploads\/2025\/09\/bulk-planters-with-weathered-finish-4.webp 3061w, https:\/\/www.santai-ceramics.com\/wp-content\/uploads\/2025\/09\/bulk-planters-with-weathered-finish-4-300x300.webp 300w, https:\/\/www.santai-ceramics.com\/wp-content\/uploads\/2025\/09\/bulk-planters-with-weathered-finish-4-150x150.webp 150w, https:\/\/www.santai-ceramics.com\/wp-content\/uploads\/2025\/09\/bulk-planters-with-weathered-finish-4-768x768.webp 768w, https:\/\/www.santai-ceramics.com\/wp-content\/uploads\/2025\/09\/bulk-planters-with-weathered-finish-4-12x12.webp 12w, https:\/\/www.santai-ceramics.com\/wp-content\/uploads\/2025\/09\/bulk-planters-with-weathered-finish-4-1200x1200.webp 1200w, https:\/\/www.santai-ceramics.com\/wp-content\/uploads\/2025\/09\/bulk-planters-with-weathered-finish-4-600x600.webp 600w, https:\/\/www.santai-ceramics.com\/wp-content\/uploads\/2025\/09\/bulk-planters-with-weathered-finish-4-100x100.webp 100w\" sizes=\"(max-width: 3061px) 100vw, 3061px\" \/><\/figure>\n<\/div>\n<\/div>\n\n\n\n<p><\/p>","protected":false},"excerpt":{"rendered":"<p data-pm-slice=\"0 0 []\">Estas jardineiras r\u00fasticas a granel s\u00e3o feitas de cimento, barro grosso e terracota, apresentando uma textura artesanal naturalmente envelhecida com efeitos subtis de musgo e p\u00e1tina. Perfeitas para retalhistas de decora\u00e7\u00e3o de interiores, floristas, marcas de estilo de vida e centros de jardinagem, proporcionam um calor natural e um interesse visual a qualquer espa\u00e7o.\u00a0<\/p>\n<h2>Especifica\u00e7\u00f5es do vaso de cer\u00e2mica<\/h2>\n<table width=\"1140\">\n<tbody>\n<tr>\n<td width=\"285\">N\u00famero do modelo<\/td>\n<td width=\"285\">G37877-H942-A01<\/td>\n<td width=\"285\">G37877-H942-A02<\/td>\n<td width=\"285\">G37877-H942-A03<\/td>\n<\/tr>\n<tr>\n<td>Nome do produto<\/td>\n<td>Pote de terracota<\/td>\n<td>Pote de terracota<\/td>\n<td>Pote de terracota<\/td>\n<\/tr>\n<tr>\n<td>Cor<\/td>\n<td>Creme antigo e dourado\u00a0<\/td>\n<td>Creme antigo e dourado\u00a0<\/td>\n<td>Creme antigo e dourado\u00a0<\/td>\n<\/tr>\n<tr>\n<td>Material<\/td>\n<td>Terra Cotta<\/td>\n<td>Terra Cotta<\/td>\n<td>Terra Cotta<\/td>\n<\/tr>\n<tr>\n<td>Cen\u00e1rios de utiliza\u00e7\u00e3o<\/td>\n<td>decora\u00e7\u00e3o para casa e jardim\u00a0<\/td>\n<td>decora\u00e7\u00e3o para casa e jardim\u00a0<\/td>\n<td>decora\u00e7\u00e3o para casa e jardim\u00a0<\/td>\n<\/tr>\n<tr>\n<td>Dimens\u00f5es<\/td>\n<td>25,5X23,5X17,5cm<\/td>\n<td>19X18,5X15cm<\/td>\n<td>15X14X13cm<\/td>\n<\/tr>\n<tr>\n<td>Peso<\/td>\n<td>3,2 kg\/unidade<\/td>\n<td>1,8 kg\/unidade<\/td>\n<td>1,1 kg\/unidade<\/td>\n<\/tr>\n<\/tbody>\n<\/table>\n<p>\n<script src=\"chrome-extension:\/\/fpelahbljekknahkcaegamhcndkfpfnc\/iFrame.js\" type=\"text\/javascript\"><\/script><\/p>","protected":false},"featured_media":3759,"comment_status":"closed","ping_status":"closed","template":"","meta":{"_acf_changed":false},"product_brand":[],"product_cat":[18,42,21,23],"product_tag":[],"class_list":{"0":"post-3693","1":"product","2":"type-product","3":"status-publish","4":"has-post-thumbnail","6":"product_cat-home-decor","7":"product_cat-wholesale-ceramic-plant-pots","8":"product_cat-garden-decor","9":"product_cat-ceramic-pots-planters","11":"first","12":"instock","13":"shipping-taxable","14":"product-type-simple"},"acf":[],"_links":{"self":[{"href":"https:\/\/www.santai-ceramics.com\/pt\/wp-json\/wp\/v2\/product\/3693","targetHints":{"allow":["GET"]}}],"collection":[{"href":"https:\/\/www.santai-ceramics.com\/pt\/wp-json\/wp\/v2\/product"}],"about":[{"href":"https:\/\/www.santai-ceramics.com\/pt\/wp-json\/wp\/v2\/types\/product"}],"replies":[{"embeddable":true,"href":"https:\/\/www.santai-ceramics.com\/pt\/wp-json\/wp\/v2\/comments?post=3693"}],"wp:featuredmedia":[{"embeddable":true,"href":"https:\/\/www.santai-ceramics.com\/pt\/wp-json\/wp\/v2\/media\/3759"}],"wp:attachment":[{"href":"https:\/\/www.santai-ceramics.com\/pt\/wp-json\/wp\/v2\/media?parent=3693"}],"wp:term":[{"taxonomy":"product_brand","embeddable":true,"href":"https:\/\/www.santai-ceramics.com\/pt\/wp-json\/wp\/v2\/product_brand?post=3693"},{"taxonomy":"product_cat","embeddable":true,"href":"https:\/\/www.santai-ceramics.com\/pt\/wp-json\/wp\/v2\/product_cat?post=3693"},{"taxonomy":"product_tag","embeddable":true,"href":"https:\/\/www.santai-ceramics.com\/pt\/wp-json\/wp\/v2\/product_tag?post=3693"}],"curies":[{"name":"wp","href":"https:\/\/api.w.org\/{rel}","templated":true}]}}