{"id":3695,"date":"2025-09-23T02:27:10","date_gmt":"2025-09-23T02:27:10","guid":{"rendered":"https:\/\/www.santai-ceramics.com\/?post_type=product&#038;p=3695"},"modified":"2025-09-23T02:27:11","modified_gmt":"2025-09-23T02:27:11","slug":"bulk-ceramic-planter-rustic-retro","status":"publish","type":"product","link":"https:\/\/www.santai-ceramics.com\/pt\/product\/bulk-ceramic-planter-rustic-retro\/","title":{"rendered":"Plantador de cer\u00e2mica a granel estilo vintage r\u00fastico para suculentas - ideal para jardins comerciais, lojas de flores e hot\u00e9is"},"content":{"rendered":"<h3 class=\"wp-block-heading\">Carater\u00edsticas do vaso de cer\u00e2mica<\/h3>\n\n\n\n<ul class=\"wp-block-list\">\n<li><strong>Material aut\u00eantico e artesanato envelhecido<\/strong>: A nossa jardineira de cer\u00e2mica a granel \u00e9 feita de cer\u00e2mica grossa, argila ou cimento com pormenores aplicados \u00e0 m\u00e3o, incluindo fissuras, aros lascados e manchas semelhantes a musgo para um aspeto verdadeiramente vintage.<\/li>\n<\/ul>\n\n\n\n<ul class=\"wp-block-list\">\n<li><strong>Formas \u00fanicas e design funcional<\/strong>: Com bordos irregulares, silhuetas arredondadas ou largas e bases est\u00e1veis, estes vasos de cer\u00e2mica a granel s\u00e3o perfeitos para suculentas, pequenas plantas ou como pe\u00e7as decorativas aut\u00f3nomas.<\/li>\n<\/ul>\n\n\n\n<ul class=\"wp-block-list\">\n<li><strong>Perfeito para marcas de decora\u00e7\u00e3o e estilo de vida<\/strong>: S\u00e3o uma excelente op\u00e7\u00e3o para retalhistas de decora\u00e7\u00e3o para casa, est\u00fadios de flores, hot\u00e9is boutique e lojas de estilo de vida que procuram plantadores r\u00fasticos \u00fanicos para enriquecer as suas ofertas de produtos.<\/li>\n<\/ul>\n\n\n\n<ul class=\"wp-block-list\">\n<li><strong>Vantagem da f\u00e1brica<\/strong>: O fabrico em grande escala, o controlo de qualidade rigoroso e os pre\u00e7os competitivos permitem-nos garantir um fornecimento est\u00e1vel, op\u00e7\u00f5es de personaliza\u00e7\u00e3o e solu\u00e7\u00f5es rent\u00e1veis para encomendas B2B a granel.<\/li>\n<\/ul>\n\n\n\n<h3 class=\"wp-block-heading\">Servi\u00e7o de plantadores de cer\u00e2mica personalizados<\/h3>\n\n\n\n<p>Oferecemos servi\u00e7os OEM e ODM para os nossos produtos.<br>Entrega r\u00e1pida de amostras est\u00e1 dispon\u00edvel.<br>Oferecemos uma variedade de formas, cores, impress\u00e3o personalizada, embalagem e outros servi\u00e7os adaptados para satisfazer as suas necessidades espec\u00edficas.<\/p>\n\n\n\n<div class=\"wp-block-columns is-layout-flex wp-container-core-columns-is-layout-9d6595d7 wp-block-columns-is-layout-flex\">\n<div class=\"wp-block-column is-layout-flow wp-block-column-is-layout-flow\">\n<figure class=\"wp-block-image size-full\"><img decoding=\"async\" width=\"3196\" height=\"3196\" src=\"https:\/\/www.santai-ceramics.com\/wp-content\/uploads\/2025\/09\/bulk-ceramic-planters-for-succulents-6.webp\" alt=\"vasos de cer\u00e2mica a granel para suculentas (6)\" class=\"wp-image-3736\" srcset=\"https:\/\/www.santai-ceramics.com\/wp-content\/uploads\/2025\/09\/bulk-ceramic-planters-for-succulents-6.webp 3196w, https:\/\/www.santai-ceramics.com\/wp-content\/uploads\/2025\/09\/bulk-ceramic-planters-for-succulents-6-300x300.webp 300w, https:\/\/www.santai-ceramics.com\/wp-content\/uploads\/2025\/09\/bulk-ceramic-planters-for-succulents-6-150x150.webp 150w, https:\/\/www.santai-ceramics.com\/wp-content\/uploads\/2025\/09\/bulk-ceramic-planters-for-succulents-6-768x768.webp 768w, https:\/\/www.santai-ceramics.com\/wp-content\/uploads\/2025\/09\/bulk-ceramic-planters-for-succulents-6-12x12.webp 12w, https:\/\/www.santai-ceramics.com\/wp-content\/uploads\/2025\/09\/bulk-ceramic-planters-for-succulents-6-1200x1200.webp 1200w, https:\/\/www.santai-ceramics.com\/wp-content\/uploads\/2025\/09\/bulk-ceramic-planters-for-succulents-6-600x600.webp 600w, https:\/\/www.santai-ceramics.com\/wp-content\/uploads\/2025\/09\/bulk-ceramic-planters-for-succulents-6-100x100.webp 100w\" sizes=\"(max-width: 3196px) 100vw, 3196px\" \/><\/figure>\n<\/div>\n\n\n\n<div class=\"wp-block-column is-layout-flow wp-block-column-is-layout-flow\">\n<figure class=\"wp-block-image size-full\"><img decoding=\"async\" width=\"1520\" height=\"1519\" src=\"https:\/\/www.santai-ceramics.com\/wp-content\/uploads\/2025\/09\/bulk-ceramic-planters-for-succulents-5.webp\" alt=\"vasos de cer\u00e2mica a granel para suculentas (5)\" class=\"wp-image-3735\" srcset=\"https:\/\/www.santai-ceramics.com\/wp-content\/uploads\/2025\/09\/bulk-ceramic-planters-for-succulents-5.webp 1520w, https:\/\/www.santai-ceramics.com\/wp-content\/uploads\/2025\/09\/bulk-ceramic-planters-for-succulents-5-300x300.webp 300w, https:\/\/www.santai-ceramics.com\/wp-content\/uploads\/2025\/09\/bulk-ceramic-planters-for-succulents-5-150x150.webp 150w, https:\/\/www.santai-ceramics.com\/wp-content\/uploads\/2025\/09\/bulk-ceramic-planters-for-succulents-5-768x767.webp 768w, https:\/\/www.santai-ceramics.com\/wp-content\/uploads\/2025\/09\/bulk-ceramic-planters-for-succulents-5-12x12.webp 12w, https:\/\/www.santai-ceramics.com\/wp-content\/uploads\/2025\/09\/bulk-ceramic-planters-for-succulents-5-1200x1200.webp 1200w, https:\/\/www.santai-ceramics.com\/wp-content\/uploads\/2025\/09\/bulk-ceramic-planters-for-succulents-5-600x600.webp 600w, https:\/\/www.santai-ceramics.com\/wp-content\/uploads\/2025\/09\/bulk-ceramic-planters-for-succulents-5-100x100.webp 100w\" sizes=\"(max-width: 1520px) 100vw, 1520px\" \/><\/figure>\n<\/div>\n<\/div>","protected":false},"excerpt":{"rendered":"<p data-pm-slice=\"0 0 []\">Este vaso de cer\u00e2mica a granel foi concebido com texturas rugosas naturais, fendas irregulares e manchas semelhantes a musgo para recriar a beleza das superf\u00edcies gastas pelo tempo. Dispon\u00edvel numa variedade de formas arredondadas e largas. O estilo vintage, inspirado no wabi-sabi, destas jardineiras de cer\u00e2mica a granel torna-as ideais para clientes B2B, como marcas de decora\u00e7\u00e3o de interiores, est\u00fadios de flores, lojas de estilo de vida e hot\u00e9is boutique.<\/p>\n<h2>Especifica\u00e7\u00f5es do vaso de cer\u00e2mica<\/h2>\n<table width=\"855\">\n<tbody>\n<tr>\n<td width=\"285\">N\u00famero do modelo<\/td>\n<td width=\"285\">G37869-H942-A01<\/td>\n<td width=\"285\">G37869-H942-A02<\/td>\n<\/tr>\n<tr>\n<td>Nome do produto<\/td>\n<td>Vaso de cer\u00e2mica<\/td>\n<td>Vaso de cer\u00e2mica<\/td>\n<\/tr>\n<tr>\n<td>Cor<\/td>\n<td>Creme antigo e dourado\u00a0<\/td>\n<td>Creme antigo e dourado\u00a0<\/td>\n<\/tr>\n<tr>\n<td>Material<\/td>\n<td>Terra Cotta<\/td>\n<td>Terra Cotta<\/td>\n<\/tr>\n<tr>\n<td>Cen\u00e1rios de utiliza\u00e7\u00e3o<\/td>\n<td>decora\u00e7\u00e3o para casa e jardim\u00a0<\/td>\n<td>decora\u00e7\u00e3o para casa e jardim\u00a0<\/td>\n<\/tr>\n<tr>\n<td>Dimens\u00f5es<\/td>\n<td>D:20X15cm<\/td>\n<td>D:15,5X11,5cm<\/td>\n<\/tr>\n<tr>\n<td>Peso<\/td>\n<td>1,9 kg\/unidade<\/td>\n<td>1kg\/pc<\/td>\n<\/tr>\n<\/tbody>\n<\/table>\n<p>\n<script src=\"chrome-extension:\/\/fpelahbljekknahkcaegamhcndkfpfnc\/iFrame.js\" type=\"text\/javascript\"><\/script><\/p>","protected":false},"featured_media":3732,"comment_status":"closed","ping_status":"closed","template":"","meta":{"_acf_changed":false},"product_brand":[],"product_cat":[18,42,21,23],"product_tag":[],"class_list":{"0":"post-3695","1":"product","2":"type-product","3":"status-publish","4":"has-post-thumbnail","6":"product_cat-home-decor","7":"product_cat-wholesale-ceramic-plant-pots","8":"product_cat-garden-decor","9":"product_cat-ceramic-pots-planters","11":"first","12":"instock","13":"shipping-taxable","14":"product-type-simple"},"acf":[],"_links":{"self":[{"href":"https:\/\/www.santai-ceramics.com\/pt\/wp-json\/wp\/v2\/product\/3695","targetHints":{"allow":["GET"]}}],"collection":[{"href":"https:\/\/www.santai-ceramics.com\/pt\/wp-json\/wp\/v2\/product"}],"about":[{"href":"https:\/\/www.santai-ceramics.com\/pt\/wp-json\/wp\/v2\/types\/product"}],"replies":[{"embeddable":true,"href":"https:\/\/www.santai-ceramics.com\/pt\/wp-json\/wp\/v2\/comments?post=3695"}],"wp:featuredmedia":[{"embeddable":true,"href":"https:\/\/www.santai-ceramics.com\/pt\/wp-json\/wp\/v2\/media\/3732"}],"wp:attachment":[{"href":"https:\/\/www.santai-ceramics.com\/pt\/wp-json\/wp\/v2\/media?parent=3695"}],"wp:term":[{"taxonomy":"product_brand","embeddable":true,"href":"https:\/\/www.santai-ceramics.com\/pt\/wp-json\/wp\/v2\/product_brand?post=3695"},{"taxonomy":"product_cat","embeddable":true,"href":"https:\/\/www.santai-ceramics.com\/pt\/wp-json\/wp\/v2\/product_cat?post=3695"},{"taxonomy":"product_tag","embeddable":true,"href":"https:\/\/www.santai-ceramics.com\/pt\/wp-json\/wp\/v2\/product_tag?post=3695"}],"curies":[{"name":"wp","href":"https:\/\/api.w.org\/{rel}","templated":true}]}}