{"id":3857,"date":"2025-10-21T07:11:54","date_gmt":"2025-10-21T07:11:54","guid":{"rendered":"https:\/\/www.santai-ceramics.com\/?post_type=product&#038;p=3857"},"modified":"2025-10-21T07:14:27","modified_gmt":"2025-10-21T07:14:27","slug":"wholesale-commercial-ceramic-planters","status":"publish","type":"product","link":"https:\/\/www.santai-ceramics.com\/pt\/product\/wholesale-commercial-ceramic-planters\/","title":{"rendered":"Plantadores de cer\u00e2mica comerciais por atacado - Pre\u00e7o de f\u00e1brica, suporte OEM e ODM"},"content":{"rendered":"<h3 class=\"wp-block-heading\">Carater\u00edsticas da jardineira comercial em cer\u00e2mica <\/h3>\n\n\n\n<ul class=\"wp-block-list\">\n<li><strong>Artesanato elegante:<\/strong> Fabricada com esmalte crepitante a alta temperatura e padr\u00f5es florais azuis pintados \u00e0 m\u00e3o, cada jarra \u00e9 \u00fanica. O rebordo com contas e a base canelada acrescentam textura e estabilidade, reflectindo tanto a arte vintage como a delicadeza estrutural.<\/li>\n<\/ul>\n\n\n\n<ul class=\"wp-block-list\">\n<li><strong>Utiliza\u00e7\u00e3o vers\u00e1til do ecr\u00e3:<\/strong> O nosso plantador comercial de cer\u00e2mica por atacado est\u00e1 dispon\u00edvel em tamanhos grandes, m\u00e9dios e pequenos para \u00e1trios de hot\u00e9is, quartos de h\u00f3spedes, lojas de flores e colec\u00e7\u00f5es de presentes. Perfeito para exibir flores frescas, plantas falsas ou vegeta\u00e7\u00e3o, combinando perfeitamente com interiores modernos e cl\u00e1ssicos.<\/li>\n<\/ul>\n\n\n\n<ul class=\"wp-block-list\">\n<li><strong>Ideal para compradores B2B:<\/strong> Concebido para fornecedores de hot\u00e9is, floristas, distribuidores de presentes e marcas de decora\u00e7\u00e3o que valorizam pe\u00e7as artesanais distintas com forte atra\u00e7\u00e3o visual e qualidade consistente. Excelente para desenvolver linhas de produtos \u00fanicas e sortidos de retalho de alta qualidade.<\/li>\n<\/ul>\n\n\n\n<ul class=\"wp-block-list\">\n<li><strong>Fornecimento est\u00e1vel:<\/strong> Apoiados por linhas de produ\u00e7\u00e3o avan\u00e7adas e um controlo de qualidade rigoroso, asseguram um fornecimento est\u00e1vel, vidros duradouros e servi\u00e7os OEM\/ODM fi\u00e1veis com pre\u00e7os grossistas competitivos.<\/li>\n<\/ul>\n\n\n\n<h3 class=\"wp-block-heading\">Servi\u00e7o de plantadores comerciais de cer\u00e2mica personalizada<\/h3>\n\n\n\n<p>Oferecemos servi\u00e7os OEM e ODM para os nossos produtos.<br>Entrega r\u00e1pida de amostras est\u00e1 dispon\u00edvel.<br>Oferecemos uma variedade de formas, cores, impress\u00e3o personalizada, embalagem e outros servi\u00e7os adaptados para satisfazer as suas necessidades espec\u00edficas.<\/p>\n\n\n\n<div class=\"wp-block-columns is-layout-flex wp-container-core-columns-is-layout-9d6595d7 wp-block-columns-is-layout-flex\">\n<div class=\"wp-block-column is-layout-flow wp-block-column-is-layout-flow\">\n<figure class=\"wp-block-image size-full\"><img decoding=\"async\" width=\"1956\" height=\"1630\" src=\"https:\/\/www.santai-ceramics.com\/wp-content\/uploads\/2025\/10\/commercial-planter-wholesale-with-base-8.webp\" alt=\"plantador comercial por atacado com base (8)\" class=\"wp-image-3934\" srcset=\"https:\/\/www.santai-ceramics.com\/wp-content\/uploads\/2025\/10\/commercial-planter-wholesale-with-base-8.webp 1956w, https:\/\/www.santai-ceramics.com\/wp-content\/uploads\/2025\/10\/commercial-planter-wholesale-with-base-8-300x250.webp 300w, https:\/\/www.santai-ceramics.com\/wp-content\/uploads\/2025\/10\/commercial-planter-wholesale-with-base-8-768x640.webp 768w, https:\/\/www.santai-ceramics.com\/wp-content\/uploads\/2025\/10\/commercial-planter-wholesale-with-base-8-14x12.webp 14w, https:\/\/www.santai-ceramics.com\/wp-content\/uploads\/2025\/10\/commercial-planter-wholesale-with-base-8-1200x1000.webp 1200w, https:\/\/www.santai-ceramics.com\/wp-content\/uploads\/2025\/10\/commercial-planter-wholesale-with-base-8-600x500.webp 600w\" sizes=\"(max-width: 1956px) 100vw, 1956px\" \/><\/figure>\n<\/div>\n\n\n\n<div class=\"wp-block-column is-layout-flow wp-block-column-is-layout-flow\">\n<figure class=\"wp-block-image size-full\"><img decoding=\"async\" width=\"4056\" height=\"3380\" src=\"https:\/\/www.santai-ceramics.com\/wp-content\/uploads\/2025\/10\/commercial-planter-wholesale-with-base-9.webp\" alt=\"plantador comercial por atacado com base (9)\" class=\"wp-image-3935\" srcset=\"https:\/\/www.santai-ceramics.com\/wp-content\/uploads\/2025\/10\/commercial-planter-wholesale-with-base-9.webp 4056w, https:\/\/www.santai-ceramics.com\/wp-content\/uploads\/2025\/10\/commercial-planter-wholesale-with-base-9-300x250.webp 300w, https:\/\/www.santai-ceramics.com\/wp-content\/uploads\/2025\/10\/commercial-planter-wholesale-with-base-9-768x640.webp 768w, https:\/\/www.santai-ceramics.com\/wp-content\/uploads\/2025\/10\/commercial-planter-wholesale-with-base-9-14x12.webp 14w, https:\/\/www.santai-ceramics.com\/wp-content\/uploads\/2025\/10\/commercial-planter-wholesale-with-base-9-1200x1000.webp 1200w, https:\/\/www.santai-ceramics.com\/wp-content\/uploads\/2025\/10\/commercial-planter-wholesale-with-base-9-600x500.webp 600w\" sizes=\"(max-width: 4056px) 100vw, 4056px\" \/><\/figure>\n<\/div>\n<\/div>","protected":false},"excerpt":{"rendered":"<p data-pm-slice=\"0 0 []\">Os nossos vasos de flores comerciais em cer\u00e2mica por grosso combinam na perfei\u00e7\u00e3o o artesanato tradicional chin\u00eas com uma est\u00e9tica decorativa moderna. S\u00e3o ideais para decoradores de hot\u00e9is, floristas, retalhistas de jardins e fornecedores de presentes. Oferecemos pre\u00e7os grossistas de f\u00e1brica e apoiamos OEM e ODM. Contacte-nos hoje mesmo!<\/p>\n<h2>Especifica\u00e7\u00f5es do Plantador de cer\u00e2mica comercial\u00a0<\/h2>\n<table width=\"855\">\n<tbody>\n<tr>\n<td width=\"285\">N\u00famero do modelo<\/td>\n<td width=\"285\">A36580-LC13-A01<\/td>\n<td width=\"285\">A36580-LC13-A02<\/td>\n<\/tr>\n<tr>\n<td>Nome do produto<\/td>\n<td>Vaso de cer\u00e2mica<\/td>\n<td>Vaso de cer\u00e2mica<\/td>\n<\/tr>\n<tr>\n<td>Cor<\/td>\n<td>Creme<\/td>\n<td>Creme<\/td>\n<\/tr>\n<tr>\n<td>Material<\/td>\n<td>Cer\u00e2mica<\/td>\n<td>Cer\u00e2mica<\/td>\n<\/tr>\n<tr>\n<td>Cen\u00e1rios de utiliza\u00e7\u00e3o<\/td>\n<td>decora\u00e7\u00e3o de casa<\/td>\n<td>decora\u00e7\u00e3o de casa<\/td>\n<\/tr>\n<tr>\n<td>Dimens\u00f5es<\/td>\n<td>D:18,5X17,5cm<\/td>\n<td>D:15X13,5cm<\/td>\n<\/tr>\n<tr>\n<td>Peso<\/td>\n<td>0,9 kg\/unidade<\/td>\n<td>0,6 kg\/unidade<\/td>\n<\/tr>\n<\/tbody>\n<\/table>\n<p>&nbsp;<\/p>","protected":false},"featured_media":3929,"comment_status":"closed","ping_status":"closed","template":"","meta":{"_acf_changed":false},"product_brand":[],"product_cat":[18,42,23],"product_tag":[],"class_list":{"0":"post-3857","1":"product","2":"type-product","3":"status-publish","4":"has-post-thumbnail","6":"product_cat-home-decor","7":"product_cat-wholesale-ceramic-plant-pots","8":"product_cat-ceramic-pots-planters","10":"first","11":"instock","12":"shipping-taxable","13":"product-type-simple"},"acf":[],"_links":{"self":[{"href":"https:\/\/www.santai-ceramics.com\/pt\/wp-json\/wp\/v2\/product\/3857","targetHints":{"allow":["GET"]}}],"collection":[{"href":"https:\/\/www.santai-ceramics.com\/pt\/wp-json\/wp\/v2\/product"}],"about":[{"href":"https:\/\/www.santai-ceramics.com\/pt\/wp-json\/wp\/v2\/types\/product"}],"replies":[{"embeddable":true,"href":"https:\/\/www.santai-ceramics.com\/pt\/wp-json\/wp\/v2\/comments?post=3857"}],"wp:featuredmedia":[{"embeddable":true,"href":"https:\/\/www.santai-ceramics.com\/pt\/wp-json\/wp\/v2\/media\/3929"}],"wp:attachment":[{"href":"https:\/\/www.santai-ceramics.com\/pt\/wp-json\/wp\/v2\/media?parent=3857"}],"wp:term":[{"taxonomy":"product_brand","embeddable":true,"href":"https:\/\/www.santai-ceramics.com\/pt\/wp-json\/wp\/v2\/product_brand?post=3857"},{"taxonomy":"product_cat","embeddable":true,"href":"https:\/\/www.santai-ceramics.com\/pt\/wp-json\/wp\/v2\/product_cat?post=3857"},{"taxonomy":"product_tag","embeddable":true,"href":"https:\/\/www.santai-ceramics.com\/pt\/wp-json\/wp\/v2\/product_tag?post=3857"}],"curies":[{"name":"wp","href":"https:\/\/api.w.org\/{rel}","templated":true}]}}