{"id":3858,"date":"2025-10-21T07:07:10","date_gmt":"2025-10-21T07:07:10","guid":{"rendered":"https:\/\/www.santai-ceramics.com\/?post_type=product&#038;p=3858"},"modified":"2025-10-21T07:07:11","modified_gmt":"2025-10-21T07:07:11","slug":"bulk-ceramic-candle-holders-wholesale","status":"publish","type":"product","link":"https:\/\/www.santai-ceramics.com\/pt\/product\/bulk-ceramic-candle-holders-wholesale\/","title":{"rendered":"Casti\u00e7ais de cer\u00e2mica a granel para hot\u00e9is, retalhistas de presentes e comerciantes globais de cer\u00e2mica"},"content":{"rendered":"<h3 class=\"wp-block-heading\">Carater\u00edsticas do suporte de vela em cer\u00e2mica<\/h3>\n\n\n\n<ul class=\"wp-block-list\">\n<li><strong>Artesanato art\u00edstico:<\/strong> O esmalte crepitante a alta temperatura encontra-se com pigmentos minerais pintados \u00e0 m\u00e3o, criando uma textura crepitante natural e padr\u00f5es florais elegantes. O nosso casti\u00e7al em cer\u00e2mica tem uma forma \u00fanica, combinando o calor artesanal com uma est\u00e9tica refinada, adequada para interiores de luxo e expositores de boutiques.<\/li>\n<\/ul>\n\n\n\n<ul class=\"wp-block-list\">\n<li><strong>Adaptabilidade em v\u00e1rias cenas:<\/strong> Foi concebida para v\u00e1rios ambientes - \u00e1trios de hot\u00e9is, quartos de h\u00f3spedes, salas de exposi\u00e7\u00e3o, floristas e lojas de jardinagem. Combina um encanto decorativo com uma fun\u00e7\u00e3o pr\u00e1tica para exposi\u00e7\u00e3o durante todo o ano.<\/li>\n<\/ul>\n\n\n\n<ul class=\"wp-block-list\">\n<li><strong>Ideal para compradores B2B:<\/strong> O nosso suporte de vela em cer\u00e2mica \u00e9 perfeito para fornecedores de hot\u00e9is, decoradores de projectos comerciais, grossistas e retalhistas de presentes que procuram pe\u00e7as de cer\u00e2mica padronizadas mas distintas. O tom marfim unificado garante uma f\u00e1cil apresenta\u00e7\u00e3o em s\u00e9rie, enquanto cada padr\u00e3o estalado confere exclusividade \u00e0 sua linha de produtos.<\/li>\n<\/ul>\n\n\n\n<ul class=\"wp-block-list\">\n<li><strong>SOP padr\u00e3o:<\/strong> O nosso pessoal \u00e9 experiente e obedece ao SOP padr\u00e3o no fabrico de servi\u00e7os OEM\/ODM e produtos espec\u00edficos com um controlo de qualidade rigoroso.<\/li>\n<\/ul>\n\n\n\n<h3 class=\"wp-block-heading\">Servi\u00e7o de suporte de velas em cer\u00e2mica personalizado<\/h3>\n\n\n\n<p>Oferecemos servi\u00e7os OEM e ODM para os nossos produtos.<br>Entrega r\u00e1pida de amostras est\u00e1 dispon\u00edvel.<br>Oferecemos uma variedade de formas, cores, impress\u00e3o personalizada, embalagem e outros servi\u00e7os adaptados para satisfazer as suas necessidades espec\u00edficas.<\/p>\n\n\n\n<div class=\"wp-block-columns is-layout-flex wp-container-core-columns-is-layout-9d6595d7 wp-block-columns-is-layout-flex\">\n<div class=\"wp-block-column is-layout-flow wp-block-column-is-layout-flow\">\n<figure class=\"wp-block-image size-full\"><img decoding=\"async\" width=\"3776\" height=\"3148\" src=\"https:\/\/www.santai-ceramics.com\/wp-content\/uploads\/2025\/10\/bulk-candle-holder-8.webp\" alt=\"suporte para velas a granel (8)\" class=\"wp-image-3944\" srcset=\"https:\/\/www.santai-ceramics.com\/wp-content\/uploads\/2025\/10\/bulk-candle-holder-8.webp 3776w, https:\/\/www.santai-ceramics.com\/wp-content\/uploads\/2025\/10\/bulk-candle-holder-8-300x250.webp 300w, https:\/\/www.santai-ceramics.com\/wp-content\/uploads\/2025\/10\/bulk-candle-holder-8-768x640.webp 768w, https:\/\/www.santai-ceramics.com\/wp-content\/uploads\/2025\/10\/bulk-candle-holder-8-14x12.webp 14w, https:\/\/www.santai-ceramics.com\/wp-content\/uploads\/2025\/10\/bulk-candle-holder-8-1200x1000.webp 1200w, https:\/\/www.santai-ceramics.com\/wp-content\/uploads\/2025\/10\/bulk-candle-holder-8-600x500.webp 600w\" sizes=\"(max-width: 3776px) 100vw, 3776px\" \/><\/figure>\n<\/div>\n\n\n\n<div class=\"wp-block-column is-layout-flow wp-block-column-is-layout-flow\">\n<figure class=\"wp-block-image size-full\"><img decoding=\"async\" width=\"2732\" height=\"2276\" src=\"https:\/\/www.santai-ceramics.com\/wp-content\/uploads\/2025\/10\/bulk-candle-holder-10.webp\" alt=\"suporte de velas a granel (10)\" class=\"wp-image-3946\" srcset=\"https:\/\/www.santai-ceramics.com\/wp-content\/uploads\/2025\/10\/bulk-candle-holder-10.webp 2732w, https:\/\/www.santai-ceramics.com\/wp-content\/uploads\/2025\/10\/bulk-candle-holder-10-300x250.webp 300w, https:\/\/www.santai-ceramics.com\/wp-content\/uploads\/2025\/10\/bulk-candle-holder-10-768x640.webp 768w, https:\/\/www.santai-ceramics.com\/wp-content\/uploads\/2025\/10\/bulk-candle-holder-10-14x12.webp 14w, https:\/\/www.santai-ceramics.com\/wp-content\/uploads\/2025\/10\/bulk-candle-holder-10-1200x1000.webp 1200w, https:\/\/www.santai-ceramics.com\/wp-content\/uploads\/2025\/10\/bulk-candle-holder-10-600x500.webp 600w\" sizes=\"(max-width: 2732px) 100vw, 2732px\" \/><\/figure>\n<\/div>\n<\/div>","protected":false},"excerpt":{"rendered":"<p data-pm-slice=\"0 0 []\">Esta cole\u00e7\u00e3o de casti\u00e7ais em cer\u00e2mica para venda por grosso foi concebida para compradores profissionais das ind\u00fastrias hoteleira, floral e de presentes. Cada pe\u00e7a apresenta cer\u00e2mica branca de alta qualidade, um acabamento de esmalte crepitante natural e delicados motivos florais azuis pintados \u00e0 m\u00e3o. Com dois tamanhos e formas dispon\u00edveis, oferece apelo decorativo e versatilidade funcional - ideal para projectos de decora\u00e7\u00e3o de hot\u00e9is, expositores florais e sortidos de presentes de primeira qualidade.<\/p>\n<h2>Especifica\u00e7\u00e3o do Casti\u00e7al de cer\u00e2mica<\/h2>\n<table width=\"855\">\n<tbody>\n<tr>\n<td width=\"285\">N\u00famero do modelo<\/td>\n<td width=\"285\">A36779-LC13-A01<\/td>\n<td width=\"285\">A36779-LC13-A02<\/td>\n<\/tr>\n<tr>\n<td>Nome do produto<\/td>\n<td>Suporte de vela em cer\u00e2mica<\/td>\n<td>Suporte de vela em cer\u00e2mica<\/td>\n<\/tr>\n<tr>\n<td>Cor<\/td>\n<td>Creme<\/td>\n<td>Creme<\/td>\n<\/tr>\n<tr>\n<td>Material<\/td>\n<td>Cer\u00e2mica<\/td>\n<td>Cer\u00e2mica<\/td>\n<\/tr>\n<tr>\n<td>Cen\u00e1rios de utiliza\u00e7\u00e3o<\/td>\n<td>decora\u00e7\u00e3o de casa<\/td>\n<td>decora\u00e7\u00e3o de casa<\/td>\n<\/tr>\n<tr>\n<td>Dimens\u00f5es<\/td>\n<td>D:11X22,5cm<\/td>\n<td>D:11X17cm<\/td>\n<\/tr>\n<tr>\n<td>Peso<\/td>\n<td>0,8 kg\/unidade<\/td>\n<td>0,7 kg\/unidade<\/td>\n<\/tr>\n<\/tbody>\n<\/table>\n<p>\n<script src=\"chrome-extension:\/\/fpelahbljekknahkcaegamhcndkfpfnc\/iFrame.js\" type=\"text\/javascript\"><\/script><\/p>","protected":false},"featured_media":3937,"comment_status":"closed","ping_status":"closed","template":"","meta":{"_acf_changed":false},"product_brand":[],"product_cat":[18,46,26],"product_tag":[],"class_list":{"0":"post-3858","1":"product","2":"type-product","3":"status-publish","4":"has-post-thumbnail","6":"product_cat-home-decor","7":"product_cat-wholesale-ceramic-candle-holders","8":"product_cat-home-accessories","10":"first","11":"instock","12":"shipping-taxable","13":"product-type-simple"},"acf":[],"_links":{"self":[{"href":"https:\/\/www.santai-ceramics.com\/pt\/wp-json\/wp\/v2\/product\/3858","targetHints":{"allow":["GET"]}}],"collection":[{"href":"https:\/\/www.santai-ceramics.com\/pt\/wp-json\/wp\/v2\/product"}],"about":[{"href":"https:\/\/www.santai-ceramics.com\/pt\/wp-json\/wp\/v2\/types\/product"}],"replies":[{"embeddable":true,"href":"https:\/\/www.santai-ceramics.com\/pt\/wp-json\/wp\/v2\/comments?post=3858"}],"wp:featuredmedia":[{"embeddable":true,"href":"https:\/\/www.santai-ceramics.com\/pt\/wp-json\/wp\/v2\/media\/3937"}],"wp:attachment":[{"href":"https:\/\/www.santai-ceramics.com\/pt\/wp-json\/wp\/v2\/media?parent=3858"}],"wp:term":[{"taxonomy":"product_brand","embeddable":true,"href":"https:\/\/www.santai-ceramics.com\/pt\/wp-json\/wp\/v2\/product_brand?post=3858"},{"taxonomy":"product_cat","embeddable":true,"href":"https:\/\/www.santai-ceramics.com\/pt\/wp-json\/wp\/v2\/product_cat?post=3858"},{"taxonomy":"product_tag","embeddable":true,"href":"https:\/\/www.santai-ceramics.com\/pt\/wp-json\/wp\/v2\/product_tag?post=3858"}],"curies":[{"name":"wp","href":"https:\/\/api.w.org\/{rel}","templated":true}]}}