{"id":3859,"date":"2025-10-21T07:45:30","date_gmt":"2025-10-21T07:45:30","guid":{"rendered":"https:\/\/www.santai-ceramics.com\/?post_type=product&#038;p=3859"},"modified":"2025-10-21T07:45:32","modified_gmt":"2025-10-21T07:45:32","slug":"wholesale-fresh-style-ceramic-vases","status":"publish","type":"product","link":"https:\/\/www.santai-ceramics.com\/pt\/product\/wholesale-fresh-style-ceramic-vases\/","title":{"rendered":"Vasos de cer\u00e2mica de estilo fresco por atacado com padr\u00e3o de flores, fornecimento a granel para hot\u00e9is, marcas de decora\u00e7\u00e3o e fornecedores de presentes"},"content":{"rendered":"<h3 class=\"wp-block-heading\">Carater\u00edsticas dos vasos de cer\u00e2mica<\/h3>\n\n\n\n<ul class=\"wp-block-list\">\n<li><strong>Est\u00e9tica do design: <\/strong>A eleg\u00e2ncia natural encontra a harmonia espacial. Os vasos por atacado adoptam uma <strong>corpo cl\u00e1ssico arredondado ou em forma de ma\u00e7\u00e3<\/strong> com transi\u00e7\u00f5es suaves de ombros e propor\u00e7\u00f5es graciosas de pesco\u00e7o. Dispon\u00edvel em v\u00e1rios tamanhos, adapta-se a diversas escalas de interiores - desde \u00e1trios de hot\u00e9is e quartos de h\u00f3spedes a salas de exposi\u00e7\u00e3o comerciais - criando uma atmosfera refinada e relaxante.<\/li>\n<\/ul>\n\n\n\n<ul class=\"wp-block-list\">\n<li><strong>Ideal para clientes B2B: <\/strong>Adaptabilidade comercial em v\u00e1rios cen\u00e1rios. Esta cole\u00e7\u00e3o de vasos de cer\u00e2mica \u00e9 perfeita para <strong>projectos hoteleiros, retalhistas de decora\u00e7\u00e3o, floristas e distribuidores de presentes de primeira qualidade<\/strong> procura cer\u00e2micas elegantes, feitas \u00e0 m\u00e3o, com potencial de exposi\u00e7\u00e3o vers\u00e1til.<\/li>\n<\/ul>\n\n\n\n<ul class=\"wp-block-list\">\n<li><strong>Fabrico profissional de cer\u00e2mica<\/strong>: Apoiada por anos de experi\u00eancia na produ\u00e7\u00e3o de cer\u00e2mica, a nossa f\u00e1brica garante <strong>controlo de qualidade consistente, efeitos de esmalte est\u00e1veis e servi\u00e7os OEM\/ODM personaliz\u00e1veis<\/strong>. Apoiamos encomendas a granel, combina\u00e7\u00f5es de v\u00e1rios tamanhos e solu\u00e7\u00f5es de embalagem personalizadas para ofertas comerciais ou projectos de decora\u00e7\u00e3o em grande escala.<\/li>\n<\/ul>\n\n\n\n<h3 class=\"wp-block-heading\">Servi\u00e7o de recolha de vasos de cer\u00e2mica personalizados<\/h3>\n\n\n\n<p>Oferecemos servi\u00e7os OEM e ODM para os nossos produtos.<br>Entrega r\u00e1pida de amostras est\u00e1 dispon\u00edvel.<br>Oferecemos uma variedade de formas, cores, impress\u00e3o personalizada, embalagem e outros servi\u00e7os adaptados para satisfazer as suas necessidades espec\u00edficas.<\/p>\n\n\n\n<div class=\"wp-block-columns is-layout-flex wp-container-core-columns-is-layout-9d6595d7 wp-block-columns-is-layout-flex\">\n<div class=\"wp-block-column is-layout-flow wp-block-column-is-layout-flow\">\n<figure class=\"wp-block-image size-full\"><img decoding=\"async\" width=\"4002\" height=\"3335\" src=\"https:\/\/www.santai-ceramics.com\/wp-content\/uploads\/2025\/10\/gloss-vases-wholesale-with-crackle-aesthetics-1.webp\" alt=\"vasos brilhantes por atacado com est\u00e9tica estaladi\u00e7a (1)\" class=\"wp-image-3878\" srcset=\"https:\/\/www.santai-ceramics.com\/wp-content\/uploads\/2025\/10\/gloss-vases-wholesale-with-crackle-aesthetics-1.webp 4002w, https:\/\/www.santai-ceramics.com\/wp-content\/uploads\/2025\/10\/gloss-vases-wholesale-with-crackle-aesthetics-1-300x250.webp 300w, https:\/\/www.santai-ceramics.com\/wp-content\/uploads\/2025\/10\/gloss-vases-wholesale-with-crackle-aesthetics-1-768x640.webp 768w, https:\/\/www.santai-ceramics.com\/wp-content\/uploads\/2025\/10\/gloss-vases-wholesale-with-crackle-aesthetics-1-14x12.webp 14w, https:\/\/www.santai-ceramics.com\/wp-content\/uploads\/2025\/10\/gloss-vases-wholesale-with-crackle-aesthetics-1-1200x1000.webp 1200w, https:\/\/www.santai-ceramics.com\/wp-content\/uploads\/2025\/10\/gloss-vases-wholesale-with-crackle-aesthetics-1-600x500.webp 600w\" sizes=\"(max-width: 4002px) 100vw, 4002px\" \/><\/figure>\n<\/div>\n\n\n\n<div class=\"wp-block-column is-layout-flow wp-block-column-is-layout-flow\">\n<figure class=\"wp-block-image size-full\"><img decoding=\"async\" width=\"4568\" height=\"3806\" src=\"https:\/\/www.santai-ceramics.com\/wp-content\/uploads\/2025\/10\/gloss-vases-wholesale-with-crackle-aesthetics-3.webp\" alt=\"vasos brilhantes por atacado com est\u00e9tica de craquel\u00e9 (3)\" class=\"wp-image-3880\" srcset=\"https:\/\/www.santai-ceramics.com\/wp-content\/uploads\/2025\/10\/gloss-vases-wholesale-with-crackle-aesthetics-3.webp 4568w, https:\/\/www.santai-ceramics.com\/wp-content\/uploads\/2025\/10\/gloss-vases-wholesale-with-crackle-aesthetics-3-300x250.webp 300w, https:\/\/www.santai-ceramics.com\/wp-content\/uploads\/2025\/10\/gloss-vases-wholesale-with-crackle-aesthetics-3-768x640.webp 768w, https:\/\/www.santai-ceramics.com\/wp-content\/uploads\/2025\/10\/gloss-vases-wholesale-with-crackle-aesthetics-3-14x12.webp 14w, https:\/\/www.santai-ceramics.com\/wp-content\/uploads\/2025\/10\/gloss-vases-wholesale-with-crackle-aesthetics-3-1200x1000.webp 1200w, https:\/\/www.santai-ceramics.com\/wp-content\/uploads\/2025\/10\/gloss-vases-wholesale-with-crackle-aesthetics-3-600x500.webp 600w\" sizes=\"(max-width: 4568px) 100vw, 4568px\" \/><\/figure>\n<\/div>\n<\/div>","protected":false},"excerpt":{"rendered":"<p data-pm-slice=\"0 0 []\">Estes <strong data-start=\"337\" data-end=\"353\">grossista <\/strong>artesanal <strong data-start=\"337\" data-end=\"353\">vasos de cer\u00e2mica <\/strong>apresentam uma silhueta esf\u00e9rica cl\u00e1ssica com um pesco\u00e7o estreito e refinado, uma <strong data-start=\"433\" data-end=\"450\">esmalte crepitante<\/strong>A decora\u00e7\u00e3o de interiores \u00e9 feita com motivos florais e trepadeiras pintados \u00e0 m\u00e3o, que combinam a eleg\u00e2ncia tradicional com uma est\u00e9tica natural moderna. Concebida para <strong data-start=\"569\" data-end=\"639\">marcas de decora\u00e7\u00e3o de interiores, fornecedores de hot\u00e9is, floristas e grossistas de presentes<\/strong>A gama de produtos da marca, que oferece sofistica\u00e7\u00e3o visual e durabilidade fi\u00e1vel para decora\u00e7\u00e3o em grande escala e necessidades de retalho.<\/p>\n<h2>Especifica\u00e7\u00e3o da cole\u00e7\u00e3o de vasos de cer\u00e2mica<\/h2>\n<table width=\"1140\">\n<tbody>\n<tr>\n<td width=\"285\">N\u00famero do modelo<\/td>\n<td width=\"285\">A35068-LC13-A01<\/td>\n<td width=\"285\">A35068-LC13-A02<\/td>\n<td width=\"285\">A35069-LC13-A01<\/td>\n<\/tr>\n<tr>\n<td>Nome do produto<\/td>\n<td>Jarra de cer\u00e2mica<\/td>\n<td>Jarra de cer\u00e2mica<\/td>\n<td>Jarra de cer\u00e2mica<\/td>\n<\/tr>\n<tr>\n<td>Cor<\/td>\n<td>Creme<\/td>\n<td>Creme<\/td>\n<td>Creme<\/td>\n<\/tr>\n<tr>\n<td>Material<\/td>\n<td>Cer\u00e2mica<\/td>\n<td>Cer\u00e2mica<\/td>\n<td>Cer\u00e2mica<\/td>\n<\/tr>\n<tr>\n<td>Cen\u00e1rios de utiliza\u00e7\u00e3o<\/td>\n<td>decora\u00e7\u00e3o de casa<\/td>\n<td>decora\u00e7\u00e3o de casa<\/td>\n<td>decora\u00e7\u00e3o de casa<\/td>\n<\/tr>\n<tr>\n<td>Dimens\u00f5es<\/td>\n<td>D:20,5X25cm<\/td>\n<td>D:17X20cm<\/td>\n<td>D:18X15cm<\/td>\n<\/tr>\n<tr>\n<td>Peso<\/td>\n<td>1,4 kg\/unidade<\/td>\n<td>0,8 kg\/unidade<\/td>\n<td>0,7 kg\/unidade<\/td>\n<\/tr>\n<\/tbody>\n<\/table>\n<p>\n<script src=\"chrome-extension:\/\/fpelahbljekknahkcaegamhcndkfpfnc\/iFrame.js\" type=\"text\/javascript\"><\/script><\/p>","protected":false},"featured_media":3879,"comment_status":"closed","ping_status":"closed","template":"","meta":{"_acf_changed":false},"product_brand":[],"product_cat":[18,22],"product_tag":[],"class_list":{"0":"post-3859","1":"product","2":"type-product","3":"status-publish","4":"has-post-thumbnail","6":"product_cat-home-decor","7":"product_cat-vase","9":"first","10":"instock","11":"shipping-taxable","12":"product-type-simple"},"acf":[],"_links":{"self":[{"href":"https:\/\/www.santai-ceramics.com\/pt\/wp-json\/wp\/v2\/product\/3859","targetHints":{"allow":["GET"]}}],"collection":[{"href":"https:\/\/www.santai-ceramics.com\/pt\/wp-json\/wp\/v2\/product"}],"about":[{"href":"https:\/\/www.santai-ceramics.com\/pt\/wp-json\/wp\/v2\/types\/product"}],"replies":[{"embeddable":true,"href":"https:\/\/www.santai-ceramics.com\/pt\/wp-json\/wp\/v2\/comments?post=3859"}],"wp:featuredmedia":[{"embeddable":true,"href":"https:\/\/www.santai-ceramics.com\/pt\/wp-json\/wp\/v2\/media\/3879"}],"wp:attachment":[{"href":"https:\/\/www.santai-ceramics.com\/pt\/wp-json\/wp\/v2\/media?parent=3859"}],"wp:term":[{"taxonomy":"product_brand","embeddable":true,"href":"https:\/\/www.santai-ceramics.com\/pt\/wp-json\/wp\/v2\/product_brand?post=3859"},{"taxonomy":"product_cat","embeddable":true,"href":"https:\/\/www.santai-ceramics.com\/pt\/wp-json\/wp\/v2\/product_cat?post=3859"},{"taxonomy":"product_tag","embeddable":true,"href":"https:\/\/www.santai-ceramics.com\/pt\/wp-json\/wp\/v2\/product_tag?post=3859"}],"curies":[{"name":"wp","href":"https:\/\/api.w.org\/{rel}","templated":true}]}}