{"id":3860,"date":"2025-10-21T07:30:00","date_gmt":"2025-10-21T07:30:00","guid":{"rendered":"https:\/\/www.santai-ceramics.com\/?post_type=product&#038;p=3860"},"modified":"2025-10-21T07:30:34","modified_gmt":"2025-10-21T07:30:34","slug":"wholesale-decoration-flower-vase","status":"publish","type":"product","link":"https:\/\/www.santai-ceramics.com\/pt\/product\/wholesale-decoration-flower-vase\/","title":{"rendered":"Vaso de flores decorativo por atacado com vidros rachados - Ideal para exposi\u00e7\u00e3o em hot\u00e9is e comerciantes de cer\u00e2mica"},"content":{"rendered":"<h3 class=\"wp-block-heading\">Carater\u00edsticas do vaso de flores decorativo<\/h3>\n\n\n\n<ul class=\"wp-block-list\">\n<li><strong>Design simplificado e adaptabilidade do espa\u00e7o:<\/strong> Cada vaso apresenta uma <strong>silhueta oval ou ovoide<\/strong>com propor\u00e7\u00f5es cuidadosamente equilibradas e bases anti-inclina\u00e7\u00e3o. O design satisfaz as necessidades de exposi\u00e7\u00e3o em v\u00e1rios espa\u00e7os - desde \u00e1trios de hot\u00e9is a balc\u00f5es de flores. <\/li>\n<\/ul>\n\n\n\n<ul class=\"wp-block-list\">\n<li><strong>Apelo do cliente B2B:<\/strong> Esta jarra decorativa \u00e9 perfeita para decoradores de hot\u00e9is, floristas, centros de jardinagem e retalhistas de presentes. O vaso combina texturas de vidro cl\u00e1ssicas com designs florais modernos, o que o torna uma excelente escolha para design de interiores, exposi\u00e7\u00f5es florais e colec\u00e7\u00f5es de presentes com curadoria que melhoram a imagem da sua marca.<\/li>\n<\/ul>\n\n\n\n<ul class=\"wp-block-list\">\n<li><strong>Fornecimento est\u00e1vel e op\u00e7\u00f5es personalizadas:<\/strong> Apoiado por <strong>linhas de produ\u00e7\u00e3o normalizadas<\/strong> e artes\u00e3os de cer\u00e2mica experientes, fornecemos <strong>venda por grosso a granel, personaliza\u00e7\u00e3o OEM\/ODM<\/strong>e <strong>coordena\u00e7\u00e3o multi-tamanho<\/strong>. O nosso controlo de qualidade consistente e a flexibilidade das embalagens garantem uma entrega atempada e solu\u00e7\u00f5es personalizadas para clientes globais de decora\u00e7\u00e3o e hotelaria.<\/li>\n<\/ul>\n\n\n\n<h3 class=\"wp-block-heading\">Servi\u00e7o de vasos de cer\u00e2mica personalizados<\/h3>\n\n\n\n<p>Oferecemos servi\u00e7os OEM e ODM para os nossos produtos.<br>Entrega r\u00e1pida de amostras est\u00e1 dispon\u00edvel.<br>Oferecemos uma variedade de formas, cores, impress\u00e3o personalizada, embalagem e outros servi\u00e7os adaptados para satisfazer as suas necessidades espec\u00edficas.<\/p>\n\n\n\n<div class=\"wp-block-columns is-layout-flex wp-container-core-columns-is-layout-9d6595d7 wp-block-columns-is-layout-flex\">\n<div class=\"wp-block-column is-layout-flow wp-block-column-is-layout-flow\">\n<figure class=\"wp-block-image size-full\"><img decoding=\"async\" width=\"3516\" height=\"2930\" src=\"https:\/\/www.santai-ceramics.com\/wp-content\/uploads\/2025\/10\/wholesale-decoration-flower-vase-2.webp\" alt=\"vaso de flores para decora\u00e7\u00e3o por atacado (2)\" class=\"wp-image-3897\" srcset=\"https:\/\/www.santai-ceramics.com\/wp-content\/uploads\/2025\/10\/wholesale-decoration-flower-vase-2.webp 3516w, https:\/\/www.santai-ceramics.com\/wp-content\/uploads\/2025\/10\/wholesale-decoration-flower-vase-2-300x250.webp 300w, https:\/\/www.santai-ceramics.com\/wp-content\/uploads\/2025\/10\/wholesale-decoration-flower-vase-2-768x640.webp 768w, https:\/\/www.santai-ceramics.com\/wp-content\/uploads\/2025\/10\/wholesale-decoration-flower-vase-2-14x12.webp 14w, https:\/\/www.santai-ceramics.com\/wp-content\/uploads\/2025\/10\/wholesale-decoration-flower-vase-2-1200x1000.webp 1200w, https:\/\/www.santai-ceramics.com\/wp-content\/uploads\/2025\/10\/wholesale-decoration-flower-vase-2-600x500.webp 600w\" sizes=\"(max-width: 3516px) 100vw, 3516px\" \/><\/figure>\n<\/div>\n\n\n\n<div class=\"wp-block-column is-layout-flow wp-block-column-is-layout-flow\">\n<figure class=\"wp-block-image size-full\"><img decoding=\"async\" width=\"1916\" height=\"1597\" src=\"https:\/\/www.santai-ceramics.com\/wp-content\/uploads\/2025\/10\/wholesale-decoration-flower-vase-6.webp\" alt=\"vaso de flores para decora\u00e7\u00e3o por atacado (6)\" class=\"wp-image-3901\" srcset=\"https:\/\/www.santai-ceramics.com\/wp-content\/uploads\/2025\/10\/wholesale-decoration-flower-vase-6.webp 1916w, https:\/\/www.santai-ceramics.com\/wp-content\/uploads\/2025\/10\/wholesale-decoration-flower-vase-6-300x250.webp 300w, https:\/\/www.santai-ceramics.com\/wp-content\/uploads\/2025\/10\/wholesale-decoration-flower-vase-6-768x640.webp 768w, https:\/\/www.santai-ceramics.com\/wp-content\/uploads\/2025\/10\/wholesale-decoration-flower-vase-6-14x12.webp 14w, https:\/\/www.santai-ceramics.com\/wp-content\/uploads\/2025\/10\/wholesale-decoration-flower-vase-6-1200x1000.webp 1200w, https:\/\/www.santai-ceramics.com\/wp-content\/uploads\/2025\/10\/wholesale-decoration-flower-vase-6-600x500.webp 600w\" sizes=\"(max-width: 1916px) 100vw, 1916px\" \/><\/figure>\n<\/div>\n<\/div>","protected":false},"excerpt":{"rendered":"<p data-pm-slice=\"0 0 []\">Concebidos para uma utiliza\u00e7\u00e3o simultaneamente decorativa e funcional, estes vasos de flores decorativos adaptam-se <strong data-start=\"554\" data-end=\"634\">lobbies de hot\u00e9is, quartos de h\u00f3spedes, expositores de flores e colec\u00e7\u00f5es de presentes de luxo<\/strong>. Com tamanhos personaliz\u00e1veis e uma produ\u00e7\u00e3o fi\u00e1vel em grande escala, proporcionam uma est\u00e9tica refinada e uma qualidade consistente, ideal para parceiros B2B nos sectores da decora\u00e7\u00e3o, dos brindes e da hotelaria.<\/p>\n<h2>Especifica\u00e7\u00f5es do Vaso de flores para decora\u00e7\u00e3o<\/h2>\n<table width=\"570\">\n<tbody>\n<tr>\n<td width=\"285\">N\u00famero do modelo<\/td>\n<td width=\"285\">A35923-LC13-A01<\/td>\n<\/tr>\n<tr>\n<td>Nome do produto<\/td>\n<td>Jarra de cer\u00e2mica<\/td>\n<\/tr>\n<tr>\n<td>Cor<\/td>\n<td>Creme<\/td>\n<\/tr>\n<tr>\n<td>Material<\/td>\n<td>Cer\u00e2mica<\/td>\n<\/tr>\n<tr>\n<td>Cen\u00e1rios de utiliza\u00e7\u00e3o<\/td>\n<td>decora\u00e7\u00e3o de casa<\/td>\n<\/tr>\n<tr>\n<td>Dimens\u00f5es<\/td>\n<td>D:17,5X26,5cm<\/td>\n<\/tr>\n<tr>\n<td>Peso<\/td>\n<td>1,1 kg\/unidade<\/td>\n<\/tr>\n<\/tbody>\n<\/table>\n<p>\n<script src=\"chrome-extension:\/\/fpelahbljekknahkcaegamhcndkfpfnc\/iFrame.js\" type=\"text\/javascript\"><\/script><\/p>","protected":false},"featured_media":3896,"comment_status":"closed","ping_status":"closed","template":"","meta":{"_acf_changed":false},"product_brand":[],"product_cat":[18,22],"product_tag":[],"class_list":{"0":"post-3860","1":"product","2":"type-product","3":"status-publish","4":"has-post-thumbnail","6":"product_cat-home-decor","7":"product_cat-vase","9":"first","10":"instock","11":"shipping-taxable","12":"product-type-simple"},"acf":[],"_links":{"self":[{"href":"https:\/\/www.santai-ceramics.com\/pt\/wp-json\/wp\/v2\/product\/3860","targetHints":{"allow":["GET"]}}],"collection":[{"href":"https:\/\/www.santai-ceramics.com\/pt\/wp-json\/wp\/v2\/product"}],"about":[{"href":"https:\/\/www.santai-ceramics.com\/pt\/wp-json\/wp\/v2\/types\/product"}],"replies":[{"embeddable":true,"href":"https:\/\/www.santai-ceramics.com\/pt\/wp-json\/wp\/v2\/comments?post=3860"}],"wp:featuredmedia":[{"embeddable":true,"href":"https:\/\/www.santai-ceramics.com\/pt\/wp-json\/wp\/v2\/media\/3896"}],"wp:attachment":[{"href":"https:\/\/www.santai-ceramics.com\/pt\/wp-json\/wp\/v2\/media?parent=3860"}],"wp:term":[{"taxonomy":"product_brand","embeddable":true,"href":"https:\/\/www.santai-ceramics.com\/pt\/wp-json\/wp\/v2\/product_brand?post=3860"},{"taxonomy":"product_cat","embeddable":true,"href":"https:\/\/www.santai-ceramics.com\/pt\/wp-json\/wp\/v2\/product_cat?post=3860"},{"taxonomy":"product_tag","embeddable":true,"href":"https:\/\/www.santai-ceramics.com\/pt\/wp-json\/wp\/v2\/product_tag?post=3860"}],"curies":[{"name":"wp","href":"https:\/\/api.w.org\/{rel}","templated":true}]}}