{"id":3862,"date":"2025-10-21T07:55:25","date_gmt":"2025-10-21T07:55:25","guid":{"rendered":"https:\/\/www.santai-ceramics.com\/?post_type=product&#038;p=3862"},"modified":"2025-10-21T07:55:28","modified_gmt":"2025-10-21T07:55:28","slug":"wholesale-elegant-ceramic-vases","status":"publish","type":"product","link":"https:\/\/www.santai-ceramics.com\/pt\/product\/wholesale-elegant-ceramic-vases\/","title":{"rendered":"Vasos de cer\u00e2mica elegantes por atacado a pre\u00e7o de f\u00e1brica - Fornecimento a granel para hot\u00e9is, marcas de decora\u00e7\u00e3o e fornecedores de presentes"},"content":{"rendered":"<h3 class=\"wp-block-heading\">Carater\u00edsticas dos vasos de cer\u00e2mica<\/h3>\n\n\n\n<ul class=\"wp-block-list\">\n<li><strong>Design art\u00edstico: O cl\u00e1ssico encontra a natureza<\/strong>. Os nossos vasos florais pintados \u00e0 m\u00e3o a granel apresentam um corpo esf\u00e9rico intemporal com contornos suaves e fluidos e um gargalo graciosamente estreito - atingindo um equil\u00edbrio perfeito entre o minimalismo moderno e a forma tradicional.<\/li>\n<\/ul>\n\n\n\n<ul class=\"wp-block-list\">\n<li><strong>Acabamento em esmalte craquelado pintado \u00e0 m\u00e3o<\/strong>: Cada jarra tem um pormenor \u00fanico com videiras desenhadas \u00e0 m\u00e3o e flores azuis, revestidas com um esmalte crepitante tradicional que proporciona um aspeto antigo e artesanal.<\/li>\n<\/ul>\n\n\n\n<ul class=\"wp-block-list\">\n<li><strong>Ideal para clientes B2B<\/strong>: Os nossos vasos florais de cer\u00e2mica pintados \u00e0 m\u00e3o a granel s\u00e3o perfeitos para marcas de decora\u00e7\u00e3o de interiores, floristas, hot\u00e9is e distribuidores de presentes que procuram cer\u00e2micas inspiradas na arte que elevam as colec\u00e7\u00f5es de produtos ou a est\u00e9tica interior.<\/li>\n<\/ul>\n\n\n\n<ul class=\"wp-block-list\">\n<li><strong>Fabrico fi\u00e1vel de cer\u00e2mica<\/strong>: Com o apoio das nossas linhas de produ\u00e7\u00e3o de cer\u00e2mica profissionais, oferecemos um controlo de qualidade est\u00e1vel, colora\u00e7\u00e3o consistente dos lotes e personaliza\u00e7\u00e3o OEM\/ODM flex\u00edvel para encomendas de grande volume.<\/li>\n<\/ul>\n\n\n\n<h3 class=\"wp-block-heading\">Servi\u00e7o de vasos de cer\u00e2mica personalizados<\/h3>\n\n\n\n<p>Oferecemos servi\u00e7os OEM e ODM para os nossos produtos.<br>Entrega r\u00e1pida de amostras est\u00e1 dispon\u00edvel.<br>Oferecemos uma variedade de formas, cores, impress\u00e3o personalizada, embalagem e outros servi\u00e7os adaptados para satisfazer as suas necessidades espec\u00edficas.<\/p>\n\n\n\n<div class=\"wp-block-columns is-layout-flex wp-container-core-columns-is-layout-9d6595d7 wp-block-columns-is-layout-flex\">\n<div class=\"wp-block-column is-layout-flow wp-block-column-is-layout-flow\">\n<figure class=\"wp-block-image size-full\"><img decoding=\"async\" width=\"3367\" height=\"2806\" src=\"https:\/\/www.santai-ceramics.com\/wp-content\/uploads\/2025\/10\/bulk-floral-vases-with-crackle-glaze-3.webp\" alt=\"vasos florais a granel com vidrado craquelado (3)\" class=\"wp-image-3874\" srcset=\"https:\/\/www.santai-ceramics.com\/wp-content\/uploads\/2025\/10\/bulk-floral-vases-with-crackle-glaze-3.webp 3367w, https:\/\/www.santai-ceramics.com\/wp-content\/uploads\/2025\/10\/bulk-floral-vases-with-crackle-glaze-3-300x250.webp 300w, https:\/\/www.santai-ceramics.com\/wp-content\/uploads\/2025\/10\/bulk-floral-vases-with-crackle-glaze-3-768x640.webp 768w, https:\/\/www.santai-ceramics.com\/wp-content\/uploads\/2025\/10\/bulk-floral-vases-with-crackle-glaze-3-14x12.webp 14w, https:\/\/www.santai-ceramics.com\/wp-content\/uploads\/2025\/10\/bulk-floral-vases-with-crackle-glaze-3-1200x1000.webp 1200w, https:\/\/www.santai-ceramics.com\/wp-content\/uploads\/2025\/10\/bulk-floral-vases-with-crackle-glaze-3-600x500.webp 600w\" sizes=\"(max-width: 3367px) 100vw, 3367px\" \/><\/figure>\n<\/div>\n\n\n\n<div class=\"wp-block-column is-layout-flow wp-block-column-is-layout-flow\">\n<figure class=\"wp-block-image size-full\"><img decoding=\"async\" width=\"2108\" height=\"1756\" src=\"https:\/\/www.santai-ceramics.com\/wp-content\/uploads\/2025\/10\/bulk-floral-vases-with-crackle-glaze-4.webp\" alt=\"vasos florais a granel com vidrado craquelado (4)\" class=\"wp-image-3875\" srcset=\"https:\/\/www.santai-ceramics.com\/wp-content\/uploads\/2025\/10\/bulk-floral-vases-with-crackle-glaze-4.webp 2108w, https:\/\/www.santai-ceramics.com\/wp-content\/uploads\/2025\/10\/bulk-floral-vases-with-crackle-glaze-4-300x250.webp 300w, https:\/\/www.santai-ceramics.com\/wp-content\/uploads\/2025\/10\/bulk-floral-vases-with-crackle-glaze-4-768x640.webp 768w, https:\/\/www.santai-ceramics.com\/wp-content\/uploads\/2025\/10\/bulk-floral-vases-with-crackle-glaze-4-14x12.webp 14w, https:\/\/www.santai-ceramics.com\/wp-content\/uploads\/2025\/10\/bulk-floral-vases-with-crackle-glaze-4-1200x1000.webp 1200w, https:\/\/www.santai-ceramics.com\/wp-content\/uploads\/2025\/10\/bulk-floral-vases-with-crackle-glaze-4-600x500.webp 600w\" sizes=\"(max-width: 2108px) 100vw, 2108px\" \/><\/figure>\n<\/div>\n<\/div>","protected":false},"excerpt":{"rendered":"<p data-pm-slice=\"0 0 []\">Produzido na nossa pr\u00f3pria f\u00e1brica de cer\u00e2mica experiente, oferecemos personaliza\u00e7\u00e3o a granel e disponibilidade global por grosso. Esta jarra de cer\u00e2mica feita \u00e0 m\u00e3o, com a sua delicada forma esf\u00e9rica e o padr\u00e3o floral meticulosamente pintado \u00e0 m\u00e3o, combina um encanto colecion\u00e1vel com uma qualidade duradoura. Os nossos produtos s\u00e3o ideais para marcas de decora\u00e7\u00e3o de interiores, hot\u00e9is, floristas e grossistas de presentes. Contacte-nos para um or\u00e7amento.<\/p>\n<h2>Especifica\u00e7\u00e3o de Vaso floral pintado \u00e0 m\u00e3o a granel<\/h2>\n<table width=\"570\">\n<tbody>\n<tr>\n<td width=\"285\">N\u00famero do modelo<\/td>\n<td width=\"285\">A32591-LC13-A01<\/td>\n<\/tr>\n<tr>\n<td>Nome do produto<\/td>\n<td>Jarra de cer\u00e2mica<\/td>\n<\/tr>\n<tr>\n<td>Cor<\/td>\n<td>Creme<\/td>\n<\/tr>\n<tr>\n<td>Material<\/td>\n<td>Cer\u00e2mica<\/td>\n<\/tr>\n<tr>\n<td>Cen\u00e1rios de utiliza\u00e7\u00e3o<\/td>\n<td>decora\u00e7\u00e3o de casa<\/td>\n<\/tr>\n<tr>\n<td>Dimens\u00f5es<\/td>\n<td>D:20X20cm<\/td>\n<\/tr>\n<tr>\n<td>Peso<\/td>\n<td>1,2 kg\/unidade<\/td>\n<\/tr>\n<\/tbody>\n<\/table>\n<p>\n<script src=\"chrome-extension:\/\/fpelahbljekknahkcaegamhcndkfpfnc\/iFrame.js\" type=\"text\/javascript\"><\/script><\/p>","protected":false},"featured_media":3876,"comment_status":"closed","ping_status":"closed","template":"","meta":{"_acf_changed":false},"product_brand":[],"product_cat":[18,22],"product_tag":[],"class_list":{"0":"post-3862","1":"product","2":"type-product","3":"status-publish","4":"has-post-thumbnail","6":"product_cat-home-decor","7":"product_cat-vase","9":"first","10":"instock","11":"shipping-taxable","12":"product-type-simple"},"acf":[],"_links":{"self":[{"href":"https:\/\/www.santai-ceramics.com\/pt\/wp-json\/wp\/v2\/product\/3862","targetHints":{"allow":["GET"]}}],"collection":[{"href":"https:\/\/www.santai-ceramics.com\/pt\/wp-json\/wp\/v2\/product"}],"about":[{"href":"https:\/\/www.santai-ceramics.com\/pt\/wp-json\/wp\/v2\/types\/product"}],"replies":[{"embeddable":true,"href":"https:\/\/www.santai-ceramics.com\/pt\/wp-json\/wp\/v2\/comments?post=3862"}],"wp:featuredmedia":[{"embeddable":true,"href":"https:\/\/www.santai-ceramics.com\/pt\/wp-json\/wp\/v2\/media\/3876"}],"wp:attachment":[{"href":"https:\/\/www.santai-ceramics.com\/pt\/wp-json\/wp\/v2\/media?parent=3862"}],"wp:term":[{"taxonomy":"product_brand","embeddable":true,"href":"https:\/\/www.santai-ceramics.com\/pt\/wp-json\/wp\/v2\/product_brand?post=3862"},{"taxonomy":"product_cat","embeddable":true,"href":"https:\/\/www.santai-ceramics.com\/pt\/wp-json\/wp\/v2\/product_cat?post=3862"},{"taxonomy":"product_tag","embeddable":true,"href":"https:\/\/www.santai-ceramics.com\/pt\/wp-json\/wp\/v2\/product_tag?post=3862"}],"curies":[{"name":"wp","href":"https:\/\/api.w.org\/{rel}","templated":true}]}}