{"id":3864,"date":"2025-10-21T07:20:48","date_gmt":"2025-10-21T07:20:48","guid":{"rendered":"https:\/\/www.santai-ceramics.com\/?post_type=product&#038;p=3864"},"modified":"2025-10-21T07:24:50","modified_gmt":"2025-10-21T07:24:50","slug":"wholesale-decorative-ceramic-jugs-2","status":"publish","type":"product","link":"https:\/\/www.santai-ceramics.com\/pt\/product\/wholesale-decorative-ceramic-jugs-2\/","title":{"rendered":"Vaso decorativo de jarro de cer\u00e2mica com padr\u00e3o floral por atacado"},"content":{"rendered":"<h3 class=\"wp-block-heading\">Carater\u00edsticas da Jarra de cer\u00e2mica decorativa<\/h3>\n\n\n\n<ul class=\"wp-block-list\">\n<li><strong>Textura de esmalte craquelado:<\/strong> Cada um dos nossos jarros decorativos em cer\u00e2mica apresenta padr\u00f5es \u00fanicos de fissuras naturais e uma suave pintura manual floral azul. As linhas delicadas e os tons subtis criam um requintado encanto vintage.<\/li>\n<\/ul>\n\n\n\n<ul class=\"wp-block-list\">\n<li><strong>Cen\u00e1rio de aplica\u00e7\u00e3o:<\/strong> Dispon\u00edveis em tamanhos grandes, m\u00e9dios e pequenos, s\u00e3o perfeitos para lobbies de hot\u00e9is, quartos de h\u00f3spedes, lojas e expositores de presentes. Adequado para flores frescas ou artificiais, aumentando o valor decorativo e funcional.<\/li>\n<\/ul>\n\n\n\n<ul class=\"wp-block-list\">\n<li><strong>Ideal para:<\/strong> Esta jarra decorativa de cer\u00e2mica foi concebida para marcas de decora\u00e7\u00e3o para casa, floristas, hot\u00e9is e fornecedores de presentes que procuram cer\u00e2micas artesanais \u00fanicas com um fornecimento est\u00e1vel, qualidade consistente e atrativo visual intemporal.<\/li>\n<\/ul>\n\n\n\n<ul class=\"wp-block-list\">\n<li><strong>Capacidade de fornecimento a granel:<\/strong> Apoiada por uma produ\u00e7\u00e3o em grande escala, um controlo de qualidade rigoroso e capacidade OEM\/ODM, assegurando um fornecimento constante, acabamentos duradouros e pre\u00e7os grossistas competitivos para parceiros globais.<\/li>\n<\/ul>\n\n\n\n<h3 class=\"wp-block-heading\">Servi\u00e7o de jarras de cer\u00e2mica decorativas personalizadas<\/h3>\n\n\n\n<p>Oferecemos servi\u00e7os OEM e ODM para os nossos produtos.<br>Entrega r\u00e1pida de amostras est\u00e1 dispon\u00edvel.<br>Oferecemos uma variedade de formas, cores, impress\u00e3o personalizada, embalagem e outros servi\u00e7os adaptados para satisfazer as suas necessidades espec\u00edficas.<\/p>\n\n\n\n<div class=\"wp-block-columns is-layout-flex wp-container-core-columns-is-layout-9d6595d7 wp-block-columns-is-layout-flex\">\n<div class=\"wp-block-column is-layout-flow wp-block-column-is-layout-flow\">\n<figure class=\"wp-block-image size-full\"><img decoding=\"async\" width=\"2123\" height=\"1770\" src=\"https:\/\/www.santai-ceramics.com\/wp-content\/uploads\/2025\/10\/wholesale-decorative-ceramic-jug-vase-9.webp\" alt=\"jarra de cer\u00e2mica decorativa por atacado (9)\" class=\"wp-image-3926\" srcset=\"https:\/\/www.santai-ceramics.com\/wp-content\/uploads\/2025\/10\/wholesale-decorative-ceramic-jug-vase-9.webp 2123w, https:\/\/www.santai-ceramics.com\/wp-content\/uploads\/2025\/10\/wholesale-decorative-ceramic-jug-vase-9-300x250.webp 300w, https:\/\/www.santai-ceramics.com\/wp-content\/uploads\/2025\/10\/wholesale-decorative-ceramic-jug-vase-9-768x640.webp 768w, https:\/\/www.santai-ceramics.com\/wp-content\/uploads\/2025\/10\/wholesale-decorative-ceramic-jug-vase-9-14x12.webp 14w, https:\/\/www.santai-ceramics.com\/wp-content\/uploads\/2025\/10\/wholesale-decorative-ceramic-jug-vase-9-1200x1000.webp 1200w, https:\/\/www.santai-ceramics.com\/wp-content\/uploads\/2025\/10\/wholesale-decorative-ceramic-jug-vase-9-600x500.webp 600w\" sizes=\"(max-width: 2123px) 100vw, 2123px\" \/><\/figure>\n<\/div>\n\n\n\n<div class=\"wp-block-column is-layout-flow wp-block-column-is-layout-flow\">\n<figure class=\"wp-block-image size-full\"><img decoding=\"async\" width=\"3667\" height=\"3056\" src=\"https:\/\/www.santai-ceramics.com\/wp-content\/uploads\/2025\/10\/wholesale-decorative-ceramic-jug-vase-7.webp\" alt=\"jarra de cer\u00e2mica decorativa por atacado (7)\" class=\"wp-image-3924\" srcset=\"https:\/\/www.santai-ceramics.com\/wp-content\/uploads\/2025\/10\/wholesale-decorative-ceramic-jug-vase-7.webp 3667w, https:\/\/www.santai-ceramics.com\/wp-content\/uploads\/2025\/10\/wholesale-decorative-ceramic-jug-vase-7-300x250.webp 300w, https:\/\/www.santai-ceramics.com\/wp-content\/uploads\/2025\/10\/wholesale-decorative-ceramic-jug-vase-7-768x640.webp 768w, https:\/\/www.santai-ceramics.com\/wp-content\/uploads\/2025\/10\/wholesale-decorative-ceramic-jug-vase-7-14x12.webp 14w, https:\/\/www.santai-ceramics.com\/wp-content\/uploads\/2025\/10\/wholesale-decorative-ceramic-jug-vase-7-1200x1000.webp 1200w, https:\/\/www.santai-ceramics.com\/wp-content\/uploads\/2025\/10\/wholesale-decorative-ceramic-jug-vase-7-600x500.webp 600w\" sizes=\"(max-width: 3667px) 100vw, 3667px\" \/><\/figure>\n<\/div>\n<\/div>\n\n\n\n<p><\/p>","protected":false},"excerpt":{"rendered":"<p data-pm-slice=\"0 0 []\">Esta jarra de cer\u00e2mica decorativa por atacado combina o artesanato oriental cl\u00e1ssico com uma est\u00e9tica moderna. Cada pe\u00e7a apresenta texturas naturais de gelo e padr\u00f5es florais azuis pintados \u00e0 m\u00e3o. \u00c9 ideal para <strong data-start=\"405\" data-end=\"458\">decoradores de hot\u00e9is, floristas e distribuidores de presentes<\/strong> que procuram cer\u00e2micas art\u00edsticas, duradouras e coleccion\u00e1veis para exposi\u00e7\u00e3o em interiores de luxo ou para venda a retalho.<\/p>\n<h2>Especifica\u00e7\u00f5es da Jarra de cer\u00e2mica decorativa<\/h2>\n<table width=\"855\">\n<tbody>\n<tr>\n<td width=\"285\">N\u00famero do modelo<\/td>\n<td width=\"285\">A35937-LC13-A01<\/td>\n<td width=\"285\">A35937-LC13-A02<\/td>\n<\/tr>\n<tr>\n<td>Nome do produto<\/td>\n<td>Jarra de cer\u00e2mica<\/td>\n<td>Jarra de cer\u00e2mica<\/td>\n<\/tr>\n<tr>\n<td>Cor<\/td>\n<td>Creme<\/td>\n<td>Creme<\/td>\n<\/tr>\n<tr>\n<td>Material<\/td>\n<td>Cer\u00e2mica<\/td>\n<td>Cer\u00e2mica<\/td>\n<\/tr>\n<tr>\n<td>Cen\u00e1rios de utiliza\u00e7\u00e3o<\/td>\n<td>decora\u00e7\u00e3o de casa<\/td>\n<td>decora\u00e7\u00e3o de casa<\/td>\n<\/tr>\n<tr>\n<td>Dimens\u00f5es<\/td>\n<td>18X17,5X20cm<\/td>\n<td>15X15X16cm<\/td>\n<\/tr>\n<tr>\n<td>Peso<\/td>\n<td>1,1 kg\/unidade<\/td>\n<td>0,8 kg\/unidade<\/td>\n<\/tr>\n<\/tbody>\n<\/table>\n<p>\n<script src=\"chrome-extension:\/\/fpelahbljekknahkcaegamhcndkfpfnc\/iFrame.js\" type=\"text\/javascript\"><\/script><\/p>","protected":false},"featured_media":3920,"comment_status":"closed","ping_status":"closed","template":"","meta":{"_acf_changed":false},"product_brand":[],"product_cat":[18,44,22],"product_tag":[],"class_list":{"0":"post-3864","1":"product","2":"type-product","3":"status-publish","4":"has-post-thumbnail","6":"product_cat-home-decor","7":"product_cat-wholesale-ceramic-jugs","8":"product_cat-vase","10":"first","11":"instock","12":"shipping-taxable","13":"product-type-simple"},"acf":[],"_links":{"self":[{"href":"https:\/\/www.santai-ceramics.com\/pt\/wp-json\/wp\/v2\/product\/3864","targetHints":{"allow":["GET"]}}],"collection":[{"href":"https:\/\/www.santai-ceramics.com\/pt\/wp-json\/wp\/v2\/product"}],"about":[{"href":"https:\/\/www.santai-ceramics.com\/pt\/wp-json\/wp\/v2\/types\/product"}],"replies":[{"embeddable":true,"href":"https:\/\/www.santai-ceramics.com\/pt\/wp-json\/wp\/v2\/comments?post=3864"}],"wp:featuredmedia":[{"embeddable":true,"href":"https:\/\/www.santai-ceramics.com\/pt\/wp-json\/wp\/v2\/media\/3920"}],"wp:attachment":[{"href":"https:\/\/www.santai-ceramics.com\/pt\/wp-json\/wp\/v2\/media?parent=3864"}],"wp:term":[{"taxonomy":"product_brand","embeddable":true,"href":"https:\/\/www.santai-ceramics.com\/pt\/wp-json\/wp\/v2\/product_brand?post=3864"},{"taxonomy":"product_cat","embeddable":true,"href":"https:\/\/www.santai-ceramics.com\/pt\/wp-json\/wp\/v2\/product_cat?post=3864"},{"taxonomy":"product_tag","embeddable":true,"href":"https:\/\/www.santai-ceramics.com\/pt\/wp-json\/wp\/v2\/product_tag?post=3864"}],"curies":[{"name":"wp","href":"https:\/\/api.w.org\/{rel}","templated":true}]}}