{"id":3865,"date":"2025-10-21T07:02:56","date_gmt":"2025-10-21T07:02:56","guid":{"rendered":"https:\/\/www.santai-ceramics.com\/?post_type=product&#038;p=3865"},"modified":"2025-10-21T07:02:57","modified_gmt":"2025-10-21T07:02:57","slug":"wholesale-decor-vase-collection","status":"publish","type":"product","link":"https:\/\/www.santai-ceramics.com\/pt\/product\/wholesale-decor-vase-collection\/","title":{"rendered":"S\u00e9rie de vasos de decora\u00e7\u00e3o por atacado, esmalte craquelado pintado \u00e0 m\u00e3o - Cole\u00e7\u00e3o para hot\u00e9is, floristas e retalhistas de presentes"},"content":{"rendered":"<h3 class=\"wp-block-heading\">Carater\u00edsticas da s\u00e9rie de vasos decorativos em cer\u00e2mica<\/h3>\n\n\n\n<ul class=\"wp-block-list\">\n<li><strong>Est\u00e9tica art\u00edstica:<\/strong> O esmalte natural craquelado encontra delicados motivos florais azuis pintados \u00e0 m\u00e3o, criando uma mistura refinada de eleg\u00e2ncia oriental e minimalismo moderno. A cada jarra de decora\u00e7\u00e3o por atacado foi dada uma textura \u00fanica de craquel\u00e9 que aumenta a profundidade visual e o calor t\u00e1til - perfeita para um estilo de interior de qualidade superior.<\/li>\n<\/ul>\n\n\n\n<ul class=\"wp-block-list\">\n<li><strong>Versatilidade em v\u00e1rias cenas:<\/strong> O nosso vaso de decora\u00e7\u00e3o por atacado est\u00e1 dispon\u00edvel em quatro tamanhos gradientes e formas elegantes. Esta s\u00e9rie adapta-se a diversas aplica\u00e7\u00f5es: \u00e1trios de hot\u00e9is, quartos de h\u00f3spedes, expositores florais, lojas de jardinagem e decora\u00e7\u00f5es de mesa. O seu peso equilibrado garante estabilidade e seguran\u00e7a em espa\u00e7os comerciais.<\/li>\n<\/ul>\n\n\n\n<ul class=\"wp-block-list\">\n<li><strong>Concebido para os compradores profissionais:<\/strong> S\u00e3o perfeitos para fornecedores de hot\u00e9is, decoradores de projectos, grossistas e retalhistas de flores ou presentes que procuram produtos que equilibrem a normaliza\u00e7\u00e3o e a exclusividade. O tom de base marfim assegura a consist\u00eancia visual e est\u00e1 \u00e0 espera de algu\u00e9m que tenha um gosto tranquilo.<\/li>\n<\/ul>\n\n\n\n<ul class=\"wp-block-list\">\n<li><strong>Capacidade de fornecimento a granel:<\/strong> Com o apoio das nossas f\u00e1bricas pr\u00f3prias, podemos produzir vasos a granel com um controlo de qualidade rigoroso. Al\u00e9m disso, a personaliza\u00e7\u00e3o OEM\/ODM pode ser r\u00e1pida e massivamente produzida. <\/li>\n<\/ul>\n\n\n\n<h3 class=\"wp-block-heading\">Servi\u00e7o da s\u00e9rie de vasos decorativos de cer\u00e2mica personalizados<\/h3>\n\n\n\n<p>Oferecemos servi\u00e7os OEM e ODM para os nossos produtos.<br>Entrega r\u00e1pida de amostras est\u00e1 dispon\u00edvel.<br>Oferecemos uma variedade de formas, cores, impress\u00e3o personalizada, embalagem e outros servi\u00e7os adaptados para satisfazer as suas necessidades espec\u00edficas.<\/p>\n\n\n\n<div class=\"wp-block-columns is-layout-flex wp-container-core-columns-is-layout-9d6595d7 wp-block-columns-is-layout-flex\">\n<div class=\"wp-block-column is-layout-flow wp-block-column-is-layout-flow\">\n<figure class=\"wp-block-image size-full\"><img decoding=\"async\" width=\"2311\" height=\"1926\" src=\"https:\/\/www.santai-ceramics.com\/wp-content\/uploads\/2025\/10\/wholesale-decor-vase-crackle-glaze-texture-6.webp\" alt=\"vaso de decora\u00e7\u00e3o por atacado textura de esmalte crepitante (6)\" class=\"wp-image-3955\" srcset=\"https:\/\/www.santai-ceramics.com\/wp-content\/uploads\/2025\/10\/wholesale-decor-vase-crackle-glaze-texture-6.webp 2311w, https:\/\/www.santai-ceramics.com\/wp-content\/uploads\/2025\/10\/wholesale-decor-vase-crackle-glaze-texture-6-300x250.webp 300w, https:\/\/www.santai-ceramics.com\/wp-content\/uploads\/2025\/10\/wholesale-decor-vase-crackle-glaze-texture-6-768x640.webp 768w, https:\/\/www.santai-ceramics.com\/wp-content\/uploads\/2025\/10\/wholesale-decor-vase-crackle-glaze-texture-6-14x12.webp 14w, https:\/\/www.santai-ceramics.com\/wp-content\/uploads\/2025\/10\/wholesale-decor-vase-crackle-glaze-texture-6-1200x1000.webp 1200w, https:\/\/www.santai-ceramics.com\/wp-content\/uploads\/2025\/10\/wholesale-decor-vase-crackle-glaze-texture-6-600x500.webp 600w\" sizes=\"(max-width: 2311px) 100vw, 2311px\" \/><\/figure>\n<\/div>\n\n\n\n<div class=\"wp-block-column is-layout-flow wp-block-column-is-layout-flow\">\n<figure class=\"wp-block-image size-full\"><img decoding=\"async\" width=\"4128\" height=\"3440\" src=\"https:\/\/www.santai-ceramics.com\/wp-content\/uploads\/2025\/10\/wholesale-decor-vase-crackle-glaze-texture-7.webp\" alt=\"vaso de decora\u00e7\u00e3o por atacado textura de esmalte crepitante (7)\" class=\"wp-image-3956\" srcset=\"https:\/\/www.santai-ceramics.com\/wp-content\/uploads\/2025\/10\/wholesale-decor-vase-crackle-glaze-texture-7.webp 4128w, https:\/\/www.santai-ceramics.com\/wp-content\/uploads\/2025\/10\/wholesale-decor-vase-crackle-glaze-texture-7-300x250.webp 300w, https:\/\/www.santai-ceramics.com\/wp-content\/uploads\/2025\/10\/wholesale-decor-vase-crackle-glaze-texture-7-768x640.webp 768w, https:\/\/www.santai-ceramics.com\/wp-content\/uploads\/2025\/10\/wholesale-decor-vase-crackle-glaze-texture-7-14x12.webp 14w, https:\/\/www.santai-ceramics.com\/wp-content\/uploads\/2025\/10\/wholesale-decor-vase-crackle-glaze-texture-7-1200x1000.webp 1200w, https:\/\/www.santai-ceramics.com\/wp-content\/uploads\/2025\/10\/wholesale-decor-vase-crackle-glaze-texture-7-600x500.webp 600w\" sizes=\"(max-width: 4128px) 100vw, 4128px\" \/><\/figure>\n<\/div>\n<\/div>\n\n\n\n<p><\/p>","protected":false},"excerpt":{"rendered":"<p data-pm-slice=\"0 0 []\">Cole\u00e7\u00e3o de jarras decorativas por atacado. Combina esmalte crepitante, motivos florais pintados \u00e0 m\u00e3o e formas gradientes elegantes concebidas para <strong data-start=\"409\" data-end=\"467\">hot\u00e9is de luxo, floristas, grossistas e marcas de decora\u00e7\u00e3o<\/strong>. Dispon\u00edvel em v\u00e1rios tamanhos e formas, adapta-se \u00e0s necessidades dos comerciantes globais de cer\u00e2mica e a diversos ambientes, oferecendo beleza decorativa e fun\u00e7\u00e3o pr\u00e1tica. Ideal para compradores que procuram um trabalho artesanal intemporal com valor comercial escal\u00e1vel.<\/p>\n<h2>Especifica\u00e7\u00e3o da s\u00e9rie de vasos decorativos de cer\u00e2mica<\/h2>\n<table width=\"1425\">\n<tbody>\n<tr>\n<td width=\"285\">N\u00famero do modelo<\/td>\n<td width=\"285\">A37111-LC13-A01<\/td>\n<td width=\"285\">A37111-LC13-A02<\/td>\n<td width=\"285\">A37111-LC13-A03<\/td>\n<td width=\"285\">A37112-LC13-A01<\/td>\n<\/tr>\n<tr>\n<td>Nome do produto<\/td>\n<td>Jarra de cer\u00e2mica<\/td>\n<td>Jarra de cer\u00e2mica<\/td>\n<td>Jarra de cer\u00e2mica<\/td>\n<td>Jarra de cer\u00e2mica<\/td>\n<\/tr>\n<tr>\n<td>Cor<\/td>\n<td>Creme<\/td>\n<td>Creme<\/td>\n<td>Creme<\/td>\n<td>Creme<\/td>\n<\/tr>\n<tr>\n<td>Material<\/td>\n<td>Cer\u00e2mica<\/td>\n<td>Cer\u00e2mica<\/td>\n<td>Cer\u00e2mica<\/td>\n<td>Cer\u00e2mica<\/td>\n<\/tr>\n<tr>\n<td>Cen\u00e1rios de utiliza\u00e7\u00e3o<\/td>\n<td>decora\u00e7\u00e3o de casa<\/td>\n<td>decora\u00e7\u00e3o de casa<\/td>\n<td>decora\u00e7\u00e3o de casa<\/td>\n<td>decora\u00e7\u00e3o de casa<\/td>\n<\/tr>\n<tr>\n<td>Dimens\u00f5es<\/td>\n<td>D:12,5X29cm<\/td>\n<td>D:10,5X24,5cm<\/td>\n<td>D:8X19,5cm<\/td>\n<td>D:8,5X14,5cm<\/td>\n<\/tr>\n<tr>\n<td>Peso<\/td>\n<td>1,1 kg\/unidade<\/td>\n<td>0,7 kg\/unidade<\/td>\n<td>0,5 kg\/unidade<\/td>\n<td>0,4 kg\/unidade<\/td>\n<\/tr>\n<\/tbody>\n<\/table>\n<p>\n<script src=\"chrome-extension:\/\/fpelahbljekknahkcaegamhcndkfpfnc\/iFrame.js\" type=\"text\/javascript\"><\/script><\/p>","protected":false},"featured_media":3952,"comment_status":"closed","ping_status":"closed","template":"","meta":{"_acf_changed":false},"product_brand":[],"product_cat":[18,25],"product_tag":[],"class_list":{"0":"post-3865","1":"product","2":"type-product","3":"status-publish","4":"has-post-thumbnail","6":"product_cat-home-decor","7":"product_cat-animal-ornaments","9":"first","10":"instock","11":"shipping-taxable","12":"product-type-simple"},"acf":[],"_links":{"self":[{"href":"https:\/\/www.santai-ceramics.com\/pt\/wp-json\/wp\/v2\/product\/3865","targetHints":{"allow":["GET"]}}],"collection":[{"href":"https:\/\/www.santai-ceramics.com\/pt\/wp-json\/wp\/v2\/product"}],"about":[{"href":"https:\/\/www.santai-ceramics.com\/pt\/wp-json\/wp\/v2\/types\/product"}],"replies":[{"embeddable":true,"href":"https:\/\/www.santai-ceramics.com\/pt\/wp-json\/wp\/v2\/comments?post=3865"}],"wp:featuredmedia":[{"embeddable":true,"href":"https:\/\/www.santai-ceramics.com\/pt\/wp-json\/wp\/v2\/media\/3952"}],"wp:attachment":[{"href":"https:\/\/www.santai-ceramics.com\/pt\/wp-json\/wp\/v2\/media?parent=3865"}],"wp:term":[{"taxonomy":"product_brand","embeddable":true,"href":"https:\/\/www.santai-ceramics.com\/pt\/wp-json\/wp\/v2\/product_brand?post=3865"},{"taxonomy":"product_cat","embeddable":true,"href":"https:\/\/www.santai-ceramics.com\/pt\/wp-json\/wp\/v2\/product_cat?post=3865"},{"taxonomy":"product_tag","embeddable":true,"href":"https:\/\/www.santai-ceramics.com\/pt\/wp-json\/wp\/v2\/product_tag?post=3865"}],"curies":[{"name":"wp","href":"https:\/\/api.w.org\/{rel}","templated":true}]}}