{"id":4059,"date":"2025-12-08T09:08:53","date_gmt":"2025-12-08T09:08:53","guid":{"rendered":"https:\/\/www.santai-ceramics.com\/?post_type=product&#038;p=4059"},"modified":"2025-12-08T09:08:58","modified_gmt":"2025-12-08T09:08:58","slug":"wholesale-decorative-vase-series-fiber-cement-handcrafted-elegance-for-hotels-florists-gift-retailers","status":"publish","type":"product","link":"https:\/\/www.santai-ceramics.com\/pt\/product\/wholesale-decorative-vase-series-fiber-cement-handcrafted-elegance-for-hotels-florists-gift-retailers\/","title":{"rendered":"S\u00e9rie de vasos decorativos por atacado, cimento de fibra - Eleg\u00e2ncia artesanal para hot\u00e9is, floristas e retalhistas de presentes"},"content":{"rendered":"<h3 class=\"wp-block-heading\">Carater\u00edsticas da s\u00e9rie de plantadores de fibrocimento<\/h3>\n\n\n\n<ul class=\"wp-block-list\">\n<li><strong>Textura art\u00edstica e design:<\/strong> Azul \u00fanico, natural em cada vaso decorativo por atacado. <\/li>\n<\/ul>\n\n\n\n<ul class=\"wp-block-list\">\n<li><strong>Aplica\u00e7\u00e3o vers\u00e1til:<\/strong> Dispon\u00edvel em tamanhos grande, m\u00e9dio e pequeno, perfeito para lobbies de hot\u00e9is, quartos, lojas, decora\u00e7\u00e3o de casa ou decora\u00e7\u00e3o de jardim. Adapta-se a flores frescas e artificiais.<\/li>\n<\/ul>\n\n\n\n<ul class=\"wp-block-list\">\n<li><strong>Ideal para:<\/strong> O nosso vaso decorativo por atacado \u00e9 adequado para marcas de decora\u00e7\u00e3o para casa, floristas e grossistas de presentes que procuram cer\u00e2micas de estilo vintage com qualidade consistente e charme artesanal \u00fanico.<\/li>\n<\/ul>\n\n\n\n<ul class=\"wp-block-list\">\n<li><strong>Capacidade de fornecimento:<\/strong> Apoiado pela forte capacidade de produ\u00e7\u00e3o e rigoroso QC da nossa f\u00e1brica auto-possu\u00edda, fornecimento constante, acabamento dur\u00e1vel e pre\u00e7os competitivos por atacado de nossos vasos e plantadores por atacado podem ser garantidos.<\/li>\n<\/ul>\n\n\n\n<h3 class=\"wp-block-heading\">Servi\u00e7o da s\u00e9rie de plantadores de fibrocimento personalizados<\/h3>\n\n\n\n<p>Oferecemos servi\u00e7os OEM e ODM para os nossos produtos.<br>Entrega r\u00e1pida de amostras est\u00e1 dispon\u00edvel.<br>Oferecemos uma variedade de formas, cores, impress\u00e3o personalizada, embalagem e outros servi\u00e7os adaptados para satisfazer as suas necessidades espec\u00edficas.<\/p>\n\n\n\n<div class=\"wp-block-columns is-layout-flex wp-container-core-columns-is-layout-9d6595d7 wp-block-columns-is-layout-flex\">\n<div class=\"wp-block-column is-layout-flow wp-block-column-is-layout-flow\">\n<figure class=\"wp-block-image size-full\"><img decoding=\"async\" width=\"2897\" height=\"2415\" src=\"https:\/\/www.santai-ceramics.com\/wp-content\/uploads\/2025\/12\/J37149-H940-A02-03-2_2_11zon.jpg\" alt=\"\" class=\"wp-image-4098\" srcset=\"https:\/\/www.santai-ceramics.com\/wp-content\/uploads\/2025\/12\/J37149-H940-A02-03-2_2_11zon.jpg 2897w, https:\/\/www.santai-ceramics.com\/wp-content\/uploads\/2025\/12\/J37149-H940-A02-03-2_2_11zon-300x250.jpg 300w, https:\/\/www.santai-ceramics.com\/wp-content\/uploads\/2025\/12\/J37149-H940-A02-03-2_2_11zon-768x640.jpg 768w, https:\/\/www.santai-ceramics.com\/wp-content\/uploads\/2025\/12\/J37149-H940-A02-03-2_2_11zon-14x12.jpg 14w, https:\/\/www.santai-ceramics.com\/wp-content\/uploads\/2025\/12\/J37149-H940-A02-03-2_2_11zon-1200x1000.jpg 1200w, https:\/\/www.santai-ceramics.com\/wp-content\/uploads\/2025\/12\/J37149-H940-A02-03-2_2_11zon-600x500.jpg 600w\" sizes=\"(max-width: 2897px) 100vw, 2897px\" \/><\/figure>\n<\/div>\n\n\n\n<div class=\"wp-block-column is-layout-flow wp-block-column-is-layout-flow\">\n<figure class=\"wp-block-image size-full\"><img decoding=\"async\" width=\"2821\" height=\"2351\" src=\"https:\/\/www.santai-ceramics.com\/wp-content\/uploads\/2025\/12\/J37149-H940-A02-03-3_3_11zon.jpg\" alt=\"\" class=\"wp-image-4099\" srcset=\"https:\/\/www.santai-ceramics.com\/wp-content\/uploads\/2025\/12\/J37149-H940-A02-03-3_3_11zon.jpg 2821w, https:\/\/www.santai-ceramics.com\/wp-content\/uploads\/2025\/12\/J37149-H940-A02-03-3_3_11zon-300x250.jpg 300w, https:\/\/www.santai-ceramics.com\/wp-content\/uploads\/2025\/12\/J37149-H940-A02-03-3_3_11zon-768x640.jpg 768w, https:\/\/www.santai-ceramics.com\/wp-content\/uploads\/2025\/12\/J37149-H940-A02-03-3_3_11zon-14x12.jpg 14w, https:\/\/www.santai-ceramics.com\/wp-content\/uploads\/2025\/12\/J37149-H940-A02-03-3_3_11zon-1200x1000.jpg 1200w, https:\/\/www.santai-ceramics.com\/wp-content\/uploads\/2025\/12\/J37149-H940-A02-03-3_3_11zon-600x500.jpg 600w\" sizes=\"(max-width: 2821px) 100vw, 2821px\" \/><\/figure>\n<\/div>\n<\/div>\n\n\n\n<p><\/p>","protected":false},"excerpt":{"rendered":"<p data-pm-slice=\"0 0 []\">A nossa s\u00e9rie de vasos decorativos por atacado combina textura natural, arte floral pintada \u00e0 m\u00e3o e esmalte liso de alto brilho. Concebida para <strong data-start=\"295\" data-end=\"345\">decoradores de hot\u00e9is, floristas e fornecedores de presentes<\/strong>O seu design, que equilibra a beleza oriental cl\u00e1ssica com o estilo vintage moderno, \u00e9 ideal para uma exposi\u00e7\u00e3o em grande escala ou para uma oferta de luxo.<\/p>\n<h2>Especifica\u00e7\u00e3o da s\u00e9rie de vasos de cer\u00e2mica<\/h2>\n<table width=\"855\">\n<tbody>\n<tr>\n<td width=\"285\">N\u00famero do modelo<\/td>\n<td width=\"285\">J37149-H940-A02<\/td>\n<td width=\"285\">J37149-H940-A03<\/td>\n<\/tr>\n<tr>\n<td>Nome do produto<\/td>\n<td>Plantador de cimento de fibra<\/td>\n<td>Plantador de cimento de fibra<\/td>\n<\/tr>\n<tr>\n<td>Cor<\/td>\n<td>Azul antigo<\/td>\n<td>Azul antigo<\/td>\n<\/tr>\n<tr>\n<td>Material<\/td>\n<td>Fibra de cimento\u00a0<\/td>\n<td>Fibra de cimento\u00a0<\/td>\n<\/tr>\n<tr>\n<td>Cen\u00e1rios de utiliza\u00e7\u00e3o<\/td>\n<td>decora\u00e7\u00e3o para casa e jardim<\/td>\n<td>decora\u00e7\u00e3o para casa e jardim<\/td>\n<\/tr>\n<tr>\n<td>Dimens\u00f5es<\/td>\n<td>D:32X35,5cm<\/td>\n<td>D:24,5X28cm<\/td>\n<\/tr>\n<tr>\n<td>Peso<\/td>\n<td>5,9 kg\/unidade<\/td>\n<td>4kg\/pc<\/td>\n<\/tr>\n<\/tbody>\n<\/table>","protected":false},"featured_media":4099,"comment_status":"closed","ping_status":"closed","template":"","meta":{"_acf_changed":false},"product_brand":[],"product_cat":[18,22],"product_tag":[],"class_list":{"0":"post-4059","1":"product","2":"type-product","3":"status-publish","4":"has-post-thumbnail","6":"product_cat-home-decor","7":"product_cat-vase","9":"first","10":"instock","11":"shipping-taxable","12":"product-type-simple"},"acf":[],"_links":{"self":[{"href":"https:\/\/www.santai-ceramics.com\/pt\/wp-json\/wp\/v2\/product\/4059","targetHints":{"allow":["GET"]}}],"collection":[{"href":"https:\/\/www.santai-ceramics.com\/pt\/wp-json\/wp\/v2\/product"}],"about":[{"href":"https:\/\/www.santai-ceramics.com\/pt\/wp-json\/wp\/v2\/types\/product"}],"replies":[{"embeddable":true,"href":"https:\/\/www.santai-ceramics.com\/pt\/wp-json\/wp\/v2\/comments?post=4059"}],"wp:featuredmedia":[{"embeddable":true,"href":"https:\/\/www.santai-ceramics.com\/pt\/wp-json\/wp\/v2\/media\/4099"}],"wp:attachment":[{"href":"https:\/\/www.santai-ceramics.com\/pt\/wp-json\/wp\/v2\/media?parent=4059"}],"wp:term":[{"taxonomy":"product_brand","embeddable":true,"href":"https:\/\/www.santai-ceramics.com\/pt\/wp-json\/wp\/v2\/product_brand?post=4059"},{"taxonomy":"product_cat","embeddable":true,"href":"https:\/\/www.santai-ceramics.com\/pt\/wp-json\/wp\/v2\/product_cat?post=4059"},{"taxonomy":"product_tag","embeddable":true,"href":"https:\/\/www.santai-ceramics.com\/pt\/wp-json\/wp\/v2\/product_tag?post=4059"}],"curies":[{"name":"wp","href":"https:\/\/api.w.org\/{rel}","templated":true}]}}