{"id":4224,"date":"2026-03-12T08:49:46","date_gmt":"2026-03-12T08:49:46","guid":{"rendered":"https:\/\/www.santai-ceramics.com\/?post_type=product&#038;p=4224"},"modified":"2026-03-12T08:49:48","modified_gmt":"2026-03-12T08:49:48","slug":"wholesale-terra-cotta-plant-vases-vertical-textures-natural-patina-3","status":"publish","type":"product","link":"https:\/\/www.santai-ceramics.com\/pt\/product\/wholesale-terra-cotta-plant-vases-vertical-textures-natural-patina-3\/","title":{"rendered":"Wholesale Terra Cotta Plant Vases &#8211; Vertical Textures &amp; Natural Patina"},"content":{"rendered":"<h3 class=\"wp-block-heading\">Features of\u00a0Terra Cotta Plant Vases &#8211; Vertical Textures &amp; Natural Patina<\/h3>\n\n\n\n<ul class=\"wp-block-list\">\n<li><strong>Textura crua e terrosa<\/strong>: Fabricados principalmente em terracota, com alguns vasos com um acabamento semelhante ao cimento, estes vasos conservam as marcas naturais do artesanato. A superf\u00edcie \u00e9 granulada, \u00e1spera ao toque e apresenta fissuras subtis ou efeitos mate que transmitem uma autenticidade \"indom\u00e1vel\".<\/li>\n<\/ul>\n\n\n\n<ul class=\"wp-block-list\">\n<li><strong>P\u00e1tina natural e efeito de envelhecimento<\/strong>: As jardineiras t\u00eam uma base cinzenta clara, esbranqui\u00e7ada e cinzenta-branca, acentuada por manchas aleat\u00f3rias de castanho claro e castanho alaranjado, simulando o aspeto envelhecido de objectos gastos pelo tempo. Algumas \u00e1reas exp\u00f5em a cor natural da argila, mantendo a textura crua da terracota e reflectindo um \"toque vintage\".<\/li>\n<\/ul>\n\n\n\n<ul class=\"wp-block-list\">\n<li><strong>Textura vertical para profundidade e contraste<\/strong>: As jardineiras s\u00e3o ornamentadas com ranhuras ou riscas verticais, que refor\u00e7am a sua tridimensionalidade e qualidade t\u00e1til. Algumas apresentam uma textura que se assemelha ao bet\u00e3o moldado, acrescentando uma impress\u00e3o \"feita \u00e0 m\u00e3o\". As ranhuras n\u00e3o s\u00f3 chamam a aten\u00e7\u00e3o como tamb\u00e9m interagem com a luz para criar sombras vivas que real\u00e7am a textura.<\/li>\n<\/ul>\n\n\n\n<h3 class=\"wp-block-heading\">Custom Terra Cotta Plant Vase Service<\/h3>\n\n\n\n<p>Oferecemos servi\u00e7os OEM e ODM para os nossos produtos.<br>Entrega r\u00e1pida de amostras est\u00e1 dispon\u00edvel.<br>Oferecemos uma variedade de formas, cores, impress\u00e3o personalizada, embalagem e outros servi\u00e7os adaptados para satisfazer as suas necessidades espec\u00edficas.<br><a href=\"https:\/\/www.santai-ceramics.com\/pt\/custom\/\" data-type=\"page\" data-id=\"13\" target=\"_blank\" rel=\"noreferrer noopener\"><strong><b>Saiba mais sobre personaliza\u00e7\u00e3o<\/b> ceramic plant vase details.<\/strong><\/a><\/p>\n\n\n\n<div class=\"wp-block-columns is-layout-flex wp-container-core-columns-is-layout-9d6595d7 wp-block-columns-is-layout-flex\">\n<div class=\"wp-block-column is-layout-flow wp-block-column-is-layout-flow\">\n<figure class=\"wp-block-image size-full\"><img decoding=\"async\" width=\"3313\" height=\"3313\" src=\"https:\/\/www.santai-ceramics.com\/wp-content\/uploads\/2026\/03\/DSC00632_7_11zon.jpg\" alt=\"\" class=\"wp-image-4192\" srcset=\"https:\/\/www.santai-ceramics.com\/wp-content\/uploads\/2026\/03\/DSC00632_7_11zon.jpg 3313w, https:\/\/www.santai-ceramics.com\/wp-content\/uploads\/2026\/03\/DSC00632_7_11zon-300x300.jpg 300w, https:\/\/www.santai-ceramics.com\/wp-content\/uploads\/2026\/03\/DSC00632_7_11zon-150x150.jpg 150w, https:\/\/www.santai-ceramics.com\/wp-content\/uploads\/2026\/03\/DSC00632_7_11zon-768x768.jpg 768w, https:\/\/www.santai-ceramics.com\/wp-content\/uploads\/2026\/03\/DSC00632_7_11zon-12x12.jpg 12w, https:\/\/www.santai-ceramics.com\/wp-content\/uploads\/2026\/03\/DSC00632_7_11zon-1200x1200.jpg 1200w, https:\/\/www.santai-ceramics.com\/wp-content\/uploads\/2026\/03\/DSC00632_7_11zon-600x600.jpg 600w, https:\/\/www.santai-ceramics.com\/wp-content\/uploads\/2026\/03\/DSC00632_7_11zon-100x100.jpg 100w\" sizes=\"(max-width: 3313px) 100vw, 3313px\" \/><\/figure>\n<\/div>\n\n\n\n<div class=\"wp-block-column is-layout-flow wp-block-column-is-layout-flow\">\n<figure class=\"wp-block-image size-full\"><img decoding=\"async\" width=\"2096\" height=\"2096\" src=\"https:\/\/www.santai-ceramics.com\/wp-content\/uploads\/2026\/03\/DSC00631_6_11zon.jpg\" alt=\"\" class=\"wp-image-4191\" srcset=\"https:\/\/www.santai-ceramics.com\/wp-content\/uploads\/2026\/03\/DSC00631_6_11zon.jpg 2096w, https:\/\/www.santai-ceramics.com\/wp-content\/uploads\/2026\/03\/DSC00631_6_11zon-300x300.jpg 300w, https:\/\/www.santai-ceramics.com\/wp-content\/uploads\/2026\/03\/DSC00631_6_11zon-150x150.jpg 150w, https:\/\/www.santai-ceramics.com\/wp-content\/uploads\/2026\/03\/DSC00631_6_11zon-768x768.jpg 768w, https:\/\/www.santai-ceramics.com\/wp-content\/uploads\/2026\/03\/DSC00631_6_11zon-12x12.jpg 12w, https:\/\/www.santai-ceramics.com\/wp-content\/uploads\/2026\/03\/DSC00631_6_11zon-1200x1200.jpg 1200w, https:\/\/www.santai-ceramics.com\/wp-content\/uploads\/2026\/03\/DSC00631_6_11zon-600x600.jpg 600w, https:\/\/www.santai-ceramics.com\/wp-content\/uploads\/2026\/03\/DSC00631_6_11zon-100x100.jpg 100w\" sizes=\"(max-width: 2096px) 100vw, 2096px\" \/><\/figure>\n<\/div>\n<\/div>","protected":false},"excerpt":{"rendered":"<p data-pm-slice=\"0 0 []\">These wholesale terra cotta plant vases feature a rustic, raw finish with natural handcrafted marks, creating a timeless look. The subtle blend of earthy tones and vertical textures makes them a perfect addition to any space, combining functionality with artisanal charm.<\/p>\n<h2>Specification of\u00a0 Terra Cotta Plant Vases &#8211; Vertical Textures &amp; Natural Patina<\/h2>\n<table width=\"855\">\n<tbody>\n<tr>\n<td width=\"285\">N\u00famero do modelo<\/td>\n<td width=\"285\">G37815-H885-A01<\/td>\n<td width=\"285\">G37815-H885-A02<\/td>\n<\/tr>\n<tr>\n<td>Nome do produto<\/td>\n<td>Pote de terracota<\/td>\n<td>Pote de terracota<\/td>\n<\/tr>\n<tr>\n<td>Cor<\/td>\n<td>Terroso antigo<\/td>\n<td>Terroso antigo<\/td>\n<\/tr>\n<tr>\n<td>Material<\/td>\n<td>Terracota\u00a0<\/td>\n<td>Terracota\u00a0<\/td>\n<\/tr>\n<tr>\n<td>Cen\u00e1rios de utiliza\u00e7\u00e3o<\/td>\n<td>decora\u00e7\u00e3o para casa e jardim<\/td>\n<td>decora\u00e7\u00e3o para casa e jardim<\/td>\n<\/tr>\n<tr>\n<td>Dimens\u00f5es<\/td>\n<td>D:27X32.5cm<\/td>\n<td>D:22X27cm<\/td>\n<\/tr>\n<tr>\n<td>Peso<\/td>\n<td>5kg\/pc<\/td>\n<td>3.5kg\/pc<\/td>\n<\/tr>\n<\/tbody>\n<\/table>","protected":false},"featured_media":4188,"comment_status":"closed","ping_status":"closed","template":"","meta":{"_acf_changed":false},"product_brand":[],"product_cat":[18,21,22],"product_tag":[],"class_list":{"0":"post-4224","1":"product","2":"type-product","3":"status-publish","4":"has-post-thumbnail","6":"product_cat-home-decor","7":"product_cat-garden-decor","8":"product_cat-vase","10":"first","11":"instock","12":"shipping-taxable","13":"product-type-simple"},"acf":[],"_links":{"self":[{"href":"https:\/\/www.santai-ceramics.com\/pt\/wp-json\/wp\/v2\/product\/4224","targetHints":{"allow":["GET"]}}],"collection":[{"href":"https:\/\/www.santai-ceramics.com\/pt\/wp-json\/wp\/v2\/product"}],"about":[{"href":"https:\/\/www.santai-ceramics.com\/pt\/wp-json\/wp\/v2\/types\/product"}],"replies":[{"embeddable":true,"href":"https:\/\/www.santai-ceramics.com\/pt\/wp-json\/wp\/v2\/comments?post=4224"}],"wp:featuredmedia":[{"embeddable":true,"href":"https:\/\/www.santai-ceramics.com\/pt\/wp-json\/wp\/v2\/media\/4188"}],"wp:attachment":[{"href":"https:\/\/www.santai-ceramics.com\/pt\/wp-json\/wp\/v2\/media?parent=4224"}],"wp:term":[{"taxonomy":"product_brand","embeddable":true,"href":"https:\/\/www.santai-ceramics.com\/pt\/wp-json\/wp\/v2\/product_brand?post=4224"},{"taxonomy":"product_cat","embeddable":true,"href":"https:\/\/www.santai-ceramics.com\/pt\/wp-json\/wp\/v2\/product_cat?post=4224"},{"taxonomy":"product_tag","embeddable":true,"href":"https:\/\/www.santai-ceramics.com\/pt\/wp-json\/wp\/v2\/product_tag?post=4224"}],"curies":[{"name":"wp","href":"https:\/\/api.w.org\/{rel}","templated":true}]}}