{"id":677,"date":"2024-10-14T07:52:15","date_gmt":"2024-10-14T07:52:15","guid":{"rendered":"https:\/\/www.santai-ceramics.com\/?post_type=product&#038;p=677"},"modified":"2025-06-08T15:24:43","modified_gmt":"2025-06-08T15:24:43","slug":"wholesale-classical-ceramic-flower-pots","status":"publish","type":"product","link":"https:\/\/www.santai-ceramics.com\/pt\/product\/wholesale-classical-ceramic-flower-pots\/","title":{"rendered":"Vasos de flores de cer\u00e2mica cl\u00e1ssica por atacado com design vintage e acabamento antigo para decora\u00e7\u00e3o de jardins interiores e exteriores"},"content":{"rendered":"<h3 class=\"wp-block-heading\">Par\u00e2metros do vaso de flores cl\u00e1ssico em cer\u00e2mica<\/h3>\n\n\n\n<figure class=\"wp-block-table\"><table class=\"has-fixed-layout\"><tbody><tr><td>Modelo<\/td><td>Nome do produto<\/td><td>Cor<\/td><td>Material<\/td><td>Utiliza\u00e7\u00f5es<\/td><td>Dimens\u00f5es<\/td><td>Peso<\/td><\/tr><tr><td>G33514-H856-A01<\/td><td>Pote de cer\u00e2mica com acabamento antigo<\/td><td>Castanho antigo<\/td><td>Terracota<\/td><td>decora\u00e7\u00e3o de casa,decora\u00e7\u00e3o de jardim<\/td><td>D:21X17<\/td><td>2,2 kg\/unidade<\/td><\/tr><tr><td>G33514-H856-A02<\/td><td>Pote de cer\u00e2mica com acabamento antigo<\/td><td>Castanho antigo<\/td><td>Terracota<\/td><td>decora\u00e7\u00e3o de casa,decora\u00e7\u00e3o de jardim<\/td><td>D:17X13.5<\/td><td>1,4 kg\/unidade<\/td><\/tr><tr><td>G33514-H856-A03<\/td><td>Pote de cer\u00e2mica com acabamento antigo<\/td><td>Castanho antigo<\/td><td>Terracota<\/td><td>decora\u00e7\u00e3o de casa,decora\u00e7\u00e3o de jardim<\/td><td>D:13,5X11<\/td><td>0,9 kg\/unidade<\/td><\/tr><\/tbody><\/table><\/figure>\n\n\n\n<h3 class=\"wp-block-heading\">Servi\u00e7o de vaso de flores em cer\u00e2mica cl\u00e1ssica personalizada<\/h3>\n\n\n\n<p>Oferecemos servi\u00e7os OEM e ODM para os nossos produtos.<br>Entrega r\u00e1pida de amostras est\u00e1 dispon\u00edvel.<br>Fornecemos uma variedade de formas, cores, impress\u00e3o personalizada, embalagens e outros servi\u00e7os personalizados para satisfazer as suas necessidades.<br><strong><a href=\"https:\/\/www.santai-ceramics.com\/pt\/custom\/\" data-type=\"page\" data-id=\"13\" target=\"_blank\" rel=\"noreferrer noopener\">Saiba mais sobre os detalhes dos vasos de flores personalizados.<\/a><\/strong><\/p>\n\n\n\n<div class=\"wp-block-columns is-layout-flex wp-container-core-columns-is-layout-9d6595d7 wp-block-columns-is-layout-flex\">\n<div class=\"wp-block-column is-layout-flow wp-block-column-is-layout-flow\">\n<figure class=\"wp-block-image size-full\"><img decoding=\"async\" width=\"2620\" height=\"2620\" src=\"https:\/\/www.santai-ceramics.com\/wp-content\/uploads\/2024\/10\/wholesale-retro-flower-pots-3.webp\" alt=\"vasos de flores retro por atacado (3)\" class=\"wp-image-680\" srcset=\"https:\/\/www.santai-ceramics.com\/wp-content\/uploads\/2024\/10\/wholesale-retro-flower-pots-3.webp 2620w, https:\/\/www.santai-ceramics.com\/wp-content\/uploads\/2024\/10\/wholesale-retro-flower-pots-3-300x300.webp 300w, https:\/\/www.santai-ceramics.com\/wp-content\/uploads\/2024\/10\/wholesale-retro-flower-pots-3-150x150.webp 150w, https:\/\/www.santai-ceramics.com\/wp-content\/uploads\/2024\/10\/wholesale-retro-flower-pots-3-768x768.webp 768w, https:\/\/www.santai-ceramics.com\/wp-content\/uploads\/2024\/10\/wholesale-retro-flower-pots-3-1200x1200.webp 1200w, https:\/\/www.santai-ceramics.com\/wp-content\/uploads\/2024\/10\/wholesale-retro-flower-pots-3-600x600.webp 600w, https:\/\/www.santai-ceramics.com\/wp-content\/uploads\/2024\/10\/wholesale-retro-flower-pots-3-100x100.webp 100w\" sizes=\"(max-width: 2620px) 100vw, 2620px\" \/><\/figure>\n<\/div>\n\n\n\n<div class=\"wp-block-column is-layout-flow wp-block-column-is-layout-flow\">\n<figure class=\"wp-block-image size-full\"><img decoding=\"async\" width=\"3130\" height=\"3130\" src=\"https:\/\/www.santai-ceramics.com\/wp-content\/uploads\/2024\/10\/wholesale-retro-flower-pots-2.webp\" alt=\"vasos de flores retro por atacado (2)\" class=\"wp-image-679\" srcset=\"https:\/\/www.santai-ceramics.com\/wp-content\/uploads\/2024\/10\/wholesale-retro-flower-pots-2.webp 3130w, https:\/\/www.santai-ceramics.com\/wp-content\/uploads\/2024\/10\/wholesale-retro-flower-pots-2-300x300.webp 300w, https:\/\/www.santai-ceramics.com\/wp-content\/uploads\/2024\/10\/wholesale-retro-flower-pots-2-150x150.webp 150w, https:\/\/www.santai-ceramics.com\/wp-content\/uploads\/2024\/10\/wholesale-retro-flower-pots-2-768x768.webp 768w, https:\/\/www.santai-ceramics.com\/wp-content\/uploads\/2024\/10\/wholesale-retro-flower-pots-2-1200x1200.webp 1200w, https:\/\/www.santai-ceramics.com\/wp-content\/uploads\/2024\/10\/wholesale-retro-flower-pots-2-600x600.webp 600w, https:\/\/www.santai-ceramics.com\/wp-content\/uploads\/2024\/10\/wholesale-retro-flower-pots-2-100x100.webp 100w\" sizes=\"(max-width: 3130px) 100vw, 3130px\" \/><\/figure>\n<\/div>\n<\/div>","protected":false},"excerpt":{"rendered":"<p>Vasos de flores vintage por atacado, com design cl\u00e1ssico e artesanato antigo, adequados para decora\u00e7\u00e3o de jardins internos e externos, bonitos e pr\u00e1ticos, para atender a todos os tipos de necessidades de jardinagem e decora\u00e7\u00e3o de casa. Os fabricantes de cer\u00e2mica SANTAI fornecem-lhe uma solu\u00e7\u00e3o \u00fanica, bem-vindos compradores B2B para nos contactar para compra.<\/p>\n<h2>Carater\u00edsticas do vaso de flores antigo Mgo<\/h2>\n<p><strong>Descri\u00e7\u00e3o do produto Estilo cl\u00e1ssico<\/strong>: Os padr\u00f5es em relevo requintadamente esculpidos na superf\u00edcie do vaso de flores conferem um encanto antigo e cl\u00e1ssico que pode evocar uma atmosfera de arte para utiliza\u00e7\u00e3o no p\u00e1tio ou na decora\u00e7\u00e3o de interiores. \u00c9 bastante adequado para combinar com muitos espa\u00e7os de estilos diferentes.<\/p>\n<p><strong>Dur\u00e1vel e s\u00f3lido<\/strong>O interior est\u00e1 equipado com material de qualidade e a textura da superf\u00edcie \u00e9 de pedra de estilo antigo, muito agrad\u00e1vel, com boa resist\u00eancia \u00e0s intemp\u00e9ries; pode ser utilizado no exterior ou no interior durante muito tempo.<\/p>\n<p><strong>Design espesso<\/strong>A parede espessa do vaso proporciona um suporte est\u00e1vel para evitar as pontas, adequado para plantar plantas grandes ou com ra\u00edzes profundas.<\/p>\n<p><strong>Versatilidade<\/strong>: N\u00e3o s\u00f3 \u00e9 adequado para ser utilizado como vaso de flores, como tamb\u00e9m \u00e9 um bom recipiente de armazenamento decorativo para diferentes situa\u00e7\u00f5es em locais como a varanda, o jardim e a sala de estar.<\/p>\n<p><strong>Efeito angustiado \u00fanico<\/strong>: A superf\u00edcie tem um efeito antigo; o estilo retro exala uma beleza natural e incisiva.<\/p>","protected":false},"featured_media":678,"comment_status":"closed","ping_status":"closed","template":"","meta":{"_acf_changed":false},"product_brand":[],"product_cat":[23,42,21,18],"product_tag":[38],"class_list":{"0":"post-677","1":"product","2":"type-product","3":"status-publish","4":"has-post-thumbnail","6":"product_cat-ceramic-pots-planters","7":"product_cat-wholesale-ceramic-plant-pots","8":"product_cat-garden-decor","9":"product_cat-home-decor","10":"product_tag-wholesale-terracotta-flower-pots","12":"first","13":"instock","14":"shipping-taxable","15":"product-type-simple"},"acf":[],"_links":{"self":[{"href":"https:\/\/www.santai-ceramics.com\/pt\/wp-json\/wp\/v2\/product\/677","targetHints":{"allow":["GET"]}}],"collection":[{"href":"https:\/\/www.santai-ceramics.com\/pt\/wp-json\/wp\/v2\/product"}],"about":[{"href":"https:\/\/www.santai-ceramics.com\/pt\/wp-json\/wp\/v2\/types\/product"}],"replies":[{"embeddable":true,"href":"https:\/\/www.santai-ceramics.com\/pt\/wp-json\/wp\/v2\/comments?post=677"}],"wp:featuredmedia":[{"embeddable":true,"href":"https:\/\/www.santai-ceramics.com\/pt\/wp-json\/wp\/v2\/media\/678"}],"wp:attachment":[{"href":"https:\/\/www.santai-ceramics.com\/pt\/wp-json\/wp\/v2\/media?parent=677"}],"wp:term":[{"taxonomy":"product_brand","embeddable":true,"href":"https:\/\/www.santai-ceramics.com\/pt\/wp-json\/wp\/v2\/product_brand?post=677"},{"taxonomy":"product_cat","embeddable":true,"href":"https:\/\/www.santai-ceramics.com\/pt\/wp-json\/wp\/v2\/product_cat?post=677"},{"taxonomy":"product_tag","embeddable":true,"href":"https:\/\/www.santai-ceramics.com\/pt\/wp-json\/wp\/v2\/product_tag?post=677"}],"curies":[{"name":"wp","href":"https:\/\/api.w.org\/{rel}","templated":true}]}}