{"id":684,"date":"2024-10-14T08:00:47","date_gmt":"2024-10-14T08:00:47","guid":{"rendered":"https:\/\/www.santai-ceramics.com\/?post_type=product&#038;p=684"},"modified":"2024-10-27T14:56:53","modified_gmt":"2024-10-27T14:56:53","slug":"wholesale-art-deco-vases","status":"publish","type":"product","link":"https:\/\/www.santai-ceramics.com\/pt\/product\/wholesale-art-deco-vases\/","title":{"rendered":"Vasos Art Deco por atacado: Jarros Art Deco elegantes para venda a granel - perfeitos para retalhistas e designers de interiores"},"content":{"rendered":"<h3 class=\"wp-block-heading\">Par\u00e2metros do vaso Art D\u00e9co<\/h3>\n\n\n\n<figure class=\"wp-block-table\"><table class=\"has-fixed-layout\"><tbody><tr><td>Modelo<\/td><td>Nome do produto<\/td><td>Cor<\/td><td>Material<\/td><td>Utiliza\u00e7\u00f5es<\/td><td>Dimens\u00f5es<\/td><td>Peso<\/td><\/tr><tr><td>A36724-LA91-A01<\/td><td>Jarro\/vaso em cer\u00e2mica preta<\/td><td>Preto antigo<\/td><td>Cer\u00e2mica<\/td><td>decora\u00e7\u00e3o de casa,sala de estar,jardim<\/td><td>15X15X28,5cm<\/td><td>1,6 kg\/unidade<\/td><\/tr><tr><td>A36724-LA91-A02<\/td><td>Jarro\/vaso em cer\u00e2mica preta<\/td><td>Preto antigo<\/td><td>Cer\u00e2mica<\/td><td>decora\u00e7\u00e3o de casa,sala de estar,jardim<\/td><td>13,5X13,5X22,5cm<\/td><td>1,4 kg\/unidade<\/td><\/tr><tr><td>A36724-LA91-A03<\/td><td>Jarro\/vaso em cer\u00e2mica preta<\/td><td>Preto antigo<\/td><td>Cer\u00e2mica<\/td><td>decora\u00e7\u00e3o de casa,sala de estar,jardim<\/td><td>11,5X11,5X18cm<\/td><td>0,6 kg\/unidade<\/td><\/tr><\/tbody><\/table><\/figure>\n\n\n\n<h3 class=\"wp-block-heading\">Servi\u00e7o de vasos de bet\u00e3o personalizados<\/h3>\n\n\n\n<p>Oferecemos servi\u00e7os OEM e ODM para os nossos produtos.<br>Entrega r\u00e1pida de amostras est\u00e1 dispon\u00edvel.<br>Oferecemos uma variedade de formas, cores, impress\u00e3o personalizada, embalagem e outros servi\u00e7os adaptados para satisfazer as suas necessidades espec\u00edficas.<br><strong><a href=\"https:\/\/www.santai-ceramics.com\/pt\/custom\/\" data-type=\"page\" data-id=\"13\" target=\"_blank\" rel=\"noreferrer noopener\">Saiba mais sobre os pormenores dos vasos personalizados.<\/a><\/strong><\/p>\n\n\n\n<div class=\"wp-block-columns is-layout-flex wp-container-core-columns-is-layout-9d6595d7 wp-block-columns-is-layout-flex\">\n<div class=\"wp-block-column is-layout-flow wp-block-column-is-layout-flow\">\n<figure class=\"wp-block-image size-full\"><img decoding=\"async\" width=\"1691\" height=\"1691\" src=\"https:\/\/www.santai-ceramics.com\/wp-content\/uploads\/2024\/10\/Wholesale-Concrete-Vase-1.webp\" alt=\"Vaso de bet\u00e3o por atacado (1)\" class=\"wp-image-685\" srcset=\"https:\/\/www.santai-ceramics.com\/wp-content\/uploads\/2024\/10\/Wholesale-Concrete-Vase-1.webp 1691w, https:\/\/www.santai-ceramics.com\/wp-content\/uploads\/2024\/10\/Wholesale-Concrete-Vase-1-300x300.webp 300w, https:\/\/www.santai-ceramics.com\/wp-content\/uploads\/2024\/10\/Wholesale-Concrete-Vase-1-150x150.webp 150w, https:\/\/www.santai-ceramics.com\/wp-content\/uploads\/2024\/10\/Wholesale-Concrete-Vase-1-768x768.webp 768w, https:\/\/www.santai-ceramics.com\/wp-content\/uploads\/2024\/10\/Wholesale-Concrete-Vase-1-1200x1200.webp 1200w, https:\/\/www.santai-ceramics.com\/wp-content\/uploads\/2024\/10\/Wholesale-Concrete-Vase-1-600x600.webp 600w, https:\/\/www.santai-ceramics.com\/wp-content\/uploads\/2024\/10\/Wholesale-Concrete-Vase-1-100x100.webp 100w\" sizes=\"(max-width: 1691px) 100vw, 1691px\" \/><\/figure>\n<\/div>\n\n\n\n<div class=\"wp-block-column is-layout-flow wp-block-column-is-layout-flow\">\n<figure class=\"wp-block-image size-full\"><img decoding=\"async\" width=\"2615\" height=\"2614\" src=\"https:\/\/www.santai-ceramics.com\/wp-content\/uploads\/2024\/10\/Wholesale-Concrete-Vase-2.webp\" alt=\"Vaso de bet\u00e3o por atacado (2)\" class=\"wp-image-686\" srcset=\"https:\/\/www.santai-ceramics.com\/wp-content\/uploads\/2024\/10\/Wholesale-Concrete-Vase-2.webp 2615w, https:\/\/www.santai-ceramics.com\/wp-content\/uploads\/2024\/10\/Wholesale-Concrete-Vase-2-300x300.webp 300w, https:\/\/www.santai-ceramics.com\/wp-content\/uploads\/2024\/10\/Wholesale-Concrete-Vase-2-150x150.webp 150w, https:\/\/www.santai-ceramics.com\/wp-content\/uploads\/2024\/10\/Wholesale-Concrete-Vase-2-768x768.webp 768w, https:\/\/www.santai-ceramics.com\/wp-content\/uploads\/2024\/10\/Wholesale-Concrete-Vase-2-1200x1200.webp 1200w, https:\/\/www.santai-ceramics.com\/wp-content\/uploads\/2024\/10\/Wholesale-Concrete-Vase-2-600x600.webp 600w, https:\/\/www.santai-ceramics.com\/wp-content\/uploads\/2024\/10\/Wholesale-Concrete-Vase-2-100x100.webp 100w\" sizes=\"(max-width: 2615px) 100vw, 2615px\" \/><\/figure>\n<\/div>\n<\/div>\n\n\n\n<p><\/p>","protected":false},"excerpt":{"rendered":"<p>Vasos vintage por grosso com pega, design \u00fanico, adequados para v\u00e1rios ambientes interiores e exteriores. Quer se trate de arranjo de flores, decora\u00e7\u00e3o ou como decora\u00e7\u00e3o independente, este vaso pode adicionar um toque de arte ao seu espa\u00e7o e atender a diferentes necessidades de decora\u00e7\u00e3o de casa. Bem-vindo grossistas, distribuidores, designers de interiores para nos contactar, os fabricantes de cer\u00e2mica SANTAI fornecem-lhe pre\u00e7os competitivos.<\/p>\n<h2>Carater\u00edsticas da Jarra Art Deco<\/h2>\n<p><strong>Estilo retro simples<\/strong>: O design do vaso tem linhas suaves e simples, o esmalte preto \u00e1spero apresenta um estilo retro muito art\u00edstico, adequado para v\u00e1rias decora\u00e7\u00f5es interiores.<\/p>\n<p><strong>Diversidade<\/strong>: O conjunto cont\u00e9m tr\u00eas vasos de tamanhos diferentes, que podem ser utilizados separadamente ou em conjunto para arranjos florais, decora\u00e7\u00e3o ou, independentemente, como um vaso que pode ser utilizado sozinho para dar um toque de beleza.<\/p>\n<p><strong>Excelente desenho de pormenor<\/strong>: Cada vaso tem uma pequena pega que, para al\u00e9m da sua beleza \u00fanica, pode ser utilizada para facilitar a desloca\u00e7\u00e3o ou a coloca\u00e7\u00e3o.<\/p>\n<p><strong>Vers\u00e1til<\/strong>: Pode ser utilizado para arranjos florais, coloca\u00e7\u00e3o de flores secas ou como pe\u00e7a de decora\u00e7\u00e3o independente que pode ser simplesmente colocada na sala de estar, na sala de jantar, num espa\u00e7o interior ou exterior, como uma varanda ou um jardim.<\/p>","protected":false},"featured_media":685,"comment_status":"closed","ping_status":"closed","template":"","meta":{"_acf_changed":false},"product_brand":[],"product_cat":[22,18],"product_tag":[34],"class_list":{"0":"post-684","1":"product","2":"type-product","3":"status-publish","4":"has-post-thumbnail","6":"product_cat-vase","7":"product_cat-home-decor","8":"product_tag-ceramic-vase","10":"first","11":"instock","12":"shipping-taxable","13":"product-type-simple"},"acf":[],"_links":{"self":[{"href":"https:\/\/www.santai-ceramics.com\/pt\/wp-json\/wp\/v2\/product\/684","targetHints":{"allow":["GET"]}}],"collection":[{"href":"https:\/\/www.santai-ceramics.com\/pt\/wp-json\/wp\/v2\/product"}],"about":[{"href":"https:\/\/www.santai-ceramics.com\/pt\/wp-json\/wp\/v2\/types\/product"}],"replies":[{"embeddable":true,"href":"https:\/\/www.santai-ceramics.com\/pt\/wp-json\/wp\/v2\/comments?post=684"}],"wp:featuredmedia":[{"embeddable":true,"href":"https:\/\/www.santai-ceramics.com\/pt\/wp-json\/wp\/v2\/media\/685"}],"wp:attachment":[{"href":"https:\/\/www.santai-ceramics.com\/pt\/wp-json\/wp\/v2\/media?parent=684"}],"wp:term":[{"taxonomy":"product_brand","embeddable":true,"href":"https:\/\/www.santai-ceramics.com\/pt\/wp-json\/wp\/v2\/product_brand?post=684"},{"taxonomy":"product_cat","embeddable":true,"href":"https:\/\/www.santai-ceramics.com\/pt\/wp-json\/wp\/v2\/product_cat?post=684"},{"taxonomy":"product_tag","embeddable":true,"href":"https:\/\/www.santai-ceramics.com\/pt\/wp-json\/wp\/v2\/product_tag?post=684"}],"curies":[{"name":"wp","href":"https:\/\/api.w.org\/{rel}","templated":true}]}}