{"id":698,"date":"2024-10-14T10:01:17","date_gmt":"2024-10-14T10:01:17","guid":{"rendered":"https:\/\/www.santai-ceramics.com\/?post_type=product&#038;p=698"},"modified":"2024-10-27T14:55:34","modified_gmt":"2024-10-27T14:55:34","slug":"wholesale-light-green-ceramic-flower-vases","status":"publish","type":"product","link":"https:\/\/www.santai-ceramics.com\/pt\/product\/wholesale-light-green-ceramic-flower-vases\/","title":{"rendered":"Vasos de cer\u00e2mica para flores por atacado: Verde claro, com desenhos elegantes"},"content":{"rendered":"<h3 class=\"wp-block-heading\">Par\u00e2metros do vaso de cer\u00e2mica para flores<\/h3>\n\n\n\n<figure class=\"wp-block-table\"><table class=\"has-fixed-layout\"><tbody><tr><td>Modelo<\/td><td>Nome do produto<\/td><td>Cor<\/td><td>Material<\/td><td>Utiliza\u00e7\u00f5es<\/td><td>Dimens\u00f5es<\/td><td>Peso<\/td><\/tr><tr><td>A37110-LB20-A02<\/td><td> Vaso de cer\u00e2mica para flores<\/td><td>Azul claro<\/td><td>Terracota<\/td><td>decora\u00e7\u00e3o de casa,sala de estar<\/td><td>D:16X18cm<\/td><td>0,9 kg\/PC<\/td><\/tr><tr><td>A37110-LB20-A01<\/td><td> Vaso de cer\u00e2mica para flores<\/td><td>Azul claro<\/td><td>Terracota<\/td><td>decora\u00e7\u00e3o de casa,sala de estar<\/td><td>D:20X23cm<\/td><td>1,8 kg\/PC<\/td><\/tr><\/tbody><\/table><\/figure>\n\n\n\n<h3 class=\"wp-block-heading\">Servi\u00e7o de vasos de flores em cer\u00e2mica personalizados<\/h3>\n\n\n\n<p>Oferecemos servi\u00e7os OEM e ODM para os nossos produtos.<br>Entrega r\u00e1pida de amostras est\u00e1 dispon\u00edvel.<br>Oferecemos uma variedade de formas, cores, impress\u00e3o personalizada, embalagem e outros servi\u00e7os adaptados para satisfazer as suas necessidades espec\u00edficas.<br><strong><a href=\"https:\/\/www.santai-ceramics.com\/pt\/custom\/\" data-type=\"page\" data-id=\"13\" target=\"_blank\" rel=\"noreferrer noopener\">Saiba mais sobre o detalhe do vaso de flores em cer\u00e2mica personalizado.<\/a><\/strong><\/p>\n\n\n\n<div class=\"wp-block-columns is-layout-flex wp-container-core-columns-is-layout-9d6595d7 wp-block-columns-is-layout-flex\">\n<div class=\"wp-block-column is-layout-flow wp-block-column-is-layout-flow\">\n<figure class=\"wp-block-image size-full\"><img decoding=\"async\" width=\"3420\" height=\"2849\" src=\"https:\/\/www.santai-ceramics.com\/wp-content\/uploads\/2024\/10\/20X23-ceramic-flower-vase-display-1.webp\" alt=\"Vaso de flores em cer\u00e2mica 20X23 (1)\" class=\"wp-image-701\" srcset=\"https:\/\/www.santai-ceramics.com\/wp-content\/uploads\/2024\/10\/20X23-ceramic-flower-vase-display-1.webp 3420w, https:\/\/www.santai-ceramics.com\/wp-content\/uploads\/2024\/10\/20X23-ceramic-flower-vase-display-1-300x250.webp 300w, https:\/\/www.santai-ceramics.com\/wp-content\/uploads\/2024\/10\/20X23-ceramic-flower-vase-display-1-768x640.webp 768w, https:\/\/www.santai-ceramics.com\/wp-content\/uploads\/2024\/10\/20X23-ceramic-flower-vase-display-1-1200x1000.webp 1200w, https:\/\/www.santai-ceramics.com\/wp-content\/uploads\/2024\/10\/20X23-ceramic-flower-vase-display-1-600x500.webp 600w\" sizes=\"(max-width: 3420px) 100vw, 3420px\" \/><\/figure>\n<\/div>\n\n\n\n<div class=\"wp-block-column is-layout-flow wp-block-column-is-layout-flow\">\n<figure class=\"wp-block-image size-full\"><img decoding=\"async\" width=\"2786\" height=\"2322\" src=\"https:\/\/www.santai-ceramics.com\/wp-content\/uploads\/2024\/10\/20X23-ceramic-flower-vase-display-2.webp\" alt=\"Vaso de flores em cer\u00e2mica 20X23 (2)\" class=\"wp-image-702\" srcset=\"https:\/\/www.santai-ceramics.com\/wp-content\/uploads\/2024\/10\/20X23-ceramic-flower-vase-display-2.webp 2786w, https:\/\/www.santai-ceramics.com\/wp-content\/uploads\/2024\/10\/20X23-ceramic-flower-vase-display-2-300x250.webp 300w, https:\/\/www.santai-ceramics.com\/wp-content\/uploads\/2024\/10\/20X23-ceramic-flower-vase-display-2-768x640.webp 768w, https:\/\/www.santai-ceramics.com\/wp-content\/uploads\/2024\/10\/20X23-ceramic-flower-vase-display-2-1200x1000.webp 1200w, https:\/\/www.santai-ceramics.com\/wp-content\/uploads\/2024\/10\/20X23-ceramic-flower-vase-display-2-600x500.webp 600w\" sizes=\"(max-width: 2786px) 100vw, 2786px\" \/><\/figure>\n<\/div>\n<\/div>","protected":false},"excerpt":{"rendered":"<p>Vasos de cer\u00e2mica por grosso com padr\u00f5es requintados, s\u00e3o feitos de materiais de alta qualidade. Satisfazem as necessidades de decora\u00e7\u00e3o de casas, escrit\u00f3rios e locais comerciais. Al\u00e9m disso, seria uma escolha ideal quando se trata de presentear parentes e amigos para transmitir uma forte atmosfera art\u00edstica com bons desejos. Bem-vindo a contactar-nos.<\/p>\n<h2>Carater\u00edsticas do vaso de cer\u00e2mica para flores<\/h2>\n<p><strong>O design do aspeto exterior \u00e9 elegante<\/strong>Material cer\u00e2mico de cor verde claro com padr\u00f5es requintados. O design do vaso de cer\u00e2mica \u00e9 simples e elegante.<\/p>\n<p><strong>Material<\/strong>: A jarra \u00e9 cozida em cer\u00e2mica com cuidado e tem uma textura delicada, suave ao tato, mostrando a sua qualidade.<\/p>\n<p><strong>Dur\u00e1vel e est\u00e1vel<\/strong>O vaso tem uma estrutura de a\u00e7o: n\u00e3o se parte facilmente e mant\u00e9m a beleza e o car\u00e1cter pr\u00e1tico do vaso durante muito tempo.<\/p>\n<p><strong>Melhorar o gosto em casa:<\/strong> A jarra de cer\u00e2mica pode ser combinada com outros pequenos objectos, como plantas verdes e velas, para criar diferentes efeitos decorativos.<\/p>","protected":false},"featured_media":703,"comment_status":"closed","ping_status":"closed","template":"","meta":{"_acf_changed":false},"product_brand":[],"product_cat":[18,22],"product_tag":[34],"class_list":{"0":"post-698","1":"product","2":"type-product","3":"status-publish","4":"has-post-thumbnail","6":"product_cat-home-decor","7":"product_cat-vase","8":"product_tag-ceramic-vase","10":"first","11":"instock","12":"shipping-taxable","13":"product-type-simple"},"acf":[],"_links":{"self":[{"href":"https:\/\/www.santai-ceramics.com\/pt\/wp-json\/wp\/v2\/product\/698","targetHints":{"allow":["GET"]}}],"collection":[{"href":"https:\/\/www.santai-ceramics.com\/pt\/wp-json\/wp\/v2\/product"}],"about":[{"href":"https:\/\/www.santai-ceramics.com\/pt\/wp-json\/wp\/v2\/types\/product"}],"replies":[{"embeddable":true,"href":"https:\/\/www.santai-ceramics.com\/pt\/wp-json\/wp\/v2\/comments?post=698"}],"wp:featuredmedia":[{"embeddable":true,"href":"https:\/\/www.santai-ceramics.com\/pt\/wp-json\/wp\/v2\/media\/703"}],"wp:attachment":[{"href":"https:\/\/www.santai-ceramics.com\/pt\/wp-json\/wp\/v2\/media?parent=698"}],"wp:term":[{"taxonomy":"product_brand","embeddable":true,"href":"https:\/\/www.santai-ceramics.com\/pt\/wp-json\/wp\/v2\/product_brand?post=698"},{"taxonomy":"product_cat","embeddable":true,"href":"https:\/\/www.santai-ceramics.com\/pt\/wp-json\/wp\/v2\/product_cat?post=698"},{"taxonomy":"product_tag","embeddable":true,"href":"https:\/\/www.santai-ceramics.com\/pt\/wp-json\/wp\/v2\/product_tag?post=698"}],"curies":[{"name":"wp","href":"https:\/\/api.w.org\/{rel}","templated":true}]}}