{"id":708,"date":"2024-10-14T12:30:27","date_gmt":"2024-10-14T12:30:27","guid":{"rendered":"https:\/\/www.santai-ceramics.com\/?post_type=product&#038;p=708"},"modified":"2025-06-08T15:22:52","modified_gmt":"2025-06-08T15:22:52","slug":"wholesale-decorative-ceramic-plant-pots","status":"publish","type":"product","link":"https:\/\/www.santai-ceramics.com\/pt\/product\/wholesale-decorative-ceramic-plant-pots\/","title":{"rendered":"Vasos de cer\u00e2mica por atacado, vasos de cer\u00e2mica decorativos a granel para venda"},"content":{"rendered":"<h3 class=\"wp-block-heading\">Par\u00e2metros dos vasos de cer\u00e2mica por atacado<\/h3>\n\n\n\n<figure class=\"wp-block-table\"><table class=\"has-fixed-layout\"><tbody><tr><td>Modelo<\/td><td>Nome do produto<\/td><td>Cor<\/td><td>Material<\/td><td>Utiliza\u00e7\u00f5es<\/td><td>Dimens\u00f5es<\/td><td>Peso<\/td><\/tr><tr><td>A24021-LB20-A01<\/td><td>Vaso decorativo de cer\u00e2mica para plantas<\/td><td>Azul claro<\/td><td>Cer\u00e2mica<\/td><td>decora\u00e7\u00e3o de casa,sala de estar<\/td><td>D:16X18cm<\/td><td>0,9 kg\/PC<\/td><\/tr><tr><td>A24021-LB20-A02<\/td><td>Vaso decorativo de cer\u00e2mica para plantas<\/td><td>Azul claro<\/td><td>Cer\u00e2mica<\/td><td>decora\u00e7\u00e3o de casa,sala de estar<\/td><td>D:20X23cm<\/td><td>1,8 kg\/PC<\/td><\/tr><\/tbody><\/table><\/figure>\n\n\n\n<h3 class=\"wp-block-heading\">Servi\u00e7o de panelas de cer\u00e2mica personalizadas<\/h3>\n\n\n\n<p>Oferecemos servi\u00e7os OEM e ODM para os nossos produtos.<br>Entrega r\u00e1pida de amostras est\u00e1 dispon\u00edvel.<br>Oferecemos uma variedade de formas, cores, impress\u00e3o personalizada, embalagem e outros servi\u00e7os adaptados para satisfazer as suas necessidades espec\u00edficas.<br><strong><a href=\"https:\/\/www.santai-ceramics.com\/pt\/custom\/\" data-type=\"page\" data-id=\"13\" target=\"_blank\" rel=\"noreferrer noopener\">Saiba mais sobre os pormenores dos vasos de cer\u00e2mica personalizados.<\/a><\/strong><\/p>\n\n\n\n<div class=\"wp-block-columns is-layout-flex wp-container-core-columns-is-layout-9d6595d7 wp-block-columns-is-layout-flex\">\n<div class=\"wp-block-column is-layout-flow wp-block-column-is-layout-flow\">\n<figure class=\"wp-block-image size-full\"><img decoding=\"async\" width=\"2947\" height=\"2456\" src=\"https:\/\/www.santai-ceramics.com\/wp-content\/uploads\/2024\/10\/Bulk-Ceramic-Plant-Pots-1.webp\" alt=\"Vasos para plantas em cer\u00e2mica a granel (1)\" class=\"wp-image-709\" srcset=\"https:\/\/www.santai-ceramics.com\/wp-content\/uploads\/2024\/10\/Bulk-Ceramic-Plant-Pots-1.webp 2947w, https:\/\/www.santai-ceramics.com\/wp-content\/uploads\/2024\/10\/Bulk-Ceramic-Plant-Pots-1-300x250.webp 300w, https:\/\/www.santai-ceramics.com\/wp-content\/uploads\/2024\/10\/Bulk-Ceramic-Plant-Pots-1-768x640.webp 768w, https:\/\/www.santai-ceramics.com\/wp-content\/uploads\/2024\/10\/Bulk-Ceramic-Plant-Pots-1-1200x1000.webp 1200w, https:\/\/www.santai-ceramics.com\/wp-content\/uploads\/2024\/10\/Bulk-Ceramic-Plant-Pots-1-600x500.webp 600w\" sizes=\"(max-width: 2947px) 100vw, 2947px\" \/><\/figure>\n<\/div>\n\n\n\n<div class=\"wp-block-column is-layout-flow wp-block-column-is-layout-flow\">\n<figure class=\"wp-block-image size-full\"><img decoding=\"async\" width=\"3098\" height=\"2582\" src=\"https:\/\/www.santai-ceramics.com\/wp-content\/uploads\/2024\/10\/Bulk-Ceramic-Plant-Pots-2.webp\" alt=\"Vasos para plantas em cer\u00e2mica a granel (2)\" class=\"wp-image-710\" srcset=\"https:\/\/www.santai-ceramics.com\/wp-content\/uploads\/2024\/10\/Bulk-Ceramic-Plant-Pots-2.webp 3098w, https:\/\/www.santai-ceramics.com\/wp-content\/uploads\/2024\/10\/Bulk-Ceramic-Plant-Pots-2-300x250.webp 300w, https:\/\/www.santai-ceramics.com\/wp-content\/uploads\/2024\/10\/Bulk-Ceramic-Plant-Pots-2-768x640.webp 768w, https:\/\/www.santai-ceramics.com\/wp-content\/uploads\/2024\/10\/Bulk-Ceramic-Plant-Pots-2-1200x1000.webp 1200w, https:\/\/www.santai-ceramics.com\/wp-content\/uploads\/2024\/10\/Bulk-Ceramic-Plant-Pots-2-600x500.webp 600w\" sizes=\"(max-width: 3098px) 100vw, 3098px\" \/><\/figure>\n<\/div>\n<\/div>","protected":false},"excerpt":{"rendered":"<p>Venda direta da f\u00e1brica de vasos de cer\u00e2mica a granel, o vaso de cer\u00e2mica decorativo pode ser integrado em v\u00e1rios estilos decorativos, quer se trate de uma casa, local comercial ou arranjo de jardinagem. Ao mesmo tempo, fornecemos uma variedade de tamanhos e estilos. Bem-vindo a contactar-nos para comprar vasos de cer\u00e2mica por atacado.<\/p>\n<h2>Carater\u00edsticas do vaso de cer\u00e2mica decorativo<\/h2>\n<p><strong>Eleg\u00e2ncia no design<\/strong>: De cor azul clara, este vaso de flores \u00e9 feito de cer\u00e2mica e exala frescura e serenidade. Harmoniza-se perfeitamente com um espa\u00e7o interior para criar um ambiente calmo e confort\u00e1vel.<\/p>\n<p><strong>Fun\u00e7\u00e3o pr\u00e1tica<\/strong>: Os nossos vasos de cer\u00e2mica a granel n\u00e3o s\u00e3o apenas requintados na sua apar\u00eancia, mas tamb\u00e9m pr\u00e1ticos; podem ser utilizados para plantar uma variedade de plantas de interior ou para arranjos de flores secas para melhorar o efeito de decora\u00e7\u00e3o da casa.<\/p>\n<p><strong>F\u00e1cil de limpar<\/strong>: A superf\u00edcie lisa e a cor uniforme tornam o pote de cer\u00e2mica f\u00e1cil de limpar, arrumado apenas com um leve toque.<\/p>\n<p><strong>Mistura de coloca\u00e7\u00f5es<\/strong>: Os vasos de cer\u00e2mica de diferentes tamanhos s\u00e3o utilizados livremente para criar camadas no espa\u00e7o, a fim de variar a beleza visual e refor\u00e7ar o sentido do design na estrutura espacial.<\/p>","protected":false},"featured_media":714,"comment_status":"closed","ping_status":"closed","template":"","meta":{"_acf_changed":false},"product_brand":[],"product_cat":[18,42,23],"product_tag":[39],"class_list":{"0":"post-708","1":"product","2":"type-product","3":"status-publish","4":"has-post-thumbnail","6":"product_cat-home-decor","7":"product_cat-wholesale-ceramic-plant-pots","8":"product_cat-ceramic-pots-planters","9":"product_tag-ceramic-flower-pot","11":"first","12":"instock","13":"shipping-taxable","14":"product-type-simple"},"acf":[],"_links":{"self":[{"href":"https:\/\/www.santai-ceramics.com\/pt\/wp-json\/wp\/v2\/product\/708","targetHints":{"allow":["GET"]}}],"collection":[{"href":"https:\/\/www.santai-ceramics.com\/pt\/wp-json\/wp\/v2\/product"}],"about":[{"href":"https:\/\/www.santai-ceramics.com\/pt\/wp-json\/wp\/v2\/types\/product"}],"replies":[{"embeddable":true,"href":"https:\/\/www.santai-ceramics.com\/pt\/wp-json\/wp\/v2\/comments?post=708"}],"wp:featuredmedia":[{"embeddable":true,"href":"https:\/\/www.santai-ceramics.com\/pt\/wp-json\/wp\/v2\/media\/714"}],"wp:attachment":[{"href":"https:\/\/www.santai-ceramics.com\/pt\/wp-json\/wp\/v2\/media?parent=708"}],"wp:term":[{"taxonomy":"product_brand","embeddable":true,"href":"https:\/\/www.santai-ceramics.com\/pt\/wp-json\/wp\/v2\/product_brand?post=708"},{"taxonomy":"product_cat","embeddable":true,"href":"https:\/\/www.santai-ceramics.com\/pt\/wp-json\/wp\/v2\/product_cat?post=708"},{"taxonomy":"product_tag","embeddable":true,"href":"https:\/\/www.santai-ceramics.com\/pt\/wp-json\/wp\/v2\/product_tag?post=708"}],"curies":[{"name":"wp","href":"https:\/\/api.w.org\/{rel}","templated":true}]}}