{"id":716,"date":"2024-10-14T15:06:13","date_gmt":"2024-10-14T15:06:13","guid":{"rendered":"https:\/\/www.santai-ceramics.com\/?post_type=product&#038;p=716"},"modified":"2024-10-27T14:53:04","modified_gmt":"2024-10-27T14:53:04","slug":"wholesale-ceramic-vases-in-bulk","status":"publish","type":"product","link":"https:\/\/www.santai-ceramics.com\/pt\/product\/wholesale-ceramic-vases-in-bulk\/","title":{"rendered":"Vasos de cer\u00e2mica por atacado a granel - Vasos decorativos de alta qualidade para uso dom\u00e9stico e comercial"},"content":{"rendered":"<h3 class=\"wp-block-heading\">Par\u00e2metros do vaso decorativo de cer\u00e2mica<\/h3>\n\n\n\n<figure class=\"wp-block-table\"><table class=\"has-fixed-layout\"><tbody><tr><td>Modelo<\/td><td>Nome do produto<\/td><td>Cor<\/td><td>Material<\/td><td>Utiliza\u00e7\u00f5es<\/td><td>Dimens\u00f5es<\/td><td>Peso<\/td><\/tr><tr><td>A35990-LB20-A01<\/td><td>Vaso decorativo em cer\u00e2mica<\/td><td>Azul claro<\/td><td>Cer\u00e2mica<\/td><td>decora\u00e7\u00e3o de casa,sala de estar<\/td><td>D:17X16,5cm<\/td><td>1,7 kg\/PC<\/td><\/tr><tr><td>A35990-LB20-A02<\/td><td>Vaso decorativo em cer\u00e2mica<\/td><td>Azul claro<\/td><td>Cer\u00e2mica<\/td><td>decora\u00e7\u00e3o de casa,sala de estar<\/td><td>D:14,5X34,5cm<\/td><td>1,5kg\/PC<\/td><\/tr><tr><td>A35990-LB20-A03<\/td><td>Vaso decorativo em cer\u00e2mica<\/td><td>Azul claro<\/td><td>Cer\u00e2mica<\/td><td>decora\u00e7\u00e3o de casa,sala de estar<\/td><td>D:14,5X27,5cm<\/td><td>0,9 kg\/PC<\/td><\/tr><\/tbody><\/table><\/figure>\n\n\n\n<h3 class=\"wp-block-heading\">Servi\u00e7o de vasos de cer\u00e2mica decorativos personalizados<\/h3>\n\n\n\n<p>Oferecemos servi\u00e7os OEM e ODM para os nossos produtos.<br>Entrega r\u00e1pida de amostras est\u00e1 dispon\u00edvel.<br>Oferecemos uma variedade de formas, cores, impress\u00e3o personalizada, embalagem e outros servi\u00e7os adaptados para satisfazer as suas necessidades espec\u00edficas.<br><strong><a href=\"https:\/\/www.santai-ceramics.com\/pt\/custom\/\" data-type=\"page\" data-id=\"13\" target=\"_blank\" rel=\"noreferrer noopener\">Saiba mais sobre os pormenores dos vasos de cer\u00e2mica personalizados.<\/a><\/strong><\/p>\n\n\n\n<div class=\"wp-block-columns is-layout-flex wp-container-core-columns-is-layout-9d6595d7 wp-block-columns-is-layout-flex\">\n<div class=\"wp-block-column is-layout-flow wp-block-column-is-layout-flow\">\n<figure class=\"wp-block-image size-full\"><img decoding=\"async\" width=\"3510\" height=\"2925\" src=\"https:\/\/www.santai-ceramics.com\/wp-content\/uploads\/2024\/10\/Decorative-Ceramic-Vase-Display-1.webp\" alt=\"Vaso decorativo de cer\u00e2mica (1)\" class=\"wp-image-718\" srcset=\"https:\/\/www.santai-ceramics.com\/wp-content\/uploads\/2024\/10\/Decorative-Ceramic-Vase-Display-1.webp 3510w, https:\/\/www.santai-ceramics.com\/wp-content\/uploads\/2024\/10\/Decorative-Ceramic-Vase-Display-1-300x250.webp 300w, https:\/\/www.santai-ceramics.com\/wp-content\/uploads\/2024\/10\/Decorative-Ceramic-Vase-Display-1-768x640.webp 768w, https:\/\/www.santai-ceramics.com\/wp-content\/uploads\/2024\/10\/Decorative-Ceramic-Vase-Display-1-1200x1000.webp 1200w, https:\/\/www.santai-ceramics.com\/wp-content\/uploads\/2024\/10\/Decorative-Ceramic-Vase-Display-1-600x500.webp 600w\" sizes=\"(max-width: 3510px) 100vw, 3510px\" \/><\/figure>\n<\/div>\n\n\n\n<div class=\"wp-block-column is-layout-flow wp-block-column-is-layout-flow\">\n<figure class=\"wp-block-image size-full\"><img decoding=\"async\" width=\"3579\" height=\"2982\" src=\"https:\/\/www.santai-ceramics.com\/wp-content\/uploads\/2024\/10\/Decorative-Ceramic-Vase-Display-2.webp\" alt=\"Vaso decorativo de cer\u00e2mica (2)\" class=\"wp-image-719\" srcset=\"https:\/\/www.santai-ceramics.com\/wp-content\/uploads\/2024\/10\/Decorative-Ceramic-Vase-Display-2.webp 3579w, https:\/\/www.santai-ceramics.com\/wp-content\/uploads\/2024\/10\/Decorative-Ceramic-Vase-Display-2-300x250.webp 300w, https:\/\/www.santai-ceramics.com\/wp-content\/uploads\/2024\/10\/Decorative-Ceramic-Vase-Display-2-768x640.webp 768w, https:\/\/www.santai-ceramics.com\/wp-content\/uploads\/2024\/10\/Decorative-Ceramic-Vase-Display-2-1200x1000.webp 1200w, https:\/\/www.santai-ceramics.com\/wp-content\/uploads\/2024\/10\/Decorative-Ceramic-Vase-Display-2-600x500.webp 600w\" sizes=\"(max-width: 3579px) 100vw, 3579px\" \/><\/figure>\n<\/div>\n<\/div>","protected":false},"excerpt":{"rendered":"<p>Vasos decorativos de cer\u00e2mica de alta qualidade por grosso. Bem-vindo a comprar os nossos vasos de cer\u00e2mica a granel, dispon\u00edveis em 3 tamanhos, adequados para uma variedade de cen\u00e1rios, incluindo decora\u00e7\u00e3o de casa, exposi\u00e7\u00e3o comercial e disposi\u00e7\u00e3o para eventos especiais. Este vaso \u00e9 dur\u00e1vel e pode ser usado durante muito tempo sem perder o seu brilho e beleza. Como um fabricante profissional de cer\u00e2mica decorativa, apoiamos os servi\u00e7os de personaliza\u00e7\u00e3o OEM e ODM. Quer seja um retalhista ou um designer, os nossos vasos de cer\u00e2mica por atacado s\u00e3o a sua escolha ideal. Contacte-nos para um or\u00e7amento.<\/p>\n<h2>Carater\u00edsticas do vaso decorativo de cer\u00e2mica<\/h2>\n<p data-pm-slice=\"1 1 []\"><strong>Boa textura<\/strong>: Proporciona uma textura irregular e estalada na superf\u00edcie exterior do vaso. \u00danico e art\u00edstico.<\/p>\n<p><strong>Multisize<\/strong>: Existem tr\u00eas tamanhos que se podem adaptar de forma flex\u00edvel de acordo com as necessidades do espa\u00e7o. Os utilizadores podem escolher o tamanho adequado de acordo com a coloca\u00e7\u00e3o e a prefer\u00eancia individual para obter efeitos visuais distintos.<\/p>\n<p><strong>F\u00e1cil de limpar e manter<\/strong>O material cer\u00e2mico utilizado n\u00e3o \u00e9 f\u00e1cil de manchar e basta uma limpeza suave com um pano h\u00famido para o manter sempre limpo e brilhante, o que, por sua vez, torna a vida mais c\u00f3moda.<\/p>\n<p><strong>Acabamento requintado<\/strong>: Vasos finamente trabalhados com superf\u00edcies lisas e perfeitas; pormenores bem trabalhados.<\/p>\n<p><strong>F\u00e1cil de combinar e decorar<\/strong>O design simples e a cor elegante tornam-no f\u00e1cil de combinar com v\u00e1rias flores ou plantas verdes. Quer se trate de flores brilhantes ou de plantas frescas, estas podem mostrar a sua melhor postura atrav\u00e9s do vaso.<\/p>\n<p><strong>Servi\u00e7o OEM e ODM<\/strong>: Como fabricante profissional de cer\u00e2mica decorativa, oferecemos vasos de cer\u00e2mica a granel e solu\u00e7\u00f5es de vasos personalizados para retalhistas e organizadores de eventos.<\/p>","protected":false},"featured_media":723,"comment_status":"closed","ping_status":"closed","template":"","meta":{"_acf_changed":false},"product_brand":[],"product_cat":[18,22],"product_tag":[34],"class_list":{"0":"post-716","1":"product","2":"type-product","3":"status-publish","4":"has-post-thumbnail","6":"product_cat-home-decor","7":"product_cat-vase","8":"product_tag-ceramic-vase","10":"first","11":"instock","12":"shipping-taxable","13":"product-type-simple"},"acf":[],"_links":{"self":[{"href":"https:\/\/www.santai-ceramics.com\/pt\/wp-json\/wp\/v2\/product\/716","targetHints":{"allow":["GET"]}}],"collection":[{"href":"https:\/\/www.santai-ceramics.com\/pt\/wp-json\/wp\/v2\/product"}],"about":[{"href":"https:\/\/www.santai-ceramics.com\/pt\/wp-json\/wp\/v2\/types\/product"}],"replies":[{"embeddable":true,"href":"https:\/\/www.santai-ceramics.com\/pt\/wp-json\/wp\/v2\/comments?post=716"}],"wp:featuredmedia":[{"embeddable":true,"href":"https:\/\/www.santai-ceramics.com\/pt\/wp-json\/wp\/v2\/media\/723"}],"wp:attachment":[{"href":"https:\/\/www.santai-ceramics.com\/pt\/wp-json\/wp\/v2\/media?parent=716"}],"wp:term":[{"taxonomy":"product_brand","embeddable":true,"href":"https:\/\/www.santai-ceramics.com\/pt\/wp-json\/wp\/v2\/product_brand?post=716"},{"taxonomy":"product_cat","embeddable":true,"href":"https:\/\/www.santai-ceramics.com\/pt\/wp-json\/wp\/v2\/product_cat?post=716"},{"taxonomy":"product_tag","embeddable":true,"href":"https:\/\/www.santai-ceramics.com\/pt\/wp-json\/wp\/v2\/product_tag?post=716"}],"curies":[{"name":"wp","href":"https:\/\/api.w.org\/{rel}","templated":true}]}}