{"id":725,"date":"2024-10-15T01:13:34","date_gmt":"2024-10-15T01:13:34","guid":{"rendered":"https:\/\/www.santai-ceramics.com\/?post_type=product&#038;p=725"},"modified":"2024-10-27T14:52:12","modified_gmt":"2024-10-27T14:52:12","slug":"wholesale-decorative-ceramic-vases-with-elegant-green-glaze-finish","status":"publish","type":"product","link":"https:\/\/www.santai-ceramics.com\/pt\/product\/wholesale-decorative-ceramic-vases-with-elegant-green-glaze-finish\/","title":{"rendered":"Vasos decorativos de cer\u00e2mica por atacado com acabamento elegante em esmalte verde para decora\u00e7\u00e3o de casa"},"content":{"rendered":"<h3 class=\"wp-block-heading\">Par\u00e2metros do vaso de cer\u00e2mica por atacado<\/h3>\n\n\n\n<figure class=\"wp-block-table\"><table class=\"has-fixed-layout\"><tbody><tr><td>Modelo<\/td><td>Nome do produto<\/td><td>Cor<\/td><td>Material<\/td><td>Utiliza\u00e7\u00f5es<\/td><td>Dimens\u00f5es<\/td><td>Peso<\/td><\/tr><tr><td>A30519-LB20-A01<\/td><td>Jarra de cer\u00e2mica com esmalte verde&nbsp;<\/td><td>Azul claro<\/td><td>Cer\u00e2mica<\/td><td>decora\u00e7\u00e3o de casa,sala de estar<\/td><td>D:10,5X15cm<\/td><td>0,6 kg\/PC<\/td><\/tr><\/tbody><\/table><\/figure>\n\n\n\n<h3 class=\"wp-block-heading\">Servi\u00e7o de vasos de cer\u00e2mica personalizados<\/h3>\n\n\n\n<p>Oferecemos servi\u00e7os OEM e ODM para os nossos produtos.<br>Entrega r\u00e1pida de amostras est\u00e1 dispon\u00edvel.<br>Oferecemos uma variedade de formas, cores, impress\u00e3o personalizada, embalagem e outros servi\u00e7os adaptados para satisfazer as suas necessidades espec\u00edficas.<br><strong><a href=\"https:\/\/www.santai-ceramics.com\/pt\/custom\/\" data-type=\"page\" data-id=\"13\" target=\"_blank\" rel=\"noreferrer noopener\">Saiba mais sobre os pormenores dos vasos de cer\u00e2mica personalizados.<\/a><\/strong><\/p>\n\n\n\n<div class=\"wp-block-columns is-layout-flex wp-container-core-columns-is-layout-9d6595d7 wp-block-columns-is-layout-flex\">\n<div class=\"wp-block-column is-layout-flow wp-block-column-is-layout-flow\">\n<figure class=\"wp-block-image size-full\"><img decoding=\"async\" width=\"2328\" height=\"1939\" src=\"https:\/\/www.santai-ceramics.com\/wp-content\/uploads\/2024\/10\/ceramic-vase-detail-display-1.webp\" alt=\"vaso de cer\u00e2mica exposi\u00e7\u00e3o pormenorizada (1)\" class=\"wp-image-726\" srcset=\"https:\/\/www.santai-ceramics.com\/wp-content\/uploads\/2024\/10\/ceramic-vase-detail-display-1.webp 2328w, https:\/\/www.santai-ceramics.com\/wp-content\/uploads\/2024\/10\/ceramic-vase-detail-display-1-300x250.webp 300w, https:\/\/www.santai-ceramics.com\/wp-content\/uploads\/2024\/10\/ceramic-vase-detail-display-1-768x640.webp 768w, https:\/\/www.santai-ceramics.com\/wp-content\/uploads\/2024\/10\/ceramic-vase-detail-display-1-1200x999.webp 1200w, https:\/\/www.santai-ceramics.com\/wp-content\/uploads\/2024\/10\/ceramic-vase-detail-display-1-600x500.webp 600w\" sizes=\"(max-width: 2328px) 100vw, 2328px\" \/><\/figure>\n<\/div>\n\n\n\n<div class=\"wp-block-column is-layout-flow wp-block-column-is-layout-flow\">\n<figure class=\"wp-block-image size-full\"><img decoding=\"async\" width=\"1358\" height=\"1131\" src=\"https:\/\/www.santai-ceramics.com\/wp-content\/uploads\/2024\/10\/ceramic-vase-detail-display-2.webp\" alt=\"vaso de cer\u00e2mica exposi\u00e7\u00e3o pormenorizada (2)\" class=\"wp-image-727\" srcset=\"https:\/\/www.santai-ceramics.com\/wp-content\/uploads\/2024\/10\/ceramic-vase-detail-display-2.webp 1358w, https:\/\/www.santai-ceramics.com\/wp-content\/uploads\/2024\/10\/ceramic-vase-detail-display-2-300x250.webp 300w, https:\/\/www.santai-ceramics.com\/wp-content\/uploads\/2024\/10\/ceramic-vase-detail-display-2-768x640.webp 768w, https:\/\/www.santai-ceramics.com\/wp-content\/uploads\/2024\/10\/ceramic-vase-detail-display-2-1200x999.webp 1200w, https:\/\/www.santai-ceramics.com\/wp-content\/uploads\/2024\/10\/ceramic-vase-detail-display-2-600x500.webp 600w\" sizes=\"(max-width: 1358px) 100vw, 1358px\" \/><\/figure>\n<\/div>\n<\/div>","protected":false},"excerpt":{"rendered":"<p>Vasos decorativos de cer\u00e2mica por atacado, a superf\u00edcie do vaso \u00e9 finamente vidrada, mostrando um brilho verde perfeito, toque delicado, cor duradoura, adequado para decora\u00e7\u00e3o de casa. A f\u00e1brica de cer\u00e2mica SANTAI utiliza equipamentos de produ\u00e7\u00e3o avan\u00e7ados e artesanato tradicional chin\u00eas para garantir que cada produto atenda a altos padr\u00f5es. Se precisa de comprar vasos decorativos a granel ou personalizar desenhos, podemos fornecer solu\u00e7\u00f5es flex\u00edveis.<\/p>\n<h2>Carater\u00edsticas da Jarra de cer\u00e2mica decorativa<\/h2>\n<p data-pm-slice=\"1 1 []\"><strong>Beleza tradicional<\/strong>: O design geral da jarra de cer\u00e2mica \u00e9 simples e elegante, com uma beleza cl\u00e1ssica chinesa. O esmalte verde claro combinado com o complexo padr\u00e3o floral mostra a beleza do artesanato tradicional.<\/p>\n<p><strong>Cer\u00e2mica requintada<\/strong>: Os vasos de cer\u00e2mica por atacado s\u00e3o feitos de materiais cer\u00e2micos de primeira classe. A sua forma \u00e9 elegante, e s\u00e3o dur\u00e1veis e est\u00e1veis.<\/p>\n<p><strong>Tratamento de esmalte duradouro<\/strong>: A superf\u00edcie do vaso \u00e9 delicadamente vidrada, anti-incrustante e \u00e0 prova de humidade, o que aumenta o seu brilho para que possa manter as cores brilhantes durante muito tempo e n\u00e3o se desvanecer facilmente.<\/p>\n<p><strong>Padr\u00e3o decorativo rico<\/strong>: A superf\u00edcie do vaso de cer\u00e2mica utiliza um desenho de padr\u00e3o floral com muitas camadas, o que lhe permite ter um efeito tridimensional para tornar o vaso mais v\u00edvido e vivo.<\/p>\n<p><strong>Design cil\u00edndrico pr\u00e1tico<\/strong>: Gra\u00e7as a este design cil\u00edndrico, o espa\u00e7o interior do vaso torna-se amplo e pode conter mais arranjos de flores.<\/p>\n<p><b>Servi\u00e7o por grosso e personalizado OEM&amp;ODM:<\/b>N\u00f3s fornecemos vasos de cer\u00e2mica de alta qualidade por atacado e servi\u00e7os de personaliza\u00e7\u00e3o. Com a nossa equipa de profissionais, pode obter uma variedade de escolhas de produtos e solu\u00e7\u00f5es de design personalizadas.<\/p>","protected":false},"featured_media":728,"comment_status":"closed","ping_status":"closed","template":"","meta":{"_acf_changed":false},"product_brand":[],"product_cat":[18,22],"product_tag":[34],"class_list":{"0":"post-725","1":"product","2":"type-product","3":"status-publish","4":"has-post-thumbnail","6":"product_cat-home-decor","7":"product_cat-vase","8":"product_tag-ceramic-vase","10":"first","11":"instock","12":"shipping-taxable","13":"product-type-simple"},"acf":[],"_links":{"self":[{"href":"https:\/\/www.santai-ceramics.com\/pt\/wp-json\/wp\/v2\/product\/725","targetHints":{"allow":["GET"]}}],"collection":[{"href":"https:\/\/www.santai-ceramics.com\/pt\/wp-json\/wp\/v2\/product"}],"about":[{"href":"https:\/\/www.santai-ceramics.com\/pt\/wp-json\/wp\/v2\/types\/product"}],"replies":[{"embeddable":true,"href":"https:\/\/www.santai-ceramics.com\/pt\/wp-json\/wp\/v2\/comments?post=725"}],"wp:featuredmedia":[{"embeddable":true,"href":"https:\/\/www.santai-ceramics.com\/pt\/wp-json\/wp\/v2\/media\/728"}],"wp:attachment":[{"href":"https:\/\/www.santai-ceramics.com\/pt\/wp-json\/wp\/v2\/media?parent=725"}],"wp:term":[{"taxonomy":"product_brand","embeddable":true,"href":"https:\/\/www.santai-ceramics.com\/pt\/wp-json\/wp\/v2\/product_brand?post=725"},{"taxonomy":"product_cat","embeddable":true,"href":"https:\/\/www.santai-ceramics.com\/pt\/wp-json\/wp\/v2\/product_cat?post=725"},{"taxonomy":"product_tag","embeddable":true,"href":"https:\/\/www.santai-ceramics.com\/pt\/wp-json\/wp\/v2\/product_tag?post=725"}],"curies":[{"name":"wp","href":"https:\/\/api.w.org\/{rel}","templated":true}]}}