{"id":730,"date":"2024-10-15T01:44:15","date_gmt":"2024-10-15T01:44:15","guid":{"rendered":"https:\/\/www.santai-ceramics.com\/?post_type=product&#038;p=730"},"modified":"2025-06-05T10:15:00","modified_gmt":"2025-06-05T10:15:00","slug":"wholesale-fiber-cement-planters","status":"publish","type":"product","link":"https:\/\/www.santai-ceramics.com\/pt\/product\/wholesale-fiber-cement-planters\/","title":{"rendered":"Plantadores de cimento de fibra por atacado: Perfeito para retalhistas que procuram solu\u00e7\u00f5es de jardinagem dur\u00e1veis e est\u00e9ticas"},"content":{"rendered":"<h3 class=\"wp-block-heading\">Par\u00e2metros da plantadeira de fibrocimento<\/h3>\n\n\n\n<figure class=\"wp-block-table\"><table class=\"has-fixed-layout\"><tbody><tr><td>Modelo<\/td><td>Nome do produto<\/td><td>Cor<\/td><td>Material<\/td><td>Utiliza\u00e7\u00f5es<\/td><td>Dimens\u00f5es<\/td><td>Peso<\/td><\/tr><tr><td>J37576-H910-A01<\/td><td>&nbsp; Plantador de cimento de fibra para jardim&nbsp;<\/td><td>Escuro antigo<\/td><td>Fibra de cimento<\/td><td>decora\u00e7\u00e3o de casa,sala de estar,jardim<\/td><td>D:37,5X44,5cm<\/td><td>8,6 kg\/PC<\/td><\/tr><tr><td>J37576-H910-A02<\/td><td>&nbsp; Plantador de cimento de fibra para jardim&nbsp;<\/td><td>Escuro antigo<\/td><td>Fibra de cimento<\/td><td>decora\u00e7\u00e3o de casa,sala de estar,jardim<\/td><td>D:32X36,5 cm<\/td><td>5,6 kg\/PC<\/td><\/tr><tr><td>J37576-H910-A03<\/td><td>&nbsp; Plantador de cimento de fibra para jardim&nbsp;<\/td><td>Escuro antigo<\/td><td>Fibra de cimento<\/td><td>decora\u00e7\u00e3o de casa,sala de estar,jardim<\/td><td>D:28X31 cm<\/td><td>4,1 kg\/PC<\/td><\/tr><\/tbody><\/table><\/figure>\n\n\n\n<h3 class=\"wp-block-heading\">Servi\u00e7o de plantador de fibrocimento personalizado<\/h3>\n\n\n\n<p>1. Oferecemos servi\u00e7os OEM e ODM para os nossos produtos.<br>2. Entrega r\u00e1pida de amostras est\u00e1 dispon\u00edvel.<br>3. Oferecemos uma variedade de formas, cores, impress\u00e3o personalizada, embalagens e outros servi\u00e7os adaptados para satisfazer as suas necessidades espec\u00edficas.<br><a style=\"\" href=\"https:\/\/www.santai-ceramics.com\/pt\/custom\/\" data-type=\"page\" data-id=\"13\" target=\"_blank\" rel=\"noreferrer noopener\"><b>Saiba mais sobre personaliza\u00e7\u00e3o <\/b><\/a><strong><a href=\"https:\/\/www.santai-ceramics.com\/pt\/custom\/\" data-type=\"page\" data-id=\"13\" target=\"_blank\" rel=\"noreferrer noopener\">pormenor de plantador de fibrocimento.<\/a><\/strong><\/p>\n\n\n\n<div class=\"wp-block-columns is-layout-flex wp-container-core-columns-is-layout-9d6595d7 wp-block-columns-is-layout-flex\">\n<div class=\"wp-block-column is-layout-flow wp-block-column-is-layout-flow\">\n<figure class=\"wp-block-image size-full\"><img decoding=\"async\" width=\"1500\" height=\"1250\" src=\"https:\/\/www.santai-ceramics.com\/wp-content\/uploads\/2024\/10\/Garden-Decor-Fiber-Cement-Planter-Detail-Display3.webp\" alt=\"Decora\u00e7\u00e3o de jardim Planta de fibrocimento Detalhe do expositor(3)\" class=\"wp-image-733\" srcset=\"https:\/\/www.santai-ceramics.com\/wp-content\/uploads\/2024\/10\/Garden-Decor-Fiber-Cement-Planter-Detail-Display3.webp 1500w, https:\/\/www.santai-ceramics.com\/wp-content\/uploads\/2024\/10\/Garden-Decor-Fiber-Cement-Planter-Detail-Display3-300x250.webp 300w, https:\/\/www.santai-ceramics.com\/wp-content\/uploads\/2024\/10\/Garden-Decor-Fiber-Cement-Planter-Detail-Display3-768x640.webp 768w, https:\/\/www.santai-ceramics.com\/wp-content\/uploads\/2024\/10\/Garden-Decor-Fiber-Cement-Planter-Detail-Display3-1200x1000.webp 1200w, https:\/\/www.santai-ceramics.com\/wp-content\/uploads\/2024\/10\/Garden-Decor-Fiber-Cement-Planter-Detail-Display3-600x500.webp 600w\" sizes=\"(max-width: 1500px) 100vw, 1500px\" \/><\/figure>\n<\/div>\n\n\n\n<div class=\"wp-block-column is-layout-flow wp-block-column-is-layout-flow\">\n<figure class=\"wp-block-image size-full\"><img decoding=\"async\" width=\"1500\" height=\"1249\" src=\"https:\/\/www.santai-ceramics.com\/wp-content\/uploads\/2024\/10\/Garden-Decor-Fiber-Cement-Planter-Detail-Display5.webp\" alt=\"Decora\u00e7\u00e3o de jardim Planta de fibrocimento Detalhe do expositor(5)\" class=\"wp-image-735\" srcset=\"https:\/\/www.santai-ceramics.com\/wp-content\/uploads\/2024\/10\/Garden-Decor-Fiber-Cement-Planter-Detail-Display5.webp 1500w, https:\/\/www.santai-ceramics.com\/wp-content\/uploads\/2024\/10\/Garden-Decor-Fiber-Cement-Planter-Detail-Display5-300x250.webp 300w, https:\/\/www.santai-ceramics.com\/wp-content\/uploads\/2024\/10\/Garden-Decor-Fiber-Cement-Planter-Detail-Display5-768x639.webp 768w, https:\/\/www.santai-ceramics.com\/wp-content\/uploads\/2024\/10\/Garden-Decor-Fiber-Cement-Planter-Detail-Display5-1200x999.webp 1200w, https:\/\/www.santai-ceramics.com\/wp-content\/uploads\/2024\/10\/Garden-Decor-Fiber-Cement-Planter-Detail-Display5-600x500.webp 600w\" sizes=\"(max-width: 1500px) 100vw, 1500px\" \/><\/figure>\n<\/div>\n<\/div>","protected":false},"excerpt":{"rendered":"<p>Os plantadores de fibrocimento por atacado, o material de fibrocimento tem boa resist\u00eancia \u00e0s intemp\u00e9ries e pode permanecer est\u00e1vel em diferentes condi\u00e7\u00f5es clim\u00e1ticas. Oferecemos 3 tamanhos \u00e0 escolha, apoiamos servi\u00e7os de personaliza\u00e7\u00e3o OEM e ODM, damos as boas-vindas a grossistas, projectos paisag\u00edsticos comerciais (como hot\u00e9is, centros comerciais e edif\u00edcios de escrit\u00f3rios) e parques para nos contactar para comprar plantadores por atacado.<\/p>\n<h2>Carater\u00edsticas da jardineira de fibrocimento<\/h2>\n<p data-pm-slice=\"1 1 []\"><strong>Design \u00fanico<\/strong>: As jardineiras por atacado adoptaram um design de textura tipo casca de \u00e1rvore na sua superf\u00edcie, o que pode dar-lhes uma atmosfera natural e r\u00fastica e torn\u00e1-las bem adaptadas ao ambiente do jardim exterior.<\/p>\n<p><strong>Material de alta qualidade<\/strong>A jardineira por atacado \u00e9 feita de fibrocimento; destaca-se pela sua durabilidade e estabilidade, com carater\u00edsticas como n\u00e3o se deformar ou partir facilmente, mantendo a jardineira bonita e pr\u00e1tica durante muito tempo.<\/p>\n<p><strong>Respira\u00e7\u00e3o<\/strong>: O material de fibrocimento tamb\u00e9m tem um certo grau de respirabilidade, que \u00e9 prop\u00edcio ao crescimento e desenvolvimento das plantas.<\/p>\n<p><strong>Tr\u00eas tamanhos opcionais<\/strong>: O design da jardineira est\u00e1 dispon\u00edvel em diferentes tamanhos; pode satisfazer as necessidades de crescimento de diferentes plantas e efeitos decorativos, acrescentando camadas e diversidade ao jardim.<\/p>\n<p><strong>Prote\u00e7\u00e3o ambiental e sustentabilidade<\/strong>A prote\u00e7\u00e3o ambiental e a sustentabilidade do material de fibrocimento tornam-no muito amigo do ambiente e a sua produ\u00e7\u00e3o tem um impacto reduzido no mesmo.<\/p>\n<p><strong>Servi\u00e7o OEM e ODM<\/strong>: Como um fabricante profissional de plantadores decorativos, o servi\u00e7o OEM e ODM pode ser fornecido para os nossos clientes - o servi\u00e7o personalizado de plantador profissional pode ser fornecido para produzir um plantador que atenda aos requisitos de marca, design e especifica\u00e7\u00e3o dos clientes.<\/p>","protected":false},"featured_media":736,"comment_status":"closed","ping_status":"closed","template":"","meta":{"_acf_changed":false},"product_brand":[],"product_cat":[18,41,21,23],"product_tag":[40],"class_list":{"0":"post-730","1":"product","2":"type-product","3":"status-publish","4":"has-post-thumbnail","6":"product_cat-home-decor","7":"product_cat-wholesale-fiber-cement-plant-pots","8":"product_cat-garden-decor","9":"product_cat-ceramic-pots-planters","10":"product_tag-cement-flower-pot","12":"first","13":"instock","14":"shipping-taxable","15":"product-type-simple"},"acf":[],"_links":{"self":[{"href":"https:\/\/www.santai-ceramics.com\/pt\/wp-json\/wp\/v2\/product\/730","targetHints":{"allow":["GET"]}}],"collection":[{"href":"https:\/\/www.santai-ceramics.com\/pt\/wp-json\/wp\/v2\/product"}],"about":[{"href":"https:\/\/www.santai-ceramics.com\/pt\/wp-json\/wp\/v2\/types\/product"}],"replies":[{"embeddable":true,"href":"https:\/\/www.santai-ceramics.com\/pt\/wp-json\/wp\/v2\/comments?post=730"}],"wp:featuredmedia":[{"embeddable":true,"href":"https:\/\/www.santai-ceramics.com\/pt\/wp-json\/wp\/v2\/media\/736"}],"wp:attachment":[{"href":"https:\/\/www.santai-ceramics.com\/pt\/wp-json\/wp\/v2\/media?parent=730"}],"wp:term":[{"taxonomy":"product_brand","embeddable":true,"href":"https:\/\/www.santai-ceramics.com\/pt\/wp-json\/wp\/v2\/product_brand?post=730"},{"taxonomy":"product_cat","embeddable":true,"href":"https:\/\/www.santai-ceramics.com\/pt\/wp-json\/wp\/v2\/product_cat?post=730"},{"taxonomy":"product_tag","embeddable":true,"href":"https:\/\/www.santai-ceramics.com\/pt\/wp-json\/wp\/v2\/product_tag?post=730"}],"curies":[{"name":"wp","href":"https:\/\/api.w.org\/{rel}","templated":true}]}}