{"id":739,"date":"2024-10-16T06:07:33","date_gmt":"2024-10-16T06:07:33","guid":{"rendered":"https:\/\/www.santai-ceramics.com\/?post_type=product&#038;p=739"},"modified":"2025-06-08T15:21:05","modified_gmt":"2025-06-08T15:21:05","slug":"bulk-decorative-terracotta-plant-pots-factory-direct-sales","status":"publish","type":"product","link":"https:\/\/www.santai-ceramics.com\/pt\/product\/bulk-decorative-terracotta-plant-pots-factory-direct-sales\/","title":{"rendered":"Vendas diretas da f\u00e1brica de vasos de plantas de terracota a granel: Personaliza\u00e7\u00e3o de suporte"},"content":{"rendered":"<h3 class=\"wp-block-heading\">Parameters of Bulk Terracotta Plant Pots<\/h3>\n\n\n\n<figure class=\"wp-block-table\"><table class=\"has-fixed-layout\"><tbody><tr><td>Modelo<\/td><td>Nome do produto<\/td><td>Cor<\/td><td>Material<\/td><td>Utiliza\u00e7\u00f5es<\/td><td>Dimens\u00f5es<\/td><td>Peso<\/td><\/tr><tr><td>G37577-H910-A01<\/td><td>Garden Terracotta Planter\/Pot<\/td><td>Escuro antigo<\/td><td>Terracota<\/td><td>decora\u00e7\u00e3o de casa,sala de estar,jardim<\/td><td>D:19,5X17cm<\/td><td>2,3 kg\/PC<\/td><\/tr><tr><td>G37577-H910-A02<\/td><td>Garden Terracotta Planter\/Pot<\/td><td>Escuro antigo<\/td><td>Terracota<\/td><td>decora\u00e7\u00e3o de casa,sala de estar,jardim<\/td><td>D:15.5X13.5cm<\/td><td>1,4 kg\/PC<\/td><\/tr><tr><td>G37577-H910-A03<\/td><td>Garden Terracotta Planter\/Pot<\/td><td>Escuro antigo<\/td><td>Terracota<\/td><td>decora\u00e7\u00e3o de casa,sala de estar,jardim<\/td><td>D:11,5X10,5cm<\/td><td>0,7kg\/PC<\/td><\/tr><\/tbody><\/table><\/figure>\n\n\n\n<h3 class=\"wp-block-heading\">Custom Terracotta Plant Pot Service<\/h3>\n\n\n\n<p>Oferecemos servi\u00e7os OEM e ODM para os nossos produtos.<br>Entrega r\u00e1pida de amostras est\u00e1 dispon\u00edvel.<br>Oferecemos uma variedade de formas, cores, impress\u00e3o personalizada, embalagem e outros servi\u00e7os adaptados para satisfazer as suas necessidades espec\u00edficas.<br><a style=\"\" href=\"https:\/\/www.santai-ceramics.com\/pt\/custom\/\" data-type=\"page\" data-id=\"13\" target=\"_blank\" rel=\"noreferrer noopener\"><b>Saiba mais sobre personaliza\u00e7\u00e3o <\/b><\/a><strong><a href=\"https:\/\/www.santai-ceramics.com\/pt\/custom\/\" data-type=\"page\" data-id=\"13\" target=\"_blank\" rel=\"noreferrer noopener\">terracotta plant pot detail.<\/a><\/strong><\/p>\n\n\n\n<div class=\"wp-block-columns is-layout-flex wp-container-core-columns-is-layout-9d6595d7 wp-block-columns-is-layout-flex\">\n<div class=\"wp-block-column is-layout-flow wp-block-column-is-layout-flow\">\n<figure class=\"wp-block-image size-full\"><img decoding=\"async\" width=\"1141\" height=\"950\" src=\"https:\/\/www.santai-ceramics.com\/wp-content\/uploads\/2024\/10\/Decorative-Terracotta-Plant-Pot-5.webp\" alt=\"Decorative Terracotta Plant Pot (5)\" class=\"wp-image-750\" srcset=\"https:\/\/www.santai-ceramics.com\/wp-content\/uploads\/2024\/10\/Decorative-Terracotta-Plant-Pot-5.webp 1141w, https:\/\/www.santai-ceramics.com\/wp-content\/uploads\/2024\/10\/Decorative-Terracotta-Plant-Pot-5-300x250.webp 300w, https:\/\/www.santai-ceramics.com\/wp-content\/uploads\/2024\/10\/Decorative-Terracotta-Plant-Pot-5-768x639.webp 768w, https:\/\/www.santai-ceramics.com\/wp-content\/uploads\/2024\/10\/Decorative-Terracotta-Plant-Pot-5-600x500.webp 600w\" sizes=\"(max-width: 1141px) 100vw, 1141px\" \/><\/figure>\n<\/div>\n\n\n\n<div class=\"wp-block-column is-layout-flow wp-block-column-is-layout-flow\">\n<figure class=\"wp-block-image size-full\"><img decoding=\"async\" width=\"1141\" height=\"951\" src=\"https:\/\/www.santai-ceramics.com\/wp-content\/uploads\/2024\/10\/Decorative-Terracotta-Plant-Pot-6.webp\" alt=\"Decorative Terracotta Plant Pot (6)\" class=\"wp-image-751\" srcset=\"https:\/\/www.santai-ceramics.com\/wp-content\/uploads\/2024\/10\/Decorative-Terracotta-Plant-Pot-6.webp 1141w, https:\/\/www.santai-ceramics.com\/wp-content\/uploads\/2024\/10\/Decorative-Terracotta-Plant-Pot-6-300x250.webp 300w, https:\/\/www.santai-ceramics.com\/wp-content\/uploads\/2024\/10\/Decorative-Terracotta-Plant-Pot-6-768x640.webp 768w, https:\/\/www.santai-ceramics.com\/wp-content\/uploads\/2024\/10\/Decorative-Terracotta-Plant-Pot-6-600x500.webp 600w\" sizes=\"(max-width: 1141px) 100vw, 1141px\" \/><\/figure>\n<\/div>\n<\/div>","protected":false},"excerpt":{"rendered":"<p>SANTAI specializes in the production of Decorative Terracotta Plant Pots, with rich production experience and advanced manufacturing technology. The bulk terracotta plant pots not only have excellent air permeability and durability, but is also suitable for indoor and outdoor gardens, balconies and various home decorations. We provide factory direct sales quality services to clients around the world, ensuring that your wholesale needs are met at the most competitive prices. Welcome to contact us for bulk plant pots.<\/p>\n<h2>Features of Bulk Terracotta Plant Pots<\/h2>\n<p><strong>\u2064Natural beauty:<\/strong> Classic clay material and unique distressed texture presented in this plant pot give it an antique visual effect, which fits various natural or retro style decorations well. \u2064<\/p>\n<p><strong>\u2064Good air permeability<\/strong>: Made of terracotta material, the plant pot is highly breathable, promoting healthy breathing of plant roots and planting succulents or foliage plants. \u2064<\/p>\n<p><strong>Boa durabilidade:<\/strong> Our bulk plant pots have good durability, texture, adapted to a variety of indoor and outdoor environments and maintain their beauty for a long time.<\/p>\n<p><strong>Versatile decoration<\/strong>: It is not only suitable for use as a flower pot but can add natural elements to space, becoming a highlight of indoor and outdoor decoration.<\/p>\n<p><strong>Servi\u00e7o OEM e ODM<\/strong>: As a professional manufacturer of decorative plant pot, OEM&amp;ODM service can be provided for our clients to produce a plant pot meeting clients&#8217; brand, design, and specification requirements.And we provide factory price for bulk plant pots.<\/p>","protected":false},"featured_media":746,"comment_status":"closed","ping_status":"closed","template":"","meta":{"_acf_changed":false},"product_brand":[],"product_cat":[18,42,21,23],"product_tag":[38],"class_list":{"0":"post-739","1":"product","2":"type-product","3":"status-publish","4":"has-post-thumbnail","6":"product_cat-home-decor","7":"product_cat-wholesale-ceramic-plant-pots","8":"product_cat-garden-decor","9":"product_cat-ceramic-pots-planters","10":"product_tag-wholesale-terracotta-flower-pots","12":"first","13":"instock","14":"shipping-taxable","15":"product-type-simple"},"acf":[],"_links":{"self":[{"href":"https:\/\/www.santai-ceramics.com\/pt\/wp-json\/wp\/v2\/product\/739","targetHints":{"allow":["GET"]}}],"collection":[{"href":"https:\/\/www.santai-ceramics.com\/pt\/wp-json\/wp\/v2\/product"}],"about":[{"href":"https:\/\/www.santai-ceramics.com\/pt\/wp-json\/wp\/v2\/types\/product"}],"replies":[{"embeddable":true,"href":"https:\/\/www.santai-ceramics.com\/pt\/wp-json\/wp\/v2\/comments?post=739"}],"wp:featuredmedia":[{"embeddable":true,"href":"https:\/\/www.santai-ceramics.com\/pt\/wp-json\/wp\/v2\/media\/746"}],"wp:attachment":[{"href":"https:\/\/www.santai-ceramics.com\/pt\/wp-json\/wp\/v2\/media?parent=739"}],"wp:term":[{"taxonomy":"product_brand","embeddable":true,"href":"https:\/\/www.santai-ceramics.com\/pt\/wp-json\/wp\/v2\/product_brand?post=739"},{"taxonomy":"product_cat","embeddable":true,"href":"https:\/\/www.santai-ceramics.com\/pt\/wp-json\/wp\/v2\/product_cat?post=739"},{"taxonomy":"product_tag","embeddable":true,"href":"https:\/\/www.santai-ceramics.com\/pt\/wp-json\/wp\/v2\/product_tag?post=739"}],"curies":[{"name":"wp","href":"https:\/\/api.w.org\/{rel}","templated":true}]}}