{"id":760,"date":"2024-10-16T09:07:43","date_gmt":"2024-10-16T09:07:43","guid":{"rendered":"https:\/\/www.santai-ceramics.com\/?post_type=product&#038;p=760"},"modified":"2025-06-08T15:15:28","modified_gmt":"2025-06-08T15:15:28","slug":"wholesale-customizable-plant-pots","status":"publish","type":"product","link":"https:\/\/www.santai-ceramics.com\/pt\/product\/wholesale-customizable-plant-pots\/","title":{"rendered":"Vasos de plantas personalizados a granel para venda, vasos de plantas de terracota de estilo country Vendas diretas da f\u00e1brica"},"content":{"rendered":"<h3 class=\"wp-block-heading\">Parameters of Customizable Plant Pot<\/h3>\n\n\n\n<figure class=\"wp-block-table\"><table class=\"has-fixed-layout\"><tbody><tr><td>Modelo<\/td><td>Nome do produto<\/td><td>Cor<\/td><td>Material<\/td><td>Utiliza\u00e7\u00f5es<\/td><td>Dimens\u00f5es<\/td><td>Peso<\/td><\/tr><tr><td>G33513-H910-A01<\/td><td>&nbsp;Garden Decorative Plant Pot&nbsp;<\/td><td>Escuro antigo<\/td><td>Terracota<\/td><td>decora\u00e7\u00e3o de casa,sala de estar,jardim<\/td><td>D:20.5X23cm<\/td><td>3.2kg\/PC<\/td><\/tr><\/tbody><\/table><\/figure>\n\n\n\n<h3 class=\"wp-block-heading\">Servi\u00e7o de vasos personalizados para plantas<\/h3>\n\n\n\n<p>Oferecemos servi\u00e7os OEM e ODM para os nossos produtos.<br>Entrega r\u00e1pida de amostras est\u00e1 dispon\u00edvel.<br>Oferecemos uma variedade de formas, cores, impress\u00e3o personalizada, embalagem e outros servi\u00e7os adaptados para satisfazer as suas necessidades espec\u00edficas.<br><a style=\"\" href=\"https:\/\/www.santai-ceramics.com\/pt\/custom\/\" data-type=\"page\" data-id=\"13\" target=\"_blank\" rel=\"noreferrer noopener\"><strong><b>Saiba mais sobre personaliza\u00e7\u00e3o<\/b> palnt pot detail.<\/strong><\/a><\/p>\n\n\n\n<div class=\"wp-block-columns is-layout-flex wp-container-core-columns-is-layout-9d6595d7 wp-block-columns-is-layout-flex\">\n<div class=\"wp-block-column is-layout-flow wp-block-column-is-layout-flow\">\n<figure class=\"wp-block-image size-full\"><img decoding=\"async\" width=\"1300\" height=\"1083\" src=\"https:\/\/www.santai-ceramics.com\/wp-content\/uploads\/2024\/10\/Customizable-Plant-Pot-4.webp\" alt=\"Customizable Plant Pot (4)\" class=\"wp-image-764\" srcset=\"https:\/\/www.santai-ceramics.com\/wp-content\/uploads\/2024\/10\/Customizable-Plant-Pot-4.webp 1300w, https:\/\/www.santai-ceramics.com\/wp-content\/uploads\/2024\/10\/Customizable-Plant-Pot-4-300x250.webp 300w, https:\/\/www.santai-ceramics.com\/wp-content\/uploads\/2024\/10\/Customizable-Plant-Pot-4-768x640.webp 768w, https:\/\/www.santai-ceramics.com\/wp-content\/uploads\/2024\/10\/Customizable-Plant-Pot-4-1200x1000.webp 1200w, https:\/\/www.santai-ceramics.com\/wp-content\/uploads\/2024\/10\/Customizable-Plant-Pot-4-600x500.webp 600w\" sizes=\"(max-width: 1300px) 100vw, 1300px\" \/><\/figure>\n<\/div>\n\n\n\n<div class=\"wp-block-column is-layout-flow wp-block-column-is-layout-flow\">\n<figure class=\"wp-block-image size-full\"><img decoding=\"async\" width=\"1300\" height=\"1083\" src=\"https:\/\/www.santai-ceramics.com\/wp-content\/uploads\/2024\/10\/Customizable-Plant-Pot-5.webp\" alt=\"Customizable Plant Pot (5)\" class=\"wp-image-765\" srcset=\"https:\/\/www.santai-ceramics.com\/wp-content\/uploads\/2024\/10\/Customizable-Plant-Pot-5.webp 1300w, https:\/\/www.santai-ceramics.com\/wp-content\/uploads\/2024\/10\/Customizable-Plant-Pot-5-300x250.webp 300w, https:\/\/www.santai-ceramics.com\/wp-content\/uploads\/2024\/10\/Customizable-Plant-Pot-5-768x640.webp 768w, https:\/\/www.santai-ceramics.com\/wp-content\/uploads\/2024\/10\/Customizable-Plant-Pot-5-1200x1000.webp 1200w, https:\/\/www.santai-ceramics.com\/wp-content\/uploads\/2024\/10\/Customizable-Plant-Pot-5-600x500.webp 600w\" sizes=\"(max-width: 1300px) 100vw, 1300px\" \/><\/figure>\n<\/div>\n<\/div>","protected":false},"excerpt":{"rendered":"<p data-pm-slice=\"0 0 []\">Vasos de flores personalizados por atacado, este vaso de plantas \u00e9 particularmente adequado para a decora\u00e7\u00e3o de paisagens em jardins exteriores, varandas ou p\u00e1tios. Se precisar de personalizar este vaso de flores, o fabricante de vasos de flores SANTAI fornece-lhe servi\u00e7os profissionais de personaliza\u00e7\u00e3o. Os clientes podem escolher o tamanho, a cor e o design da textura de acordo com as suas prefer\u00eancias. Podemos atender \u00e0s necessidades de diferentes estilos. Bem-vindo a contactar-nos para solu\u00e7\u00f5es personalizadas.<\/p>\n<h2>Carater\u00edsticas do vaso personaliz\u00e1vel para plantas<\/h2>\n<p><strong>R\u00fastico natural<\/strong>A superf\u00edcie do vaso de terracota revela uma textura rugosa, e os tons retro aparecem devido ao tratamento de desgaste. Est\u00e1 repleto de uma atmosfera natural e rural, que pode ser utilizada para criar um efeito decorativo acolhedor.<\/p>\n<p><strong>Pode ser combinado com v\u00e1rias vegeta\u00e7\u00f5es<\/strong>: quer se trate de plantas de interior altas de folhagem, de plantas suspensas ou de vasos curtos, atrav\u00e9s de diferentes combina\u00e7\u00f5es, pode apresentar v\u00e1rios efeitos decorativos.<\/p>\n<p><strong>Desempenho de custo elevado<\/strong>: Venda direta da f\u00e1brica, pre\u00e7os acess\u00edveis, este vaso de terracota personaliz\u00e1vel \u00e9 adequado para compras em grande escala para projectos de venda a retalho ou de decora\u00e7\u00e3o.<\/p>\n<p><strong>Solu\u00e7\u00e3o profissional de vasos para plantas personalizados<\/strong>: O vaso pode ser personalizado para os clientes, incluindo tamanho, cor e design de textura, para satisfazer as diferentes necessidades de cada cliente, para que cada vaso possa combinar bem com a decora\u00e7\u00e3o interior ou exterior de um determinado estilo.<\/p>","protected":false},"featured_media":761,"comment_status":"closed","ping_status":"closed","template":"","meta":{"_acf_changed":false},"product_brand":[],"product_cat":[23,42,21,18],"product_tag":[38],"class_list":{"0":"post-760","1":"product","2":"type-product","3":"status-publish","4":"has-post-thumbnail","6":"product_cat-ceramic-pots-planters","7":"product_cat-wholesale-ceramic-plant-pots","8":"product_cat-garden-decor","9":"product_cat-home-decor","10":"product_tag-wholesale-terracotta-flower-pots","12":"first","13":"instock","14":"shipping-taxable","15":"product-type-simple"},"acf":[],"_links":{"self":[{"href":"https:\/\/www.santai-ceramics.com\/pt\/wp-json\/wp\/v2\/product\/760","targetHints":{"allow":["GET"]}}],"collection":[{"href":"https:\/\/www.santai-ceramics.com\/pt\/wp-json\/wp\/v2\/product"}],"about":[{"href":"https:\/\/www.santai-ceramics.com\/pt\/wp-json\/wp\/v2\/types\/product"}],"replies":[{"embeddable":true,"href":"https:\/\/www.santai-ceramics.com\/pt\/wp-json\/wp\/v2\/comments?post=760"}],"wp:featuredmedia":[{"embeddable":true,"href":"https:\/\/www.santai-ceramics.com\/pt\/wp-json\/wp\/v2\/media\/761"}],"wp:attachment":[{"href":"https:\/\/www.santai-ceramics.com\/pt\/wp-json\/wp\/v2\/media?parent=760"}],"wp:term":[{"taxonomy":"product_brand","embeddable":true,"href":"https:\/\/www.santai-ceramics.com\/pt\/wp-json\/wp\/v2\/product_brand?post=760"},{"taxonomy":"product_cat","embeddable":true,"href":"https:\/\/www.santai-ceramics.com\/pt\/wp-json\/wp\/v2\/product_cat?post=760"},{"taxonomy":"product_tag","embeddable":true,"href":"https:\/\/www.santai-ceramics.com\/pt\/wp-json\/wp\/v2\/product_tag?post=760"}],"curies":[{"name":"wp","href":"https:\/\/api.w.org\/{rel}","templated":true}]}}