{"id":767,"date":"2024-10-16T10:00:43","date_gmt":"2024-10-16T10:00:43","guid":{"rendered":"https:\/\/www.santai-ceramics.com\/?post_type=product&#038;p=767"},"modified":"2025-06-08T15:13:01","modified_gmt":"2025-06-08T15:13:01","slug":"wholesale-terracotta-customizable-plant-pots","status":"publish","type":"product","link":"https:\/\/www.santai-ceramics.com\/pt\/product\/wholesale-terracotta-customizable-plant-pots\/","title":{"rendered":"Vasos de terracota personaliz\u00e1veis para plantas para uma decora\u00e7\u00e3o de jardim elegante"},"content":{"rendered":"<h3 class=\"wp-block-heading\">Par\u00e2metros do pote de Flant personaliz\u00e1vel<\/h3>\n\n\n\n<figure class=\"wp-block-table\"><table class=\"has-fixed-layout\"><tbody><tr><td>Modelo<\/td><td>Nome do produto<\/td><td>Cor<\/td><td>Material<\/td><td>Utiliza\u00e7\u00f5es<\/td><td>Dimens\u00f5es<\/td><td>Peso<\/td><\/tr><tr><td>G33514-H910-A01<\/td><td>Vaso para plantas antigo personaliz\u00e1vel<\/td><td>Escuro antigo<\/td><td>Terracota<\/td><td>decora\u00e7\u00e3o de casa,sala de estar,jardim<\/td><td>D:21X17cm<\/td><td>2,2 kg\/PC<\/td><\/tr><tr><td>G33514-H910-A02<\/td><td>Vaso para plantas antigo personaliz\u00e1vel<\/td><td>Escuro antigo<\/td><td>Terracota<\/td><td>decora\u00e7\u00e3o de casa,sala de estar,jardim<\/td><td>D:17X13,5cm<\/td><td>1,4 kg\/PC<\/td><\/tr><tr><td>G33514-H910-A03<\/td><td>Vaso para plantas antigo personaliz\u00e1vel<\/td><td>Escuro antigo<\/td><td>Terracota<\/td><td>decora\u00e7\u00e3o de casa,sala de estar,jardim<\/td><td>D:13,5X11cm<\/td><td>0,9 kg\/PC<\/td><\/tr><\/tbody><\/table><\/figure>\n\n\n\n<h3 class=\"wp-block-heading\">Servi\u00e7o de vasos personalizados para plantas<\/h3>\n\n\n\n<p>Oferecemos servi\u00e7os OEM e ODM para os nossos produtos.<br>Entrega r\u00e1pida de amostras est\u00e1 dispon\u00edvel.<br>Oferecemos uma variedade de materiais, formas, cores, impress\u00e3o personalizada, embalagem e outros servi\u00e7os adaptados para satisfazer as suas necessidades espec\u00edficas.<br><a style=\"\" href=\"https:\/\/www.santai-ceramics.com\/pt\/custom\/\" data-type=\"page\" data-id=\"13\" target=\"_blank\" rel=\"noreferrer noopener\"><strong><b>Saiba mais sobre personaliza\u00e7\u00e3o <\/b>pormenor do vaso de plantas.<\/strong><\/a><\/p>\n\n\n\n<div class=\"wp-block-columns is-layout-flex wp-container-core-columns-is-layout-9d6595d7 wp-block-columns-is-layout-flex\">\n<div class=\"wp-block-column is-layout-flow wp-block-column-is-layout-flow\">\n<figure class=\"wp-block-image size-full\"><img decoding=\"async\" width=\"1560\" height=\"1299\" src=\"https:\/\/www.santai-ceramics.com\/wp-content\/uploads\/2024\/10\/Wholesale-Customizable-Flower-Pots-4.webp\" alt=\"Vasos de flores personaliz\u00e1veis por atacado (4)\" class=\"wp-image-771\" srcset=\"https:\/\/www.santai-ceramics.com\/wp-content\/uploads\/2024\/10\/Wholesale-Customizable-Flower-Pots-4.webp 1560w, https:\/\/www.santai-ceramics.com\/wp-content\/uploads\/2024\/10\/Wholesale-Customizable-Flower-Pots-4-300x250.webp 300w, https:\/\/www.santai-ceramics.com\/wp-content\/uploads\/2024\/10\/Wholesale-Customizable-Flower-Pots-4-768x640.webp 768w, https:\/\/www.santai-ceramics.com\/wp-content\/uploads\/2024\/10\/Wholesale-Customizable-Flower-Pots-4-1200x999.webp 1200w, https:\/\/www.santai-ceramics.com\/wp-content\/uploads\/2024\/10\/Wholesale-Customizable-Flower-Pots-4-600x500.webp 600w\" sizes=\"(max-width: 1560px) 100vw, 1560px\" \/><\/figure>\n<\/div>\n\n\n\n<div class=\"wp-block-column is-layout-flow wp-block-column-is-layout-flow\">\n<figure class=\"wp-block-image size-full\"><img decoding=\"async\" width=\"1560\" height=\"1299\" src=\"https:\/\/www.santai-ceramics.com\/wp-content\/uploads\/2024\/10\/Wholesale-Customizable-Flower-Pots-5.webp\" alt=\"Vasos de flores personaliz\u00e1veis por atacado (5)\" class=\"wp-image-772\" srcset=\"https:\/\/www.santai-ceramics.com\/wp-content\/uploads\/2024\/10\/Wholesale-Customizable-Flower-Pots-5.webp 1560w, https:\/\/www.santai-ceramics.com\/wp-content\/uploads\/2024\/10\/Wholesale-Customizable-Flower-Pots-5-300x250.webp 300w, https:\/\/www.santai-ceramics.com\/wp-content\/uploads\/2024\/10\/Wholesale-Customizable-Flower-Pots-5-768x640.webp 768w, https:\/\/www.santai-ceramics.com\/wp-content\/uploads\/2024\/10\/Wholesale-Customizable-Flower-Pots-5-1200x999.webp 1200w, https:\/\/www.santai-ceramics.com\/wp-content\/uploads\/2024\/10\/Wholesale-Customizable-Flower-Pots-5-600x500.webp 600w\" sizes=\"(max-width: 1560px) 100vw, 1560px\" \/><\/figure>\n<\/div>\n<\/div>","protected":false},"excerpt":{"rendered":"<p data-pm-slice=\"0 0 []\">Os vasos de plantas personaliz\u00e1veis por atacado, n\u00e3o s\u00f3 satisfazem as necessidades de compras em grande escala, mas tamb\u00e9m ganham grande prefer\u00eancia com o nosso servi\u00e7o de personaliza\u00e7\u00e3o exclusivo. O design de gr\u00e3o de madeira cinzento deste vaso de plantas retro pode ser bem integrado na atmosfera geral do jardim. Ao colocar vasos de plantas de diferentes tamanhos em diferentes posi\u00e7\u00f5es, pode ser criado um rico sentido de hierarquia. \u00c9 adequado para uso pessoal da fam\u00edlia e \u00e9 mais perfeitamente adequado para hot\u00e9is e jardins. Bem-vindo a contactar-nos para comprar.<\/p>\n<h2>Carater\u00edsticas do vaso personaliz\u00e1vel para plantas<\/h2>\n<p><strong>Aspeto natural<\/strong>: A superf\u00edcie do vaso de terracota adopta um design de textura semelhante \u00e0 madeira e a combina\u00e7\u00e3o de diferentes tons de cinzento d\u00e1-lhe um toque natural e r\u00fastico, que \u00e9 muito adequado para combinar com v\u00e1rios estilos de decora\u00e7\u00e3o interior ou exterior.<\/p>\n<p><strong>Aumentar o efeito de decora\u00e7\u00e3o do jardim<\/strong>: O design de gr\u00e3o de madeira cinzento deste vaso de terracota \u00e9 f\u00e1cil de combinar com outros elementos do jardim (como pedra, madeira, metal, etc.). Combinado com decora\u00e7\u00f5es como bancos de jardim, veda\u00e7\u00f5es ou esculturas, pode criar um efeito visual harmonioso e unificado.<\/p>\n<p><strong>Durabilidade<\/strong>: Estes vasos personaliz\u00e1veis para plantas s\u00e3o feitos de terracota de alta qualidade, que tem uma boa durabilidade e propriedades anti-envelhecimento.<\/p>\n<p><strong>V\u00e1rias op\u00e7\u00f5es de tamanho<\/strong>: O produto oferece tr\u00eas tamanhos diferentes de vasos para plantas para satisfazer as necessidades de planta\u00e7\u00e3o e decora\u00e7\u00e3o de plantas diferentes. Quer se trate de plantas de grande porte ou de pequenas suculentas, \u00e9 poss\u00edvel encontrar um vaso do tamanho certo para o efeito.<\/p>\n<p><strong>Op\u00e7\u00f5es personalizadas<\/strong>: Oferecemos servi\u00e7os personalizados de vasos para plantas. Os clientes podem escolher diferentes tamanhos, cores, texturas, etc. de acordo com as suas necessidades e prefer\u00eancias para criar um vaso de plantas \u00fanico.<\/p>","protected":false},"featured_media":768,"comment_status":"closed","ping_status":"closed","template":"","meta":{"_acf_changed":false},"product_brand":[],"product_cat":[23,42,18,21],"product_tag":[38],"class_list":{"0":"post-767","1":"product","2":"type-product","3":"status-publish","4":"has-post-thumbnail","6":"product_cat-ceramic-pots-planters","7":"product_cat-wholesale-ceramic-plant-pots","8":"product_cat-home-decor","9":"product_cat-garden-decor","10":"product_tag-wholesale-terracotta-flower-pots","12":"first","13":"instock","14":"shipping-taxable","15":"product-type-simple"},"acf":[],"_links":{"self":[{"href":"https:\/\/www.santai-ceramics.com\/pt\/wp-json\/wp\/v2\/product\/767","targetHints":{"allow":["GET"]}}],"collection":[{"href":"https:\/\/www.santai-ceramics.com\/pt\/wp-json\/wp\/v2\/product"}],"about":[{"href":"https:\/\/www.santai-ceramics.com\/pt\/wp-json\/wp\/v2\/types\/product"}],"replies":[{"embeddable":true,"href":"https:\/\/www.santai-ceramics.com\/pt\/wp-json\/wp\/v2\/comments?post=767"}],"wp:featuredmedia":[{"embeddable":true,"href":"https:\/\/www.santai-ceramics.com\/pt\/wp-json\/wp\/v2\/media\/768"}],"wp:attachment":[{"href":"https:\/\/www.santai-ceramics.com\/pt\/wp-json\/wp\/v2\/media?parent=767"}],"wp:term":[{"taxonomy":"product_brand","embeddable":true,"href":"https:\/\/www.santai-ceramics.com\/pt\/wp-json\/wp\/v2\/product_brand?post=767"},{"taxonomy":"product_cat","embeddable":true,"href":"https:\/\/www.santai-ceramics.com\/pt\/wp-json\/wp\/v2\/product_cat?post=767"},{"taxonomy":"product_tag","embeddable":true,"href":"https:\/\/www.santai-ceramics.com\/pt\/wp-json\/wp\/v2\/product_tag?post=767"}],"curies":[{"name":"wp","href":"https:\/\/api.w.org\/{rel}","templated":true}]}}