{"id":774,"date":"2024-10-16T10:54:30","date_gmt":"2024-10-16T10:54:30","guid":{"rendered":"https:\/\/www.santai-ceramics.com\/?post_type=product&#038;p=774"},"modified":"2025-06-05T10:14:54","modified_gmt":"2025-06-05T10:14:54","slug":"wholesale-outdoor-cement-planter","status":"publish","type":"product","link":"https:\/\/www.santai-ceramics.com\/pt\/product\/wholesale-outdoor-cement-planter\/","title":{"rendered":"Plantador de cimento para exterior por grosso para uma decora\u00e7\u00e3o de jardim elegante e solu\u00e7\u00f5es de paisagismo duradouras"},"content":{"rendered":"<h3 class=\"wp-block-heading\">Par\u00e2metros da plantadora de cimento para exterior<\/h3>\n\n\n\n<figure class=\"wp-block-table\"><table class=\"has-fixed-layout\"><tbody><tr><td>Modelo<\/td><td>Nome do produto<\/td><td>Cor<\/td><td>Material<\/td><td>Utiliza\u00e7\u00f5es<\/td><td>Dimens\u00f5es<\/td><td>Peso<\/td><\/tr><tr><td>J37576-H885-A01<\/td><td>Plantador de cimento de fibra para exterior&nbsp;<\/td><td>Escuro antigo<\/td><td>Fibra de cimento&nbsp;<\/td><td>decora\u00e7\u00e3o de casa,sala de estar,jardim<\/td><td>D:37,5X44,5cm<\/td><td>8,6 kg\/PC<\/td><\/tr><tr><td>J37576-H885-A02<\/td><td>Plantador de cimento de fibra para exterior&nbsp;<\/td><td>Escuro antigo<\/td><td>Fibra de cimento&nbsp;<\/td><td>decora\u00e7\u00e3o de casa,sala de estar,jardim<\/td><td>D:32X36,5cm<\/td><td>5,6 kg\/PC<\/td><\/tr><tr><td>J37576-H885-A03<\/td><td>Plantador de cimento de fibra para exterior&nbsp;<\/td><td>Escuro antigo<\/td><td>Fibra de cimento&nbsp;<\/td><td>decora\u00e7\u00e3o de casa,sala de estar,jardim<\/td><td>D:28X31cm<\/td><td>4,1 kg\/PC<\/td><\/tr><\/tbody><\/table><\/figure>\n\n\n\n<h3 class=\"wp-block-heading\">Servi\u00e7o de plantadores de cimento personalizados para exteriores<\/h3>\n\n\n\n<p>Oferecemos servi\u00e7os OEM e ODM para os nossos produtos.<br>Entrega r\u00e1pida de amostras est\u00e1 dispon\u00edvel.<br>Oferecemos uma variedade de formas, cores, impress\u00e3o personalizada, embalagem e outros servi\u00e7os adaptados para satisfazer as suas necessidades espec\u00edficas.<br><a style=\"\" href=\"https:\/\/www.santai-ceramics.com\/pt\/custom\/\" data-type=\"page\" data-id=\"13\" target=\"_blank\" rel=\"noreferrer noopener\"><strong><b>Saiba mais sobre personaliza\u00e7\u00e3o<\/b> pormenor da plantadora de cimento.<\/strong><\/a><\/p>\n\n\n\n<div class=\"wp-block-columns is-layout-flex wp-container-core-columns-is-layout-9d6595d7 wp-block-columns-is-layout-flex\">\n<div class=\"wp-block-column is-layout-flow wp-block-column-is-layout-flow\">\n<figure class=\"wp-block-image size-full\"><img decoding=\"async\" width=\"1300\" height=\"1083\" src=\"https:\/\/www.santai-ceramics.com\/wp-content\/uploads\/2024\/10\/Wholesale-Outdoor-Cement-Planter-4.webp\" alt=\"Vaso de cimento para exterior por atacado (4)\" class=\"wp-image-778\" srcset=\"https:\/\/www.santai-ceramics.com\/wp-content\/uploads\/2024\/10\/Wholesale-Outdoor-Cement-Planter-4.webp 1300w, https:\/\/www.santai-ceramics.com\/wp-content\/uploads\/2024\/10\/Wholesale-Outdoor-Cement-Planter-4-300x250.webp 300w, https:\/\/www.santai-ceramics.com\/wp-content\/uploads\/2024\/10\/Wholesale-Outdoor-Cement-Planter-4-768x640.webp 768w, https:\/\/www.santai-ceramics.com\/wp-content\/uploads\/2024\/10\/Wholesale-Outdoor-Cement-Planter-4-1200x1000.webp 1200w, https:\/\/www.santai-ceramics.com\/wp-content\/uploads\/2024\/10\/Wholesale-Outdoor-Cement-Planter-4-600x500.webp 600w\" sizes=\"(max-width: 1300px) 100vw, 1300px\" \/><\/figure>\n<\/div>\n\n\n\n<div class=\"wp-block-column is-layout-flow wp-block-column-is-layout-flow\">\n<figure class=\"wp-block-image size-full\"><img decoding=\"async\" width=\"1300\" height=\"1083\" src=\"https:\/\/www.santai-ceramics.com\/wp-content\/uploads\/2024\/10\/Wholesale-Outdoor-Cement-Planter-7.webp\" alt=\"Vaso de cimento para exterior por atacado (7)\" class=\"wp-image-781\" srcset=\"https:\/\/www.santai-ceramics.com\/wp-content\/uploads\/2024\/10\/Wholesale-Outdoor-Cement-Planter-7.webp 1300w, https:\/\/www.santai-ceramics.com\/wp-content\/uploads\/2024\/10\/Wholesale-Outdoor-Cement-Planter-7-300x250.webp 300w, https:\/\/www.santai-ceramics.com\/wp-content\/uploads\/2024\/10\/Wholesale-Outdoor-Cement-Planter-7-768x640.webp 768w, https:\/\/www.santai-ceramics.com\/wp-content\/uploads\/2024\/10\/Wholesale-Outdoor-Cement-Planter-7-1200x1000.webp 1200w, https:\/\/www.santai-ceramics.com\/wp-content\/uploads\/2024\/10\/Wholesale-Outdoor-Cement-Planter-7-600x500.webp 600w\" sizes=\"(max-width: 1300px) 100vw, 1300px\" \/><\/figure>\n<\/div>\n<\/div>","protected":false},"excerpt":{"rendered":"<p data-pm-slice=\"0 0 []\">Apresentamos as nossas jardineiras de cimento para exterior por atacado, a solu\u00e7\u00e3o perfeita para decorar o seu jardim ou p\u00e1tio. Fabricadas em cimento de primeira qualidade, estas jardineiras s\u00e3o concebidas para garantir durabilidade e longevidade para todas as suas necessidades de paisagismo no exterior. Quer seja um retalhista que pretende oferecer uma decora\u00e7\u00e3o exterior \u00fanica ou um paisagista que procura jardineiras fi\u00e1veis, o fabricante de jardineiras SANTAI oferece uma qualidade superior e pre\u00e7os competitivos.<\/p>\n<h2>Carater\u00edsticas do plantador de cimento para exterior<\/h2>\n<p><strong>Design de apar\u00eancia \u00fanica<\/strong>: O cinzento claro \u00e9 a cor principal para este vaso de cimento para exterior; tem um design de textura ondulada. N\u00e3o s\u00f3 \u00e9 bom para a apar\u00eancia da plantadeira, mas tamb\u00e9m pode atender a diversos estilos decorativos.<\/p>\n<p><strong>Op\u00e7\u00f5es de v\u00e1rios tamanhos para satisfazer diversas necessidades<\/strong>: A jardineira grossista oferece tr\u00eas tamanhos para diferentes cen\u00e1rios e necessidades de planta\u00e7\u00e3o. Quer pretenda plantar uma grande planta de folhagem ou uma pequena planta suculenta, encontrar\u00e1 um recipiente adequado nesta s\u00e9rie de jardineiras.<\/p>\n<p><strong>Material de fibrocimento<\/strong>: A jardineira grossista \u00e9 feita de fibrocimento, o que lhe confere uma resist\u00eancia e uma durabilidade extremamente elevadas.\u00a0<\/p>\n<p><strong>Boa respirabilidade<\/strong>: A permeabilidade ao ar deste material de fibrocimento, que \u00e9 bom para a respira\u00e7\u00e3o e o crescimento das ra\u00edzes das plantas. Entretanto, um orif\u00edcio de drenagem \u00e9 geralmente concebido no fundo do vaso, que pode efetivamente drenar o excesso de \u00e1gua para evitar o apodrecimento das ra\u00edzes das plantas.<\/p>\n<p><strong>Amigo do ambiente e sustent\u00e1vel<\/strong>: O fibrocimento \u00e9 um material ecol\u00f3gico e sustent\u00e1vel que n\u00e3o polui o ambiente. Al\u00e9m disso, os plantadores deste material podem ser reciclados para reduzir o desperd\u00edcio de recursos e o lixo gerado.<\/p>\n<p><strong>OEM e servi\u00e7o OEM<\/strong>: Como fabricante profissional de cer\u00e2mica, a SANTAI fornece solu\u00e7\u00f5es completas de plantadores personalizados, abrangendo design, fornecimento de amostras, produ\u00e7\u00e3o, transporte, entrega e outros processos para compradores B2B com plantadores de alta qualidade.<\/p>","protected":false},"featured_media":775,"comment_status":"closed","ping_status":"closed","template":"","meta":{"_acf_changed":false},"product_brand":[],"product_cat":[23,41,18,21],"product_tag":[40],"class_list":{"0":"post-774","1":"product","2":"type-product","3":"status-publish","4":"has-post-thumbnail","6":"product_cat-ceramic-pots-planters","7":"product_cat-wholesale-fiber-cement-plant-pots","8":"product_cat-home-decor","9":"product_cat-garden-decor","10":"product_tag-cement-flower-pot","12":"first","13":"instock","14":"shipping-taxable","15":"product-type-simple"},"acf":[],"_links":{"self":[{"href":"https:\/\/www.santai-ceramics.com\/pt\/wp-json\/wp\/v2\/product\/774","targetHints":{"allow":["GET"]}}],"collection":[{"href":"https:\/\/www.santai-ceramics.com\/pt\/wp-json\/wp\/v2\/product"}],"about":[{"href":"https:\/\/www.santai-ceramics.com\/pt\/wp-json\/wp\/v2\/types\/product"}],"replies":[{"embeddable":true,"href":"https:\/\/www.santai-ceramics.com\/pt\/wp-json\/wp\/v2\/comments?post=774"}],"wp:featuredmedia":[{"embeddable":true,"href":"https:\/\/www.santai-ceramics.com\/pt\/wp-json\/wp\/v2\/media\/775"}],"wp:attachment":[{"href":"https:\/\/www.santai-ceramics.com\/pt\/wp-json\/wp\/v2\/media?parent=774"}],"wp:term":[{"taxonomy":"product_brand","embeddable":true,"href":"https:\/\/www.santai-ceramics.com\/pt\/wp-json\/wp\/v2\/product_brand?post=774"},{"taxonomy":"product_cat","embeddable":true,"href":"https:\/\/www.santai-ceramics.com\/pt\/wp-json\/wp\/v2\/product_cat?post=774"},{"taxonomy":"product_tag","embeddable":true,"href":"https:\/\/www.santai-ceramics.com\/pt\/wp-json\/wp\/v2\/product_tag?post=774"}],"curies":[{"name":"wp","href":"https:\/\/api.w.org\/{rel}","templated":true}]}}