{"id":782,"date":"2024-10-16T14:40:41","date_gmt":"2024-10-16T14:40:41","guid":{"rendered":"https:\/\/www.santai-ceramics.com\/?post_type=product&#038;p=782"},"modified":"2025-06-08T15:11:40","modified_gmt":"2025-06-08T15:11:40","slug":"wholesale-outdoor-clay-plant-pots","status":"publish","type":"product","link":"https:\/\/www.santai-ceramics.com\/pt\/product\/wholesale-outdoor-clay-plant-pots\/","title":{"rendered":"Vasos de barro para exterior por atacado para jardins, p\u00e1tios e paisagens"},"content":{"rendered":"<h3 class=\"wp-block-heading\">Par\u00e2metros do vaso de barro para plantas de exterior<\/h3>\n\n\n\n<figure class=\"wp-block-table\"><table class=\"has-fixed-layout\"><tbody><tr><td>Modelo<\/td><td>Nome do produto<\/td><td>Cor<\/td><td>Material<\/td><td>Utiliza\u00e7\u00f5es<\/td><td>Dimens\u00f5es<\/td><td>Peso<\/td><\/tr><tr><td>G34706-H910-A01<\/td><td>Vaso de barro para plantas de exterior<\/td><td>Escuro antigo<\/td><td>Terracota<\/td><td>decora\u00e7\u00e3o de casa,sala de estar,jardim<\/td><td>D:24X18cm<\/td><td>2,8 kg\/PC<\/td><\/tr><tr><td>G34706-H910-A03<\/td><td>Vaso de barro para plantas de exterior<\/td><td>Escuro antigo<\/td><td>Terracota<\/td><td>decora\u00e7\u00e3o de casa,sala de estar,jardim<\/td><td>D:15X12cm<\/td><td>1kg\/PC<\/td><\/tr><\/tbody><\/table><\/figure>\n\n\n\n<h3 class=\"wp-block-heading\">Servi\u00e7o de vasos de barro personalizados para plantas de exterior<\/h3>\n\n\n\n<p>Oferecemos servi\u00e7os OEM e ODM para os nossos produtos.<br>Entrega r\u00e1pida de amostras est\u00e1 dispon\u00edvel.<br>Oferecemos uma variedade de formas, cores, impress\u00e3o personalizada, embalagem e outros servi\u00e7os adaptados para satisfazer as suas necessidades espec\u00edficas.<br><a style=\"\" href=\"https:\/\/www.santai-ceramics.com\/pt\/custom\/\" data-type=\"page\" data-id=\"13\" target=\"_blank\" rel=\"noreferrer noopener\"><strong><b>Saiba mais sobre personaliza\u00e7\u00e3o<\/b> pormenor do vaso de barro para plantas de exterior.<\/strong><\/a><\/p>\n\n\n\n<div class=\"wp-block-columns is-layout-flex wp-container-core-columns-is-layout-9d6595d7 wp-block-columns-is-layout-flex\">\n<div class=\"wp-block-column is-layout-flow wp-block-column-is-layout-flow\">\n<figure class=\"wp-block-image size-full\"><img decoding=\"async\" width=\"1200\" height=\"1000\" src=\"https:\/\/www.santai-ceramics.com\/wp-content\/uploads\/2024\/10\/Wholesale-Outdoor-Plant-Pots-5.jpg\" alt=\"Vasos para plantas de exterior por atacado (5)\" class=\"wp-image-788\" srcset=\"https:\/\/www.santai-ceramics.com\/wp-content\/uploads\/2024\/10\/Wholesale-Outdoor-Plant-Pots-5.jpg 1200w, https:\/\/www.santai-ceramics.com\/wp-content\/uploads\/2024\/10\/Wholesale-Outdoor-Plant-Pots-5-300x250.jpg 300w, https:\/\/www.santai-ceramics.com\/wp-content\/uploads\/2024\/10\/Wholesale-Outdoor-Plant-Pots-5-768x640.jpg 768w, https:\/\/www.santai-ceramics.com\/wp-content\/uploads\/2024\/10\/Wholesale-Outdoor-Plant-Pots-5-600x500.jpg 600w\" sizes=\"(max-width: 1200px) 100vw, 1200px\" \/><\/figure>\n<\/div>\n\n\n\n<div class=\"wp-block-column is-layout-flow wp-block-column-is-layout-flow\">\n<figure class=\"wp-block-image size-full\"><img decoding=\"async\" width=\"1200\" height=\"999\" src=\"https:\/\/www.santai-ceramics.com\/wp-content\/uploads\/2024\/10\/Wholesale-Outdoor-Plant-Pots-6.jpg\" alt=\"Vasos para plantas de exterior por atacado (6)\" class=\"wp-image-789\" srcset=\"https:\/\/www.santai-ceramics.com\/wp-content\/uploads\/2024\/10\/Wholesale-Outdoor-Plant-Pots-6.jpg 1200w, https:\/\/www.santai-ceramics.com\/wp-content\/uploads\/2024\/10\/Wholesale-Outdoor-Plant-Pots-6-300x250.jpg 300w, https:\/\/www.santai-ceramics.com\/wp-content\/uploads\/2024\/10\/Wholesale-Outdoor-Plant-Pots-6-768x639.jpg 768w, https:\/\/www.santai-ceramics.com\/wp-content\/uploads\/2024\/10\/Wholesale-Outdoor-Plant-Pots-6-600x500.jpg 600w\" sizes=\"(max-width: 1200px) 100vw, 1200px\" \/><\/figure>\n<\/div>\n<\/div>","protected":false},"excerpt":{"rendered":"<p data-pm-slice=\"0 0 []\">Os nossos vasos de barro para plantas de exterior s\u00e3o feitos para dar um toque de charme r\u00fastico natural a qualquer jardim, p\u00e1tio ou espa\u00e7o exterior. Com uma variedade de estilos e tamanhos, s\u00e3o perfeitos para retalhistas, paisagistas e entusiastas de jardins que procuram op\u00e7\u00f5es de compra a granel.<\/p>\n<h2>Carater\u00edsticas do vaso de barro para plantas de exterior<\/h2>\n<p><strong>Adaptar-se a uma variedade de ambientes exteriores<\/strong>: Quer se trate de uma varanda ensolarada, de um terra\u00e7o ou de um p\u00e1tio ou jardim fresco e h\u00famido, este vaso adapta-se bem. O seu material resistente \u00e0s intemp\u00e9ries e \u00e0 corros\u00e3o permite que o vaso mantenha a beleza e a funcionalidade em v\u00e1rios ambientes, proporcionando um bom ambiente de crescimento para as plantas.<\/p>\n<p><strong>Adequado para uma variedade de ambientes<\/strong>: A forma deste design antigo faz com que o vaso para plantas possa adaptar-se a diferentes necessidades ambientais. Quer se trate de um p\u00e1tio cl\u00e1ssico, de um jardim moderno ou de uma simples varanda.<\/p>\n<p><strong>Desempenho de custo elevado<\/strong>: Tendo em conta o material, o design e a durabilidade do vaso de flores, verificar\u00e1 que este produto \u00e9 muito econ\u00f3mico. N\u00e3o s\u00f3 satisfaz as necessidades b\u00e1sicas de planta\u00e7\u00e3o, como tamb\u00e9m proporciona efeitos decorativos adicionais ao espa\u00e7o exterior.<\/p>\n<p><strong>Servi\u00e7o OEM&amp;ODM<\/strong>: Como fabricante l\u00edder de decora\u00e7\u00e3o de cer\u00e2mica para jardim da China, a SNATAI fornece solu\u00e7\u00f5es profissionais de plantadores por atacado e personalizadas para garantir que cada produto reflicta as ideias dos clientes. Os nossos servi\u00e7os de personaliza\u00e7\u00e3o flex\u00edveis e o controlo de qualidade rigoroso ajudam os clientes a obter designs personalizados e a aumentar a competitividade do mercado.<\/p>","protected":false},"featured_media":784,"comment_status":"closed","ping_status":"closed","template":"","meta":{"_acf_changed":false},"product_brand":[],"product_cat":[23,42,21],"product_tag":[38],"class_list":{"0":"post-782","1":"product","2":"type-product","3":"status-publish","4":"has-post-thumbnail","6":"product_cat-ceramic-pots-planters","7":"product_cat-wholesale-ceramic-plant-pots","8":"product_cat-garden-decor","9":"product_tag-wholesale-terracotta-flower-pots","11":"first","12":"instock","13":"shipping-taxable","14":"product-type-simple"},"acf":[],"_links":{"self":[{"href":"https:\/\/www.santai-ceramics.com\/pt\/wp-json\/wp\/v2\/product\/782","targetHints":{"allow":["GET"]}}],"collection":[{"href":"https:\/\/www.santai-ceramics.com\/pt\/wp-json\/wp\/v2\/product"}],"about":[{"href":"https:\/\/www.santai-ceramics.com\/pt\/wp-json\/wp\/v2\/types\/product"}],"replies":[{"embeddable":true,"href":"https:\/\/www.santai-ceramics.com\/pt\/wp-json\/wp\/v2\/comments?post=782"}],"wp:featuredmedia":[{"embeddable":true,"href":"https:\/\/www.santai-ceramics.com\/pt\/wp-json\/wp\/v2\/media\/784"}],"wp:attachment":[{"href":"https:\/\/www.santai-ceramics.com\/pt\/wp-json\/wp\/v2\/media?parent=782"}],"wp:term":[{"taxonomy":"product_brand","embeddable":true,"href":"https:\/\/www.santai-ceramics.com\/pt\/wp-json\/wp\/v2\/product_brand?post=782"},{"taxonomy":"product_cat","embeddable":true,"href":"https:\/\/www.santai-ceramics.com\/pt\/wp-json\/wp\/v2\/product_cat?post=782"},{"taxonomy":"product_tag","embeddable":true,"href":"https:\/\/www.santai-ceramics.com\/pt\/wp-json\/wp\/v2\/product_tag?post=782"}],"curies":[{"name":"wp","href":"https:\/\/api.w.org\/{rel}","templated":true}]}}