{"id":810,"date":"2024-10-17T07:44:23","date_gmt":"2024-10-17T07:44:23","guid":{"rendered":"https:\/\/www.santai-ceramics.com\/?post_type=product&#038;p=810"},"modified":"2025-06-05T10:14:44","modified_gmt":"2025-06-05T10:14:44","slug":"high-quality-wholesale-outdoor-fiber-cement-planters","status":"publish","type":"product","link":"https:\/\/www.santai-ceramics.com\/pt\/product\/high-quality-wholesale-outdoor-fiber-cement-planters\/","title":{"rendered":"Vasos de cimento de fibra para exterior por atacado para paisagismo moderno"},"content":{"rendered":"<h3 class=\"wp-block-heading\">Par\u00e2metros da plantadeira de fibrocimento<\/h3>\n\n\n\n<figure class=\"wp-block-table\"><table class=\"has-fixed-layout\"><tbody><tr><td>Modelo<\/td><td>Nome do produto<\/td><td>Cor<\/td><td>Material<\/td><td>Utiliza\u00e7\u00f5es<\/td><td>Dimens\u00f5es<\/td><td>Peso<\/td><\/tr><tr><td>J37040-H885-A01<\/td><td>Plantador de cimento de fibra&nbsp;<\/td><td>Castanho claro antigo<\/td><td>Fibra de cimento<\/td><td>decora\u00e7\u00e3o de casa,sala de estar,jardim<\/td><td>D:39X38cm<\/td><td>8,1 kg\/PC<\/td><\/tr><tr><td>J37040-H885-A02<\/td><td>Plantador de cimento de fibra&nbsp;<\/td><td>Castanho claro antigo<\/td><td>Fibra de cimento<\/td><td>decora\u00e7\u00e3o de casa,sala de estar,jardim<\/td><td>D:31X30,5cm<\/td><td>5,3 kg\/PC<\/td><\/tr><\/tbody><\/table><\/figure>\n\n\n\n<h3 class=\"wp-block-heading\">Servi\u00e7o de plantadores personalizados<\/h3>\n\n\n\n<p>Oferecemos servi\u00e7os OEM e ODM para os nossos produtos.<br>Entrega r\u00e1pida de amostras est\u00e1 dispon\u00edvel.<br>Oferecemos uma variedade de formas, cores, impress\u00e3o personalizada, embalagem e outros servi\u00e7os adaptados para satisfazer as suas necessidades espec\u00edficas.<br><a style=\"\" href=\"https:\/\/www.santai-ceramics.com\/pt\/custom\/\" data-type=\"page\" data-id=\"13\" target=\"_blank\" rel=\"noreferrer noopener\"><strong><b>Saiba mais sobre personaliza\u00e7\u00e3o<\/b> pormenor do plantador.<\/strong><\/a><\/p>\n\n\n\n<div class=\"wp-block-columns is-layout-flex wp-container-core-columns-is-layout-9d6595d7 wp-block-columns-is-layout-flex\">\n<div class=\"wp-block-column is-layout-flow wp-block-column-is-layout-flow\">\n<figure class=\"wp-block-image size-full\"><img decoding=\"async\" width=\"1806\" height=\"1505\" src=\"https:\/\/www.santai-ceramics.com\/wp-content\/uploads\/2024\/10\/Outdoor-Fiber-Cement-Planter-4.webp\" alt=\"Plantador de cimento de fibra para exterior (4)\" class=\"wp-image-814\" srcset=\"https:\/\/www.santai-ceramics.com\/wp-content\/uploads\/2024\/10\/Outdoor-Fiber-Cement-Planter-4.webp 1806w, https:\/\/www.santai-ceramics.com\/wp-content\/uploads\/2024\/10\/Outdoor-Fiber-Cement-Planter-4-300x250.webp 300w, https:\/\/www.santai-ceramics.com\/wp-content\/uploads\/2024\/10\/Outdoor-Fiber-Cement-Planter-4-768x640.webp 768w, https:\/\/www.santai-ceramics.com\/wp-content\/uploads\/2024\/10\/Outdoor-Fiber-Cement-Planter-4-1200x1000.webp 1200w, https:\/\/www.santai-ceramics.com\/wp-content\/uploads\/2024\/10\/Outdoor-Fiber-Cement-Planter-4-600x500.webp 600w\" sizes=\"(max-width: 1806px) 100vw, 1806px\" \/><\/figure>\n<\/div>\n\n\n\n<div class=\"wp-block-column is-layout-flow wp-block-column-is-layout-flow\">\n<figure class=\"wp-block-image size-full\"><img decoding=\"async\" width=\"1806\" height=\"1505\" src=\"https:\/\/www.santai-ceramics.com\/wp-content\/uploads\/2024\/10\/Outdoor-Fiber-Cement-Planter-3.webp\" alt=\"Floreira de cimento de fibra para exterior (3)\" class=\"wp-image-813\" srcset=\"https:\/\/www.santai-ceramics.com\/wp-content\/uploads\/2024\/10\/Outdoor-Fiber-Cement-Planter-3.webp 1806w, https:\/\/www.santai-ceramics.com\/wp-content\/uploads\/2024\/10\/Outdoor-Fiber-Cement-Planter-3-300x250.webp 300w, https:\/\/www.santai-ceramics.com\/wp-content\/uploads\/2024\/10\/Outdoor-Fiber-Cement-Planter-3-768x640.webp 768w, https:\/\/www.santai-ceramics.com\/wp-content\/uploads\/2024\/10\/Outdoor-Fiber-Cement-Planter-3-1200x1000.webp 1200w, https:\/\/www.santai-ceramics.com\/wp-content\/uploads\/2024\/10\/Outdoor-Fiber-Cement-Planter-3-600x500.webp 600w\" sizes=\"(max-width: 1806px) 100vw, 1806px\" \/><\/figure>\n<\/div>\n<\/div>","protected":false},"excerpt":{"rendered":"<p data-pm-slice=\"0 0 []\">Os nossos plantadores de fibrocimento para exterior combinam um design moderno com uma durabilidade superior, adequados para uma variedade de plantas e flores. Bem-vindo compradores B2B, grossistas e retalhistas para nos contactarem para or\u00e7amentos.<\/p>\n<h2>Carater\u00edsticas da jardineira de fibrocimento<\/h2>\n<p><strong>Material resistente<\/strong>: Este plantador por atacado \u00e9 feito de material de fibrocimento de alta resist\u00eancia, que pode facilmente lidar com as mudan\u00e7as clim\u00e1ticas ao ar livre e diferen\u00e7as extremas de temperatura, e mostrar excelente durabilidade.<\/p>\n<p><strong>Est\u00e9tica moderna<\/strong>: As figuras geom\u00e9tricas cuidadosamente esculpidas na superf\u00edcie da jardineira grossista d\u00e3o ao espa\u00e7o um toque de moda vanguardista, quer se trate de um p\u00e1tio, terra\u00e7o ou canto exterior, pode tornar-se o foco.<\/p>\n<p><strong>Perto da natureza<\/strong>: As cores neutras e as texturas naturais que utiliza criam uma sensa\u00e7\u00e3o de regresso \u00e0 natureza, que se integra perfeitamente em projectos de jardinagem modernos, minimalistas ou cl\u00e1ssicos.<\/p>\n<p><strong>Especifica\u00e7\u00f5es diversas<\/strong>: A fim de satisfazer as necessidades de planta\u00e7\u00e3o de diferentes plantas, fornecemos plantadores de v\u00e1rios tamanhos \u00e0 sua escolha, desde pequenas plantas verdes de interior a espectaculares \u00e1rvores de exterior, pode encontrar um plantador adequado.<\/p>\n<p><strong>Drenagem optimizada<\/strong>: O design especial da base ligeiramente elevada do plantador whosale promove eficazmente a descarga da \u00e1gua acumulada, mant\u00e9m o solo do vaso respir\u00e1vel e proporciona um ambiente de crescimento saud\u00e1vel para as ra\u00edzes das plantas.<\/p>\n<p><strong>Servi\u00e7os de personaliza\u00e7\u00e3o OEM e ODM<\/strong>: Fornecemos servi\u00e7os abrangentes de plantadores personalizados OEM e ODM para ajud\u00e1-lo a obter vantagens de mercado, entre em contacto connosco.<\/p>","protected":false},"featured_media":811,"comment_status":"closed","ping_status":"closed","template":"","meta":{"_acf_changed":false},"product_brand":[],"product_cat":[23,41,21,18],"product_tag":[40],"class_list":{"0":"post-810","1":"product","2":"type-product","3":"status-publish","4":"has-post-thumbnail","6":"product_cat-ceramic-pots-planters","7":"product_cat-wholesale-fiber-cement-plant-pots","8":"product_cat-garden-decor","9":"product_cat-home-decor","10":"product_tag-cement-flower-pot","12":"first","13":"instock","14":"shipping-taxable","15":"product-type-simple"},"acf":[],"_links":{"self":[{"href":"https:\/\/www.santai-ceramics.com\/pt\/wp-json\/wp\/v2\/product\/810","targetHints":{"allow":["GET"]}}],"collection":[{"href":"https:\/\/www.santai-ceramics.com\/pt\/wp-json\/wp\/v2\/product"}],"about":[{"href":"https:\/\/www.santai-ceramics.com\/pt\/wp-json\/wp\/v2\/types\/product"}],"replies":[{"embeddable":true,"href":"https:\/\/www.santai-ceramics.com\/pt\/wp-json\/wp\/v2\/comments?post=810"}],"wp:featuredmedia":[{"embeddable":true,"href":"https:\/\/www.santai-ceramics.com\/pt\/wp-json\/wp\/v2\/media\/811"}],"wp:attachment":[{"href":"https:\/\/www.santai-ceramics.com\/pt\/wp-json\/wp\/v2\/media?parent=810"}],"wp:term":[{"taxonomy":"product_brand","embeddable":true,"href":"https:\/\/www.santai-ceramics.com\/pt\/wp-json\/wp\/v2\/product_brand?post=810"},{"taxonomy":"product_cat","embeddable":true,"href":"https:\/\/www.santai-ceramics.com\/pt\/wp-json\/wp\/v2\/product_cat?post=810"},{"taxonomy":"product_tag","embeddable":true,"href":"https:\/\/www.santai-ceramics.com\/pt\/wp-json\/wp\/v2\/product_tag?post=810"}],"curies":[{"name":"wp","href":"https:\/\/api.w.org\/{rel}","templated":true}]}}