{"id":817,"date":"2024-10-17T08:16:23","date_gmt":"2024-10-17T08:16:23","guid":{"rendered":"https:\/\/www.santai-ceramics.com\/?post_type=product&#038;p=817"},"modified":"2024-10-27T14:49:36","modified_gmt":"2024-10-27T14:49:36","slug":"decorative-terracotta-vase-wholesale-with-unique-designs","status":"publish","type":"product","link":"https:\/\/www.santai-ceramics.com\/pt\/product\/decorative-terracotta-vase-wholesale-with-unique-designs\/","title":{"rendered":"Vaso decorativo de terracota por atacado com designs exclusivos para o seu espa\u00e7o de vida"},"content":{"rendered":"<h3 class=\"wp-block-heading\">Par\u00e2metros do vaso decorativo de terracota<\/h3>\n\n\n\n<figure class=\"wp-block-table\"><table class=\"has-fixed-layout\"><tbody><tr><td>Modelo<\/td><td>Nome do produto<\/td><td>Cor<\/td><td>Material<\/td><td>Utiliza\u00e7\u00f5es<\/td><td>Dimens\u00f5es<\/td><td>Peso<\/td><\/tr><tr><td>G37586-H885-A01<\/td><td>\u00a0Decorativo <br>Vaso de terracota<\/td><td>Castanho claro antigo<\/td><td>&nbsp;Terracota<\/td><td>decora\u00e7\u00e3o de casa,sala de estar,jardim<\/td><td>D:15,5X23,5cm<\/td><td>1,9 kg\/PC<\/td><\/tr><tr><td>G37587-H885-A01<\/td><td>\u00a0Decorativo <br>Vaso de terracota<\/td><td>Castanho claro antigo<\/td><td>&nbsp;Terracota<\/td><td>decora\u00e7\u00e3o de casa,sala de estar,jardim<\/td><td>D:19,5X17cm<\/td><td>1,9 kg\/PC<\/td><\/tr><\/tbody><\/table><\/figure>\n\n\n\n<h3 class=\"wp-block-heading\">Servi\u00e7o de vasos de terracota decorativos personalizados<\/h3>\n\n\n\n<p>Oferecemos servi\u00e7os OEM e ODM para os nossos produtos.<br>Entrega r\u00e1pida de amostras est\u00e1 dispon\u00edvel.<br>Oferecemos uma variedade de formas, cores, impress\u00e3o personalizada, embalagem e outros servi\u00e7os adaptados para satisfazer as suas necessidades espec\u00edficas.<br><a style=\"\" href=\"https:\/\/www.santai-ceramics.com\/pt\/custom\/\" data-type=\"page\" data-id=\"13\" target=\"_blank\" rel=\"noreferrer noopener\"><strong><b>Saiba mais sobre personaliza\u00e7\u00e3o<\/b> pormenor do vaso em terracota.<\/strong><\/a><\/p>\n\n\n\n<div class=\"wp-block-columns is-layout-flex wp-container-core-columns-is-layout-9d6595d7 wp-block-columns-is-layout-flex\">\n<div class=\"wp-block-column is-layout-flow wp-block-column-is-layout-flow\">\n<figure class=\"wp-block-image size-full\"><img decoding=\"async\" width=\"1500\" height=\"1249\" src=\"https:\/\/www.santai-ceramics.com\/wp-content\/uploads\/2024\/10\/Wholesale-Decorative-Terracotta-Vase-3.jpg\" alt=\"Vaso decorativo de terracota por atacado (3)\" class=\"wp-image-820\" srcset=\"https:\/\/www.santai-ceramics.com\/wp-content\/uploads\/2024\/10\/Wholesale-Decorative-Terracotta-Vase-3.jpg 1500w, https:\/\/www.santai-ceramics.com\/wp-content\/uploads\/2024\/10\/Wholesale-Decorative-Terracotta-Vase-3-300x250.jpg 300w, https:\/\/www.santai-ceramics.com\/wp-content\/uploads\/2024\/10\/Wholesale-Decorative-Terracotta-Vase-3-768x639.jpg 768w, https:\/\/www.santai-ceramics.com\/wp-content\/uploads\/2024\/10\/Wholesale-Decorative-Terracotta-Vase-3-1200x999.jpg 1200w, https:\/\/www.santai-ceramics.com\/wp-content\/uploads\/2024\/10\/Wholesale-Decorative-Terracotta-Vase-3-600x500.jpg 600w\" sizes=\"(max-width: 1500px) 100vw, 1500px\" \/><\/figure>\n<\/div>\n\n\n\n<div class=\"wp-block-column is-layout-flow wp-block-column-is-layout-flow\">\n<figure class=\"wp-block-image size-full\"><img decoding=\"async\" width=\"1500\" height=\"1249\" src=\"https:\/\/www.santai-ceramics.com\/wp-content\/uploads\/2024\/10\/Wholesale-Decorative-Terracotta-Vase-4.jpg\" alt=\"Vaso decorativo de terracota por atacado (4)\" class=\"wp-image-821\" srcset=\"https:\/\/www.santai-ceramics.com\/wp-content\/uploads\/2024\/10\/Wholesale-Decorative-Terracotta-Vase-4.jpg 1500w, https:\/\/www.santai-ceramics.com\/wp-content\/uploads\/2024\/10\/Wholesale-Decorative-Terracotta-Vase-4-300x250.jpg 300w, https:\/\/www.santai-ceramics.com\/wp-content\/uploads\/2024\/10\/Wholesale-Decorative-Terracotta-Vase-4-768x639.jpg 768w, https:\/\/www.santai-ceramics.com\/wp-content\/uploads\/2024\/10\/Wholesale-Decorative-Terracotta-Vase-4-1200x999.jpg 1200w, https:\/\/www.santai-ceramics.com\/wp-content\/uploads\/2024\/10\/Wholesale-Decorative-Terracotta-Vase-4-600x500.jpg 600w\" sizes=\"(max-width: 1500px) 100vw, 1500px\" \/><\/figure>\n<\/div>\n<\/div>","protected":false},"excerpt":{"rendered":"<p data-pm-slice=\"0 0 []\">Explore nossos designs exclusivos de vasos de terracota por atacado para adicionar uma atmosfera art\u00edstica encantadora ao seu espa\u00e7o de vida. O vaso decorativo \u00e9 feito de materiais de argila de alta qualidade, combinando artesanato moderno e tradicional para apresentar uma apar\u00eancia \u00fanica e personalizada. bem-vindo compradores B2B para nos contactar para compras.<\/p>\n<h2>Carater\u00edsticas da Jarra Decorativa de Terracota<\/h2>\n<p><strong>O design \u00e9 \u00fanico e elegante<\/strong>: Este vaso de terracota \u00e9 principalmente de cor castanha clara com padr\u00f5es de plantas de cor escura, exalando um temperamento simples e elegante. Este design n\u00e3o s\u00f3 torna o vaso mais agrad\u00e1vel \u00e0 vista, como tamb\u00e9m se adapta facilmente a muitos estilos de casa, enriquecendo a atmosfera art\u00edstica num espa\u00e7o interior.<\/p>\n<p><strong>A linha suave<\/strong>: O vaso de terracota forma uma linha bonita e suave, uma vez que o fundo deste vaso \u00e9 largo e sobe gradualmente at\u00e9 ao topo. Com este design de boca redonda, pode tornar o aspeto geral muito harmonioso.\u00a0<\/p>\n<p><strong>Objetivo da diversidade<\/strong>: Com um design simples e elegante, este vaso decorativo em terracota \u00e9 bastante adequado para ser colocado na sala de estar, no quarto, no escrit\u00f3rio ou na sala de jantar para ser o destaque em cada espa\u00e7o. Ao mesmo tempo, \u00e9 tamb\u00e9m uma excelente prenda para oferecer aos seus familiares e amigos, com todos os votos de felicidades.<\/p>\n<p><b>Servi\u00e7o de vaso personalizado OEM &amp; ODM\uff1a<\/b>Se quiser criar o seu pr\u00f3prio plantador personalizado, contacte-nos, os fabricantes de cer\u00e2mica SANTAI oferecem-lhe op\u00e7\u00f5es de personaliza\u00e7\u00e3o ilimitadas.<\/p>","protected":false},"featured_media":818,"comment_status":"closed","ping_status":"closed","template":"","meta":{"_acf_changed":false},"product_brand":[],"product_cat":[18,22],"product_tag":[34],"class_list":{"0":"post-817","1":"product","2":"type-product","3":"status-publish","4":"has-post-thumbnail","6":"product_cat-home-decor","7":"product_cat-vase","8":"product_tag-ceramic-vase","10":"first","11":"instock","12":"shipping-taxable","13":"product-type-simple"},"acf":[],"_links":{"self":[{"href":"https:\/\/www.santai-ceramics.com\/pt\/wp-json\/wp\/v2\/product\/817","targetHints":{"allow":["GET"]}}],"collection":[{"href":"https:\/\/www.santai-ceramics.com\/pt\/wp-json\/wp\/v2\/product"}],"about":[{"href":"https:\/\/www.santai-ceramics.com\/pt\/wp-json\/wp\/v2\/types\/product"}],"replies":[{"embeddable":true,"href":"https:\/\/www.santai-ceramics.com\/pt\/wp-json\/wp\/v2\/comments?post=817"}],"wp:featuredmedia":[{"embeddable":true,"href":"https:\/\/www.santai-ceramics.com\/pt\/wp-json\/wp\/v2\/media\/818"}],"wp:attachment":[{"href":"https:\/\/www.santai-ceramics.com\/pt\/wp-json\/wp\/v2\/media?parent=817"}],"wp:term":[{"taxonomy":"product_brand","embeddable":true,"href":"https:\/\/www.santai-ceramics.com\/pt\/wp-json\/wp\/v2\/product_brand?post=817"},{"taxonomy":"product_cat","embeddable":true,"href":"https:\/\/www.santai-ceramics.com\/pt\/wp-json\/wp\/v2\/product_cat?post=817"},{"taxonomy":"product_tag","embeddable":true,"href":"https:\/\/www.santai-ceramics.com\/pt\/wp-json\/wp\/v2\/product_tag?post=817"}],"curies":[{"name":"wp","href":"https:\/\/api.w.org\/{rel}","templated":true}]}}