{"id":823,"date":"2024-10-17T09:00:21","date_gmt":"2024-10-17T09:00:21","guid":{"rendered":"https:\/\/www.santai-ceramics.com\/?post_type=product&#038;p=823"},"modified":"2025-06-08T15:10:25","modified_gmt":"2025-06-08T15:10:25","slug":"wholesale-creative-flower-pots-with-embossed-pattern","status":"publish","type":"product","link":"https:\/\/www.santai-ceramics.com\/pt\/product\/wholesale-creative-flower-pots-with-embossed-pattern\/","title":{"rendered":"Vasos de flores de cer\u00e2mica criativa por atacado com padr\u00e3o em relevo"},"content":{"rendered":"<h3 class=\"wp-block-heading\">Par\u00e2metros do vaso de flores em cer\u00e2mica<\/h3>\n\n\n\n<figure class=\"wp-block-table\"><table class=\"has-fixed-layout\"><tbody><tr><td>Modelo<\/td><td>Nome do produto<\/td><td>Cor<\/td><td>Material<\/td><td>Utiliza\u00e7\u00f5es<\/td><td>Dimens\u00f5es<\/td><td>Peso<\/td><\/tr><tr><td>G37587-H885-A01<\/td><td>Vaso de flores em cer\u00e2mica criativa<\/td><td>Castanho claro antigo<\/td><td>&nbsp;Terracota<\/td><td>decora\u00e7\u00e3o de casa,sala de estar,jardim<\/td><td>D:19,5X17cm<\/td><td>1,9 kg\/PC<\/td><\/tr><\/tbody><\/table><\/figure>\n\n\n\n<h3 class=\"wp-block-heading\">Servi\u00e7o de vasos de flores personalizados<\/h3>\n\n\n\n<p>Oferecemos servi\u00e7os OEM e ODM para os nossos produtos.<br>Entrega r\u00e1pida de amostras est\u00e1 dispon\u00edvel.<br>Oferecemos uma variedade de formas, cores, impress\u00e3o personalizada, embalagem e outros servi\u00e7os adaptados para satisfazer as suas necessidades espec\u00edficas.<br><a style=\"\" href=\"https:\/\/www.santai-ceramics.com\/pt\/custom\/\" data-type=\"page\" data-id=\"13\" target=\"_blank\" rel=\"noreferrer noopener\"><strong><b>Saiba mais sobre personaliza\u00e7\u00e3o<\/b> pormenor do vaso de flores.<\/strong><\/a><\/p>\n\n\n\n<div class=\"wp-block-columns is-layout-flex wp-container-core-columns-is-layout-9d6595d7 wp-block-columns-is-layout-flex\">\n<div class=\"wp-block-column is-layout-flow wp-block-column-is-layout-flow\">\n<figure class=\"wp-block-image size-full\"><img decoding=\"async\" width=\"1200\" height=\"1000\" src=\"https:\/\/www.santai-ceramics.com\/wp-content\/uploads\/2024\/10\/Wholesale-Creative-Flower-Pots-2.jpg\" alt=\"Vasos de flores criativos por atacado (2)\" class=\"wp-image-825\" srcset=\"https:\/\/www.santai-ceramics.com\/wp-content\/uploads\/2024\/10\/Wholesale-Creative-Flower-Pots-2.jpg 1200w, https:\/\/www.santai-ceramics.com\/wp-content\/uploads\/2024\/10\/Wholesale-Creative-Flower-Pots-2-300x250.jpg 300w, https:\/\/www.santai-ceramics.com\/wp-content\/uploads\/2024\/10\/Wholesale-Creative-Flower-Pots-2-768x640.jpg 768w, https:\/\/www.santai-ceramics.com\/wp-content\/uploads\/2024\/10\/Wholesale-Creative-Flower-Pots-2-600x500.jpg 600w\" sizes=\"(max-width: 1200px) 100vw, 1200px\" \/><\/figure>\n<\/div>\n\n\n\n<div class=\"wp-block-column is-layout-flow wp-block-column-is-layout-flow\">\n<figure class=\"wp-block-image size-full\"><img decoding=\"async\" width=\"1200\" height=\"1000\" src=\"https:\/\/www.santai-ceramics.com\/wp-content\/uploads\/2024\/10\/Wholesale-Creative-Flower-Pots-3.jpg\" alt=\"Vasos de flores criativos por atacado (3)\" class=\"wp-image-826\" srcset=\"https:\/\/www.santai-ceramics.com\/wp-content\/uploads\/2024\/10\/Wholesale-Creative-Flower-Pots-3.jpg 1200w, https:\/\/www.santai-ceramics.com\/wp-content\/uploads\/2024\/10\/Wholesale-Creative-Flower-Pots-3-300x250.jpg 300w, https:\/\/www.santai-ceramics.com\/wp-content\/uploads\/2024\/10\/Wholesale-Creative-Flower-Pots-3-768x640.jpg 768w, https:\/\/www.santai-ceramics.com\/wp-content\/uploads\/2024\/10\/Wholesale-Creative-Flower-Pots-3-600x500.jpg 600w\" sizes=\"(max-width: 1200px) 100vw, 1200px\" \/><\/figure>\n<\/div>\n<\/div>","protected":false},"excerpt":{"rendered":"<p data-pm-slice=\"0 0 []\">Vasos de flores de cer\u00e2mica criativos por atacado, vasos de flores de estilo antigo com padr\u00f5es de relevo requintados tornam o produto n\u00e3o apenas pr\u00e1tico, mas tamb\u00e9m tem conota\u00e7\u00e3o cultural, adequado para decora\u00e7\u00e3o de casa e jardim, bem-vindo compradores B2B para nos contactar para compra.<\/p>\n<h2>Carater\u00edsticas do vaso de flores em cer\u00e2mica<\/h2>\n<p><strong>Textura artesanal<\/strong>: A superf\u00edcie do vaso de flores em cer\u00e2mica \u00e9 castanha em certos pontos com texturas. A textura artesanal confere-lhe singularidade, aumentando a singularidade e o valor art\u00edstico do produto.<\/p>\n<p><strong>Desenho de relevo da natureza<\/strong>: Os padr\u00f5es vegetais em relevo no exterior do vaso de flores de cer\u00e2mica cont\u00eam elementos naturais, folhas e flores. A beleza e a generosidade fazem com que as pessoas sintam o encanto e a vitalidade da natureza. O vaso de flores do design n\u00e3o \u00e9 apenas um instrumento de planta\u00e7\u00e3o, mas tamb\u00e9m uma decora\u00e7\u00e3o.<\/p>\n<p><strong>Textura interior e exterior contrastante<\/strong>: O interior do vaso de flores em cer\u00e2mica \u00e9 liso, enquanto o exterior apresenta um padr\u00e3o em relevo. Este contraste entre as texturas interiores e exteriores torna o vaso de flores mais diversificado em termos de impress\u00f5es, contribuindo para a estratifica\u00e7\u00e3o do produto.<\/p>\n<p><strong>Servi\u00e7o personalizado OEM&amp;ODM<\/strong>: Como fabricante profissional de vasos de cer\u00e2mica para flores, a SANTAI oferece-lhe uma solu\u00e7\u00e3o \u00fanica e personalizada de vasos decorativos para flores. Os nossos produtos s\u00e3o muito abrangentes, cobrindo uma variedade de estilos, tamanhos e cores para satisfazer as necessidades de diferentes clientes.<\/p>","protected":false},"featured_media":824,"comment_status":"closed","ping_status":"closed","template":"","meta":{"_acf_changed":false},"product_brand":[],"product_cat":[23,42,18,21],"product_tag":[38],"class_list":{"0":"post-823","1":"product","2":"type-product","3":"status-publish","4":"has-post-thumbnail","6":"product_cat-ceramic-pots-planters","7":"product_cat-wholesale-ceramic-plant-pots","8":"product_cat-home-decor","9":"product_cat-garden-decor","10":"product_tag-wholesale-terracotta-flower-pots","12":"first","13":"instock","14":"shipping-taxable","15":"product-type-simple"},"acf":[],"_links":{"self":[{"href":"https:\/\/www.santai-ceramics.com\/pt\/wp-json\/wp\/v2\/product\/823","targetHints":{"allow":["GET"]}}],"collection":[{"href":"https:\/\/www.santai-ceramics.com\/pt\/wp-json\/wp\/v2\/product"}],"about":[{"href":"https:\/\/www.santai-ceramics.com\/pt\/wp-json\/wp\/v2\/types\/product"}],"replies":[{"embeddable":true,"href":"https:\/\/www.santai-ceramics.com\/pt\/wp-json\/wp\/v2\/comments?post=823"}],"wp:featuredmedia":[{"embeddable":true,"href":"https:\/\/www.santai-ceramics.com\/pt\/wp-json\/wp\/v2\/media\/824"}],"wp:attachment":[{"href":"https:\/\/www.santai-ceramics.com\/pt\/wp-json\/wp\/v2\/media?parent=823"}],"wp:term":[{"taxonomy":"product_brand","embeddable":true,"href":"https:\/\/www.santai-ceramics.com\/pt\/wp-json\/wp\/v2\/product_brand?post=823"},{"taxonomy":"product_cat","embeddable":true,"href":"https:\/\/www.santai-ceramics.com\/pt\/wp-json\/wp\/v2\/product_cat?post=823"},{"taxonomy":"product_tag","embeddable":true,"href":"https:\/\/www.santai-ceramics.com\/pt\/wp-json\/wp\/v2\/product_tag?post=823"}],"curies":[{"name":"wp","href":"https:\/\/api.w.org\/{rel}","templated":true}]}}