{"id":832,"date":"2024-10-17T09:53:44","date_gmt":"2024-10-17T09:53:44","guid":{"rendered":"https:\/\/www.santai-ceramics.com\/?post_type=product&#038;p=832"},"modified":"2025-06-08T15:10:04","modified_gmt":"2025-06-08T15:10:04","slug":"wholesale-decorative-ceramic-flower-pots","status":"publish","type":"product","link":"https:\/\/www.santai-ceramics.com\/pt\/product\/wholesale-decorative-ceramic-flower-pots\/","title":{"rendered":"Vasos de flores de cer\u00e2mica por atacado - Vasos de flores decorativos a granel para venda"},"content":{"rendered":"<h3 class=\"wp-block-heading\">Par\u00e2metros do vaso de cer\u00e2mica para flores<\/h3>\n\n\n\n<figure class=\"wp-block-table\"><table class=\"has-fixed-layout\"><tbody><tr><td>Modelo<\/td><td>Nome do produto<\/td><td>Cor<\/td><td>Material<\/td><td>Utiliza\u00e7\u00f5es<\/td><td>Dimens\u00f5es<\/td><td>Peso<\/td><\/tr><tr><td>A37588-H885-A01<\/td><td>Vaso de cer\u00e2mica bege \u00fanico para flores<\/td><td>Castanho claro antigo<\/td><td>Cer\u00e2mica<\/td><td>decora\u00e7\u00e3o de casa,sala de estar,jardim<\/td><td>22X21,5X29,5cm<\/td><td>2,2 kg\/PC<\/td><\/tr><\/tbody><\/table><\/figure>\n\n\n\n<h3 class=\"wp-block-heading\">Servi\u00e7o de vasos de flores em cer\u00e2mica personalizados<\/h3>\n\n\n\n<p>Oferecemos servi\u00e7os OEM e ODM para os nossos produtos.<br>Entrega r\u00e1pida de amostras est\u00e1 dispon\u00edvel.<br>Oferecemos uma variedade de formas, cores, impress\u00e3o personalizada, embalagem e outros servi\u00e7os adaptados para satisfazer as suas necessidades espec\u00edficas.<br><a style=\"\" href=\"https:\/\/www.santai-ceramics.com\/pt\/custom\/\" data-type=\"page\" data-id=\"13\" target=\"_blank\" rel=\"noreferrer noopener\"><strong><b>Saiba mais sobre personaliza\u00e7\u00e3o<\/b> pormenor do vaso de cer\u00e2mica.<\/strong><\/a><\/p>\n\n\n\n<div class=\"wp-block-columns is-layout-flex wp-container-core-columns-is-layout-9d6595d7 wp-block-columns-is-layout-flex\">\n<div class=\"wp-block-column is-layout-flow wp-block-column-is-layout-flow\">\n<figure class=\"wp-block-image size-full\"><img decoding=\"async\" width=\"1300\" height=\"1083\" src=\"https:\/\/www.santai-ceramics.com\/wp-content\/uploads\/2024\/10\/Wholesale-Decorative-Beige-Ceramic-Low-Flower-Pots-3.jpg\" alt=\"Vasos de flores baixos de cer\u00e2mica bege decorativos por atacado (3)\" class=\"wp-image-835\" srcset=\"https:\/\/www.santai-ceramics.com\/wp-content\/uploads\/2024\/10\/Wholesale-Decorative-Beige-Ceramic-Low-Flower-Pots-3.jpg 1300w, https:\/\/www.santai-ceramics.com\/wp-content\/uploads\/2024\/10\/Wholesale-Decorative-Beige-Ceramic-Low-Flower-Pots-3-300x250.jpg 300w, https:\/\/www.santai-ceramics.com\/wp-content\/uploads\/2024\/10\/Wholesale-Decorative-Beige-Ceramic-Low-Flower-Pots-3-768x640.jpg 768w, https:\/\/www.santai-ceramics.com\/wp-content\/uploads\/2024\/10\/Wholesale-Decorative-Beige-Ceramic-Low-Flower-Pots-3-1200x1000.jpg 1200w, https:\/\/www.santai-ceramics.com\/wp-content\/uploads\/2024\/10\/Wholesale-Decorative-Beige-Ceramic-Low-Flower-Pots-3-600x500.jpg 600w\" sizes=\"(max-width: 1300px) 100vw, 1300px\" \/><\/figure>\n<\/div>\n\n\n\n<div class=\"wp-block-column is-layout-flow wp-block-column-is-layout-flow\">\n<figure class=\"wp-block-image size-full\"><img decoding=\"async\" width=\"1300\" height=\"1083\" src=\"https:\/\/www.santai-ceramics.com\/wp-content\/uploads\/2024\/10\/Wholesale-Decorative-Beige-Ceramic-Low-Flower-Pots-4.jpg\" alt=\"Vasos de flores baixos de cer\u00e2mica bege decorativos por atacado (4)\" class=\"wp-image-836\" srcset=\"https:\/\/www.santai-ceramics.com\/wp-content\/uploads\/2024\/10\/Wholesale-Decorative-Beige-Ceramic-Low-Flower-Pots-4.jpg 1300w, https:\/\/www.santai-ceramics.com\/wp-content\/uploads\/2024\/10\/Wholesale-Decorative-Beige-Ceramic-Low-Flower-Pots-4-300x250.jpg 300w, https:\/\/www.santai-ceramics.com\/wp-content\/uploads\/2024\/10\/Wholesale-Decorative-Beige-Ceramic-Low-Flower-Pots-4-768x640.jpg 768w, https:\/\/www.santai-ceramics.com\/wp-content\/uploads\/2024\/10\/Wholesale-Decorative-Beige-Ceramic-Low-Flower-Pots-4-1200x1000.jpg 1200w, https:\/\/www.santai-ceramics.com\/wp-content\/uploads\/2024\/10\/Wholesale-Decorative-Beige-Ceramic-Low-Flower-Pots-4-600x500.jpg 600w\" sizes=\"(max-width: 1300px) 100vw, 1300px\" \/><\/figure>\n<\/div>\n<\/div>","protected":false},"excerpt":{"rendered":"<p data-pm-slice=\"0 0 []\">Bem-vindo a explorar os nossos vasos de flores decorativos de cer\u00e2mica por atacado, o tom bege suave torna os vasos de flores f\u00e1ceis de integrar em qualquer estilo de casa, e o design baixo torna-o muito adequado para plantar v\u00e1rias plantas pequenas, trazendo vitalidade e vitalidade ao seu espa\u00e7o. Os compradores B2B s\u00e3o bem-vindos a contactar-nos para compras.<\/p>\n<h2>Carater\u00edsticas dos vasos de cer\u00e2mica para flores por atacado<\/h2>\n<p><strong>Combina\u00e7\u00e3o harmoniosa de cores<\/strong>A mistura de branco e castanho claro torna o vaso de flores quente e gracioso, mostrando a sua boa vis\u00e3o geral.<\/p>\n<p><strong>Material cer\u00e2mico de alta qualidade<\/strong>: O material do vaso de flores \u00e9 de cer\u00e2mica, com boa durabilidade, resist\u00eancia ao desgaste e preserva\u00e7\u00e3o da temperatura. Assim, a flor manter\u00e1 a temperatura e a humidade durante muito tempo dentro do vaso, permitindo que as flores e as plantas cres\u00e7am e flores\u00e7am bem.<\/p>\n<p><strong>Eleve o seu sentido de gosto pela casa<\/strong>: O design \u00fanico e a sensa\u00e7\u00e3o r\u00fastica e natural do vaso de flores em cer\u00e2mica fazem dele o destaque na decora\u00e7\u00e3o da sua casa, que pode melhorar todo o ambiente e estilo da sua divis\u00e3o.<\/p>\n<p><strong>Servi\u00e7o grossista de vasos de flores\uff1a<\/strong>Como um fabricante profissional de vaso de flores, n\u00f3s fornecemos aos clientes vasos de flores por atacado a pre\u00e7os competitivos. Bem-vindo a contactar-nos para um or\u00e7amento.<\/p>","protected":false},"featured_media":833,"comment_status":"closed","ping_status":"closed","template":"","meta":{"_acf_changed":false},"product_brand":[],"product_cat":[23,42,21,18],"product_tag":[],"class_list":{"0":"post-832","1":"product","2":"type-product","3":"status-publish","4":"has-post-thumbnail","6":"product_cat-ceramic-pots-planters","7":"product_cat-wholesale-ceramic-plant-pots","8":"product_cat-garden-decor","9":"product_cat-home-decor","11":"first","12":"instock","13":"shipping-taxable","14":"product-type-simple"},"acf":[],"_links":{"self":[{"href":"https:\/\/www.santai-ceramics.com\/pt\/wp-json\/wp\/v2\/product\/832","targetHints":{"allow":["GET"]}}],"collection":[{"href":"https:\/\/www.santai-ceramics.com\/pt\/wp-json\/wp\/v2\/product"}],"about":[{"href":"https:\/\/www.santai-ceramics.com\/pt\/wp-json\/wp\/v2\/types\/product"}],"replies":[{"embeddable":true,"href":"https:\/\/www.santai-ceramics.com\/pt\/wp-json\/wp\/v2\/comments?post=832"}],"wp:featuredmedia":[{"embeddable":true,"href":"https:\/\/www.santai-ceramics.com\/pt\/wp-json\/wp\/v2\/media\/833"}],"wp:attachment":[{"href":"https:\/\/www.santai-ceramics.com\/pt\/wp-json\/wp\/v2\/media?parent=832"}],"wp:term":[{"taxonomy":"product_brand","embeddable":true,"href":"https:\/\/www.santai-ceramics.com\/pt\/wp-json\/wp\/v2\/product_brand?post=832"},{"taxonomy":"product_cat","embeddable":true,"href":"https:\/\/www.santai-ceramics.com\/pt\/wp-json\/wp\/v2\/product_cat?post=832"},{"taxonomy":"product_tag","embeddable":true,"href":"https:\/\/www.santai-ceramics.com\/pt\/wp-json\/wp\/v2\/product_tag?post=832"}],"curies":[{"name":"wp","href":"https:\/\/api.w.org\/{rel}","templated":true}]}}