{"id":844,"date":"2024-10-18T01:28:39","date_gmt":"2024-10-18T01:28:39","guid":{"rendered":"https:\/\/www.santai-ceramics.com\/?post_type=product&#038;p=844"},"modified":"2025-06-12T15:40:18","modified_gmt":"2025-06-12T15:40:18","slug":"bulk-decorative-antique-candlesticks-wholesale","status":"publish","type":"product","link":"https:\/\/www.santai-ceramics.com\/pt\/product\/bulk-decorative-antique-candlesticks-wholesale\/","title":{"rendered":"Casti\u00e7ais antigos decorativos a granel para venda \uff0c Feito de resina dur\u00e1vel - perfeito para casa, decora\u00e7\u00e3o de eventos"},"content":{"rendered":"<h3 class=\"wp-block-heading\">Par\u00e2metros do casti\u00e7al antigo decorativo<\/h3>\n\n\n\n<figure class=\"wp-block-table\"><table class=\"has-fixed-layout\"><tbody><tr><td>Modelo<\/td><td>Nome do produto<\/td><td>Cor<\/td><td>Material<\/td><td>Utiliza\u00e7\u00f5es<\/td><td>Dimens\u00f5es<\/td><td>Peso<\/td><\/tr><tr><td>E37581-H911-A01<\/td><td>Casti\u00e7al antigo decorativo<\/td><td>P\u00farpura escuro antigo<\/td><td>Resina<\/td><td>decora\u00e7\u00e3o de casa,sala de estar<\/td><td>D:11X34,5cm<\/td><td>0,8 kg\/PC<\/td><\/tr><\/tbody><\/table><\/figure>\n\n\n\n<h3 class=\"wp-block-heading\">Servi\u00e7o de casti\u00e7ais antigos decorativos personalizados<\/h3>\n\n\n\n<p>Oferecemos servi\u00e7os OEM e ODM para os nossos produtos.<br>Entrega r\u00e1pida de amostras est\u00e1 dispon\u00edvel.<br>Oferecemos uma variedade de formas, cores, impress\u00e3o personalizada, embalagem e outros servi\u00e7os adaptados para satisfazer as suas necessidades espec\u00edficas.<br><a style=\"\" href=\"https:\/\/www.santai-ceramics.com\/pt\/custom\/\" data-type=\"page\" data-id=\"13\" target=\"_blank\" rel=\"noreferrer noopener\"><strong><b>Saiba mais sobre personaliza\u00e7\u00e3o<\/b> pormenor de casti\u00e7al antigo.<\/strong><\/a><\/p>\n\n\n\n<div class=\"wp-block-columns is-layout-flex wp-container-core-columns-is-layout-9d6595d7 wp-block-columns-is-layout-flex\">\n<div class=\"wp-block-column is-layout-flow wp-block-column-is-layout-flow\">\n<figure class=\"wp-block-image size-full\"><img decoding=\"async\" width=\"1500\" height=\"1249\" src=\"https:\/\/www.santai-ceramics.com\/wp-content\/uploads\/2024\/10\/Bulk-Decorative-Antique-Candlesticks-2.jpg\" alt=\"Casti\u00e7ais antigos decorativos a granel (2)\" class=\"wp-image-846\" srcset=\"https:\/\/www.santai-ceramics.com\/wp-content\/uploads\/2024\/10\/Bulk-Decorative-Antique-Candlesticks-2.jpg 1500w, https:\/\/www.santai-ceramics.com\/wp-content\/uploads\/2024\/10\/Bulk-Decorative-Antique-Candlesticks-2-300x250.jpg 300w, https:\/\/www.santai-ceramics.com\/wp-content\/uploads\/2024\/10\/Bulk-Decorative-Antique-Candlesticks-2-768x639.jpg 768w, https:\/\/www.santai-ceramics.com\/wp-content\/uploads\/2024\/10\/Bulk-Decorative-Antique-Candlesticks-2-1200x999.jpg 1200w, https:\/\/www.santai-ceramics.com\/wp-content\/uploads\/2024\/10\/Bulk-Decorative-Antique-Candlesticks-2-600x500.jpg 600w\" sizes=\"(max-width: 1500px) 100vw, 1500px\" \/><\/figure>\n<\/div>\n\n\n\n<div class=\"wp-block-column is-layout-flow wp-block-column-is-layout-flow\">\n<figure class=\"wp-block-image size-full\"><img decoding=\"async\" width=\"1500\" height=\"1249\" src=\"https:\/\/www.santai-ceramics.com\/wp-content\/uploads\/2024\/10\/Bulk-Decorative-Antique-Candlesticks-3.jpg\" alt=\"Casti\u00e7ais antigos decorativos a granel (3)\" class=\"wp-image-847\" srcset=\"https:\/\/www.santai-ceramics.com\/wp-content\/uploads\/2024\/10\/Bulk-Decorative-Antique-Candlesticks-3.jpg 1500w, https:\/\/www.santai-ceramics.com\/wp-content\/uploads\/2024\/10\/Bulk-Decorative-Antique-Candlesticks-3-300x250.jpg 300w, https:\/\/www.santai-ceramics.com\/wp-content\/uploads\/2024\/10\/Bulk-Decorative-Antique-Candlesticks-3-768x639.jpg 768w, https:\/\/www.santai-ceramics.com\/wp-content\/uploads\/2024\/10\/Bulk-Decorative-Antique-Candlesticks-3-1200x999.jpg 1200w, https:\/\/www.santai-ceramics.com\/wp-content\/uploads\/2024\/10\/Bulk-Decorative-Antique-Candlesticks-3-600x500.jpg 600w\" sizes=\"(max-width: 1500px) 100vw, 1500px\" \/><\/figure>\n<\/div>\n<\/div>","protected":false},"excerpt":{"rendered":"<p data-pm-slice=\"0 0 []\">Vendas diretas da f\u00e1brica de casti\u00e7ais a granel, esses casti\u00e7ais decorativos por atacado s\u00e3o feitos de material de resina dur\u00e1vel e de alta qualidade, combinados com um design requintado de estilo vintage, adicionando charme cl\u00e1ssico \u00e0 decora\u00e7\u00e3o de casas e eventos. SANTAI Pottery fabricante de decora\u00e7\u00e3o para casa fornece solu\u00e7\u00f5es profissionais personalizadas e por atacado de casti\u00e7ais, entre em contato conosco para uma cota\u00e7\u00e3o.<\/p>\n<h2>Carater\u00edsticas do Casti\u00e7al antigo decorativo<\/h2>\n<p><strong>Desenho em forma de folha:<\/strong> O design abstrato em forma de folha \u00e9 a forma de modelo de apresenta\u00e7\u00e3o que adopta. Esta forma geral do casti\u00e7al decorativo \u00e9 cheia de sentido art\u00edstico, acrescentando uma atmosfera natural e personalizada a uma divis\u00e3o. Pode ser utilizado tanto numa sala moderna como numa sala de estilo retro.<\/p>\n<p><strong>Material de alta qualidade e duradouro:<\/strong> O casti\u00e7al decorativo \u00e9 feito de material de resina com uma estrutura s\u00f3lida, com uma superf\u00edcie lisa que \u00e9 f\u00e1cil de limpar e manter.<\/p>\n<p><strong>Processo de desgaste antigo:<\/strong> Ao utilizar um tratamento de desgaste fino, este casti\u00e7al por atacado apresenta uma textura met\u00e1lica naturalmente desgastada como se tivesse sido precipitada pelo tempo, mostrando um forte encanto retro, adequado para utilizadores que gostam do estilo cl\u00e1ssico.<\/p>\n<p><strong>Leve:<\/strong> O casti\u00e7al decorativo \u00e9 leve; \u00e9 f\u00e1cil de deslocar e colocar. Quer seja colocado numa mesa de jantar, numa lareira, numa estante ou levado para o exterior em situa\u00e7\u00f5es especiais, como casamentos, este casti\u00e7al pode conferir um estilo e uma atmosfera \u00fanicos.<\/p>\n<p><strong>Servi\u00e7o grossista<\/strong>Fornecemos servi\u00e7os de venda por grosso de casti\u00e7ais a compradores B2B a pre\u00e7os de primeira qualidade para o ajudar a destacar-se no mercado.<\/p>","protected":false},"featured_media":845,"comment_status":"closed","ping_status":"closed","template":"","meta":{"_acf_changed":false},"product_brand":[],"product_cat":[18,26,45],"product_tag":[33],"class_list":{"0":"post-844","1":"product","2":"type-product","3":"status-publish","4":"has-post-thumbnail","6":"product_cat-home-decor","7":"product_cat-home-accessories","8":"product_cat-wholesale-resin-candle-holders","9":"product_tag-wholesale-candle-holders","11":"first","12":"instock","13":"shipping-taxable","14":"product-type-simple"},"acf":[],"_links":{"self":[{"href":"https:\/\/www.santai-ceramics.com\/pt\/wp-json\/wp\/v2\/product\/844","targetHints":{"allow":["GET"]}}],"collection":[{"href":"https:\/\/www.santai-ceramics.com\/pt\/wp-json\/wp\/v2\/product"}],"about":[{"href":"https:\/\/www.santai-ceramics.com\/pt\/wp-json\/wp\/v2\/types\/product"}],"replies":[{"embeddable":true,"href":"https:\/\/www.santai-ceramics.com\/pt\/wp-json\/wp\/v2\/comments?post=844"}],"wp:featuredmedia":[{"embeddable":true,"href":"https:\/\/www.santai-ceramics.com\/pt\/wp-json\/wp\/v2\/media\/845"}],"wp:attachment":[{"href":"https:\/\/www.santai-ceramics.com\/pt\/wp-json\/wp\/v2\/media?parent=844"}],"wp:term":[{"taxonomy":"product_brand","embeddable":true,"href":"https:\/\/www.santai-ceramics.com\/pt\/wp-json\/wp\/v2\/product_brand?post=844"},{"taxonomy":"product_cat","embeddable":true,"href":"https:\/\/www.santai-ceramics.com\/pt\/wp-json\/wp\/v2\/product_cat?post=844"},{"taxonomy":"product_tag","embeddable":true,"href":"https:\/\/www.santai-ceramics.com\/pt\/wp-json\/wp\/v2\/product_tag?post=844"}],"curies":[{"name":"wp","href":"https:\/\/api.w.org\/{rel}","templated":true}]}}