{"id":849,"date":"2024-10-18T01:59:06","date_gmt":"2024-10-18T01:59:06","guid":{"rendered":"https:\/\/www.santai-ceramics.com\/?post_type=product&#038;p=849"},"modified":"2025-06-12T15:39:59","modified_gmt":"2025-06-12T15:39:59","slug":"wholesale-vintage-candlesticks-in-bulk","status":"publish","type":"product","link":"https:\/\/www.santai-ceramics.com\/pt\/product\/wholesale-vintage-candlesticks-in-bulk\/","title":{"rendered":"Casti\u00e7ais vintage por atacado a granel \uff0c Decora\u00e7\u00e3o requintada de casti\u00e7al para venda"},"content":{"rendered":"<h3 class=\"wp-block-heading\">Par\u00e2metros do casti\u00e7al vintage<\/h3>\n\n\n\n<figure class=\"wp-block-table\"><table class=\"has-fixed-layout\"><tbody><tr><td>Modelo<\/td><td>Nome do produto<\/td><td>Cor<\/td><td>Material<\/td><td>Utiliza\u00e7\u00f5es<\/td><td>Dimens\u00f5es<\/td><td>Peso<\/td><\/tr><tr><td>E37582-H911-A01<\/td><td>Casti\u00e7al vintage em resina<\/td><td>P\u00farpura escuro antigo<\/td><td>Resina<\/td><td>decora\u00e7\u00e3o de casa,sala de estar<\/td><td>11X10X27cm<\/td><td>0,5kg\/PC<\/td><\/tr><tr><td>E37582-H911-A02<\/td><td>Casti\u00e7al vintage em resina<\/td><td>P\u00farpura escuro antigo<\/td><td>Resina<\/td><td>decora\u00e7\u00e3o de casa,sala de estar<\/td><td>9X7X20cm<\/td><td>0,3 kg\/PC<\/td><\/tr><\/tbody><\/table><\/figure>\n\n\n\n<h3 class=\"wp-block-heading\">Servi\u00e7o de casti\u00e7ais vintage personalizados<\/h3>\n\n\n\n<p>Oferecemos servi\u00e7os OEM e ODM para os nossos produtos.<br>Entrega r\u00e1pida de amostras est\u00e1 dispon\u00edvel.<br>Oferecemos uma variedade de formas, cores, impress\u00e3o personalizada, embalagem e outros servi\u00e7os adaptados para satisfazer as suas necessidades espec\u00edficas.<br><a style=\"\" href=\"https:\/\/www.santai-ceramics.com\/pt\/custom\/\" data-type=\"page\" data-id=\"13\" target=\"_blank\" rel=\"noreferrer noopener\"><strong><b>Saiba mais sobre personaliza\u00e7\u00e3o<\/b> pormenor de casti\u00e7al vintage.<\/strong><\/a><\/p>\n\n\n\n<div class=\"wp-block-columns is-layout-flex wp-container-core-columns-is-layout-9d6595d7 wp-block-columns-is-layout-flex\">\n<div class=\"wp-block-column is-layout-flow wp-block-column-is-layout-flow\">\n<figure class=\"wp-block-image size-full\"><img decoding=\"async\" width=\"1500\" height=\"1250\" src=\"https:\/\/www.santai-ceramics.com\/wp-content\/uploads\/2024\/10\/Wholesale-Vintage-Candlesticks-4.jpg\" alt=\"Casti\u00e7ais vintage por atacado (4)\" class=\"wp-image-853\" srcset=\"https:\/\/www.santai-ceramics.com\/wp-content\/uploads\/2024\/10\/Wholesale-Vintage-Candlesticks-4.jpg 1500w, https:\/\/www.santai-ceramics.com\/wp-content\/uploads\/2024\/10\/Wholesale-Vintage-Candlesticks-4-300x250.jpg 300w, https:\/\/www.santai-ceramics.com\/wp-content\/uploads\/2024\/10\/Wholesale-Vintage-Candlesticks-4-768x640.jpg 768w, https:\/\/www.santai-ceramics.com\/wp-content\/uploads\/2024\/10\/Wholesale-Vintage-Candlesticks-4-1200x1000.jpg 1200w, https:\/\/www.santai-ceramics.com\/wp-content\/uploads\/2024\/10\/Wholesale-Vintage-Candlesticks-4-600x500.jpg 600w\" sizes=\"(max-width: 1500px) 100vw, 1500px\" \/><\/figure>\n<\/div>\n\n\n\n<div class=\"wp-block-column is-layout-flow wp-block-column-is-layout-flow\">\n<figure class=\"wp-block-image size-full\"><img decoding=\"async\" width=\"1500\" height=\"1250\" src=\"https:\/\/www.santai-ceramics.com\/wp-content\/uploads\/2024\/10\/Wholesale-Vintage-Candlesticks-5.jpg\" alt=\"Casti\u00e7ais vintage por atacado (5)\" class=\"wp-image-854\" srcset=\"https:\/\/www.santai-ceramics.com\/wp-content\/uploads\/2024\/10\/Wholesale-Vintage-Candlesticks-5.jpg 1500w, https:\/\/www.santai-ceramics.com\/wp-content\/uploads\/2024\/10\/Wholesale-Vintage-Candlesticks-5-300x250.jpg 300w, https:\/\/www.santai-ceramics.com\/wp-content\/uploads\/2024\/10\/Wholesale-Vintage-Candlesticks-5-768x640.jpg 768w, https:\/\/www.santai-ceramics.com\/wp-content\/uploads\/2024\/10\/Wholesale-Vintage-Candlesticks-5-1200x1000.jpg 1200w, https:\/\/www.santai-ceramics.com\/wp-content\/uploads\/2024\/10\/Wholesale-Vintage-Candlesticks-5-600x500.jpg 600w\" sizes=\"(max-width: 1500px) 100vw, 1500px\" \/><\/figure>\n<\/div>\n<\/div>","protected":false},"excerpt":{"rendered":"<p data-pm-slice=\"0 0 []\">Descubra a nossa requintada cole\u00e7\u00e3o de casti\u00e7ais vintage, fornecemos servi\u00e7os de casti\u00e7ais por atacado, cada casti\u00e7al \u00e9 cuidadosamente trabalhado para adicionar charme e eleg\u00e2ncia ao quarto, sala de estar, mesa de jantar, hotel. Bem-vindo hot\u00e9is, compradores B2B, retalhistas para nos contactar, SANTAI fabricante de casti\u00e7ais por atacado fornece-lhe pre\u00e7os competitivos.<\/p>\n<h2>Carater\u00edsticas do Casti\u00e7al Vintage<\/h2>\n<p><strong>Desenho em forma de flor<\/strong>: A inspira\u00e7\u00e3o das flores, dos caules finos e das p\u00e9talas largas \u00e9 a base do design do casti\u00e7al vintage. Este design \u00e9 muito bonito e tamb\u00e9m cria uma atmosfera natural e rom\u00e2ntica quando colocado em casa ou num banquete.<\/p>\n<p><strong>Textura vintage<\/strong>: A cor do casti\u00e7al \u00e9 verde escuro ou cobre, e a superf\u00edcie tem um certo efeito de desgaste. Esta textura vintage tornar\u00e1 este casti\u00e7al muito mais hist\u00f3rico, que pode ser aplicado em v\u00e1rios ornamentos dom\u00e9sticos vintage ou modernos.<\/p>\n<p><strong>Material duradouro<\/strong>: Os casti\u00e7ais por atacado s\u00e3o feitos de material de resina, que n\u00e3o \u00e9 apenas robusto e dur\u00e1vel, mas tamb\u00e9m tem alguma resist\u00eancia \u00e0 corros\u00e3o e resist\u00eancia \u00e0 oxida\u00e7\u00e3o, mantendo a beleza e o uso pr\u00e1tico dos casti\u00e7ais por um longo per\u00edodo de tempo.<\/p>\n<p><strong>Utiliza\u00e7\u00e3o alargada<\/strong>: o nosso casti\u00e7al vintage pode ser aplicado na decora\u00e7\u00e3o de casa, eventos de casamento, restaurantes, ocasi\u00f5es especiais, criando uma atmosfera acolhedora e real\u00e7ando a beleza geral.<\/p>\n<p><strong>Op\u00e7\u00f5es de personaliza\u00e7\u00e3o<\/strong>: Podemos oferecer uma s\u00e9rie de acabamentos e tamanhos, uma vez que somos fabricantes profissionais de casti\u00e7ais decorativos. Isto dar\u00e1 um toque de estilo pessoal para mostrar a sua marca.<\/p>","protected":false},"featured_media":850,"comment_status":"closed","ping_status":"closed","template":"","meta":{"_acf_changed":false},"product_brand":[],"product_cat":[18,26,45],"product_tag":[33],"class_list":{"0":"post-849","1":"product","2":"type-product","3":"status-publish","4":"has-post-thumbnail","6":"product_cat-home-decor","7":"product_cat-home-accessories","8":"product_cat-wholesale-resin-candle-holders","9":"product_tag-wholesale-candle-holders","11":"first","12":"instock","13":"shipping-taxable","14":"product-type-simple"},"acf":[],"_links":{"self":[{"href":"https:\/\/www.santai-ceramics.com\/pt\/wp-json\/wp\/v2\/product\/849","targetHints":{"allow":["GET"]}}],"collection":[{"href":"https:\/\/www.santai-ceramics.com\/pt\/wp-json\/wp\/v2\/product"}],"about":[{"href":"https:\/\/www.santai-ceramics.com\/pt\/wp-json\/wp\/v2\/types\/product"}],"replies":[{"embeddable":true,"href":"https:\/\/www.santai-ceramics.com\/pt\/wp-json\/wp\/v2\/comments?post=849"}],"wp:featuredmedia":[{"embeddable":true,"href":"https:\/\/www.santai-ceramics.com\/pt\/wp-json\/wp\/v2\/media\/850"}],"wp:attachment":[{"href":"https:\/\/www.santai-ceramics.com\/pt\/wp-json\/wp\/v2\/media?parent=849"}],"wp:term":[{"taxonomy":"product_brand","embeddable":true,"href":"https:\/\/www.santai-ceramics.com\/pt\/wp-json\/wp\/v2\/product_brand?post=849"},{"taxonomy":"product_cat","embeddable":true,"href":"https:\/\/www.santai-ceramics.com\/pt\/wp-json\/wp\/v2\/product_cat?post=849"},{"taxonomy":"product_tag","embeddable":true,"href":"https:\/\/www.santai-ceramics.com\/pt\/wp-json\/wp\/v2\/product_tag?post=849"}],"curies":[{"name":"wp","href":"https:\/\/api.w.org\/{rel}","templated":true}]}}