{"id":855,"date":"2024-10-18T02:41:52","date_gmt":"2024-10-18T02:41:52","guid":{"rendered":"https:\/\/www.santai-ceramics.com\/?post_type=product&#038;p=855"},"modified":"2024-10-27T14:47:06","modified_gmt":"2024-10-27T14:47:06","slug":"wholesale-animal-ornaments-home-decor-cat","status":"publish","type":"product","link":"https:\/\/www.santai-ceramics.com\/pt\/product\/wholesale-animal-ornaments-home-decor-cat\/","title":{"rendered":"Ornamentos de gato personalizados para venda, Ornamentos de animais a granel Vendas diretas da f\u00e1brica,"},"content":{"rendered":"<h3 class=\"wp-block-heading\">Par\u00e2metros dos ornamentos para gatos<\/h3>\n\n\n\n<figure class=\"wp-block-table\"><table class=\"has-fixed-layout\"><tbody><tr><td>Modelo<\/td><td>Nome do produto<\/td><td>Cor<\/td><td>Material<\/td><td>Utiliza\u00e7\u00f5es<\/td><td>Dimens\u00f5es<\/td><td>Peso<\/td><\/tr><tr><td>E37136-H851-A01<\/td><td>Ornamento animal - Gato sentado<\/td><td>Castanho antigo&nbsp;<\/td><td>Resina<\/td><td>decora\u00e7\u00e3o de casa,sala de estar<\/td><td>16,5X8,5X13cm<\/td><td>0,5kg\/PC<\/td><\/tr><tr><td>E37137-H851-A01<\/td><td>Ornamento animal-Gato que caminha<\/td><td>Castanho antigo&nbsp;<\/td><td>Resina<\/td><td>decora\u00e7\u00e3o de casa,sala de estar<\/td><td>14,5X10X16cm<\/td><td>0,6 kg\/PC<\/td><\/tr><\/tbody><\/table><\/figure>\n\n\n\n<h3 class=\"wp-block-heading\">Servi\u00e7o de ornamentos personalizados para animais<\/h3>\n\n\n\n<p>Oferecemos servi\u00e7os OEM e ODM para os nossos produtos.<br>Entrega r\u00e1pida de amostras est\u00e1 dispon\u00edvel.<br>Oferecemos uma variedade de formas, cores, impress\u00e3o personalizada, embalagem e outros servi\u00e7os adaptados para satisfazer as suas necessidades espec\u00edficas.<br><a style=\"\" href=\"https:\/\/www.santai-ceramics.com\/pt\/custom\/\" data-type=\"page\" data-id=\"13\" target=\"_blank\" rel=\"noreferrer noopener\"><strong><b>Saiba mais sobre personaliza\u00e7\u00e3o<\/b> pormenor de ornamentos de animais.<\/strong><\/a><\/p>\n\n\n\n<div class=\"wp-block-columns is-layout-flex wp-container-core-columns-is-layout-9d6595d7 wp-block-columns-is-layout-flex\">\n<div class=\"wp-block-column is-layout-flow wp-block-column-is-layout-flow\">\n<figure class=\"wp-block-image size-full\"><img decoding=\"async\" width=\"1500\" height=\"1250\" src=\"https:\/\/www.santai-ceramics.com\/wp-content\/uploads\/2024\/10\/Animal-Ornaments-Walking-cat-4.jpg\" alt=\"Ornamentos de animais - Gato ambulante (4)\" class=\"wp-image-863\" srcset=\"https:\/\/www.santai-ceramics.com\/wp-content\/uploads\/2024\/10\/Animal-Ornaments-Walking-cat-4.jpg 1500w, https:\/\/www.santai-ceramics.com\/wp-content\/uploads\/2024\/10\/Animal-Ornaments-Walking-cat-4-300x250.jpg 300w, https:\/\/www.santai-ceramics.com\/wp-content\/uploads\/2024\/10\/Animal-Ornaments-Walking-cat-4-768x640.jpg 768w, https:\/\/www.santai-ceramics.com\/wp-content\/uploads\/2024\/10\/Animal-Ornaments-Walking-cat-4-1200x1000.jpg 1200w, https:\/\/www.santai-ceramics.com\/wp-content\/uploads\/2024\/10\/Animal-Ornaments-Walking-cat-4-600x500.jpg 600w\" sizes=\"(max-width: 1500px) 100vw, 1500px\" \/><\/figure>\n<\/div>\n\n\n\n<div class=\"wp-block-column is-layout-flow wp-block-column-is-layout-flow\">\n<figure class=\"wp-block-image size-full\"><img decoding=\"async\" width=\"1500\" height=\"1250\" src=\"https:\/\/www.santai-ceramics.com\/wp-content\/uploads\/2024\/10\/Animal-Ornaments-Setting-Cat-4.jpg\" alt=\"Ornamentos de animais - Gato de cen\u00e1rio (4)\" class=\"wp-image-859\" srcset=\"https:\/\/www.santai-ceramics.com\/wp-content\/uploads\/2024\/10\/Animal-Ornaments-Setting-Cat-4.jpg 1500w, https:\/\/www.santai-ceramics.com\/wp-content\/uploads\/2024\/10\/Animal-Ornaments-Setting-Cat-4-300x250.jpg 300w, https:\/\/www.santai-ceramics.com\/wp-content\/uploads\/2024\/10\/Animal-Ornaments-Setting-Cat-4-768x640.jpg 768w, https:\/\/www.santai-ceramics.com\/wp-content\/uploads\/2024\/10\/Animal-Ornaments-Setting-Cat-4-1200x1000.jpg 1200w, https:\/\/www.santai-ceramics.com\/wp-content\/uploads\/2024\/10\/Animal-Ornaments-Setting-Cat-4-600x500.jpg 600w\" sizes=\"(max-width: 1500px) 100vw, 1500px\" \/><\/figure>\n<\/div>\n<\/div>","protected":false},"excerpt":{"rendered":"<p data-pm-slice=\"0 0 []\">Fornecemos ornamentos de animais por atacado e solu\u00e7\u00f5es de ornamentos personalizados. Estes ornamentos de animais acrescentam vitalidade e divers\u00e3o ao seu espa\u00e7o. Os ornamentos de animais requintados podem n\u00e3o s\u00f3 decorar o seu ambiente dom\u00e9stico, mas tamb\u00e9m ser dados como presentes a familiares e amigos, adequados para v\u00e1rias ocasi\u00f5es. O fabricante de cer\u00e2mica para decora\u00e7\u00e3o de interiores SANTAI oferece-lhe pre\u00e7os competitivos.<\/p>\n<h2>Carater\u00edsticas dos ornamentos para animais<\/h2>\n<p><strong>Design bonito e encantador<\/strong>: Os enfeites de gato adoptam uma combina\u00e7\u00e3o de cores de castanho claro e manchas brancas, que tem um aspeto quente e bonito. Esta combina\u00e7\u00e3o de cores n\u00e3o s\u00f3 \u00e9 f\u00e1cil de integrar em v\u00e1rios estilos de decora\u00e7\u00e3o de casa, como tamb\u00e9m d\u00e1 um toque vivo e alegre ao ambiente dom\u00e9stico.<\/p>\n<p><strong>Ornamentos criativos para animais<\/strong>: Os enfeites de animais giros inspiram a criatividade e a imagina\u00e7\u00e3o das pessoas. Quer seja colocado no escrit\u00f3rio ou na sala de estar, pode tornar-se uma decora\u00e7\u00e3o muito bonita.<\/p>\n<p><strong>Tecnologia de produ\u00e7\u00e3o de alta qualidade<\/strong>: Os enfeites de gatinho s\u00e3o feitos de materiais de resina de alta qualidade, com um trabalho artesanal requintado e um processamento de detalhes adequado. Quer se trate do contorno dos ornamentos ou da textura da superf\u00edcie, revela um n\u00edvel de produ\u00e7\u00e3o de alta qualidade.<\/p>\n<p><strong>F\u00e1cil de combinar e colocar<\/strong>: As duas est\u00e1tuas de animais podem ser colocadas separadamente ou combinadas. N\u00e3o s\u00e3o apenas adequadas para espa\u00e7os interiores como o escrit\u00f3rio e a sala de estar, mas tamb\u00e9m podem ser utilizadas como decora\u00e7\u00f5es para jardins exteriores ou varandas.<\/p>\n<p><strong>Servi\u00e7o profissional de decora\u00e7\u00e3o de casas por atacado<\/strong>: SANTAI \u00e9 um fabricante l\u00edder de decora\u00e7\u00e3o de casa em cer\u00e2mica da China. N\u00f3s fornecemos uma ampla gama de decora\u00e7\u00e3o de m\u00f3veis por atacado, ornamentos de animais e pre\u00e7os competitivos. Os compradores B2B s\u00e3o bem-vindos a contactar-nos.<\/p>","protected":false},"featured_media":864,"comment_status":"closed","ping_status":"closed","template":"","meta":{"_acf_changed":false},"product_brand":[],"product_cat":[18,25],"product_tag":[32],"class_list":{"0":"post-855","1":"product","2":"type-product","3":"status-publish","4":"has-post-thumbnail","6":"product_cat-home-decor","7":"product_cat-animal-ornaments","8":"product_tag-resin-animal-figurines","10":"first","11":"instock","12":"shipping-taxable","13":"product-type-simple"},"acf":[],"_links":{"self":[{"href":"https:\/\/www.santai-ceramics.com\/pt\/wp-json\/wp\/v2\/product\/855","targetHints":{"allow":["GET"]}}],"collection":[{"href":"https:\/\/www.santai-ceramics.com\/pt\/wp-json\/wp\/v2\/product"}],"about":[{"href":"https:\/\/www.santai-ceramics.com\/pt\/wp-json\/wp\/v2\/types\/product"}],"replies":[{"embeddable":true,"href":"https:\/\/www.santai-ceramics.com\/pt\/wp-json\/wp\/v2\/comments?post=855"}],"wp:featuredmedia":[{"embeddable":true,"href":"https:\/\/www.santai-ceramics.com\/pt\/wp-json\/wp\/v2\/media\/864"}],"wp:attachment":[{"href":"https:\/\/www.santai-ceramics.com\/pt\/wp-json\/wp\/v2\/media?parent=855"}],"wp:term":[{"taxonomy":"product_brand","embeddable":true,"href":"https:\/\/www.santai-ceramics.com\/pt\/wp-json\/wp\/v2\/product_brand?post=855"},{"taxonomy":"product_cat","embeddable":true,"href":"https:\/\/www.santai-ceramics.com\/pt\/wp-json\/wp\/v2\/product_cat?post=855"},{"taxonomy":"product_tag","embeddable":true,"href":"https:\/\/www.santai-ceramics.com\/pt\/wp-json\/wp\/v2\/product_tag?post=855"}],"curies":[{"name":"wp","href":"https:\/\/api.w.org\/{rel}","templated":true}]}}