{"id":866,"date":"2024-10-18T03:25:50","date_gmt":"2024-10-18T03:25:50","guid":{"rendered":"https:\/\/www.santai-ceramics.com\/?post_type=product&#038;p=866"},"modified":"2024-10-24T09:19:09","modified_gmt":"2024-10-24T09:19:09","slug":"wholesale-resin-figurines","status":"publish","type":"product","link":"https:\/\/www.santai-ceramics.com\/pt\/product\/wholesale-resin-figurines\/","title":{"rendered":"Venda por grosso de pequenas esculturas para decora\u00e7\u00e3o de interiores: cria\u00e7\u00f5es art\u00edsticas \u00fanicas"},"content":{"rendered":"<h3 class=\"wp-block-heading\">Par\u00e2metros de Decora\u00e7\u00e3o de casa Escultura pequena<\/h3>\n\n\n\n<figure class=\"wp-block-table\"><table class=\"has-fixed-layout\"><tbody><tr><td>Modelo<\/td><td>Nome do produto<\/td><td>Cor<\/td><td>Material<\/td><td>Utiliza\u00e7\u00f5es<\/td><td>Dimens\u00f5es<\/td><td>Peso<\/td><\/tr><tr><td>E37133-H851-A01<\/td><td>Escultura em resina - Homem de p\u00e9<\/td><td>Castanho antigo&nbsp;<\/td><td>Resina<\/td><td>decora\u00e7\u00e3o de casa,sala de estar<\/td><td>13X11,5X25,5cm<\/td><td>1kg\/PC<\/td><\/tr><tr><td>E37134-H851-A01<\/td><td>Escultura em resina - Homem Sentado<\/td><td>Castanho antigo&nbsp;<\/td><td>Resina<\/td><td>decora\u00e7\u00e3o de casa,sala de estar<\/td><td>12,5X9X17,5cm<\/td><td>0,7kg\/PC<\/td><\/tr><\/tbody><\/table><\/figure>\n\n\n\n<h3 class=\"wp-block-heading\">Servi\u00e7o de escultura de decora\u00e7\u00e3o personalizada para casa<\/h3>\n\n\n\n<p>Oferecemos servi\u00e7os OEM e ODM para os nossos produtos.<br>Entrega r\u00e1pida de amostras est\u00e1 dispon\u00edvel.<br>Oferecemos uma variedade de formas, cores, impress\u00e3o personalizada, embalagem e outros servi\u00e7os adaptados para satisfazer as suas necessidades espec\u00edficas.<br><a style=\"\" href=\"https:\/\/www.santai-ceramics.com\/pt\/custom\/\" data-type=\"page\" data-id=\"13\" target=\"_blank\" rel=\"noreferrer noopener\"><strong><b>Saiba mais sobre personaliza\u00e7\u00e3o<\/b> pormenor da escultura.<\/strong><\/a><\/p>\n\n\n\n<div class=\"wp-block-columns is-layout-flex wp-container-core-columns-is-layout-9d6595d7 wp-block-columns-is-layout-flex\">\n<div class=\"wp-block-column is-layout-flow wp-block-column-is-layout-flow\">\n<figure class=\"wp-block-image size-full\"><img decoding=\"async\" width=\"1500\" height=\"1250\" src=\"https:\/\/www.santai-ceramics.com\/wp-content\/uploads\/2024\/10\/Wholesale-Resin-Figurines-2.jpg\" alt=\"Figurinhas de resina por atacado (2)\" class=\"wp-image-874\" srcset=\"https:\/\/www.santai-ceramics.com\/wp-content\/uploads\/2024\/10\/Wholesale-Resin-Figurines-2.jpg 1500w, https:\/\/www.santai-ceramics.com\/wp-content\/uploads\/2024\/10\/Wholesale-Resin-Figurines-2-300x250.jpg 300w, https:\/\/www.santai-ceramics.com\/wp-content\/uploads\/2024\/10\/Wholesale-Resin-Figurines-2-768x640.jpg 768w, https:\/\/www.santai-ceramics.com\/wp-content\/uploads\/2024\/10\/Wholesale-Resin-Figurines-2-1200x1000.jpg 1200w, https:\/\/www.santai-ceramics.com\/wp-content\/uploads\/2024\/10\/Wholesale-Resin-Figurines-2-600x500.jpg 600w\" sizes=\"(max-width: 1500px) 100vw, 1500px\" \/><\/figure>\n<\/div>\n\n\n\n<div class=\"wp-block-column is-layout-flow wp-block-column-is-layout-flow\">\n<figure class=\"wp-block-image size-full\"><img decoding=\"async\" width=\"1500\" height=\"1249\" src=\"https:\/\/www.santai-ceramics.com\/wp-content\/uploads\/2024\/10\/Wholesale-Resin-Figurines-1.jpg\" alt=\"Figurinhas de resina por atacado (1)\" class=\"wp-image-873\" srcset=\"https:\/\/www.santai-ceramics.com\/wp-content\/uploads\/2024\/10\/Wholesale-Resin-Figurines-1.jpg 1500w, https:\/\/www.santai-ceramics.com\/wp-content\/uploads\/2024\/10\/Wholesale-Resin-Figurines-1-300x250.jpg 300w, https:\/\/www.santai-ceramics.com\/wp-content\/uploads\/2024\/10\/Wholesale-Resin-Figurines-1-768x639.jpg 768w, https:\/\/www.santai-ceramics.com\/wp-content\/uploads\/2024\/10\/Wholesale-Resin-Figurines-1-1200x999.jpg 1200w, https:\/\/www.santai-ceramics.com\/wp-content\/uploads\/2024\/10\/Wholesale-Resin-Figurines-1-600x500.jpg 600w\" sizes=\"(max-width: 1500px) 100vw, 1500px\" \/><\/figure>\n<\/div>\n<\/div>","protected":false},"excerpt":{"rendered":"<p data-pm-slice=\"0 0 []\">Fornecemos esculturas por atacado para uma decora\u00e7\u00e3o requintada da casa. Esta escultura criativa dar\u00e1 um encanto art\u00edstico e pessoal ao seu espa\u00e7o. \u00c9 adequada para o quarto, escrit\u00f3rio, biblioteca e outras cenas decorativas. \u00c9 feita de materiais de resina de alta qualidade para garantir durabilidade e longa dura\u00e7\u00e3o, mantendo uma apar\u00eancia delicada. N\u00e3o hesite em contactar-nos para encomendas a granel.<\/p>\n<h2>Carater\u00edsticas da Escultura Pequena para Decora\u00e7\u00e3o de Casa<\/h2>\n<p><strong>Beleza art\u00edstica:<\/strong> O lado esquerdo \u00e9 uma estatueta em forma de homem sentado e o lado direito \u00e9 uma estatueta em forma de homem de p\u00e9. Os dois s\u00e3o diferentes e, atrav\u00e9s de uma combina\u00e7\u00e3o razo\u00e1vel, podem formar uma imagem harmoniosa e bonita. Os tons claros e a textura delicada da pequena escultura tornam-na mais ornamental e decorativa.<\/p>\n<p><strong>Fun\u00e7\u00e3o pr\u00e1tica:<\/strong> As esculturas por atacado n\u00e3o s\u00e3o apenas decorativas, mas, mais importante ainda, t\u00eam fun\u00e7\u00f5es pr\u00e1ticas. Podem efetivamente impedir que os livros escorreguem ou se espalhem, mantendo a secret\u00e1ria arrumada e organizada.<\/p>\n<p><strong>Grande durabilidade:<\/strong> Estas esculturas por atacado s\u00e3o feitas de resina de alta qualidade, com boa durabilidade e resist\u00eancia ao desgaste. Ao mesmo tempo, a limpeza e manuten\u00e7\u00e3o desta escultura tamb\u00e9m \u00e9 muito conveniente, basta limp\u00e1-la com um pano h\u00famido.<\/p>\n<p><strong>Personaliza\u00e7\u00e3o personalizada:<\/strong>Como um fabricante profissional de est\u00e1tuas de decora\u00e7\u00e3o para casa. Compreendemos a import\u00e2ncia de diferentes formas e cores de esculturas para diferentes utilizadores. Oferecemos solu\u00e7\u00f5es de esculturas personalizadas para os clientes, contacte-nos para obter solu\u00e7\u00f5es.<\/p>\n<p><strong>Servi\u00e7o grossista de esculturas:<\/strong> N\u00f3s fornecemos servi\u00e7o profissional de esculturas decorativas por atacado para compradores B2B, hot\u00e9is, atacadistas, cobrindo design profissional, amostra r\u00e1pida, produ\u00e7\u00e3o e entrega, entre em contato conosco para obter pre\u00e7os competitivos.<\/p>","protected":false},"featured_media":875,"comment_status":"closed","ping_status":"closed","template":"","meta":{"_acf_changed":false},"product_brand":[],"product_cat":[18,25],"product_tag":[32],"class_list":{"0":"post-866","1":"product","2":"type-product","3":"status-publish","4":"has-post-thumbnail","6":"product_cat-home-decor","7":"product_cat-animal-ornaments","8":"product_tag-resin-animal-figurines","10":"first","11":"instock","12":"shipping-taxable","13":"product-type-simple"},"acf":[],"_links":{"self":[{"href":"https:\/\/www.santai-ceramics.com\/pt\/wp-json\/wp\/v2\/product\/866","targetHints":{"allow":["GET"]}}],"collection":[{"href":"https:\/\/www.santai-ceramics.com\/pt\/wp-json\/wp\/v2\/product"}],"about":[{"href":"https:\/\/www.santai-ceramics.com\/pt\/wp-json\/wp\/v2\/types\/product"}],"replies":[{"embeddable":true,"href":"https:\/\/www.santai-ceramics.com\/pt\/wp-json\/wp\/v2\/comments?post=866"}],"wp:featuredmedia":[{"embeddable":true,"href":"https:\/\/www.santai-ceramics.com\/pt\/wp-json\/wp\/v2\/media\/875"}],"wp:attachment":[{"href":"https:\/\/www.santai-ceramics.com\/pt\/wp-json\/wp\/v2\/media?parent=866"}],"wp:term":[{"taxonomy":"product_brand","embeddable":true,"href":"https:\/\/www.santai-ceramics.com\/pt\/wp-json\/wp\/v2\/product_brand?post=866"},{"taxonomy":"product_cat","embeddable":true,"href":"https:\/\/www.santai-ceramics.com\/pt\/wp-json\/wp\/v2\/product_cat?post=866"},{"taxonomy":"product_tag","embeddable":true,"href":"https:\/\/www.santai-ceramics.com\/pt\/wp-json\/wp\/v2\/product_tag?post=866"}],"curies":[{"name":"wp","href":"https:\/\/api.w.org\/{rel}","templated":true}]}}