{"id":876,"date":"2024-10-18T06:06:31","date_gmt":"2024-10-18T06:06:31","guid":{"rendered":"https:\/\/www.santai-ceramics.com\/?post_type=product&#038;p=876"},"modified":"2025-06-12T23:27:27","modified_gmt":"2025-06-12T23:27:27","slug":"custom-decorative-bird-sculpture-factory-direct-sales","status":"publish","type":"product","link":"https:\/\/www.santai-ceramics.com\/pt\/product\/custom-decorative-bird-sculpture-factory-direct-sales\/","title":{"rendered":"Esculturas personalizadas profissionais: Vendas diretas da f\u00e1brica de esculturas de p\u00e1ssaros requintados"},"content":{"rendered":"<h3 class=\"wp-block-heading\">Par\u00e2metros da escultura de p\u00e1ssaros<\/h3>\n\n\n\n<figure class=\"wp-block-table\"><table class=\"has-fixed-layout\"><tbody><tr><td>Modelo<\/td><td>Nome do produto<\/td><td>Cor<\/td><td>Material<\/td><td>Utiliza\u00e7\u00f5es<\/td><td>Dimens\u00f5es<\/td><td>Peso<\/td><\/tr><tr><td>E37414-H851-A01<\/td><td>P\u00e1ssaro de resina que vira a cabe\u00e7a<\/td><td>Castanho antigo&nbsp;<\/td><td>Resina<\/td><td>decora\u00e7\u00e3o de casa,sala de estar<\/td><td>15,5X7X10,5cm<\/td><td>0,3 kg\/PC<\/td><\/tr><tr><td>E37415-H851-A01<\/td><td>P\u00e1ssaro de resina com cabe\u00e7a para cima<\/td><td>Castanho antigo&nbsp;<\/td><td>Resina<\/td><td>decora\u00e7\u00e3o de casa,sala de estar<\/td><td>14X6,5X10cm<\/td><td>0,3 kg\/PC<\/td><\/tr><tr><td>E37416-H851-A01<\/td><td>P\u00e1ssaro girat\u00f3rio em resina<\/td><td>Castanho antigo&nbsp;<\/td><td>Resina<\/td><td>decora\u00e7\u00e3o de casa,sala de estar<\/td><td>14X6,5X11,5<\/td><td>0,3 kg\/PC<\/td><\/tr><\/tbody><\/table><\/figure>\n\n\n\n<h3 class=\"wp-block-heading\">Servi\u00e7o de escultura personalizada<\/h3>\n\n\n\n<p>Oferecemos servi\u00e7os OEM e ODM para os nossos produtos.<br>Entrega r\u00e1pida de amostras est\u00e1 dispon\u00edvel.<br>Oferecemos uma variedade de formas, cores, impress\u00e3o personalizada, embalagem e outros servi\u00e7os personalizados para que a escultura personalizada satisfa\u00e7a as suas necessidades espec\u00edficas.<br><a style=\"\" href=\"https:\/\/www.santai-ceramics.com\/pt\/custom\/\" data-type=\"page\" data-id=\"13\" target=\"_blank\" rel=\"noreferrer noopener\"><strong><b>Saiba mais sobre personaliza\u00e7\u00e3o<\/b> pormenor da escultura.<\/strong><\/a><\/p>\n\n\n\n<div class=\"wp-block-columns is-layout-flex wp-container-core-columns-is-layout-9d6595d7 wp-block-columns-is-layout-flex\">\n<div class=\"wp-block-column is-layout-flow wp-block-column-is-layout-flow\">\n<figure class=\"wp-block-image size-full\"><img decoding=\"async\" width=\"1500\" height=\"1249\" src=\"https:\/\/www.santai-ceramics.com\/wp-content\/uploads\/2024\/10\/Custom-Decorative-Bird-Sculpture-8.jpg\" alt=\"Escultura decorativa personalizada de p\u00e1ssaros (8)\" class=\"wp-image-884\" srcset=\"https:\/\/www.santai-ceramics.com\/wp-content\/uploads\/2024\/10\/Custom-Decorative-Bird-Sculpture-8.jpg 1500w, https:\/\/www.santai-ceramics.com\/wp-content\/uploads\/2024\/10\/Custom-Decorative-Bird-Sculpture-8-300x250.jpg 300w, https:\/\/www.santai-ceramics.com\/wp-content\/uploads\/2024\/10\/Custom-Decorative-Bird-Sculpture-8-768x639.jpg 768w, https:\/\/www.santai-ceramics.com\/wp-content\/uploads\/2024\/10\/Custom-Decorative-Bird-Sculpture-8-1200x999.jpg 1200w, https:\/\/www.santai-ceramics.com\/wp-content\/uploads\/2024\/10\/Custom-Decorative-Bird-Sculpture-8-600x500.jpg 600w\" sizes=\"(max-width: 1500px) 100vw, 1500px\" \/><\/figure>\n<\/div>\n\n\n\n<div class=\"wp-block-column is-layout-flow wp-block-column-is-layout-flow\">\n<figure class=\"wp-block-image size-full\"><img decoding=\"async\" width=\"1500\" height=\"1249\" src=\"https:\/\/www.santai-ceramics.com\/wp-content\/uploads\/2024\/10\/Custom-Decorative-Bird-Sculpture-7.jpg\" alt=\"Escultura decorativa personalizada de p\u00e1ssaros (7)\" class=\"wp-image-883\" srcset=\"https:\/\/www.santai-ceramics.com\/wp-content\/uploads\/2024\/10\/Custom-Decorative-Bird-Sculpture-7.jpg 1500w, https:\/\/www.santai-ceramics.com\/wp-content\/uploads\/2024\/10\/Custom-Decorative-Bird-Sculpture-7-300x250.jpg 300w, https:\/\/www.santai-ceramics.com\/wp-content\/uploads\/2024\/10\/Custom-Decorative-Bird-Sculpture-7-768x639.jpg 768w, https:\/\/www.santai-ceramics.com\/wp-content\/uploads\/2024\/10\/Custom-Decorative-Bird-Sculpture-7-1200x999.jpg 1200w, https:\/\/www.santai-ceramics.com\/wp-content\/uploads\/2024\/10\/Custom-Decorative-Bird-Sculpture-7-600x500.jpg 600w\" sizes=\"(max-width: 1500px) 100vw, 1500px\" \/><\/figure>\n<\/div>\n<\/div>","protected":false},"excerpt":{"rendered":"<p data-pm-slice=\"0 0 []\">N\u00f3s somos <a href=\"https:\/\/www.santai-ceramics.com\/pt\/\" target=\"_blank\" rel=\"noopener\"><strong>SANTAI<\/strong><strong> fabricante de cer\u00e2mica para decora\u00e7\u00e3o de interiores<\/strong><\/a>. escultura de p\u00e1ssaro personalizada de alta qualidade por atacado. Esta escultura decorativa de p\u00e1ssaro \u00e9 feita de materiais de resina de alta qualidade, combinando artesanato requintado com design exclusivo para adicionar charme natural e senso art\u00edstico ao seu espa\u00e7o. \u00c9 muito adequado para exibi\u00e7\u00e3o no quarto, sala de estar, estudo ou caf\u00e9. Bem-vindo a contactar-nos para um or\u00e7amento.<\/p>\n<h2>Carater\u00edsticas da escultura de p\u00e1ssaros<\/h2>\n<p><strong>Design simples e natural<\/strong>: A escultura foi concebida num estilo minimalista, com linhas suaves e formas elegantes, exibe a beleza das aves de forma natural e adapta-se a diferentes estilos de casa.<\/p>\n<p><strong>Artesanato requintado<\/strong>: Todas as esculturas s\u00e3o polidas de forma muito fina, com pormenores delicados e desempenho vivo. Captam perfeitamente a beleza natural das aves.<\/p>\n<p><strong>Material de resina de alta qualidade<\/strong>: A escultura de p\u00e1ssaro \u00e9 feita de um material de resina de alta qualidade que possui uma grande durabilidade e resist\u00eancia \u00e0 humidade, garantindo assim que a sua apar\u00eancia permanece perfeita durante muito tempo.<\/p>\n<p><strong>Leve e port\u00e1til<\/strong>: O design da escultura de p\u00e1ssaro \u00e9 leve e f\u00e1cil de mover e colocar de acordo com as necessidades para uma variedade de exposi\u00e7\u00f5es.<\/p>\n<p><strong>Servi\u00e7o de personaliza\u00e7\u00e3o personalizado<\/strong>: Oferecemos servi\u00e7os de escultura personalizada. Como um fabricante profissional de est\u00e1tuas, somos capazes de personalizar o tamanho, a cor e o design com base nas necessidades dos clientes.<\/p>\n<p><strong>Vendas diretas da f\u00e1brica<\/strong>: O modelo de venda direta na f\u00e1brica permite-nos oferecer aos clientes pre\u00e7os mais competitivos e servi\u00e7os de entrega r\u00e1pida.<\/p>","protected":false},"featured_media":877,"comment_status":"closed","ping_status":"closed","template":"","meta":{"_acf_changed":false},"product_brand":[],"product_cat":[18,25,48],"product_tag":[32],"class_list":{"0":"post-876","1":"product","2":"type-product","3":"status-publish","4":"has-post-thumbnail","6":"product_cat-home-decor","7":"product_cat-animal-ornaments","8":"product_cat-wholesale-resin-animal-figurines","9":"product_tag-resin-animal-figurines","11":"first","12":"instock","13":"shipping-taxable","14":"product-type-simple"},"acf":[],"_links":{"self":[{"href":"https:\/\/www.santai-ceramics.com\/pt\/wp-json\/wp\/v2\/product\/876","targetHints":{"allow":["GET"]}}],"collection":[{"href":"https:\/\/www.santai-ceramics.com\/pt\/wp-json\/wp\/v2\/product"}],"about":[{"href":"https:\/\/www.santai-ceramics.com\/pt\/wp-json\/wp\/v2\/types\/product"}],"replies":[{"embeddable":true,"href":"https:\/\/www.santai-ceramics.com\/pt\/wp-json\/wp\/v2\/comments?post=876"}],"wp:featuredmedia":[{"embeddable":true,"href":"https:\/\/www.santai-ceramics.com\/pt\/wp-json\/wp\/v2\/media\/877"}],"wp:attachment":[{"href":"https:\/\/www.santai-ceramics.com\/pt\/wp-json\/wp\/v2\/media?parent=876"}],"wp:term":[{"taxonomy":"product_brand","embeddable":true,"href":"https:\/\/www.santai-ceramics.com\/pt\/wp-json\/wp\/v2\/product_brand?post=876"},{"taxonomy":"product_cat","embeddable":true,"href":"https:\/\/www.santai-ceramics.com\/pt\/wp-json\/wp\/v2\/product_cat?post=876"},{"taxonomy":"product_tag","embeddable":true,"href":"https:\/\/www.santai-ceramics.com\/pt\/wp-json\/wp\/v2\/product_tag?post=876"}],"curies":[{"name":"wp","href":"https:\/\/api.w.org\/{rel}","templated":true}]}}