{"id":885,"date":"2024-10-18T06:40:39","date_gmt":"2024-10-18T06:40:39","guid":{"rendered":"https:\/\/www.santai-ceramics.com\/?post_type=product&#038;p=885"},"modified":"2025-06-12T23:09:43","modified_gmt":"2025-06-12T23:09:43","slug":"wholesale-decorative-ceramic-birds","status":"publish","type":"product","link":"https:\/\/www.santai-ceramics.com\/pt\/product\/wholesale-decorative-ceramic-birds\/","title":{"rendered":"P\u00e1ssaros decorativos de cer\u00e2mica por atacado, decora\u00e7\u00e3o requintada de p\u00e1ssaros de cer\u00e2mica para venda"},"content":{"rendered":"<h3 class=\"wp-block-heading\">Par\u00e2metros das aves decorativas de cer\u00e2mica<\/h3>\n\n\n\n<figure class=\"wp-block-table\"><table class=\"has-fixed-layout\"><tbody><tr><td>Modelo<\/td><td>Nome do produto<\/td><td>Cor<\/td><td>Material<\/td><td>Utiliza\u00e7\u00f5es<\/td><td>Dimens\u00f5es<\/td><td>Peso<\/td><\/tr><tr><td>A29051-LB24-A01<\/td><td>P\u00e1ssaro de p\u00e9 em cer\u00e2mica<\/td><td>Amarelo brilhante<\/td><td>Cer\u00e2mica<\/td><td>decora\u00e7\u00e3o de casa,sala de estar<\/td><td>D:12,5X24 cm<\/td><td>0,6 kg\/PC<\/td><\/tr><tr><td>A29052-LB24-A01<\/td><td>P\u00e1ssaro agachado em cer\u00e2mica<\/td><td>Amarelo brilhante<\/td><td>Cer\u00e2mica<\/td><td>decora\u00e7\u00e3o de casa,sala de estar<\/td><td>14,5X12X16,5 cm<\/td><td>0,6 kg\/PC<\/td><\/tr><tr><td>A29053-LB24-A01<\/td><td>P\u00e1ssaro de nidifica\u00e7\u00e3o em cer\u00e2mica<\/td><td>Amarelo brilhante<\/td><td>Cer\u00e2mica<\/td><td>decora\u00e7\u00e3o de casa,sala de estar<\/td><td>14X9,5X10 cm<\/td><td>0,3 kg\/PC<\/td><\/tr><\/tbody><\/table><\/figure>\n\n\n\n<h3 class=\"wp-block-heading\">Servi\u00e7o de aves em cer\u00e2mica decorativa personalizada<\/h3>\n\n\n\n<p>Oferecemos servi\u00e7os OEM e ODM para os nossos produtos.<br>Entrega r\u00e1pida de amostras est\u00e1 dispon\u00edvel.<br>Oferecemos uma variedade de formas, cores, impress\u00e3o personalizada, embalagem e outros servi\u00e7os adaptados para satisfazer as suas necessidades espec\u00edficas.<br><a style=\"\" href=\"https:\/\/www.santai-ceramics.com\/pt\/custom\/\" data-type=\"page\" data-id=\"13\" target=\"_blank\" rel=\"noreferrer noopener\"><strong><b>Saiba mais sobre personaliza\u00e7\u00e3o<\/b> pormenor de p\u00e1ssaro em cer\u00e2mica.<\/strong><\/a><\/p>\n\n\n\n<div class=\"wp-block-columns is-layout-flex wp-container-core-columns-is-layout-9d6595d7 wp-block-columns-is-layout-flex\">\n<div class=\"wp-block-column is-layout-flow wp-block-column-is-layout-flow\">\n<figure class=\"wp-block-image size-full\"><img decoding=\"async\" width=\"1500\" height=\"1249\" src=\"https:\/\/www.santai-ceramics.com\/wp-content\/uploads\/2024\/10\/Wholesale-Decorative-Ceramic-Birds-1.jpg\" alt=\"Venda por grosso de aves decorativas em cer\u00e2mica (1)\" class=\"wp-image-894\" srcset=\"https:\/\/www.santai-ceramics.com\/wp-content\/uploads\/2024\/10\/Wholesale-Decorative-Ceramic-Birds-1.jpg 1500w, https:\/\/www.santai-ceramics.com\/wp-content\/uploads\/2024\/10\/Wholesale-Decorative-Ceramic-Birds-1-300x250.jpg 300w, https:\/\/www.santai-ceramics.com\/wp-content\/uploads\/2024\/10\/Wholesale-Decorative-Ceramic-Birds-1-768x639.jpg 768w, https:\/\/www.santai-ceramics.com\/wp-content\/uploads\/2024\/10\/Wholesale-Decorative-Ceramic-Birds-1-1200x999.jpg 1200w, https:\/\/www.santai-ceramics.com\/wp-content\/uploads\/2024\/10\/Wholesale-Decorative-Ceramic-Birds-1-600x500.jpg 600w\" sizes=\"(max-width: 1500px) 100vw, 1500px\" \/><\/figure>\n<\/div>\n\n\n\n<div class=\"wp-block-column is-layout-flow wp-block-column-is-layout-flow\">\n<figure class=\"wp-block-image size-full\"><img decoding=\"async\" width=\"1500\" height=\"1250\" src=\"https:\/\/www.santai-ceramics.com\/wp-content\/uploads\/2024\/10\/Wholesale-Decorative-Ceramic-Birds-2.jpg\" alt=\"Venda por grosso de aves decorativas em cer\u00e2mica (2)\" class=\"wp-image-895\" srcset=\"https:\/\/www.santai-ceramics.com\/wp-content\/uploads\/2024\/10\/Wholesale-Decorative-Ceramic-Birds-2.jpg 1500w, https:\/\/www.santai-ceramics.com\/wp-content\/uploads\/2024\/10\/Wholesale-Decorative-Ceramic-Birds-2-300x250.jpg 300w, https:\/\/www.santai-ceramics.com\/wp-content\/uploads\/2024\/10\/Wholesale-Decorative-Ceramic-Birds-2-768x640.jpg 768w, https:\/\/www.santai-ceramics.com\/wp-content\/uploads\/2024\/10\/Wholesale-Decorative-Ceramic-Birds-2-1200x1000.jpg 1200w, https:\/\/www.santai-ceramics.com\/wp-content\/uploads\/2024\/10\/Wholesale-Decorative-Ceramic-Birds-2-600x500.jpg 600w\" sizes=\"(max-width: 1500px) 100vw, 1500px\" \/><\/figure>\n<\/div>\n<\/div>","protected":false},"excerpt":{"rendered":"<p data-pm-slice=\"0 0 []\">Cada ave decorativa de cer\u00e2mica \u00e9 feita de cer\u00e2mica de alta qualidade com uma superf\u00edcie lisa e delicada, adequada para exposi\u00e7\u00e3o em casa, restaurantes, caf\u00e9s, etc. Como um <a href=\"https:\/\/www.santai-ceramics.com\/pt\/\" target=\"_blank\" rel=\"noopener\"><strong>fabricante de cer\u00e2mica decorativa<\/strong><\/a>A nossa empresa oferece pre\u00e7os por atacado muito competitivos, adequados para grandes encomendas, ajudando-o a obter mais espa\u00e7o de lucro, bem-vindo compradores B2B para nos contactar.<\/p>\n<h2>Carater\u00edsticas do p\u00e1ssaro decorativo em cer\u00e2mica<\/h2>\n<p><strong>Express\u00e3o viva<\/strong>: Esta s\u00e9rie de decora\u00e7\u00f5es para p\u00e1ssaros em cer\u00e2mica tem tr\u00eas formas, e a combina\u00e7\u00e3o de diferentes formas aumenta o interesse e as camadas visuais gerais.<\/p>\n<p><strong>Material cer\u00e2mico amarelo<\/strong>: Este p\u00e1ssaro decorativo de cer\u00e2mica utiliza cer\u00e2mica amarela brilhante, que pode n\u00e3o s\u00f3 adicionar calor e vitalidade ao ambiente dom\u00e9stico, mas tamb\u00e9m garantir a sua durabilidade e textura, e manter a sua apar\u00eancia requintada durante muito tempo.<\/p>\n<p><strong>F\u00e1cil de combinar e adaptar a uma variedade de estilos<\/strong>: Este p\u00e1ssaro decorativo em cer\u00e2mica tem um design simples e personalizado. Quer se trate de uma simplicidade moderna ou de um estilo pastoral retro, pode integrar-se perfeitamente no estilo da sua casa.\u00a0<\/p>\n<p><strong>Personaliza\u00e7\u00e3o personalizada<\/strong>: Como fabricante profissional de cer\u00e2mica para decora\u00e7\u00e3o de interiores, fornecemos personaliza\u00e7\u00e3o e apoiamos a personaliza\u00e7\u00e3o de v\u00e1rias cores, estilos e tamanhos para satisfazer as suas diversas necessidades e ajudar a melhorar a sua marca.<\/p>","protected":false},"featured_media":894,"comment_status":"closed","ping_status":"closed","template":"","meta":{"_acf_changed":false},"product_brand":[],"product_cat":[18,25,47],"product_tag":[35],"class_list":{"0":"post-885","1":"product","2":"type-product","3":"status-publish","4":"has-post-thumbnail","6":"product_cat-home-decor","7":"product_cat-animal-ornaments","8":"product_cat-wholesale-ceramic-animal-figurines","9":"product_tag-ceramic-animal-figurines","11":"first","12":"instock","13":"shipping-taxable","14":"product-type-simple"},"acf":[],"_links":{"self":[{"href":"https:\/\/www.santai-ceramics.com\/pt\/wp-json\/wp\/v2\/product\/885","targetHints":{"allow":["GET"]}}],"collection":[{"href":"https:\/\/www.santai-ceramics.com\/pt\/wp-json\/wp\/v2\/product"}],"about":[{"href":"https:\/\/www.santai-ceramics.com\/pt\/wp-json\/wp\/v2\/types\/product"}],"replies":[{"embeddable":true,"href":"https:\/\/www.santai-ceramics.com\/pt\/wp-json\/wp\/v2\/comments?post=885"}],"wp:featuredmedia":[{"embeddable":true,"href":"https:\/\/www.santai-ceramics.com\/pt\/wp-json\/wp\/v2\/media\/894"}],"wp:attachment":[{"href":"https:\/\/www.santai-ceramics.com\/pt\/wp-json\/wp\/v2\/media?parent=885"}],"wp:term":[{"taxonomy":"product_brand","embeddable":true,"href":"https:\/\/www.santai-ceramics.com\/pt\/wp-json\/wp\/v2\/product_brand?post=885"},{"taxonomy":"product_cat","embeddable":true,"href":"https:\/\/www.santai-ceramics.com\/pt\/wp-json\/wp\/v2\/product_cat?post=885"},{"taxonomy":"product_tag","embeddable":true,"href":"https:\/\/www.santai-ceramics.com\/pt\/wp-json\/wp\/v2\/product_tag?post=885"}],"curies":[{"name":"wp","href":"https:\/\/api.w.org\/{rel}","templated":true}]}}