{"id":896,"date":"2024-10-18T08:21:59","date_gmt":"2024-10-18T08:21:59","guid":{"rendered":"https:\/\/www.santai-ceramics.com\/?post_type=product&#038;p=896"},"modified":"2025-06-12T23:27:03","modified_gmt":"2025-06-12T23:27:03","slug":"wholesale-turtle-decorations","status":"publish","type":"product","link":"https:\/\/www.santai-ceramics.com\/pt\/product\/wholesale-turtle-decorations\/","title":{"rendered":"Est\u00e1tuas de tartaruga por atacado Decora\u00e7\u00f5es de tartaruga, Decora\u00e7\u00e3o de casa a granel Escultura de tartaruga para venda"},"content":{"rendered":"<h3 class=\"wp-block-heading\">Par\u00e2metros da est\u00e1tua da tartaruga<\/h3>\n\n\n\n<figure class=\"wp-block-table\"><table class=\"has-fixed-layout\"><tbody><tr><td>Modelo<\/td><td>Nome do produto<\/td><td>Cor<\/td><td>Material<\/td><td>Utiliza\u00e7\u00f5es<\/td><td>Dimens\u00f5es<\/td><td>Peso<\/td><\/tr><tr><td>E37140-G033-A01<\/td><td>Tartaruga de p\u00e9 em resina<\/td><td>Prata brilhante<\/td><td>Resina<\/td><td>decora\u00e7\u00e3o de casa,sala de estar<\/td><td>15,5X8,5X9cm<\/td><td>0,5kg\/PC<\/td><\/tr><tr><td>E37142-G033-A01<\/td><td>Tartaruga rastejante em resina<\/td><td>Prata brilhante<\/td><td>Resina<\/td><td>decora\u00e7\u00e3o de casa,sala de estar<\/td><td>12X7,5X5,5cm<\/td><td>0,2 kg\/PC<\/td><\/tr><tr><td>E37141-G033-A01<\/td><td>Tartaruga pensante em resina<\/td><td>Prata brilhante<\/td><td>Resina<\/td><td>decora\u00e7\u00e3o de casa,sala de estar<\/td><td>14,5X10,5X6,5cm<\/td><td>0,3 kg\/PC<\/td><\/tr><\/tbody><\/table><\/figure>\n\n\n\n<h3 class=\"wp-block-heading\">Servi\u00e7o de est\u00e1tua de tartaruga personalizada<\/h3>\n\n\n\n<p>Oferecemos servi\u00e7os OEM e ODM para os nossos produtos.<br>Entrega r\u00e1pida de amostras est\u00e1 dispon\u00edvel.<br>Oferecemos uma variedade de formas, cores, impress\u00e3o personalizada, embalagem e outros servi\u00e7os adaptados para satisfazer as suas necessidades espec\u00edficas.<br><a style=\"\" href=\"https:\/\/www.santai-ceramics.com\/pt\/custom\/\" data-type=\"page\" data-id=\"13\" target=\"_blank\" rel=\"noreferrer noopener\"><strong><b>Saiba mais sobre personaliza\u00e7\u00e3o<\/b> pormenor da est\u00e1tua.<\/strong><\/a><\/p>\n\n\n\n<div class=\"wp-block-columns is-layout-flex wp-container-core-columns-is-layout-9d6595d7 wp-block-columns-is-layout-flex\">\n<div class=\"wp-block-column is-layout-flow wp-block-column-is-layout-flow\">\n<figure class=\"wp-block-image size-full\"><img decoding=\"async\" width=\"1500\" height=\"1250\" src=\"https:\/\/www.santai-ceramics.com\/wp-content\/uploads\/2024\/10\/Turtle-Decoration-9.jpg\" alt=\"Decora\u00e7\u00e3o de tartaruga (9)\" class=\"wp-image-905\" srcset=\"https:\/\/www.santai-ceramics.com\/wp-content\/uploads\/2024\/10\/Turtle-Decoration-9.jpg 1500w, https:\/\/www.santai-ceramics.com\/wp-content\/uploads\/2024\/10\/Turtle-Decoration-9-300x250.jpg 300w, https:\/\/www.santai-ceramics.com\/wp-content\/uploads\/2024\/10\/Turtle-Decoration-9-768x640.jpg 768w, https:\/\/www.santai-ceramics.com\/wp-content\/uploads\/2024\/10\/Turtle-Decoration-9-1200x1000.jpg 1200w, https:\/\/www.santai-ceramics.com\/wp-content\/uploads\/2024\/10\/Turtle-Decoration-9-600x500.jpg 600w\" sizes=\"(max-width: 1500px) 100vw, 1500px\" \/><\/figure>\n<\/div>\n\n\n\n<div class=\"wp-block-column is-layout-flow wp-block-column-is-layout-flow\">\n<figure class=\"wp-block-image size-full\"><img decoding=\"async\" width=\"1500\" height=\"1249\" src=\"https:\/\/www.santai-ceramics.com\/wp-content\/uploads\/2024\/10\/Turtle-Decoration-10.jpg\" alt=\"Decora\u00e7\u00e3o de tartaruga (10)\" class=\"wp-image-906\" srcset=\"https:\/\/www.santai-ceramics.com\/wp-content\/uploads\/2024\/10\/Turtle-Decoration-10.jpg 1500w, https:\/\/www.santai-ceramics.com\/wp-content\/uploads\/2024\/10\/Turtle-Decoration-10-300x250.jpg 300w, https:\/\/www.santai-ceramics.com\/wp-content\/uploads\/2024\/10\/Turtle-Decoration-10-768x639.jpg 768w, https:\/\/www.santai-ceramics.com\/wp-content\/uploads\/2024\/10\/Turtle-Decoration-10-1200x999.jpg 1200w, https:\/\/www.santai-ceramics.com\/wp-content\/uploads\/2024\/10\/Turtle-Decoration-10-600x500.jpg 600w\" sizes=\"(max-width: 1500px) 100vw, 1500px\" \/><\/figure>\n<\/div>\n<\/div>","protected":false},"excerpt":{"rendered":"<p data-pm-slice=\"0 0 []\">A nossa est\u00e1tua de tartaruga \u00e9 uma bela decora\u00e7\u00e3o para a casa. Cada est\u00e1tua de tartaruga \u00e9 cuidadosamente projetada e feita de materiais de resina de alta qualidade para garantir que a est\u00e1tua seja dur\u00e1vel e adequada para coloca\u00e7\u00e3o interna e externa. Como um fabricante profissional de est\u00e1tua de decora\u00e7\u00e3o para casa, n\u00f3s fornecemos um servi\u00e7o de est\u00e1tua personalizada one-stop. Bem-vindo a contactar-nos para um or\u00e7amento.<\/p>\n<h2>Carater\u00edsticas da est\u00e1tua da tartaruga<\/h2>\n<p><strong>Design \u00fanico<\/strong>: Inspirada na beleza do oceano, a est\u00e1tua da tartaruga mostra perfeitamente o encanto da natureza e \u00e9 adequada para todos os tipos de estilos de casa.<\/p>\n<p><strong>Excelente textura<\/strong>: A superf\u00edcie da est\u00e1tua da tartaruga \u00e9 de prata brilhante, o que faz com que o modelo da tartaruga pare\u00e7a mais nobre e elegante. Ao mesmo tempo, \u00e9 feita de resina, que tem boa durabilidade e resist\u00eancia \u00e0 corros\u00e3o, e pode manter a beleza e a textura do produto durante muito tempo.<\/p>\n<p><strong>Forte sentido de hierarquia<\/strong>: Esta s\u00e9rie de est\u00e1tuas de tartaruga tem tr\u00eas tamanhos, e os tr\u00eas modelos de tartaruga est\u00e3o dispostos por tamanho, formando um forte sentido de hierarquia, tornando toda a decora\u00e7\u00e3o mais viva e interessante.<\/p>\n<p><strong>Presente perfeito<\/strong>: Quer seja para uso pessoal ou para oferecer a familiares e amigos, a estatueta de tartaruga \u00e9 uma excelente escolha, simbolizando a longevidade e a paz.<\/p>\n<p><strong>Servi\u00e7o personalizado<\/strong>: Como fabricante de est\u00e1tuas, SANTAI fornece est\u00e1tuas por atacado e uma solu\u00e7\u00e3o \u00fanica de est\u00e1tuas de animais personalizadas, onde voc\u00ea pode personalizar seus produtos exclusivos.<\/p>","protected":false},"featured_media":897,"comment_status":"closed","ping_status":"closed","template":"","meta":{"_acf_changed":false},"product_brand":[],"product_cat":[18,25,48],"product_tag":[32],"class_list":{"0":"post-896","1":"product","2":"type-product","3":"status-publish","4":"has-post-thumbnail","6":"product_cat-home-decor","7":"product_cat-animal-ornaments","8":"product_cat-wholesale-resin-animal-figurines","9":"product_tag-resin-animal-figurines","11":"first","12":"instock","13":"shipping-taxable","14":"product-type-simple"},"acf":[],"_links":{"self":[{"href":"https:\/\/www.santai-ceramics.com\/pt\/wp-json\/wp\/v2\/product\/896","targetHints":{"allow":["GET"]}}],"collection":[{"href":"https:\/\/www.santai-ceramics.com\/pt\/wp-json\/wp\/v2\/product"}],"about":[{"href":"https:\/\/www.santai-ceramics.com\/pt\/wp-json\/wp\/v2\/types\/product"}],"replies":[{"embeddable":true,"href":"https:\/\/www.santai-ceramics.com\/pt\/wp-json\/wp\/v2\/comments?post=896"}],"wp:featuredmedia":[{"embeddable":true,"href":"https:\/\/www.santai-ceramics.com\/pt\/wp-json\/wp\/v2\/media\/897"}],"wp:attachment":[{"href":"https:\/\/www.santai-ceramics.com\/pt\/wp-json\/wp\/v2\/media?parent=896"}],"wp:term":[{"taxonomy":"product_brand","embeddable":true,"href":"https:\/\/www.santai-ceramics.com\/pt\/wp-json\/wp\/v2\/product_brand?post=896"},{"taxonomy":"product_cat","embeddable":true,"href":"https:\/\/www.santai-ceramics.com\/pt\/wp-json\/wp\/v2\/product_cat?post=896"},{"taxonomy":"product_tag","embeddable":true,"href":"https:\/\/www.santai-ceramics.com\/pt\/wp-json\/wp\/v2\/product_tag?post=896"}],"curies":[{"name":"wp","href":"https:\/\/api.w.org\/{rel}","templated":true}]}}