{"id":932,"date":"2024-10-18T10:17:28","date_gmt":"2024-10-18T10:17:28","guid":{"rendered":"https:\/\/www.santai-ceramics.com\/?post_type=product&#038;p=932"},"modified":"2025-06-12T23:09:26","modified_gmt":"2025-06-12T23:09:26","slug":"wholesale-ceramic-bird-figurines","status":"publish","type":"product","link":"https:\/\/www.santai-ceramics.com\/pt\/product\/wholesale-ceramic-bird-figurines\/","title":{"rendered":"Estatuetas de p\u00e1ssaros em cer\u00e2mica por grosso para decora\u00e7\u00e3o de interiores e oferta de presentes"},"content":{"rendered":"<h3 class=\"wp-block-heading\">Par\u00e2metros da estatueta de cer\u00e2mica para p\u00e1ssaros<\/h3>\n\n\n\n<figure class=\"wp-block-table\"><table class=\"has-fixed-layout\"><tbody><tr><td>Modelo<\/td><td>Nome do produto<\/td><td>Cor<\/td><td>Material<\/td><td>Utiliza\u00e7\u00f5es<\/td><td>Dimens\u00f5es<\/td><td>Peso<\/td><\/tr><tr><td>A37467-LC24-A01<\/td><td>P\u00e1ssaro de p\u00e9 em cer\u00e2mica<\/td><td>Branco e verde<\/td><td>Cer\u00e2mica<\/td><td>decora\u00e7\u00e3o de casa,sala de estar<\/td><td>9,5X7X22cm<\/td><td>0,4 kg\/PC<\/td><\/tr><tr><td>A37468-LC24-A01<\/td><td>P\u00e1ssaro de p\u00e9 em cer\u00e2mica<\/td><td>Branco e verde<\/td><td>Cer\u00e2mica<\/td><td>decora\u00e7\u00e3o de casa,sala de estar<\/td><td>8X7X19cm<\/td><td>0,3 kg\/PC<\/td><\/tr><\/tbody><\/table><\/figure>\n\n\n\n<h3 class=\"wp-block-heading\">Servi\u00e7o de estatuetas de p\u00e1ssaros em cer\u00e2mica personalizadas<\/h3>\n\n\n\n<p>Oferecemos servi\u00e7os OEM e ODM para os nossos produtos.<br>Entrega r\u00e1pida de amostras est\u00e1 dispon\u00edvel.<br>Oferecemos uma variedade de formas, cores, impress\u00e3o personalizada, embalagem e outros servi\u00e7os adaptados para satisfazer as suas necessidades espec\u00edficas.<br><a style=\"\" href=\"https:\/\/www.santai-ceramics.com\/pt\/custom\/\" data-type=\"page\" data-id=\"13\" target=\"_blank\" rel=\"noreferrer noopener\"><strong><b>Saiba mais sobre personaliza\u00e7\u00e3o<\/b> pormenor da estatueta de p\u00e1ssaro em cer\u00e2mica.<\/strong><\/a><\/p>\n\n\n\n<div class=\"wp-block-columns is-layout-flex wp-container-core-columns-is-layout-9d6595d7 wp-block-columns-is-layout-flex\">\n<div class=\"wp-block-column is-layout-flow wp-block-column-is-layout-flow\">\n<figure class=\"wp-block-image size-full\"><img decoding=\"async\" width=\"1500\" height=\"1249\" src=\"https:\/\/www.santai-ceramics.com\/wp-content\/uploads\/2024\/10\/Wholesale-Ceramic-Bird-Figurines-3.jpg\" alt=\"Figurinhas de p\u00e1ssaros em cer\u00e2mica por atacado (3)\" class=\"wp-image-935\" srcset=\"https:\/\/www.santai-ceramics.com\/wp-content\/uploads\/2024\/10\/Wholesale-Ceramic-Bird-Figurines-3.jpg 1500w, https:\/\/www.santai-ceramics.com\/wp-content\/uploads\/2024\/10\/Wholesale-Ceramic-Bird-Figurines-3-300x250.jpg 300w, https:\/\/www.santai-ceramics.com\/wp-content\/uploads\/2024\/10\/Wholesale-Ceramic-Bird-Figurines-3-768x639.jpg 768w, https:\/\/www.santai-ceramics.com\/wp-content\/uploads\/2024\/10\/Wholesale-Ceramic-Bird-Figurines-3-1200x999.jpg 1200w, https:\/\/www.santai-ceramics.com\/wp-content\/uploads\/2024\/10\/Wholesale-Ceramic-Bird-Figurines-3-600x500.jpg 600w\" sizes=\"(max-width: 1500px) 100vw, 1500px\" \/><\/figure>\n<\/div>\n\n\n\n<div class=\"wp-block-column is-layout-flow wp-block-column-is-layout-flow\">\n<figure class=\"wp-block-image size-full\"><img decoding=\"async\" width=\"1500\" height=\"1250\" src=\"https:\/\/www.santai-ceramics.com\/wp-content\/uploads\/2024\/10\/Wholesale-Ceramic-Bird-Figurines-6.jpg\" alt=\"Figuras de p\u00e1ssaros em cer\u00e2mica por atacado (6)\" class=\"wp-image-938\" srcset=\"https:\/\/www.santai-ceramics.com\/wp-content\/uploads\/2024\/10\/Wholesale-Ceramic-Bird-Figurines-6.jpg 1500w, https:\/\/www.santai-ceramics.com\/wp-content\/uploads\/2024\/10\/Wholesale-Ceramic-Bird-Figurines-6-300x250.jpg 300w, https:\/\/www.santai-ceramics.com\/wp-content\/uploads\/2024\/10\/Wholesale-Ceramic-Bird-Figurines-6-768x640.jpg 768w, https:\/\/www.santai-ceramics.com\/wp-content\/uploads\/2024\/10\/Wholesale-Ceramic-Bird-Figurines-6-1200x1000.jpg 1200w, https:\/\/www.santai-ceramics.com\/wp-content\/uploads\/2024\/10\/Wholesale-Ceramic-Bird-Figurines-6-600x500.jpg 600w\" sizes=\"(max-width: 1500px) 100vw, 1500px\" \/><\/figure>\n<\/div>\n<\/div>","protected":false},"excerpt":{"rendered":"<p data-pm-slice=\"0 0 []\">Estas lindas estatuetas de p\u00e1ssaros em cer\u00e2mica podem ser colocadas em estantes, secret\u00e1rias ou como decora\u00e7\u00f5es florais para dar mais vitalidade \u00e0 sua casa. Cada estatueta de p\u00e1ssaro em cer\u00e2mica \u00e9 cuidadosamente concebida e fabricada em cer\u00e2mica de alta qualidade, com uma superf\u00edcie lisa e uma pega confort\u00e1vel, apresentando pormenores \u00fanicos e um artesanato requintado, o que a torna um presente perfeito. Bem-vindo a contactar-nos para um or\u00e7amento.<\/p>\n<h2>Carater\u00edsticas da estatueta de cer\u00e2mica para p\u00e1ssaros<\/h2>\n<p><strong>Design requintado<\/strong>: A cor principal da estatueta de p\u00e1ssaro em cer\u00e2mica \u00e9 o branco, mas tem manchas verdes. Todo o design \u00e9 simples e elegante; esta combina\u00e7\u00e3o de cores pode facilmente combinar com diferentes estilos de decora\u00e7\u00e3o de casas para real\u00e7ar a sua beleza.<\/p>\n<p><strong>Placa de base com uma forma quadrada para estabilidade<\/strong>: Cada escultura de ave foi equipada com uma base quadrada colorida, semelhante \u00e0 cor utilizada no corpo da ave. Este design desempenha um papel importante na melhoria do efeito ornamental e decorativo global, para al\u00e9m de aumentar a estabilidade da escultura, uma vez que n\u00e3o pode ser facilmente derrubada.<\/p>\n<p><strong>Alta durabilidade:<\/strong> A excelente durabilidade e a resist\u00eancia \u00e0 corros\u00e3o dos materiais cer\u00e2micos podem manter esta estatueta de p\u00e1ssaro em cer\u00e2mica colorida durante muito tempo. Mesmo que ocorra uma colis\u00e3o ou fric\u00e7\u00e3o durante a utiliza\u00e7\u00e3o, n\u00e3o deixar\u00e1 marcas ou danos facilmente.<\/p>\n<p><strong>Servi\u00e7o personalizado<\/strong>: Oferecemos servi\u00e7os de escultura personalizada de estatuetas \u3001 onde os clientes poder\u00e3o escolher de acordo com sua prefer\u00eancia e exig\u00eancia para o tipo, cor, padr\u00e3o e at\u00e9 mesmo a forma da base. Ele permite que cada cliente obtenha uma escultura de p\u00e1ssaro de cer\u00e2mica \u00fanica que se adapte \u00e0 sua personalidade e gosto.<\/p>","protected":false},"featured_media":933,"comment_status":"closed","ping_status":"closed","template":"","meta":{"_acf_changed":false},"product_brand":[],"product_cat":[18,25,47],"product_tag":[35],"class_list":{"0":"post-932","1":"product","2":"type-product","3":"status-publish","4":"has-post-thumbnail","6":"product_cat-home-decor","7":"product_cat-animal-ornaments","8":"product_cat-wholesale-ceramic-animal-figurines","9":"product_tag-ceramic-animal-figurines","11":"first","12":"instock","13":"shipping-taxable","14":"product-type-simple"},"acf":[],"_links":{"self":[{"href":"https:\/\/www.santai-ceramics.com\/pt\/wp-json\/wp\/v2\/product\/932","targetHints":{"allow":["GET"]}}],"collection":[{"href":"https:\/\/www.santai-ceramics.com\/pt\/wp-json\/wp\/v2\/product"}],"about":[{"href":"https:\/\/www.santai-ceramics.com\/pt\/wp-json\/wp\/v2\/types\/product"}],"replies":[{"embeddable":true,"href":"https:\/\/www.santai-ceramics.com\/pt\/wp-json\/wp\/v2\/comments?post=932"}],"wp:featuredmedia":[{"embeddable":true,"href":"https:\/\/www.santai-ceramics.com\/pt\/wp-json\/wp\/v2\/media\/933"}],"wp:attachment":[{"href":"https:\/\/www.santai-ceramics.com\/pt\/wp-json\/wp\/v2\/media?parent=932"}],"wp:term":[{"taxonomy":"product_brand","embeddable":true,"href":"https:\/\/www.santai-ceramics.com\/pt\/wp-json\/wp\/v2\/product_brand?post=932"},{"taxonomy":"product_cat","embeddable":true,"href":"https:\/\/www.santai-ceramics.com\/pt\/wp-json\/wp\/v2\/product_cat?post=932"},{"taxonomy":"product_tag","embeddable":true,"href":"https:\/\/www.santai-ceramics.com\/pt\/wp-json\/wp\/v2\/product_tag?post=932"}],"curies":[{"name":"wp","href":"https:\/\/api.w.org\/{rel}","templated":true}]}}