{"id":939,"date":"2024-10-19T02:22:03","date_gmt":"2024-10-19T02:22:03","guid":{"rendered":"https:\/\/www.santai-ceramics.com\/?post_type=product&#038;p=939"},"modified":"2025-06-12T23:09:19","modified_gmt":"2025-06-12T23:09:19","slug":"wholesale-ceramic-owls-for-home-decor","status":"publish","type":"product","link":"https:\/\/www.santai-ceramics.com\/pt\/product\/wholesale-ceramic-owls-for-home-decor\/","title":{"rendered":"Corujas de cer\u00e2mica por atacado para decora\u00e7\u00e3o de casa, bonitas estatuetas de animais de cer\u00e2mica para venda"},"content":{"rendered":"<h3 class=\"wp-block-heading\">Par\u00e2metros da coruja de cer\u00e2mica<\/h3>\n\n\n\n<figure class=\"wp-block-table\"><table class=\"has-fixed-layout\"><tbody><tr><td>Modelo<\/td><td>Nome do produto<\/td><td>Cor<\/td><td>Material<\/td><td>Utiliza\u00e7\u00f5es<\/td><td>Dimens\u00f5es<\/td><td>Peso<\/td><\/tr><tr><td>A37467-LC24-A01<\/td><td>Estatueta de coruja em cer\u00e2mica<\/td><td>Branco e verde<\/td><td>Cer\u00e2mica<\/td><td>decora\u00e7\u00e3o de casa,sala de estar<\/td><td>16X16X16,5cm<\/td><td>0,8 kg\/PC<\/td><\/tr><tr><td>A37468-LC24-A01<\/td><td>Estatueta de coruja em cer\u00e2mica<\/td><td>Branco e verde<\/td><td>Cer\u00e2mica<\/td><td>decora\u00e7\u00e3o de casa,sala de estar<\/td><td>13X13X13,5cm<\/td><td>0,5\/PC<\/td><\/tr><\/tbody><\/table><\/figure>\n\n\n\n<h3 class=\"wp-block-heading\">Servi\u00e7o de coruja em cer\u00e2mica personalizada<\/h3>\n\n\n\n<p>Oferecemos servi\u00e7os OEM e ODM para os nossos produtos.<br>Entrega r\u00e1pida de amostras est\u00e1 dispon\u00edvel.<br>Oferecemos uma variedade de formas, cores, impress\u00e3o personalizada, embalagem e outros servi\u00e7os adaptados para satisfazer as suas necessidades espec\u00edficas.<br><a style=\"\" href=\"https:\/\/www.santai-ceramics.com\/pt\/custom\/\" data-type=\"page\" data-id=\"13\" target=\"_blank\" rel=\"noreferrer noopener\"><strong><b>Saiba mais sobre personaliza\u00e7\u00e3o<\/b> pormenor de figuras de animais em cer\u00e2mica.<\/strong><\/a><\/p>\n\n\n\n<div class=\"wp-block-columns is-layout-flex wp-container-core-columns-is-layout-9d6595d7 wp-block-columns-is-layout-flex\">\n<div class=\"wp-block-column is-layout-flow wp-block-column-is-layout-flow\">\n<figure class=\"wp-block-image size-full\"><img decoding=\"async\" width=\"1500\" height=\"1249\" src=\"https:\/\/www.santai-ceramics.com\/wp-content\/uploads\/2024\/10\/Ceramic-Owl-Statue-Display-4.jpg\" alt=\"Exposi\u00e7\u00e3o de est\u00e1tua de coruja em cer\u00e2mica (4)\" class=\"wp-image-943\" srcset=\"https:\/\/www.santai-ceramics.com\/wp-content\/uploads\/2024\/10\/Ceramic-Owl-Statue-Display-4.jpg 1500w, https:\/\/www.santai-ceramics.com\/wp-content\/uploads\/2024\/10\/Ceramic-Owl-Statue-Display-4-300x250.jpg 300w, https:\/\/www.santai-ceramics.com\/wp-content\/uploads\/2024\/10\/Ceramic-Owl-Statue-Display-4-768x639.jpg 768w, https:\/\/www.santai-ceramics.com\/wp-content\/uploads\/2024\/10\/Ceramic-Owl-Statue-Display-4-1200x999.jpg 1200w, https:\/\/www.santai-ceramics.com\/wp-content\/uploads\/2024\/10\/Ceramic-Owl-Statue-Display-4-600x500.jpg 600w\" sizes=\"(max-width: 1500px) 100vw, 1500px\" \/><\/figure>\n<\/div>\n\n\n\n<div class=\"wp-block-column is-layout-flow wp-block-column-is-layout-flow\">\n<figure class=\"wp-block-image size-full\"><img decoding=\"async\" width=\"1500\" height=\"1249\" src=\"https:\/\/www.santai-ceramics.com\/wp-content\/uploads\/2024\/10\/Ceramic-Owl-Statue-Display-3.jpg\" alt=\"Exposi\u00e7\u00e3o de est\u00e1tua de coruja em cer\u00e2mica (3)\" class=\"wp-image-942\" srcset=\"https:\/\/www.santai-ceramics.com\/wp-content\/uploads\/2024\/10\/Ceramic-Owl-Statue-Display-3.jpg 1500w, https:\/\/www.santai-ceramics.com\/wp-content\/uploads\/2024\/10\/Ceramic-Owl-Statue-Display-3-300x250.jpg 300w, https:\/\/www.santai-ceramics.com\/wp-content\/uploads\/2024\/10\/Ceramic-Owl-Statue-Display-3-768x639.jpg 768w, https:\/\/www.santai-ceramics.com\/wp-content\/uploads\/2024\/10\/Ceramic-Owl-Statue-Display-3-1200x999.jpg 1200w, https:\/\/www.santai-ceramics.com\/wp-content\/uploads\/2024\/10\/Ceramic-Owl-Statue-Display-3-600x500.jpg 600w\" sizes=\"(max-width: 1500px) 100vw, 1500px\" \/><\/figure>\n<\/div>\n<\/div>","protected":false},"excerpt":{"rendered":"<p data-pm-slice=\"0 0 []\">A s\u00e9rie de estatuetas de coruja em cer\u00e2mica \u00e9 ideal para a decora\u00e7\u00e3o da casa. \u00c9 adequada para qualquer estilo e ocasi\u00e3o, caf\u00e9, biblioteca, escrit\u00f3rio ou quarto. Quer sejam colocadas sozinhas ou combinadas com outras decora\u00e7\u00f5es, estas est\u00e1tuas de coruja podem trazer calor e divers\u00e3o. Feito de materiais de alta qualidade, superf\u00edcie lisa, excelente sensa\u00e7\u00e3o, e \u00e9 muito adequado como um presente. Bem-vindo a contactar-nos, SANTAI cer\u00e2mica fabricante de decora\u00e7\u00e3o para casa fornecer-lhe pre\u00e7os competitivos.<\/p>\n<h2>Carater\u00edsticas da coruja de cer\u00e2mica<\/h2>\n<p><strong>Forma ador\u00e1vel<\/strong>: A imagem da coruja de cer\u00e2mica \u00e9 muito apreciada, com um aspeto bonito e um comportamento inteligente. A escultura pormenorizada exprime plenamente as carater\u00edsticas da coruja, conferindo-lhe uma personalidade \u00fanica.\u00a0<\/p>\n<p><strong>Artesanato requintado:<\/strong> Cada uma das estatuetas de coruja em cer\u00e2mica foi bem fabricada por artes\u00e3os qualificados. A superf\u00edcie lisa e a cor elegante do esmalte destacam-se mutuamente e fazem com que as pessoas tenham um grande desejo de as tocar e apreciar.<\/p>\n<p><strong>Material de alta qualidade:<\/strong> A cer\u00e2mica de alta qualidade utilizada garante que as estatuetas de coruja em cer\u00e2mica s\u00e3o dur\u00e1veis e pr\u00e1ticas. O seu material \u00e9 \u00e0 prova de \u00e1gua e humidade, f\u00e1cil de limpar e pode resistir ao desgaste di\u00e1rio; por conseguinte, pode manter um efeito bonito e duradouro.<\/p>\n<p><strong>Multiusos na decora\u00e7\u00e3o:<\/strong> Esta coruja de cer\u00e2mica foi concebida com um estilo elegante, simples e livre que pode ser facilmente integrado em v\u00e1rios estilos decorativos. Adequada para restaurantes, caf\u00e9s, bibliotecas, salas de estudo, etc.<\/p>\n<p><strong>Venda por grosso e personaliza\u00e7\u00e3o:<\/strong>SANTAI, como fabricante de cer\u00e2mica, fornece servi\u00e7os personalizados de estatuetas e esculturas de animais.<\/p>","protected":false},"featured_media":944,"comment_status":"closed","ping_status":"closed","template":"","meta":{"_acf_changed":false},"product_brand":[],"product_cat":[18,25,47],"product_tag":[35],"class_list":{"0":"post-939","1":"product","2":"type-product","3":"status-publish","4":"has-post-thumbnail","6":"product_cat-home-decor","7":"product_cat-animal-ornaments","8":"product_cat-wholesale-ceramic-animal-figurines","9":"product_tag-ceramic-animal-figurines","11":"first","12":"instock","13":"shipping-taxable","14":"product-type-simple"},"acf":[],"_links":{"self":[{"href":"https:\/\/www.santai-ceramics.com\/pt\/wp-json\/wp\/v2\/product\/939","targetHints":{"allow":["GET"]}}],"collection":[{"href":"https:\/\/www.santai-ceramics.com\/pt\/wp-json\/wp\/v2\/product"}],"about":[{"href":"https:\/\/www.santai-ceramics.com\/pt\/wp-json\/wp\/v2\/types\/product"}],"replies":[{"embeddable":true,"href":"https:\/\/www.santai-ceramics.com\/pt\/wp-json\/wp\/v2\/comments?post=939"}],"wp:featuredmedia":[{"embeddable":true,"href":"https:\/\/www.santai-ceramics.com\/pt\/wp-json\/wp\/v2\/media\/944"}],"wp:attachment":[{"href":"https:\/\/www.santai-ceramics.com\/pt\/wp-json\/wp\/v2\/media?parent=939"}],"wp:term":[{"taxonomy":"product_brand","embeddable":true,"href":"https:\/\/www.santai-ceramics.com\/pt\/wp-json\/wp\/v2\/product_brand?post=939"},{"taxonomy":"product_cat","embeddable":true,"href":"https:\/\/www.santai-ceramics.com\/pt\/wp-json\/wp\/v2\/product_cat?post=939"},{"taxonomy":"product_tag","embeddable":true,"href":"https:\/\/www.santai-ceramics.com\/pt\/wp-json\/wp\/v2\/product_tag?post=939"}],"curies":[{"name":"wp","href":"https:\/\/api.w.org\/{rel}","templated":true}]}}