{"id":964,"date":"2024-10-19T08:28:55","date_gmt":"2024-10-19T08:28:55","guid":{"rendered":"https:\/\/www.santai-ceramics.com\/?post_type=product&#038;p=964"},"modified":"2025-06-12T23:26:09","modified_gmt":"2025-06-12T23:26:09","slug":"wholesale-resin-retro-goat-figurines","status":"publish","type":"product","link":"https:\/\/www.santai-ceramics.com\/pt\/product\/wholesale-resin-retro-goat-figurines\/","title":{"rendered":"Estatuetas de cabra retro de resina por atacado para casa, jardim e decora\u00e7\u00e3o de casa de campo: Personaliza\u00e7\u00e3o de suporte"},"content":{"rendered":"<h3 class=\"wp-block-heading\">Parameters of Resin Goat Figurine<\/h3>\n\n\n\n<figure class=\"wp-block-table\"><table class=\"has-fixed-layout\"><tbody><tr><td>Modelo<\/td><td>Nome do produto<\/td><td>Cor<\/td><td>Material<\/td><td>Utiliza\u00e7\u00f5es<\/td><td>Dimens\u00f5es<\/td><td>Peso<\/td><\/tr><tr><td>E37216-H856-A01<\/td><td>Smiling Goat<\/td><td>Castanho antigo rugoso<\/td><td>Resina<\/td><td>decora\u00e7\u00e3o de casa,sala de estar<\/td><td>29X13X13.5cm<\/td><td>1,6 kg\/PC<\/td><\/tr><tr><td>E37216-H856-A02<\/td><td>Smiling Goat<\/td><td>Castanho antigo rugoso<\/td><td>Resina<\/td><td>decora\u00e7\u00e3o de casa,sala de estar<\/td><td>23.5X11X15cm<\/td><td>1kg\/PC<\/td><\/tr><\/tbody><\/table><\/figure>\n\n\n\n<h3 class=\"wp-block-heading\">Custom Resin Goat Figurine Service<\/h3>\n\n\n\n<p>Oferecemos servi\u00e7os OEM e ODM para os nossos produtos.<br>Entrega r\u00e1pida de amostras est\u00e1 dispon\u00edvel.<br>Oferecemos uma variedade de formas, cores, impress\u00e3o personalizada, embalagem e outros servi\u00e7os adaptados para satisfazer as suas necessidades espec\u00edficas.<br><a style=\"\" href=\"https:\/\/www.santai-ceramics.com\/pt\/custom\/\" data-type=\"page\" data-id=\"13\" target=\"_blank\" rel=\"noreferrer noopener\"><strong><b>Saiba mais sobre personaliza\u00e7\u00e3o<\/b> resin goat figurine detail.<\/strong><\/a><\/p>\n\n\n\n<div class=\"wp-block-columns is-layout-flex wp-container-core-columns-is-layout-9d6595d7 wp-block-columns-is-layout-flex\">\n<div class=\"wp-block-column is-layout-flow wp-block-column-is-layout-flow\">\n<figure class=\"wp-block-image size-full\"><img decoding=\"async\" width=\"1500\" height=\"1249\" src=\"https:\/\/www.santai-ceramics.com\/wp-content\/uploads\/2024\/10\/wholesale-goat-figurines-5.jpg\" alt=\"wholesale goat figurines (5)\" class=\"wp-image-971\" srcset=\"https:\/\/www.santai-ceramics.com\/wp-content\/uploads\/2024\/10\/wholesale-goat-figurines-5.jpg 1500w, https:\/\/www.santai-ceramics.com\/wp-content\/uploads\/2024\/10\/wholesale-goat-figurines-5-300x250.jpg 300w, https:\/\/www.santai-ceramics.com\/wp-content\/uploads\/2024\/10\/wholesale-goat-figurines-5-768x639.jpg 768w, https:\/\/www.santai-ceramics.com\/wp-content\/uploads\/2024\/10\/wholesale-goat-figurines-5-1200x999.jpg 1200w, https:\/\/www.santai-ceramics.com\/wp-content\/uploads\/2024\/10\/wholesale-goat-figurines-5-600x500.jpg 600w\" sizes=\"(max-width: 1500px) 100vw, 1500px\" \/><\/figure>\n<\/div>\n\n\n\n<div class=\"wp-block-column is-layout-flow wp-block-column-is-layout-flow\">\n<figure class=\"wp-block-image size-full\"><img decoding=\"async\" width=\"1500\" height=\"1250\" src=\"https:\/\/www.santai-ceramics.com\/wp-content\/uploads\/2024\/10\/goat-figurine-display-2.jpg\" alt=\"goat figurine display (2)\" class=\"wp-image-966\" srcset=\"https:\/\/www.santai-ceramics.com\/wp-content\/uploads\/2024\/10\/goat-figurine-display-2.jpg 1500w, https:\/\/www.santai-ceramics.com\/wp-content\/uploads\/2024\/10\/goat-figurine-display-2-300x250.jpg 300w, https:\/\/www.santai-ceramics.com\/wp-content\/uploads\/2024\/10\/goat-figurine-display-2-768x640.jpg 768w, https:\/\/www.santai-ceramics.com\/wp-content\/uploads\/2024\/10\/goat-figurine-display-2-1200x1000.jpg 1200w, https:\/\/www.santai-ceramics.com\/wp-content\/uploads\/2024\/10\/goat-figurine-display-2-600x500.jpg 600w\" sizes=\"(max-width: 1500px) 100vw, 1500px\" \/><\/figure>\n<\/div>\n<\/div>","protected":false},"excerpt":{"rendered":"<p data-pm-slice=\"0 0 []\">This retro goat figurine is made of high-quality resin material, which is durable and waterproof, showing the exquisite details and vivid forms of hand-carving, suitable for indoor and outdoor placement and courtyard placement. Two sizes can be selected, providing reasonable matching to create a good sense of hierarchy.<br \/>We support customized services, customers can choose different sizes, colors and surface treatments to create exclusive animal ornaments to meet specific decorative needs.<\/p>\n<h2>Features of Resin Goat Figurine<\/h2>\n<p><strong>Design de estilo retro:<\/strong> O trabalho artesanal especial utilizado no fabrico da estatueta de cabra apresenta um aspeto retro que lhe confere um sentido de hist\u00f3ria e textura.<\/p>\n<p><strong>Duradouro:<\/strong> The goat figurine is made of solid resin, makes such sculptures highly durable and thus capable of maintaining their shape and beauty for a very long period.<\/p>\n<p><strong>Good decoration effect:<\/strong> This goat figurine will be very suitable for use as a decoration for either home or office to enhance cultural atmosphere and artistic taste.<\/p>\n<p><strong>Forma viva:<\/strong> The details of goat figurine are treated very delicately. Be it the horns, hair, or even facial features of the ram, they are all just so lifelike. With such fineness in craftsmanship, the sculpture is much more realistic.<\/p>\n<p><strong>Servi\u00e7o personalizado:<\/strong> Being a manufacturer of home decoration, we offer customized figurines services. Clients can choose the size, color, material, and specific form of the sculpture through their preference and needs.<\/p>","protected":false},"featured_media":970,"comment_status":"closed","ping_status":"closed","template":"","meta":{"_acf_changed":false},"product_brand":[],"product_cat":[18,25,48],"product_tag":[32],"class_list":{"0":"post-964","1":"product","2":"type-product","3":"status-publish","4":"has-post-thumbnail","6":"product_cat-home-decor","7":"product_cat-animal-ornaments","8":"product_cat-wholesale-resin-animal-figurines","9":"product_tag-resin-animal-figurines","11":"first","12":"instock","13":"shipping-taxable","14":"product-type-simple"},"acf":[],"_links":{"self":[{"href":"https:\/\/www.santai-ceramics.com\/pt\/wp-json\/wp\/v2\/product\/964","targetHints":{"allow":["GET"]}}],"collection":[{"href":"https:\/\/www.santai-ceramics.com\/pt\/wp-json\/wp\/v2\/product"}],"about":[{"href":"https:\/\/www.santai-ceramics.com\/pt\/wp-json\/wp\/v2\/types\/product"}],"replies":[{"embeddable":true,"href":"https:\/\/www.santai-ceramics.com\/pt\/wp-json\/wp\/v2\/comments?post=964"}],"wp:featuredmedia":[{"embeddable":true,"href":"https:\/\/www.santai-ceramics.com\/pt\/wp-json\/wp\/v2\/media\/970"}],"wp:attachment":[{"href":"https:\/\/www.santai-ceramics.com\/pt\/wp-json\/wp\/v2\/media?parent=964"}],"wp:term":[{"taxonomy":"product_brand","embeddable":true,"href":"https:\/\/www.santai-ceramics.com\/pt\/wp-json\/wp\/v2\/product_brand?post=964"},{"taxonomy":"product_cat","embeddable":true,"href":"https:\/\/www.santai-ceramics.com\/pt\/wp-json\/wp\/v2\/product_cat?post=964"},{"taxonomy":"product_tag","embeddable":true,"href":"https:\/\/www.santai-ceramics.com\/pt\/wp-json\/wp\/v2\/product_tag?post=964"}],"curies":[{"name":"wp","href":"https:\/\/api.w.org\/{rel}","templated":true}]}}