{"id":972,"date":"2024-10-19T09:04:15","date_gmt":"2024-10-19T09:04:15","guid":{"rendered":"https:\/\/www.santai-ceramics.com\/?post_type=product&#038;p=972"},"modified":"2025-06-12T23:25:59","modified_gmt":"2025-06-12T23:25:59","slug":"exquisite-wholesale-vintage-parrot-figurines","status":"publish","type":"product","link":"https:\/\/www.santai-ceramics.com\/pt\/product\/exquisite-wholesale-vintage-parrot-figurines\/","title":{"rendered":"Requintadas estatuetas de papagaio vintage por atacado: Objectos de cole\u00e7\u00e3o decorativos \u00fanicos para casa e jardim"},"content":{"rendered":"<h3 class=\"wp-block-heading\">Par\u00e2metros das figuras de papagaio por grosso<\/h3>\n\n\n\n<figure class=\"wp-block-table\"><table class=\"has-fixed-layout\"><tbody><tr><td>Modelo<\/td><td>Nome do produto<\/td><td>Cor<\/td><td>Material<\/td><td>Utiliza\u00e7\u00f5es<\/td><td>Dimens\u00f5es<\/td><td>Peso<\/td><\/tr><tr><td>E37129-H885-A01<\/td><td>Papagaio cavalheiro<\/td><td>Castanho antigo rugoso<\/td><td>Resina<\/td><td>decora\u00e7\u00e3o de casa,sala de estar<\/td><td>13,5X12X38cm<\/td><td>1,4 kg\/PC<\/td><\/tr><\/tbody><\/table><\/figure>\n\n\n\n<h3 class=\"wp-block-heading\">Servi\u00e7o de estatuetas de papagaio personalizadas<\/h3>\n\n\n\n<p>Oferecemos servi\u00e7os OEM e ODM para os nossos produtos.<br>Entrega r\u00e1pida de amostras est\u00e1 dispon\u00edvel.<br>Oferecemos uma variedade de formas, cores, impress\u00e3o personalizada, embalagem e outros servi\u00e7os adaptados para satisfazer as suas necessidades espec\u00edficas.<br><a style=\"\" href=\"https:\/\/www.santai-ceramics.com\/pt\/custom\/\" data-type=\"page\" data-id=\"13\" target=\"_blank\" rel=\"noreferrer noopener\"><strong><b>Saiba mais sobre personaliza\u00e7\u00e3o<\/b> pormenor da estatueta de papagaio vintage.<\/strong><\/a><\/p>\n\n\n\n<div class=\"wp-block-columns is-layout-flex wp-container-core-columns-is-layout-9d6595d7 wp-block-columns-is-layout-flex\">\n<div class=\"wp-block-column is-layout-flow wp-block-column-is-layout-flow\">\n<figure class=\"wp-block-image size-full\"><img decoding=\"async\" width=\"1500\" height=\"1250\" src=\"https:\/\/www.santai-ceramics.com\/wp-content\/uploads\/2024\/10\/vintage-parrot-figurine-4.jpg\" alt=\"estatueta de papagaio vintage (4)\" class=\"wp-image-976\" srcset=\"https:\/\/www.santai-ceramics.com\/wp-content\/uploads\/2024\/10\/vintage-parrot-figurine-4.jpg 1500w, https:\/\/www.santai-ceramics.com\/wp-content\/uploads\/2024\/10\/vintage-parrot-figurine-4-300x250.jpg 300w, https:\/\/www.santai-ceramics.com\/wp-content\/uploads\/2024\/10\/vintage-parrot-figurine-4-768x640.jpg 768w, https:\/\/www.santai-ceramics.com\/wp-content\/uploads\/2024\/10\/vintage-parrot-figurine-4-1200x1000.jpg 1200w, https:\/\/www.santai-ceramics.com\/wp-content\/uploads\/2024\/10\/vintage-parrot-figurine-4-600x500.jpg 600w\" sizes=\"(max-width: 1500px) 100vw, 1500px\" \/><\/figure>\n<\/div>\n\n\n\n<div class=\"wp-block-column is-layout-flow wp-block-column-is-layout-flow\">\n<figure class=\"wp-block-image size-full\"><img decoding=\"async\" width=\"1500\" height=\"1250\" src=\"https:\/\/www.santai-ceramics.com\/wp-content\/uploads\/2024\/10\/vintage-parrot-figurine-5.jpg\" alt=\"estatueta de papagaio vintage (5)\" class=\"wp-image-977\" srcset=\"https:\/\/www.santai-ceramics.com\/wp-content\/uploads\/2024\/10\/vintage-parrot-figurine-5.jpg 1500w, https:\/\/www.santai-ceramics.com\/wp-content\/uploads\/2024\/10\/vintage-parrot-figurine-5-300x250.jpg 300w, https:\/\/www.santai-ceramics.com\/wp-content\/uploads\/2024\/10\/vintage-parrot-figurine-5-768x640.jpg 768w, https:\/\/www.santai-ceramics.com\/wp-content\/uploads\/2024\/10\/vintage-parrot-figurine-5-1200x1000.jpg 1200w, https:\/\/www.santai-ceramics.com\/wp-content\/uploads\/2024\/10\/vintage-parrot-figurine-5-600x500.jpg 600w\" sizes=\"(max-width: 1500px) 100vw, 1500px\" \/><\/figure>\n<\/div>\n<\/div>","protected":false},"excerpt":{"rendered":"<p>Explore a nossa cole\u00e7\u00e3o \u00fanica de estatuetas de papagaio Vintage por atacado, cada uma feita de materiais de primeira qualidade para garantir durabilidade e f\u00e1cil manuten\u00e7\u00e3o. Com um trabalho artesanal meticuloso e cores vivas, s\u00e3o perfeitas para qualquer estilo de ambiente interior ou exterior.<\/p>\n<p>Como fabricante de cer\u00e2mica para decora\u00e7\u00e3o de interiores, oferecemos apoio \u00e0 personaliza\u00e7\u00e3o para compradores B2B, onde obter o tamanho, a cor ou o design espec\u00edficos de que necessita pode aumentar o atrativo da sua mercadoria e impulsionar o crescimento das vendas. Contacte-nos para obter mais informa\u00e7\u00f5es sobre os produtos.<\/p>\n<h2>Carater\u00edsticas das estatuetas de papagaio por grosso<\/h2>\n<p><strong>Forma original:<\/strong> Desenhar a estatueta de papagaio num cepo de \u00e1rvore torn\u00e1-la-\u00e1 natural e harmoniosa. Este design n\u00e3o s\u00f3 aumentar\u00e1 o sentido tridimensional da escultura, como tamb\u00e9m a tornar\u00e1 mais viva e interessante.<\/p>\n<p><strong>Durabilidade:<\/strong> Esta estatueta de papagaio vintage \u00e9 feita de resina de alta qualidade, que tem uma excelente durabilidade e resist\u00eancia \u00e0 corros\u00e3o. As suas propriedades imperme\u00e1veis e resistentes \u00e0s intemp\u00e9ries garantem que permanece bonita como nova numa variedade de condi\u00e7\u00f5es clim\u00e1ticas.<\/p>\n<p><strong>Artesanato requintado:<\/strong> As penas do papagaio s\u00e3o muito bem pormenorizadas e apresentam um tom branco natural, o que tamb\u00e9m torna a escultura mais art\u00edstica e realista no seu conjunto.<\/p>\n<p><strong>Servi\u00e7o personalizado:<\/strong> Como um fabricante l\u00edder de decora\u00e7\u00e3o para casa da China, fornecemos op\u00e7\u00f5es de personaliza\u00e7\u00e3o ilimitadas para atender \u00e0s suas necessidades e prefer\u00eancias exclusivas. Desde tamanhos espec\u00edficos, cores, materiais, a designs de padr\u00f5es \u00fanicos, garantimos que cada produto satisfaz as suas expectativas.<\/p>\n<p>&nbsp;<\/p>","protected":false},"featured_media":973,"comment_status":"closed","ping_status":"closed","template":"","meta":{"_acf_changed":false},"product_brand":[],"product_cat":[18,25,48],"product_tag":[32],"class_list":{"0":"post-972","1":"product","2":"type-product","3":"status-publish","4":"has-post-thumbnail","6":"product_cat-home-decor","7":"product_cat-animal-ornaments","8":"product_cat-wholesale-resin-animal-figurines","9":"product_tag-resin-animal-figurines","11":"first","12":"instock","13":"shipping-taxable","14":"product-type-simple"},"acf":[],"_links":{"self":[{"href":"https:\/\/www.santai-ceramics.com\/pt\/wp-json\/wp\/v2\/product\/972","targetHints":{"allow":["GET"]}}],"collection":[{"href":"https:\/\/www.santai-ceramics.com\/pt\/wp-json\/wp\/v2\/product"}],"about":[{"href":"https:\/\/www.santai-ceramics.com\/pt\/wp-json\/wp\/v2\/types\/product"}],"replies":[{"embeddable":true,"href":"https:\/\/www.santai-ceramics.com\/pt\/wp-json\/wp\/v2\/comments?post=972"}],"wp:featuredmedia":[{"embeddable":true,"href":"https:\/\/www.santai-ceramics.com\/pt\/wp-json\/wp\/v2\/media\/973"}],"wp:attachment":[{"href":"https:\/\/www.santai-ceramics.com\/pt\/wp-json\/wp\/v2\/media?parent=972"}],"wp:term":[{"taxonomy":"product_brand","embeddable":true,"href":"https:\/\/www.santai-ceramics.com\/pt\/wp-json\/wp\/v2\/product_brand?post=972"},{"taxonomy":"product_cat","embeddable":true,"href":"https:\/\/www.santai-ceramics.com\/pt\/wp-json\/wp\/v2\/product_cat?post=972"},{"taxonomy":"product_tag","embeddable":true,"href":"https:\/\/www.santai-ceramics.com\/pt\/wp-json\/wp\/v2\/product_tag?post=972"}],"curies":[{"name":"wp","href":"https:\/\/api.w.org\/{rel}","templated":true}]}}